{"id":809,"date":"2019-12-13T09:56:42","date_gmt":"2019-12-13T08:56:42","guid":{"rendered":"https:\/\/amal.si\/pharmazie-krankenhaeuser\/"},"modified":"2020-03-25T10:39:32","modified_gmt":"2020-03-25T09:39:32","slug":"pharmazie-krankenhaeuser","status":"publish","type":"page","link":"https:\/\/amal.si\/de\/pharmazie-krankenhaeuser\/","title":{"rendered":"Pharmazie, Krankenh\u00e4user"},"content":{"rendered":"<h2>\n\t\tPharmazie, Krankenh\u00e4user\n\t<\/h2>\n\t<table border=\"0\" cellspacing=\"1\" cellpadding=\"1\">\n<tbody>\n<tr>\n<td>1999<\/td>\n<td>Psihiatri\u010dna bolni\u0161nica, Ljubljana<\/td>\n<\/tr>\n<tr>\n<td>1998-2007<\/td>\n<td>Bayer Pharma, Ljubljana<\/td>\n<\/tr>\n<tr>\n<td>1999-2005<\/td>\n<td>Lek, Ljubljana<\/td>\n<\/tr>\n<tr>\n<td>2000<\/td>\n<td>Bolni\u0161nica \u0160empeter<\/td>\n<\/tr>\n<tr>\n<td>2002<\/td>\n<td>Bolnica Golnik<\/td>\n<\/tr>\n<tr>\n<td>2002<\/td>\n<td>Gorenjske lekarne, Kranj<\/td>\n<\/tr>\n<tr>\n<td>2003<\/td>\n<td>JUST, Nova gorica<\/td>\n<\/tr>\n<tr>\n<td>2003<\/td>\n<td>Klini\u010dni center &#8211; lekarna, Ljubljana<\/td>\n<\/tr>\n<tr>\n<td>2003<\/td>\n<td>MEDIC, Menge\u0161<\/td>\n<\/tr>\n<tr>\n<td>2003-2009B<\/td>\n<td>Bolni\u0161nica Novo mesto<\/td>\n<\/tr>\n<tr>\n<td>2003-2005<\/td>\n<td>KRKA, Novo mesto<\/td>\n<\/tr>\n<tr>\n<td>2004<\/td>\n<td>Auremiana, Se\u017eana<\/td>\n<\/tr>\n<tr>\n<td>2004<\/td>\n<td>In\u0161titut Jo\u017eef \u0160tefan<\/td>\n<\/tr>\n<tr>\n<td>2005S<\/td>\n<td>Srednja zdravstvena \u0161ola, Celje<\/td>\n<\/tr>\n<tr>\n<td>2005-2009<\/td>\n<td>Bolnica Jesenice- prenova kirur.odd.<\/td>\n<\/tr>\n<tr>\n<td>2006<\/td>\n<td>Lek, Lendava<\/td>\n<\/tr>\n<tr>\n<td>2006Z<\/td>\n<td>ZD, Kranj<\/td>\n<\/tr>\n<tr>\n<td>2005-2006<\/td>\n<td>RAZVOJNI CENTER RTC, Godovi\u010d<\/td>\n<\/tr>\n<tr>\n<td>2007<\/td>\n<td>Vodnikov dvor, Ljubljana<\/td>\n<\/tr>\n<tr>\n<td>2007<\/td>\n<td>LEK RCB, Menge\u0161<\/td>\n<\/tr>\n<tr>\n<td>2008D<\/td>\n<td>DENTAS, Maribor<\/td>\n<\/tr>\n<tr>\n<td>2006-2008<\/td>\n<td>Salus, Ljubljana<\/td>\n<\/tr>\n<tr>\n<td>2005-2008<\/td>\n<td>Lek, Menge\u0161<\/td>\n<\/tr>\n<tr>\n<td>2003-2009<\/td>\n<td>Bolni\u0161nica Novo mesto<\/td>\n<\/tr>\n<tr>\n<td>2008<\/td>\n<td>PRIMORJE-LABORATORIJ, La\u017ee<\/td>\n<\/tr>\n<tr>\n<td>2007-2009<\/td>\n<td>BOLNICA Slovenj Gradec<\/td>\n<\/tr>\n<tr>\n<td>2013<\/td>\n<td>UKC HEMATOLO\u0160KA KLINIKA, Ljubljana<\/td>\n<\/tr>\n<tr>\n<td>2012\/2013<\/td>\n<td>KEMIJSKI IN\u0160TITUT, Ljubljana<\/td>\n<\/tr>\n<tr>\n<td>2013<\/td>\n<td>DSO Preddvor (sanitarije)<\/td>\n<\/tr>\n<tr>\n<td>2013<\/td>\n<td>DSO Novo Mesto (pralnice)<\/td>\n<\/tr>\n<tr>\n<td>2013<\/td>\n<td>VITAHOLIS MAS. CENTER, Ljubljana<\/td>\n<\/tr>\n<tr>\n<td>2013<\/td>\n<td>MEDIS-M, Maribor<\/td>\n<\/tr>\n<tr>\n<td>2013-2015<\/td>\n<td>ZAVOD HRASTOVEC<\/td>\n<\/tr>\n<tr>\n<td>2015-2016<\/td>\n<td>CITO-PATOL. ODDELEK BOLNICA NM<\/td>\n<\/tr>\n<tr>\n<td>2015-2016<\/td>\n<td>DSO LUKAVCI<\/td>\n<\/tr>\n<tr>\n<td>2015-2016<\/td>\n<td>GOLIAS, Ljubljana<\/td>\n<\/tr>\n<tr>\n<td>2016<\/td>\n<td>DTS SEVER UKC, Ljubljana<\/td>\n<\/tr>\n<\/tbody>\n<\/table>\n\t\t<h3> Nachfrage<\/h3>\n\t\t<p>Senden Sie uns eine Nachricht und wir werden Ihnen so schnell wie m\u00f6glich antworten!<\/p>\n\t\t\t<a href=\"https:\/\/amal.si\/de\/kontakt\" target=\"_self\" role=\"button\" rel=\"noopener noreferrer\">\n\t\t\t\t\t\t\tKONTAKT\n\t\t\t\t\t<\/a>\n","protected":false},"excerpt":{"rendered":"<p>Pharmazie, Krankenh\u00e4user 1999 Psihiatri\u010dna bolni\u0161nica, Ljubljana 1998-2007 Bayer Pharma, Ljubljana 1999-2005 Lek, Ljubljana 2000 Bolni\u0161nica \u0160empeter 2002 Bolnica Golnik 2002 Gorenjske lekarne, Kranj 2003 JUST, Nova gorica 2003 Klini\u010dni center &#8211; lekarna, Ljubljana 2003 MEDIC, Menge\u0161 2003-2009B Bolni\u0161nica Novo mesto 2003-2005 KRKA, Novo mesto 2004 Auremiana, Se\u017eana 2004 In\u0161titut Jo\u017eef \u0160tefan 2005S Srednja zdravstvena \u0161ola,&hellip;<\/p>\n","protected":false},"author":1,"featured_media":0,"parent":0,"menu_order":19,"comment_status":"closed","ping_status":"closed","template":"","meta":{"footnotes":""},"class_list":["post-809","page","type-page","status-publish","hentry"],"yoast_head":"<!-- This site is optimized with the Yoast SEO plugin v27.3 - https:\/\/yoast.com\/product\/yoast-seo-wordpress\/ -->\n<title>Pharmazie, Krankenh\u00e4user - AMAL d.o.o.<\/title>\n<meta name=\"robots\" content=\"index, follow, max-snippet:-1, max-image-preview:large, max-video-preview:-1\" \/>\n<link rel=\"canonical\" href=\"https:\/\/amal.si\/de\/pharmazie-krankenhaeuser\/\" \/>\n<meta property=\"og:locale\" content=\"de_DE\" \/>\n<meta property=\"og:type\" content=\"article\" \/>\n<meta property=\"og:title\" content=\"Pharmazie, Krankenh\u00e4user - AMAL d.o.o.\" \/>\n<meta property=\"og:description\" content=\"Pharmazie, Krankenh\u00e4user 1999 Psihiatri\u010dna bolni\u0161nica, Ljubljana 1998-2007 Bayer Pharma, Ljubljana 1999-2005 Lek, Ljubljana 2000 Bolni\u0161nica \u0160empeter 2002 Bolnica Golnik 2002 Gorenjske lekarne, Kranj 2003 JUST, Nova gorica 2003 Klini\u010dni center &#8211; lekarna, Ljubljana 2003 MEDIC, Menge\u0161 2003-2009B Bolni\u0161nica Novo mesto 2003-2005 KRKA, Novo mesto 2004 Auremiana, Se\u017eana 2004 In\u0161titut Jo\u017eef \u0160tefan 2005S Srednja zdravstvena \u0161ola,&hellip;\" \/>\n<meta property=\"og:url\" content=\"https:\/\/amal.si\/de\/pharmazie-krankenhaeuser\/\" \/>\n<meta property=\"og:site_name\" content=\"AMAL d.o.o.\" \/>\n<meta property=\"article:modified_time\" content=\"2020-03-25T09:39:32+00:00\" \/>\n<meta name=\"twitter:card\" content=\"summary_large_image\" \/>\n<meta name=\"twitter:label1\" content=\"Gesch\u00e4tzte Lesezeit\" \/>\n\t<meta name=\"twitter:data1\" content=\"1 Minute\" \/>\n<script type=\"application\/ld+json\" class=\"yoast-schema-graph\">{\"@context\":\"https:\\\/\\\/schema.org\",\"@graph\":[{\"@type\":\"WebPage\",\"@id\":\"https:\\\/\\\/amal.si\\\/de\\\/pharmazie-krankenhaeuser\\\/\",\"url\":\"https:\\\/\\\/amal.si\\\/de\\\/pharmazie-krankenhaeuser\\\/\",\"name\":\"Pharmazie, Krankenh\u00e4user - AMAL d.o.o.\",\"isPartOf\":{\"@id\":\"https:\\\/\\\/amal.si\\\/de\\\/#website\"},\"datePublished\":\"2019-12-13T08:56:42+00:00\",\"dateModified\":\"2020-03-25T09:39:32+00:00\",\"breadcrumb\":{\"@id\":\"https:\\\/\\\/amal.si\\\/de\\\/pharmazie-krankenhaeuser\\\/#breadcrumb\"},\"inLanguage\":\"de-DE\",\"potentialAction\":[{\"@type\":\"ReadAction\",\"target\":[\"https:\\\/\\\/amal.si\\\/de\\\/pharmazie-krankenhaeuser\\\/\"]}]},{\"@type\":\"BreadcrumbList\",\"@id\":\"https:\\\/\\\/amal.si\\\/de\\\/pharmazie-krankenhaeuser\\\/#breadcrumb\",\"itemListElement\":[{\"@type\":\"ListItem\",\"position\":1,\"name\":\"Home\",\"item\":\"https:\\\/\\\/amal.si\\\/de\\\/\"},{\"@type\":\"ListItem\",\"position\":2,\"name\":\"Pharmazie, Krankenh\u00e4user\"}]},{\"@type\":\"WebSite\",\"@id\":\"https:\\\/\\\/amal.si\\\/de\\\/#website\",\"url\":\"https:\\\/\\\/amal.si\\\/de\\\/\",\"name\":\"AMAL d.o.o.\",\"description\":\"Proizvodnja, trgovina, storitve, in\u017eeniring\",\"potentialAction\":[{\"@type\":\"SearchAction\",\"target\":{\"@type\":\"EntryPoint\",\"urlTemplate\":\"https:\\\/\\\/amal.si\\\/de\\\/?s={search_term_string}\"},\"query-input\":{\"@type\":\"PropertyValueSpecification\",\"valueRequired\":true,\"valueName\":\"search_term_string\"}}],\"inLanguage\":\"de-DE\"}]}<\/script>\n<!-- \/ Yoast SEO plugin. -->","yoast_head_json":{"title":"Pharmazie, Krankenh\u00e4user - AMAL d.o.o.","robots":{"index":"index","follow":"follow","max-snippet":"max-snippet:-1","max-image-preview":"max-image-preview:large","max-video-preview":"max-video-preview:-1"},"canonical":"https:\/\/amal.si\/de\/pharmazie-krankenhaeuser\/","og_locale":"de_DE","og_type":"article","og_title":"Pharmazie, Krankenh\u00e4user - AMAL d.o.o.","og_description":"Pharmazie, Krankenh\u00e4user 1999 Psihiatri\u010dna bolni\u0161nica, Ljubljana 1998-2007 Bayer Pharma, Ljubljana 1999-2005 Lek, Ljubljana 2000 Bolni\u0161nica \u0160empeter 2002 Bolnica Golnik 2002 Gorenjske lekarne, Kranj 2003 JUST, Nova gorica 2003 Klini\u010dni center &#8211; lekarna, Ljubljana 2003 MEDIC, Menge\u0161 2003-2009B Bolni\u0161nica Novo mesto 2003-2005 KRKA, Novo mesto 2004 Auremiana, Se\u017eana 2004 In\u0161titut Jo\u017eef \u0160tefan 2005S Srednja zdravstvena \u0161ola,&hellip;","og_url":"https:\/\/amal.si\/de\/pharmazie-krankenhaeuser\/","og_site_name":"AMAL d.o.o.","article_modified_time":"2020-03-25T09:39:32+00:00","twitter_card":"summary_large_image","twitter_misc":{"Gesch\u00e4tzte Lesezeit":"1 Minute"},"schema":{"@context":"https:\/\/schema.org","@graph":[{"@type":"WebPage","@id":"https:\/\/amal.si\/de\/pharmazie-krankenhaeuser\/","url":"https:\/\/amal.si\/de\/pharmazie-krankenhaeuser\/","name":"Pharmazie, Krankenh\u00e4user - AMAL d.o.o.","isPartOf":{"@id":"https:\/\/amal.si\/de\/#website"},"datePublished":"2019-12-13T08:56:42+00:00","dateModified":"2020-03-25T09:39:32+00:00","breadcrumb":{"@id":"https:\/\/amal.si\/de\/pharmazie-krankenhaeuser\/#breadcrumb"},"inLanguage":"de-DE","potentialAction":[{"@type":"ReadAction","target":["https:\/\/amal.si\/de\/pharmazie-krankenhaeuser\/"]}]},{"@type":"BreadcrumbList","@id":"https:\/\/amal.si\/de\/pharmazie-krankenhaeuser\/#breadcrumb","itemListElement":[{"@type":"ListItem","position":1,"name":"Home","item":"https:\/\/amal.si\/de\/"},{"@type":"ListItem","position":2,"name":"Pharmazie, Krankenh\u00e4user"}]},{"@type":"WebSite","@id":"https:\/\/amal.si\/de\/#website","url":"https:\/\/amal.si\/de\/","name":"AMAL d.o.o.","description":"Proizvodnja, trgovina, storitve, in\u017eeniring","potentialAction":[{"@type":"SearchAction","target":{"@type":"EntryPoint","urlTemplate":"https:\/\/amal.si\/de\/?s={search_term_string}"},"query-input":{"@type":"PropertyValueSpecification","valueRequired":true,"valueName":"search_term_string"}}],"inLanguage":"de-DE"}]}},"jetpack_sharing_enabled":true,"_links":{"self":[{"href":"https:\/\/amal.si\/de\/wp-json\/wp\/v2\/pages\/809","targetHints":{"allow":["GET"]}}],"collection":[{"href":"https:\/\/amal.si\/de\/wp-json\/wp\/v2\/pages"}],"about":[{"href":"https:\/\/amal.si\/de\/wp-json\/wp\/v2\/types\/page"}],"author":[{"embeddable":true,"href":"https:\/\/amal.si\/de\/wp-json\/wp\/v2\/users\/1"}],"replies":[{"embeddable":true,"href":"https:\/\/amal.si\/de\/wp-json\/wp\/v2\/comments?post=809"}],"version-history":[{"count":1,"href":"https:\/\/amal.si\/de\/wp-json\/wp\/v2\/pages\/809\/revisions"}],"predecessor-version":[{"id":1210,"href":"https:\/\/amal.si\/de\/wp-json\/wp\/v2\/pages\/809\/revisions\/1210"}],"wp:attachment":[{"href":"https:\/\/amal.si\/de\/wp-json\/wp\/v2\/media?parent=809"}],"curies":[{"name":"wp","href":"https:\/\/api.w.org\/{rel}","templated":true}]}}