{"id":811,"date":"2019-12-13T09:57:51","date_gmt":"2019-12-13T08:57:51","guid":{"rendered":"https:\/\/amal.si\/energieanlagen\/"},"modified":"2020-03-25T10:39:03","modified_gmt":"2020-03-25T09:39:03","slug":"energieanlagen","status":"publish","type":"page","link":"https:\/\/amal.si\/de\/energieanlagen\/","title":{"rendered":"Energieanlagen"},"content":{"rendered":"<h2>\n\t\tEnergieanlagen\n\t<\/h2>\n\t<table border=\"0\" cellspacing=\"1\" cellpadding=\"1\">\n<tbody>\n<tr>\n<td>2003<\/td>\n<td>AET, Tolmin<\/td>\n<\/tr>\n<tr>\n<td>2003<\/td>\n<td>ISKRA STIKALA, Kranj<\/td>\n<\/tr>\n<tr>\n<td>2003<\/td>\n<td>RTP, Kr\u0161ko<\/td>\n<\/tr>\n<tr>\n<td>2000-2007<\/td>\n<td>DOMEL, \u017delezniki<\/td>\n<\/tr>\n<tr>\n<td>2000-2007<\/td>\n<td>KOLEKTOR,Idrija<\/td>\n<\/tr>\n<tr>\n<td>2005<\/td>\n<td>ISKRA AVTOELEKTRONIKA, \u0160empeter<\/td>\n<\/tr>\n<tr>\n<td>2006<\/td>\n<td>RTP, Koper<\/td>\n<\/tr>\n<tr>\n<td>2006<\/td>\n<td>RTP, Plave<\/td>\n<\/tr>\n<tr>\n<td>2007<\/td>\n<td>MRP,\u0160en\u010dur<\/td>\n<\/tr>\n<tr>\n<td>2008<\/td>\n<td>TOPLARNA, Celje<\/td>\n<\/tr>\n<tr>\n<td>2008<\/td>\n<td>RTP Dravograd<\/td>\n<\/tr>\n<tr>\n<td>2011<\/td>\n<td>KOTLOVNICA NASELJE PLANINA, Kranj<\/td>\n<\/tr>\n<tr>\n<td>2012<\/td>\n<td>RTP SITULA Elektro Ljubljana<\/td>\n<\/tr>\n<tr>\n<td>2013-2014<\/td>\n<td>TE BRESTNICA<\/td>\n<\/tr>\n<\/tbody>\n<\/table>\n<p>&nbsp;<\/p>\n\t\t<h3> Nachfrage<\/h3>\n\t\t<p>Senden Sie uns eine Nachricht und wir werden Ihnen so schnell wie m\u00f6glich antworten!<\/p>\n\t\t\t<a href=\"https:\/\/amal.si\/de\/kontakt\" target=\"_self\" role=\"button\" rel=\"noopener noreferrer\">\n\t\t\t\t\t\t\tKONTAKT\n\t\t\t\t\t<\/a>\n","protected":false},"excerpt":{"rendered":"<p>Energieanlagen 2003 AET, Tolmin 2003 ISKRA STIKALA, Kranj 2003 RTP, Kr\u0161ko 2000-2007 DOMEL, \u017delezniki 2000-2007 KOLEKTOR,Idrija 2005 ISKRA AVTOELEKTRONIKA, \u0160empeter 2006 RTP, Koper 2006 RTP, Plave 2007 MRP,\u0160en\u010dur 2008 TOPLARNA, Celje 2008 RTP Dravograd 2011 KOTLOVNICA NASELJE PLANINA, Kranj 2012 RTP SITULA Elektro Ljubljana 2013-2014 TE BRESTNICA &nbsp; Nachfrage Senden Sie uns eine Nachricht und&hellip;<\/p>\n","protected":false},"author":1,"featured_media":0,"parent":0,"menu_order":22,"comment_status":"closed","ping_status":"closed","template":"","meta":{"footnotes":""},"class_list":["post-811","page","type-page","status-publish","hentry"],"yoast_head":"<!-- This site is optimized with the Yoast SEO plugin v27.3 - https:\/\/yoast.com\/product\/yoast-seo-wordpress\/ -->\n<title>Energieanlagen - AMAL d.o.o.<\/title>\n<meta name=\"robots\" content=\"index, follow, max-snippet:-1, max-image-preview:large, max-video-preview:-1\" \/>\n<link rel=\"canonical\" href=\"https:\/\/amal.si\/de\/energieanlagen\/\" \/>\n<meta property=\"og:locale\" content=\"de_DE\" \/>\n<meta property=\"og:type\" content=\"article\" \/>\n<meta property=\"og:title\" content=\"Energieanlagen - AMAL d.o.o.\" \/>\n<meta property=\"og:description\" content=\"Energieanlagen 2003 AET, Tolmin 2003 ISKRA STIKALA, Kranj 2003 RTP, Kr\u0161ko 2000-2007 DOMEL, \u017delezniki 2000-2007 KOLEKTOR,Idrija 2005 ISKRA AVTOELEKTRONIKA, \u0160empeter 2006 RTP, Koper 2006 RTP, Plave 2007 MRP,\u0160en\u010dur 2008 TOPLARNA, Celje 2008 RTP Dravograd 2011 KOTLOVNICA NASELJE PLANINA, Kranj 2012 RTP SITULA Elektro Ljubljana 2013-2014 TE BRESTNICA &nbsp; Nachfrage Senden Sie uns eine Nachricht und&hellip;\" \/>\n<meta property=\"og:url\" content=\"https:\/\/amal.si\/de\/energieanlagen\/\" \/>\n<meta property=\"og:site_name\" content=\"AMAL d.o.o.\" \/>\n<meta property=\"article:modified_time\" content=\"2020-03-25T09:39:03+00:00\" \/>\n<meta name=\"twitter:card\" content=\"summary_large_image\" \/>\n<script type=\"application\/ld+json\" class=\"yoast-schema-graph\">{\"@context\":\"https:\\\/\\\/schema.org\",\"@graph\":[{\"@type\":\"WebPage\",\"@id\":\"https:\\\/\\\/amal.si\\\/de\\\/energieanlagen\\\/\",\"url\":\"https:\\\/\\\/amal.si\\\/de\\\/energieanlagen\\\/\",\"name\":\"Energieanlagen - AMAL d.o.o.\",\"isPartOf\":{\"@id\":\"https:\\\/\\\/amal.si\\\/de\\\/#website\"},\"datePublished\":\"2019-12-13T08:57:51+00:00\",\"dateModified\":\"2020-03-25T09:39:03+00:00\",\"breadcrumb\":{\"@id\":\"https:\\\/\\\/amal.si\\\/de\\\/energieanlagen\\\/#breadcrumb\"},\"inLanguage\":\"de-DE\",\"potentialAction\":[{\"@type\":\"ReadAction\",\"target\":[\"https:\\\/\\\/amal.si\\\/de\\\/energieanlagen\\\/\"]}]},{\"@type\":\"BreadcrumbList\",\"@id\":\"https:\\\/\\\/amal.si\\\/de\\\/energieanlagen\\\/#breadcrumb\",\"itemListElement\":[{\"@type\":\"ListItem\",\"position\":1,\"name\":\"Home\",\"item\":\"https:\\\/\\\/amal.si\\\/de\\\/\"},{\"@type\":\"ListItem\",\"position\":2,\"name\":\"Energieanlagen\"}]},{\"@type\":\"WebSite\",\"@id\":\"https:\\\/\\\/amal.si\\\/de\\\/#website\",\"url\":\"https:\\\/\\\/amal.si\\\/de\\\/\",\"name\":\"AMAL d.o.o.\",\"description\":\"Proizvodnja, trgovina, storitve, in\u017eeniring\",\"potentialAction\":[{\"@type\":\"SearchAction\",\"target\":{\"@type\":\"EntryPoint\",\"urlTemplate\":\"https:\\\/\\\/amal.si\\\/de\\\/?s={search_term_string}\"},\"query-input\":{\"@type\":\"PropertyValueSpecification\",\"valueRequired\":true,\"valueName\":\"search_term_string\"}}],\"inLanguage\":\"de-DE\"}]}<\/script>\n<!-- \/ Yoast SEO plugin. -->","yoast_head_json":{"title":"Energieanlagen - AMAL d.o.o.","robots":{"index":"index","follow":"follow","max-snippet":"max-snippet:-1","max-image-preview":"max-image-preview:large","max-video-preview":"max-video-preview:-1"},"canonical":"https:\/\/amal.si\/de\/energieanlagen\/","og_locale":"de_DE","og_type":"article","og_title":"Energieanlagen - AMAL d.o.o.","og_description":"Energieanlagen 2003 AET, Tolmin 2003 ISKRA STIKALA, Kranj 2003 RTP, Kr\u0161ko 2000-2007 DOMEL, \u017delezniki 2000-2007 KOLEKTOR,Idrija 2005 ISKRA AVTOELEKTRONIKA, \u0160empeter 2006 RTP, Koper 2006 RTP, Plave 2007 MRP,\u0160en\u010dur 2008 TOPLARNA, Celje 2008 RTP Dravograd 2011 KOTLOVNICA NASELJE PLANINA, Kranj 2012 RTP SITULA Elektro Ljubljana 2013-2014 TE BRESTNICA &nbsp; Nachfrage Senden Sie uns eine Nachricht und&hellip;","og_url":"https:\/\/amal.si\/de\/energieanlagen\/","og_site_name":"AMAL d.o.o.","article_modified_time":"2020-03-25T09:39:03+00:00","twitter_card":"summary_large_image","schema":{"@context":"https:\/\/schema.org","@graph":[{"@type":"WebPage","@id":"https:\/\/amal.si\/de\/energieanlagen\/","url":"https:\/\/amal.si\/de\/energieanlagen\/","name":"Energieanlagen - AMAL d.o.o.","isPartOf":{"@id":"https:\/\/amal.si\/de\/#website"},"datePublished":"2019-12-13T08:57:51+00:00","dateModified":"2020-03-25T09:39:03+00:00","breadcrumb":{"@id":"https:\/\/amal.si\/de\/energieanlagen\/#breadcrumb"},"inLanguage":"de-DE","potentialAction":[{"@type":"ReadAction","target":["https:\/\/amal.si\/de\/energieanlagen\/"]}]},{"@type":"BreadcrumbList","@id":"https:\/\/amal.si\/de\/energieanlagen\/#breadcrumb","itemListElement":[{"@type":"ListItem","position":1,"name":"Home","item":"https:\/\/amal.si\/de\/"},{"@type":"ListItem","position":2,"name":"Energieanlagen"}]},{"@type":"WebSite","@id":"https:\/\/amal.si\/de\/#website","url":"https:\/\/amal.si\/de\/","name":"AMAL d.o.o.","description":"Proizvodnja, trgovina, storitve, in\u017eeniring","potentialAction":[{"@type":"SearchAction","target":{"@type":"EntryPoint","urlTemplate":"https:\/\/amal.si\/de\/?s={search_term_string}"},"query-input":{"@type":"PropertyValueSpecification","valueRequired":true,"valueName":"search_term_string"}}],"inLanguage":"de-DE"}]}},"jetpack_sharing_enabled":true,"_links":{"self":[{"href":"https:\/\/amal.si\/de\/wp-json\/wp\/v2\/pages\/811","targetHints":{"allow":["GET"]}}],"collection":[{"href":"https:\/\/amal.si\/de\/wp-json\/wp\/v2\/pages"}],"about":[{"href":"https:\/\/amal.si\/de\/wp-json\/wp\/v2\/types\/page"}],"author":[{"embeddable":true,"href":"https:\/\/amal.si\/de\/wp-json\/wp\/v2\/users\/1"}],"replies":[{"embeddable":true,"href":"https:\/\/amal.si\/de\/wp-json\/wp\/v2\/comments?post=811"}],"version-history":[{"count":1,"href":"https:\/\/amal.si\/de\/wp-json\/wp\/v2\/pages\/811\/revisions"}],"predecessor-version":[{"id":1208,"href":"https:\/\/amal.si\/de\/wp-json\/wp\/v2\/pages\/811\/revisions\/1208"}],"wp:attachment":[{"href":"https:\/\/amal.si\/de\/wp-json\/wp\/v2\/media?parent=811"}],"curies":[{"name":"wp","href":"https:\/\/api.w.org\/{rel}","templated":true}]}}