{"id":813,"date":"2019-12-13T09:58:28","date_gmt":"2019-12-13T08:58:28","guid":{"rendered":"https:\/\/amal.si\/flughaefen-hangars\/"},"modified":"2020-03-25T10:43:24","modified_gmt":"2020-03-25T09:43:24","slug":"flughaefen-hangars","status":"publish","type":"page","link":"https:\/\/amal.si\/de\/flughaefen-hangars\/","title":{"rendered":"Flugh\u00e4fen, Hangars"},"content":{"rendered":"<h2>\n\t\tFlugh\u00e4fen, Hangars\n\t<\/h2>\n\t<table border=\"0\" cellspacing=\"1\" cellpadding=\"1\">\n<tbody>\n<tr>\n<td>2003<\/td>\n<td>FLYCOM, Letali\u0161\u010de Cerklje<\/td>\n<\/tr>\n<tr>\n<td>2004<\/td>\n<td>LETALI\u0160\u010cE, Cerklje<\/td>\n<\/tr>\n<tr>\n<td>2004-2008<\/td>\n<td>PIPISTREL, LETALI\u0160\u010cE Ajdov\u0161\u010dina<\/td>\n<\/tr>\n<tr>\n<td>2011<\/td>\n<td>Gasilni dom, Sodra\u017eica<\/td>\n<\/tr>\n<tr>\n<td>2012<\/td>\n<td>PGD Rakitnica<\/td>\n<\/tr>\n<\/tbody>\n<\/table>\n\t\t<h3> Nachfrage<\/h3>\n\t\t<p>Senden Sie uns eine Nachricht und wir werden Ihnen so schnell wie m\u00f6glich antworten!<\/p>\n\t\t\t<a href=\"https:\/\/amal.si\/de\/kontakt\" target=\"_self\" role=\"button\" rel=\"noopener noreferrer\">\n\t\t\t\t\t\t\tKONTAKT\n\t\t\t\t\t<\/a>\n","protected":false},"excerpt":{"rendered":"<p>Flugh\u00e4fen, Hangars 2003 FLYCOM, Letali\u0161\u010de Cerklje 2004 LETALI\u0160\u010cE, Cerklje 2004-2008 PIPISTREL, LETALI\u0160\u010cE Ajdov\u0161\u010dina 2011 Gasilni dom, Sodra\u017eica 2012 PGD Rakitnica Nachfrage Senden Sie uns eine Nachricht und wir werden Ihnen so schnell wie m\u00f6glich antworten! KONTAKT<\/p>\n","protected":false},"author":1,"featured_media":0,"parent":0,"menu_order":25,"comment_status":"closed","ping_status":"closed","template":"","meta":{"footnotes":""},"class_list":["post-813","page","type-page","status-publish","hentry"],"yoast_head":"<!-- This site is optimized with the Yoast SEO plugin v27.3 - https:\/\/yoast.com\/product\/yoast-seo-wordpress\/ -->\n<title>Flugh\u00e4fen, Hangars - AMAL d.o.o.<\/title>\n<meta name=\"robots\" content=\"index, follow, max-snippet:-1, max-image-preview:large, max-video-preview:-1\" \/>\n<link rel=\"canonical\" href=\"https:\/\/amal.si\/de\/flughaefen-hangars\/\" \/>\n<meta property=\"og:locale\" content=\"de_DE\" \/>\n<meta property=\"og:type\" content=\"article\" \/>\n<meta property=\"og:title\" content=\"Flugh\u00e4fen, Hangars - AMAL d.o.o.\" \/>\n<meta property=\"og:description\" content=\"Flugh\u00e4fen, Hangars 2003 FLYCOM, Letali\u0161\u010de Cerklje 2004 LETALI\u0160\u010cE, Cerklje 2004-2008 PIPISTREL, LETALI\u0160\u010cE Ajdov\u0161\u010dina 2011 Gasilni dom, Sodra\u017eica 2012 PGD Rakitnica Nachfrage Senden Sie uns eine Nachricht und wir werden Ihnen so schnell wie m\u00f6glich antworten! KONTAKT\" \/>\n<meta property=\"og:url\" content=\"https:\/\/amal.si\/de\/flughaefen-hangars\/\" \/>\n<meta property=\"og:site_name\" content=\"AMAL d.o.o.\" \/>\n<meta property=\"article:modified_time\" content=\"2020-03-25T09:43:24+00:00\" \/>\n<meta name=\"twitter:card\" content=\"summary_large_image\" \/>\n<script type=\"application\/ld+json\" class=\"yoast-schema-graph\">{\"@context\":\"https:\\\/\\\/schema.org\",\"@graph\":[{\"@type\":\"WebPage\",\"@id\":\"https:\\\/\\\/amal.si\\\/de\\\/flughaefen-hangars\\\/\",\"url\":\"https:\\\/\\\/amal.si\\\/de\\\/flughaefen-hangars\\\/\",\"name\":\"Flugh\u00e4fen, Hangars - AMAL d.o.o.\",\"isPartOf\":{\"@id\":\"https:\\\/\\\/amal.si\\\/de\\\/#website\"},\"datePublished\":\"2019-12-13T08:58:28+00:00\",\"dateModified\":\"2020-03-25T09:43:24+00:00\",\"breadcrumb\":{\"@id\":\"https:\\\/\\\/amal.si\\\/de\\\/flughaefen-hangars\\\/#breadcrumb\"},\"inLanguage\":\"de-DE\",\"potentialAction\":[{\"@type\":\"ReadAction\",\"target\":[\"https:\\\/\\\/amal.si\\\/de\\\/flughaefen-hangars\\\/\"]}]},{\"@type\":\"BreadcrumbList\",\"@id\":\"https:\\\/\\\/amal.si\\\/de\\\/flughaefen-hangars\\\/#breadcrumb\",\"itemListElement\":[{\"@type\":\"ListItem\",\"position\":1,\"name\":\"Home\",\"item\":\"https:\\\/\\\/amal.si\\\/de\\\/\"},{\"@type\":\"ListItem\",\"position\":2,\"name\":\"Flugh\u00e4fen, Hangars\"}]},{\"@type\":\"WebSite\",\"@id\":\"https:\\\/\\\/amal.si\\\/de\\\/#website\",\"url\":\"https:\\\/\\\/amal.si\\\/de\\\/\",\"name\":\"AMAL d.o.o.\",\"description\":\"Proizvodnja, trgovina, storitve, in\u017eeniring\",\"potentialAction\":[{\"@type\":\"SearchAction\",\"target\":{\"@type\":\"EntryPoint\",\"urlTemplate\":\"https:\\\/\\\/amal.si\\\/de\\\/?s={search_term_string}\"},\"query-input\":{\"@type\":\"PropertyValueSpecification\",\"valueRequired\":true,\"valueName\":\"search_term_string\"}}],\"inLanguage\":\"de-DE\"}]}<\/script>\n<!-- \/ Yoast SEO plugin. -->","yoast_head_json":{"title":"Flugh\u00e4fen, Hangars - AMAL d.o.o.","robots":{"index":"index","follow":"follow","max-snippet":"max-snippet:-1","max-image-preview":"max-image-preview:large","max-video-preview":"max-video-preview:-1"},"canonical":"https:\/\/amal.si\/de\/flughaefen-hangars\/","og_locale":"de_DE","og_type":"article","og_title":"Flugh\u00e4fen, Hangars - AMAL d.o.o.","og_description":"Flugh\u00e4fen, Hangars 2003 FLYCOM, Letali\u0161\u010de Cerklje 2004 LETALI\u0160\u010cE, Cerklje 2004-2008 PIPISTREL, LETALI\u0160\u010cE Ajdov\u0161\u010dina 2011 Gasilni dom, Sodra\u017eica 2012 PGD Rakitnica Nachfrage Senden Sie uns eine Nachricht und wir werden Ihnen so schnell wie m\u00f6glich antworten! KONTAKT","og_url":"https:\/\/amal.si\/de\/flughaefen-hangars\/","og_site_name":"AMAL d.o.o.","article_modified_time":"2020-03-25T09:43:24+00:00","twitter_card":"summary_large_image","schema":{"@context":"https:\/\/schema.org","@graph":[{"@type":"WebPage","@id":"https:\/\/amal.si\/de\/flughaefen-hangars\/","url":"https:\/\/amal.si\/de\/flughaefen-hangars\/","name":"Flugh\u00e4fen, Hangars - AMAL d.o.o.","isPartOf":{"@id":"https:\/\/amal.si\/de\/#website"},"datePublished":"2019-12-13T08:58:28+00:00","dateModified":"2020-03-25T09:43:24+00:00","breadcrumb":{"@id":"https:\/\/amal.si\/de\/flughaefen-hangars\/#breadcrumb"},"inLanguage":"de-DE","potentialAction":[{"@type":"ReadAction","target":["https:\/\/amal.si\/de\/flughaefen-hangars\/"]}]},{"@type":"BreadcrumbList","@id":"https:\/\/amal.si\/de\/flughaefen-hangars\/#breadcrumb","itemListElement":[{"@type":"ListItem","position":1,"name":"Home","item":"https:\/\/amal.si\/de\/"},{"@type":"ListItem","position":2,"name":"Flugh\u00e4fen, Hangars"}]},{"@type":"WebSite","@id":"https:\/\/amal.si\/de\/#website","url":"https:\/\/amal.si\/de\/","name":"AMAL d.o.o.","description":"Proizvodnja, trgovina, storitve, in\u017eeniring","potentialAction":[{"@type":"SearchAction","target":{"@type":"EntryPoint","urlTemplate":"https:\/\/amal.si\/de\/?s={search_term_string}"},"query-input":{"@type":"PropertyValueSpecification","valueRequired":true,"valueName":"search_term_string"}}],"inLanguage":"de-DE"}]}},"jetpack_sharing_enabled":true,"_links":{"self":[{"href":"https:\/\/amal.si\/de\/wp-json\/wp\/v2\/pages\/813","targetHints":{"allow":["GET"]}}],"collection":[{"href":"https:\/\/amal.si\/de\/wp-json\/wp\/v2\/pages"}],"about":[{"href":"https:\/\/amal.si\/de\/wp-json\/wp\/v2\/types\/page"}],"author":[{"embeddable":true,"href":"https:\/\/amal.si\/de\/wp-json\/wp\/v2\/users\/1"}],"replies":[{"embeddable":true,"href":"https:\/\/amal.si\/de\/wp-json\/wp\/v2\/comments?post=813"}],"version-history":[{"count":1,"href":"https:\/\/amal.si\/de\/wp-json\/wp\/v2\/pages\/813\/revisions"}],"predecessor-version":[{"id":1215,"href":"https:\/\/amal.si\/de\/wp-json\/wp\/v2\/pages\/813\/revisions\/1215"}],"wp:attachment":[{"href":"https:\/\/amal.si\/de\/wp-json\/wp\/v2\/media?parent=813"}],"curies":[{"name":"wp","href":"https:\/\/api.w.org\/{rel}","templated":true}]}}