{"id":814,"date":"2019-12-13T09:58:53","date_gmt":"2019-12-13T08:58:53","guid":{"rendered":"https:\/\/amal.si\/umsetzung-von-dampfsperren\/"},"modified":"2020-03-25T10:44:15","modified_gmt":"2020-03-25T09:44:15","slug":"umsetzung-von-dampfsperren","status":"publish","type":"page","link":"https:\/\/amal.si\/de\/umsetzung-von-dampfsperren\/","title":{"rendered":"Umsetzung von Dampfsperren"},"content":{"rendered":"<h2>\n\t\tUmsetzung von Dampfsperren\n\t<\/h2>\n\t<table border=\"0\" cellspacing=\"1\" cellpadding=\"1\">\n<tbody>\n<tr>\n<td>2005<\/td>\n<td>Srednja zdravstvena \u0161ola, Celje<\/td>\n<\/tr>\n<tr>\n<td>2005<\/td>\n<td>Dom starej\u0161ih ob\u010danov, Horjul<\/td>\n<\/tr>\n<tr>\n<td>2005<\/td>\n<td>Elektro Treven, Horjul<\/td>\n<\/tr>\n<tr>\n<td>2005<\/td>\n<td>\u0160portna dvorana Poden, \u0160kofja loka<\/td>\n<\/tr>\n<tr>\n<td>2006<\/td>\n<td>Narodni dom, Me\u017eica<\/td>\n<\/tr>\n<tr>\n<td>2006<\/td>\n<td>Lopan, Mislinja<\/td>\n<\/tr>\n<tr>\n<td>2006<\/td>\n<td>Kulturni dom, Velenje<\/td>\n<\/tr>\n<tr>\n<td>2006<\/td>\n<td>PSO, Dobrna<\/td>\n<\/tr>\n<tr>\n<td>2010<\/td>\n<td>\u0160portna dvorana STO\u017dICE<\/td>\n<\/tr>\n<\/tbody>\n<\/table>\n\t\t<h3> Nachfrage<\/h3>\n\t\t<p>Senden Sie uns eine Nachricht und wir werden Ihnen so schnell wie m\u00f6glich antworten!<\/p>\n\t\t\t<a href=\"https:\/\/amal.si\/de\/kontakt\" target=\"_self\" role=\"button\" rel=\"noopener noreferrer\">\n\t\t\t\t\t\t\tKONTAKT\n\t\t\t\t\t<\/a>\n","protected":false},"excerpt":{"rendered":"<p>Umsetzung von Dampfsperren 2005 Srednja zdravstvena \u0161ola, Celje 2005 Dom starej\u0161ih ob\u010danov, Horjul 2005 Elektro Treven, Horjul 2005 \u0160portna dvorana Poden, \u0160kofja loka 2006 Narodni dom, Me\u017eica 2006 Lopan, Mislinja 2006 Kulturni dom, Velenje 2006 PSO, Dobrna 2010 \u0160portna dvorana STO\u017dICE Nachfrage Senden Sie uns eine Nachricht und wir werden Ihnen so schnell wie m\u00f6glich&hellip;<\/p>\n","protected":false},"author":1,"featured_media":0,"parent":0,"menu_order":26,"comment_status":"closed","ping_status":"closed","template":"","meta":{"footnotes":""},"class_list":["post-814","page","type-page","status-publish","hentry"],"yoast_head":"<!-- This site is optimized with the Yoast SEO plugin v27.3 - https:\/\/yoast.com\/product\/yoast-seo-wordpress\/ -->\n<title>Umsetzung von Dampfsperren - AMAL d.o.o.<\/title>\n<meta name=\"robots\" content=\"index, follow, max-snippet:-1, max-image-preview:large, max-video-preview:-1\" \/>\n<link rel=\"canonical\" href=\"https:\/\/amal.si\/de\/umsetzung-von-dampfsperren\/\" \/>\n<meta property=\"og:locale\" content=\"de_DE\" \/>\n<meta property=\"og:type\" content=\"article\" \/>\n<meta property=\"og:title\" content=\"Umsetzung von Dampfsperren - AMAL d.o.o.\" \/>\n<meta property=\"og:description\" content=\"Umsetzung von Dampfsperren 2005 Srednja zdravstvena \u0161ola, Celje 2005 Dom starej\u0161ih ob\u010danov, Horjul 2005 Elektro Treven, Horjul 2005 \u0160portna dvorana Poden, \u0160kofja loka 2006 Narodni dom, Me\u017eica 2006 Lopan, Mislinja 2006 Kulturni dom, Velenje 2006 PSO, Dobrna 2010 \u0160portna dvorana STO\u017dICE Nachfrage Senden Sie uns eine Nachricht und wir werden Ihnen so schnell wie m\u00f6glich&hellip;\" \/>\n<meta property=\"og:url\" content=\"https:\/\/amal.si\/de\/umsetzung-von-dampfsperren\/\" \/>\n<meta property=\"og:site_name\" content=\"AMAL d.o.o.\" \/>\n<meta property=\"article:modified_time\" content=\"2020-03-25T09:44:15+00:00\" \/>\n<meta name=\"twitter:card\" content=\"summary_large_image\" \/>\n<script type=\"application\/ld+json\" class=\"yoast-schema-graph\">{\"@context\":\"https:\\\/\\\/schema.org\",\"@graph\":[{\"@type\":\"WebPage\",\"@id\":\"https:\\\/\\\/amal.si\\\/de\\\/umsetzung-von-dampfsperren\\\/\",\"url\":\"https:\\\/\\\/amal.si\\\/de\\\/umsetzung-von-dampfsperren\\\/\",\"name\":\"Umsetzung von Dampfsperren - AMAL d.o.o.\",\"isPartOf\":{\"@id\":\"https:\\\/\\\/amal.si\\\/de\\\/#website\"},\"datePublished\":\"2019-12-13T08:58:53+00:00\",\"dateModified\":\"2020-03-25T09:44:15+00:00\",\"breadcrumb\":{\"@id\":\"https:\\\/\\\/amal.si\\\/de\\\/umsetzung-von-dampfsperren\\\/#breadcrumb\"},\"inLanguage\":\"de-DE\",\"potentialAction\":[{\"@type\":\"ReadAction\",\"target\":[\"https:\\\/\\\/amal.si\\\/de\\\/umsetzung-von-dampfsperren\\\/\"]}]},{\"@type\":\"BreadcrumbList\",\"@id\":\"https:\\\/\\\/amal.si\\\/de\\\/umsetzung-von-dampfsperren\\\/#breadcrumb\",\"itemListElement\":[{\"@type\":\"ListItem\",\"position\":1,\"name\":\"Home\",\"item\":\"https:\\\/\\\/amal.si\\\/de\\\/\"},{\"@type\":\"ListItem\",\"position\":2,\"name\":\"Umsetzung von Dampfsperren\"}]},{\"@type\":\"WebSite\",\"@id\":\"https:\\\/\\\/amal.si\\\/de\\\/#website\",\"url\":\"https:\\\/\\\/amal.si\\\/de\\\/\",\"name\":\"AMAL d.o.o.\",\"description\":\"Proizvodnja, trgovina, storitve, in\u017eeniring\",\"potentialAction\":[{\"@type\":\"SearchAction\",\"target\":{\"@type\":\"EntryPoint\",\"urlTemplate\":\"https:\\\/\\\/amal.si\\\/de\\\/?s={search_term_string}\"},\"query-input\":{\"@type\":\"PropertyValueSpecification\",\"valueRequired\":true,\"valueName\":\"search_term_string\"}}],\"inLanguage\":\"de-DE\"}]}<\/script>\n<!-- \/ Yoast SEO plugin. -->","yoast_head_json":{"title":"Umsetzung von Dampfsperren - AMAL d.o.o.","robots":{"index":"index","follow":"follow","max-snippet":"max-snippet:-1","max-image-preview":"max-image-preview:large","max-video-preview":"max-video-preview:-1"},"canonical":"https:\/\/amal.si\/de\/umsetzung-von-dampfsperren\/","og_locale":"de_DE","og_type":"article","og_title":"Umsetzung von Dampfsperren - AMAL d.o.o.","og_description":"Umsetzung von Dampfsperren 2005 Srednja zdravstvena \u0161ola, Celje 2005 Dom starej\u0161ih ob\u010danov, Horjul 2005 Elektro Treven, Horjul 2005 \u0160portna dvorana Poden, \u0160kofja loka 2006 Narodni dom, Me\u017eica 2006 Lopan, Mislinja 2006 Kulturni dom, Velenje 2006 PSO, Dobrna 2010 \u0160portna dvorana STO\u017dICE Nachfrage Senden Sie uns eine Nachricht und wir werden Ihnen so schnell wie m\u00f6glich&hellip;","og_url":"https:\/\/amal.si\/de\/umsetzung-von-dampfsperren\/","og_site_name":"AMAL d.o.o.","article_modified_time":"2020-03-25T09:44:15+00:00","twitter_card":"summary_large_image","schema":{"@context":"https:\/\/schema.org","@graph":[{"@type":"WebPage","@id":"https:\/\/amal.si\/de\/umsetzung-von-dampfsperren\/","url":"https:\/\/amal.si\/de\/umsetzung-von-dampfsperren\/","name":"Umsetzung von Dampfsperren - AMAL d.o.o.","isPartOf":{"@id":"https:\/\/amal.si\/de\/#website"},"datePublished":"2019-12-13T08:58:53+00:00","dateModified":"2020-03-25T09:44:15+00:00","breadcrumb":{"@id":"https:\/\/amal.si\/de\/umsetzung-von-dampfsperren\/#breadcrumb"},"inLanguage":"de-DE","potentialAction":[{"@type":"ReadAction","target":["https:\/\/amal.si\/de\/umsetzung-von-dampfsperren\/"]}]},{"@type":"BreadcrumbList","@id":"https:\/\/amal.si\/de\/umsetzung-von-dampfsperren\/#breadcrumb","itemListElement":[{"@type":"ListItem","position":1,"name":"Home","item":"https:\/\/amal.si\/de\/"},{"@type":"ListItem","position":2,"name":"Umsetzung von Dampfsperren"}]},{"@type":"WebSite","@id":"https:\/\/amal.si\/de\/#website","url":"https:\/\/amal.si\/de\/","name":"AMAL d.o.o.","description":"Proizvodnja, trgovina, storitve, in\u017eeniring","potentialAction":[{"@type":"SearchAction","target":{"@type":"EntryPoint","urlTemplate":"https:\/\/amal.si\/de\/?s={search_term_string}"},"query-input":{"@type":"PropertyValueSpecification","valueRequired":true,"valueName":"search_term_string"}}],"inLanguage":"de-DE"}]}},"jetpack_sharing_enabled":true,"_links":{"self":[{"href":"https:\/\/amal.si\/de\/wp-json\/wp\/v2\/pages\/814","targetHints":{"allow":["GET"]}}],"collection":[{"href":"https:\/\/amal.si\/de\/wp-json\/wp\/v2\/pages"}],"about":[{"href":"https:\/\/amal.si\/de\/wp-json\/wp\/v2\/types\/page"}],"author":[{"embeddable":true,"href":"https:\/\/amal.si\/de\/wp-json\/wp\/v2\/users\/1"}],"replies":[{"embeddable":true,"href":"https:\/\/amal.si\/de\/wp-json\/wp\/v2\/comments?post=814"}],"version-history":[{"count":1,"href":"https:\/\/amal.si\/de\/wp-json\/wp\/v2\/pages\/814\/revisions"}],"predecessor-version":[{"id":1216,"href":"https:\/\/amal.si\/de\/wp-json\/wp\/v2\/pages\/814\/revisions\/1216"}],"wp:attachment":[{"href":"https:\/\/amal.si\/de\/wp-json\/wp\/v2\/media?parent=814"}],"curies":[{"name":"wp","href":"https:\/\/api.w.org\/{rel}","templated":true}]}}