{"id":821,"date":"2019-12-13T10:05:50","date_gmt":"2019-12-13T09:05:50","guid":{"rendered":"https:\/\/amal.si\/sport\/"},"modified":"2020-03-25T10:44:19","modified_gmt":"2020-03-25T09:44:19","slug":"sport","status":"publish","type":"page","link":"https:\/\/amal.si\/de\/sport\/","title":{"rendered":"Sport"},"content":{"rendered":"<h2>\n\t\tSport\n\t<\/h2>\n\t<table border=\"0\" cellspacing=\"1\" cellpadding=\"1\">\n<tbody>\n<tr>\n<td>2005-2007<\/td>\n<td>DVORANA TABOR, Maribor<\/td>\n<\/tr>\n<tr>\n<td>2006<\/td>\n<td>BOWLING CENTER, Maribor<\/td>\n<\/tr>\n<tr>\n<td>2009<\/td>\n<td>TELOVADNICA VIPAVA<\/td>\n<\/tr>\n<tr>\n<td>2013<\/td>\n<td>PLEZALNI CENTER LJUBLJANA<\/td>\n<\/tr>\n<tr>\n<td>2014<\/td>\n<td>GORENSKA PLA\u017dA, Tr\u017ei\u010d<\/td>\n<\/tr>\n<tr>\n<td>2016<\/td>\n<td>SAVNE SEPTEMBER STEGNE, Ljubljana<\/td>\n<\/tr>\n<\/tbody>\n<\/table>\n\t\t<h3> Nachfrage<\/h3>\n\t\t<p>Senden Sie uns eine Nachricht und wir werden Ihnen so schnell wie m\u00f6glich antworten!<\/p>\n\t\t\t<a href=\"https:\/\/amal.si\/de\/kontakt\" target=\"_self\" role=\"button\" rel=\"noopener noreferrer\">\n\t\t\t\t\t\t\tKONTAKT\n\t\t\t\t\t<\/a>\n","protected":false},"excerpt":{"rendered":"<p>Sport 2005-2007 DVORANA TABOR, Maribor 2006 BOWLING CENTER, Maribor 2009 TELOVADNICA VIPAVA 2013 PLEZALNI CENTER LJUBLJANA 2014 GORENSKA PLA\u017dA, Tr\u017ei\u010d 2016 SAVNE SEPTEMBER STEGNE, Ljubljana Nachfrage Senden Sie uns eine Nachricht und wir werden Ihnen so schnell wie m\u00f6glich antworten! KONTAKT<\/p>\n","protected":false},"author":1,"featured_media":0,"parent":0,"menu_order":30,"comment_status":"closed","ping_status":"closed","template":"","meta":{"footnotes":""},"class_list":["post-821","page","type-page","status-publish","hentry"],"yoast_head":"<!-- This site is optimized with the Yoast SEO plugin v27.3 - https:\/\/yoast.com\/product\/yoast-seo-wordpress\/ -->\n<title>Sport - AMAL d.o.o.<\/title>\n<meta name=\"robots\" content=\"index, follow, max-snippet:-1, max-image-preview:large, max-video-preview:-1\" \/>\n<link rel=\"canonical\" href=\"https:\/\/amal.si\/de\/sport\/\" \/>\n<meta property=\"og:locale\" content=\"de_DE\" \/>\n<meta property=\"og:type\" content=\"article\" \/>\n<meta property=\"og:title\" content=\"Sport - AMAL d.o.o.\" \/>\n<meta property=\"og:description\" content=\"Sport 2005-2007 DVORANA TABOR, Maribor 2006 BOWLING CENTER, Maribor 2009 TELOVADNICA VIPAVA 2013 PLEZALNI CENTER LJUBLJANA 2014 GORENSKA PLA\u017dA, Tr\u017ei\u010d 2016 SAVNE SEPTEMBER STEGNE, Ljubljana Nachfrage Senden Sie uns eine Nachricht und wir werden Ihnen so schnell wie m\u00f6glich antworten! KONTAKT\" \/>\n<meta property=\"og:url\" content=\"https:\/\/amal.si\/de\/sport\/\" \/>\n<meta property=\"og:site_name\" content=\"AMAL d.o.o.\" \/>\n<meta property=\"article:modified_time\" content=\"2020-03-25T09:44:19+00:00\" \/>\n<meta name=\"twitter:card\" content=\"summary_large_image\" \/>\n<script type=\"application\/ld+json\" class=\"yoast-schema-graph\">{\"@context\":\"https:\\\/\\\/schema.org\",\"@graph\":[{\"@type\":\"WebPage\",\"@id\":\"https:\\\/\\\/amal.si\\\/de\\\/sport\\\/\",\"url\":\"https:\\\/\\\/amal.si\\\/de\\\/sport\\\/\",\"name\":\"Sport - AMAL d.o.o.\",\"isPartOf\":{\"@id\":\"https:\\\/\\\/amal.si\\\/de\\\/#website\"},\"datePublished\":\"2019-12-13T09:05:50+00:00\",\"dateModified\":\"2020-03-25T09:44:19+00:00\",\"breadcrumb\":{\"@id\":\"https:\\\/\\\/amal.si\\\/de\\\/sport\\\/#breadcrumb\"},\"inLanguage\":\"de-DE\",\"potentialAction\":[{\"@type\":\"ReadAction\",\"target\":[\"https:\\\/\\\/amal.si\\\/de\\\/sport\\\/\"]}]},{\"@type\":\"BreadcrumbList\",\"@id\":\"https:\\\/\\\/amal.si\\\/de\\\/sport\\\/#breadcrumb\",\"itemListElement\":[{\"@type\":\"ListItem\",\"position\":1,\"name\":\"Home\",\"item\":\"https:\\\/\\\/amal.si\\\/de\\\/\"},{\"@type\":\"ListItem\",\"position\":2,\"name\":\"Sport\"}]},{\"@type\":\"WebSite\",\"@id\":\"https:\\\/\\\/amal.si\\\/de\\\/#website\",\"url\":\"https:\\\/\\\/amal.si\\\/de\\\/\",\"name\":\"AMAL d.o.o.\",\"description\":\"Proizvodnja, trgovina, storitve, in\u017eeniring\",\"potentialAction\":[{\"@type\":\"SearchAction\",\"target\":{\"@type\":\"EntryPoint\",\"urlTemplate\":\"https:\\\/\\\/amal.si\\\/de\\\/?s={search_term_string}\"},\"query-input\":{\"@type\":\"PropertyValueSpecification\",\"valueRequired\":true,\"valueName\":\"search_term_string\"}}],\"inLanguage\":\"de-DE\"}]}<\/script>\n<!-- \/ Yoast SEO plugin. -->","yoast_head_json":{"title":"Sport - AMAL d.o.o.","robots":{"index":"index","follow":"follow","max-snippet":"max-snippet:-1","max-image-preview":"max-image-preview:large","max-video-preview":"max-video-preview:-1"},"canonical":"https:\/\/amal.si\/de\/sport\/","og_locale":"de_DE","og_type":"article","og_title":"Sport - AMAL d.o.o.","og_description":"Sport 2005-2007 DVORANA TABOR, Maribor 2006 BOWLING CENTER, Maribor 2009 TELOVADNICA VIPAVA 2013 PLEZALNI CENTER LJUBLJANA 2014 GORENSKA PLA\u017dA, Tr\u017ei\u010d 2016 SAVNE SEPTEMBER STEGNE, Ljubljana Nachfrage Senden Sie uns eine Nachricht und wir werden Ihnen so schnell wie m\u00f6glich antworten! KONTAKT","og_url":"https:\/\/amal.si\/de\/sport\/","og_site_name":"AMAL d.o.o.","article_modified_time":"2020-03-25T09:44:19+00:00","twitter_card":"summary_large_image","schema":{"@context":"https:\/\/schema.org","@graph":[{"@type":"WebPage","@id":"https:\/\/amal.si\/de\/sport\/","url":"https:\/\/amal.si\/de\/sport\/","name":"Sport - AMAL d.o.o.","isPartOf":{"@id":"https:\/\/amal.si\/de\/#website"},"datePublished":"2019-12-13T09:05:50+00:00","dateModified":"2020-03-25T09:44:19+00:00","breadcrumb":{"@id":"https:\/\/amal.si\/de\/sport\/#breadcrumb"},"inLanguage":"de-DE","potentialAction":[{"@type":"ReadAction","target":["https:\/\/amal.si\/de\/sport\/"]}]},{"@type":"BreadcrumbList","@id":"https:\/\/amal.si\/de\/sport\/#breadcrumb","itemListElement":[{"@type":"ListItem","position":1,"name":"Home","item":"https:\/\/amal.si\/de\/"},{"@type":"ListItem","position":2,"name":"Sport"}]},{"@type":"WebSite","@id":"https:\/\/amal.si\/de\/#website","url":"https:\/\/amal.si\/de\/","name":"AMAL d.o.o.","description":"Proizvodnja, trgovina, storitve, in\u017eeniring","potentialAction":[{"@type":"SearchAction","target":{"@type":"EntryPoint","urlTemplate":"https:\/\/amal.si\/de\/?s={search_term_string}"},"query-input":{"@type":"PropertyValueSpecification","valueRequired":true,"valueName":"search_term_string"}}],"inLanguage":"de-DE"}]}},"jetpack_sharing_enabled":true,"_links":{"self":[{"href":"https:\/\/amal.si\/de\/wp-json\/wp\/v2\/pages\/821","targetHints":{"allow":["GET"]}}],"collection":[{"href":"https:\/\/amal.si\/de\/wp-json\/wp\/v2\/pages"}],"about":[{"href":"https:\/\/amal.si\/de\/wp-json\/wp\/v2\/types\/page"}],"author":[{"embeddable":true,"href":"https:\/\/amal.si\/de\/wp-json\/wp\/v2\/users\/1"}],"replies":[{"embeddable":true,"href":"https:\/\/amal.si\/de\/wp-json\/wp\/v2\/comments?post=821"}],"version-history":[{"count":1,"href":"https:\/\/amal.si\/de\/wp-json\/wp\/v2\/pages\/821\/revisions"}],"predecessor-version":[{"id":1218,"href":"https:\/\/amal.si\/de\/wp-json\/wp\/v2\/pages\/821\/revisions\/1218"}],"wp:attachment":[{"href":"https:\/\/amal.si\/de\/wp-json\/wp\/v2\/media?parent=821"}],"curies":[{"name":"wp","href":"https:\/\/api.w.org\/{rel}","templated":true}]}}