{"id":826,"date":"2019-12-13T10:11:34","date_gmt":"2019-12-13T09:11:34","guid":{"rendered":"https:\/\/amal.si\/industrie\/"},"modified":"2020-03-25T10:39:35","modified_gmt":"2020-03-25T09:39:35","slug":"industrie","status":"publish","type":"page","link":"https:\/\/amal.si\/de\/industrie\/","title":{"rendered":"Industrie"},"content":{"rendered":"<h2>\n\t\tIndustrie\n\t<\/h2>\n\t<table border=\"0\" cellspacing=\"1\" cellpadding=\"1\">\n<tbody>\n<tr>\n<td>\n<h3>METALLINDUSTRIE<\/h3>\n<\/td>\n<td><\/td>\n<\/tr>\n<tr>\n<td>1997-2005<\/td>\n<td>TAB, Me\u017eica<\/td>\n<\/tr>\n<tr>\n<td>1998-2007<\/td>\n<td>Kovinoplastika, Lo\u017e<\/td>\n<\/tr>\n<tr>\n<td>1999<\/td>\n<td>ROTO, Lo\u017e<\/td>\n<\/tr>\n<tr>\n<td>2002<\/td>\n<td>TITAN, Kamnik<\/td>\n<\/tr>\n<tr>\n<td>2003<\/td>\n<td>DEWALT, Grosuplje<\/td>\n<\/tr>\n<tr>\n<td>2003<\/td>\n<td>SATURNUS, Ljubljana<\/td>\n<\/tr>\n<tr>\n<td>2003<\/td>\n<td>TAJFUN, Planina pri Sevnici<\/td>\n<\/tr>\n<tr>\n<td>2004<\/td>\n<td>IMP KLIMA, Godovi\u010d<\/td>\n<\/tr>\n<tr>\n<td>2005-2007<\/td>\n<td>LAMA, Dekani<\/td>\n<\/tr>\n<tr>\n<td>2005-2006<\/td>\n<td>TIKO, Tr\u017ei\u010d<\/td>\n<\/tr>\n<tr>\n<td>2006<\/td>\n<td>ANDINO, Logatec<\/td>\n<\/tr>\n<tr>\n<td>2005-2007<\/td>\n<td>ROTOMATIKA, Idrija\/Jesenice<\/td>\n<\/tr>\n<tr>\n<td>2006<\/td>\n<td>TTN, Cerknica<\/td>\n<\/tr>\n<tr>\n<td>2006<\/td>\n<td>INTERWOLF, Logatec<\/td>\n<\/tr>\n<tr>\n<td>2007<\/td>\n<td>STEEL, Ljubljana<\/td>\n<\/tr>\n<tr>\n<td>2007<\/td>\n<td>TKC, Ljubljana<\/td>\n<\/tr>\n<tr>\n<td>2007<\/td>\n<td>TERMIKA, Logatec<\/td>\n<\/tr>\n<tr>\n<td>2007<\/td>\n<td>ETRA 33, Ljubljana<\/td>\n<\/tr>\n<tr>\n<td>2009<\/td>\n<td>KOLEKTOR KOLING, Idrija<\/td>\n<\/tr>\n<tr>\n<td>2011\/2013<\/td>\n<td>BELROS, Ljubljana<\/td>\n<\/tr>\n<tr>\n<td>2013<\/td>\n<td>OVEN SET, Ljubljana<\/td>\n<\/tr>\n<tr>\n<td>2014<\/td>\n<td>METALIKA SEVNICA<\/td>\n<\/tr>\n<tr>\n<td>\n<h3>HOLZINDUSTRIE<\/h3>\n<\/td>\n<td><\/td>\n<\/tr>\n<tr>\n<td>2000<\/td>\n<td>JAVOR, Pivka<\/td>\n<\/tr>\n<tr>\n<td>2003<\/td>\n<td>OKNA NAGODE, Logatec<\/td>\n<\/tr>\n<tr>\n<td>2006<\/td>\n<td>INTERLES, Zg. Voli\u010dina<\/td>\n<\/tr>\n<tr>\n<td>2006<\/td>\n<td>M-SORA, \u017diri<\/td>\n<\/tr>\n<tr>\n<td>2007<\/td>\n<td>LIKO, Borovnica<\/td>\n<\/tr>\n<tr>\n<td>2008<\/td>\n<td>PROFILES, Razdrto<\/td>\n<\/tr>\n<tr>\n<td>2008\/09<\/td>\n<td>BIRING AMBIENTI, Duplica<\/td>\n<\/tr>\n<tr>\n<td>2008-2011<\/td>\n<td>PO\u010cKAJ, Se\u017eana<\/td>\n<\/tr>\n<tr>\n<td>\n<h3>DIE PAPIERINDUSTRIE<\/h3>\n<\/td>\n<td><\/td>\n<\/tr>\n<tr>\n<td>1997<\/td>\n<td>NOVA KUVERTA, Ljubljana<\/td>\n<\/tr>\n<tr>\n<td>1996-2005<\/td>\n<td>SET VEV\u010cE, Ljubljana<\/td>\n<\/tr>\n<tr>\n<td>1997-2006<\/td>\n<td>COMPRINT, Ljubljana<\/td>\n<\/tr>\n<tr>\n<td>2003<\/td>\n<td>PAPIRUS PRINT 2000, Ljubljana<\/td>\n<\/tr>\n<tr>\n<td>2004<\/td>\n<td>S-PRINT, Trbovlje<\/td>\n<\/tr>\n<tr>\n<td>2005<\/td>\n<td>BIROGRAFIKA BORI, Ljubljana<\/td>\n<\/tr>\n<tr>\n<td>2005<\/td>\n<td>RT-PRO, KamnikC<\/td>\n<\/tr>\n<tr>\n<td>2005<\/td>\n<td>ZALO\u017dBA IZOLIT, Dom\u017eale<\/td>\n<\/tr>\n<tr>\n<td>2006<\/td>\n<td>ETIKETA, \u017diri<\/td>\n<\/tr>\n<tr>\n<td>2008<\/td>\n<td>TISKARNA Novo mesto<\/td>\n<\/tr>\n<tr>\n<td>1999-2006<\/td>\n<td>PAPIRNICA VEV\u010cE, Ljubljana<\/td>\n<\/tr>\n<tr>\n<td>2011<\/td>\n<td>KRO, Medvode<\/td>\n<\/tr>\n<tr>\n<td>2012<\/td>\n<td>BILEX, Poljane nad \u0160kofjo Loko<\/td>\n<\/tr>\n<tr>\n<td>2013<\/td>\n<td>OVEN SET, Ljubljana<\/td>\n<\/tr>\n<tr>\n<td>2014<\/td>\n<td>ELISA, Naklo<\/td>\n<\/tr>\n<tr>\n<td>\n<h3>TEXTIL-, LEDERINDUSTRIE<\/h3>\n<\/td>\n<td><\/td>\n<\/tr>\n<tr>\n<td>1996<\/td>\n<td>\u017dOLNA SPORT, Ljubljana<\/td>\n<\/tr>\n<tr>\n<td>1997<\/td>\n<td>LABOD, Ljubljana<\/td>\n<\/tr>\n<tr>\n<td>1998<\/td>\n<td>TEKSTIL, Ljubljana<\/td>\n<\/tr>\n<tr>\n<td>2000<\/td>\n<td>PREVENT, Split<\/td>\n<\/tr>\n<tr>\n<td>2000<\/td>\n<td>PREVENT, Zlatar<\/td>\n<\/tr>\n<tr>\n<td>2000-2007<\/td>\n<td>PREVENT, Lenart<\/td>\n<\/tr>\n<tr>\n<td>2000-2005<\/td>\n<td>PREVENT, Mirna<\/td>\n<\/tr>\n<tr>\n<td>2000-2006<\/td>\n<td>PREVENT, Slovenj Gradec<\/td>\n<\/tr>\n<tr>\n<td>2002-2005<\/td>\n<td>TEKSTINA, Ajdov\u0161\u010dina<\/td>\n<\/tr>\n<tr>\n<td>2003<\/td>\n<td>G-TEX, Kri\u017eevci<\/td>\n<\/tr>\n<tr>\n<td>2003<\/td>\n<td>VELANA, Ljubljana<\/td>\n<\/tr>\n<tr>\n<td>2004<\/td>\n<td>FILC, Menge\u0161<\/td>\n<\/tr>\n<tr>\n<td>2005<\/td>\n<td>DIADEMA, Zagreb<\/td>\n<\/tr>\n<tr>\n<td>2006<\/td>\n<td>DIADEMA, Zadar<\/td>\n<\/tr>\n<tr>\n<td>2007<\/td>\n<td>ELOS ESCADA, Gor. Radgona<\/td>\n<\/tr>\n<tr>\n<td>2005-2007<\/td>\n<td>PREDILNICA LITIJA (material)<\/td>\n<\/tr>\n<tr>\n<td>2013-2015<\/td>\n<td>PEKO, Tr\u017ei\u010d<\/td>\n<\/tr>\n<tr>\n<td>\n<h3>CHEMISCHE INDUSTRIE<\/h3>\n<\/td>\n<td><\/td>\n<\/tr>\n<tr>\n<td>2000<\/td>\n<td>JUB, Dol pri Ljubljani<\/td>\n<\/tr>\n<tr>\n<td>2003<\/td>\n<td>BELROS, Ljubljana<\/td>\n<\/tr>\n<tr>\n<td>2000-2007<\/td>\n<td>HENKEL, Maribor<\/td>\n<\/tr>\n<tr>\n<td>2000<\/td>\n<td>Nevrtal. bazen, Bora\u010deva<\/td>\n<\/tr>\n<tr>\n<td>2000-2007<\/td>\n<td>TKI, Hrastnik<\/td>\n<\/tr>\n<tr>\n<td>2008<\/td>\n<td>FENOLIT, Borovnica<\/td>\n<\/tr>\n<tr>\n<td>2010<\/td>\n<td>HELIOS, Koli\u010devo<\/td>\n<\/tr>\n<tr>\n<td>2011-2012<\/td>\n<td>\u00a0ISKRA ISD-GALVANA, Kranj<\/td>\n<\/tr>\n<tr>\n<td>2013-2015<\/td>\n<td>MITOL, Se\u017eana<\/td>\n<\/tr>\n<tr>\n<td>\n<h3>PYROTECHNISCHE INDUSTRIE<\/h3>\n<\/td>\n<td><\/td>\n<\/tr>\n<tr>\n<td>1998-2009<\/td>\n<td>HAMEX, Vrhnika<\/td>\n<\/tr>\n<tr>\n<td>\n<h3>COMPUTERINDUSTRIE<\/h3>\n<\/td>\n<td><\/td>\n<\/tr>\n<tr>\n<td>1997<\/td>\n<td>LIKO PRIS, Vrhnika<\/td>\n<\/tr>\n<tr>\n<td>2007<\/td>\n<td>ARNES, Tehnolo\u0161ki park Brdo, Lj.<\/td>\n<\/tr>\n<tr>\n<td>2007<\/td>\n<td>SILON, Ig<\/td>\n<\/tr>\n<tr>\n<td>2014<\/td>\n<td>SMARTRONIK-IMPEDANCA,Maribor<\/td>\n<\/tr>\n<tr>\n<td>\n<h3>HERSTELLUNGSINDUSTRIE<\/h3>\n<\/td>\n<td><\/td>\n<\/tr>\n<tr>\n<td>1999<\/td>\n<td>GORENJE, Velenje<\/td>\n<\/tr>\n<tr>\n<td>2000<\/td>\n<td>AD PLASTIK, Split<\/td>\n<\/tr>\n<tr>\n<td>2003-2007<\/td>\n<td>ELAN, Begunje<\/td>\n<\/tr>\n<tr>\n<td>2002-2007<\/td>\n<td>ELAN MARINE, Begunje<\/td>\n<\/tr>\n<tr>\n<td>2004-2006<\/td>\n<td>ELAN MARINE, Obrova<\/td>\n<\/tr>\n<tr>\n<td>2006<\/td>\n<td>ELAN LUPINA, Begunje<\/td>\n<\/tr>\n<tr>\n<td>2003<\/td>\n<td>TAJFUN, Planina pri Sevnici<\/td>\n<\/tr>\n<tr>\n<td>2004<\/td>\n<td>TOBA\u010cNA, Ljubljana<\/td>\n<\/tr>\n<tr>\n<td>2005<\/td>\n<td>STEKLARNA, Hrastnik<\/td>\n<\/tr>\n<tr>\n<td>2006<\/td>\n<td>TERMOGLAS, Bo\u0161tanj<\/td>\n<\/tr>\n<tr>\n<td>2006<\/td>\n<td>TIK, Kobarid<\/td>\n<\/tr>\n<tr>\n<td>2006<\/td>\n<td>LASCO, Ljubljana<\/td>\n<\/tr>\n<tr>\n<td>2007<\/td>\n<td>RID, Se\u017eana<\/td>\n<\/tr>\n<tr>\n<td>2008<\/td>\n<td>AHIL PLASTIKA, Drgomelj<\/td>\n<\/tr>\n<tr>\n<td>2009<\/td>\n<td>Mesarija Kragelj, Most na So\u010di<\/td>\n<\/tr>\n<tr>\n<td>2011<\/td>\n<td>\u00a0AHA PLASTIK, Kanal<\/td>\n<\/tr>\n<tr>\n<td>2011-2012<\/td>\n<td>PEKO, Tr\u017ei\u010d<\/td>\n<\/tr>\n<tr>\n<td>2012<\/td>\n<td>ELISA, Menge\u0161<\/td>\n<\/tr>\n<tr>\n<td>2013<\/td>\n<td>KO\u0160AN, \u0160kofje Loka<\/td>\n<\/tr>\n<tr>\n<td>2014-2015<\/td>\n<td>FINES, Grosuplje<\/td>\n<\/tr>\n<tr>\n<td>2015<\/td>\n<td>SAXONIA, \u017dirovnica<\/td>\n<\/tr>\n<tr>\n<td>2015-2016<\/td>\n<td>GOMLINE, Ljubljana<\/td>\n<\/tr>\n<tr>\n<td>2016<\/td>\n<td>PLUTAL, Ljubljana<\/td>\n<\/tr>\n<tr>\n<td>2016<\/td>\n<td>INTRA LIGHTING, \u010cazma<\/td>\n<\/tr>\n<tr>\n<td>2016<\/td>\n<td>AHA EMS, Slovenska Bistrica<\/td>\n<\/tr>\n<tr>\n<td>\n<h3>LEBENSMITTELINDUSTRIE<\/h3>\n<\/td>\n<td><\/td>\n<\/tr>\n<tr>\n<td>2003<\/td>\n<td>VRTEC Ko\u010devje-kuhinja<\/td>\n<\/tr>\n<tr>\n<td>2003<\/td>\n<td>VOJA\u0160NICA Moste-kuhinja, Ljubljana<\/td>\n<\/tr>\n<tr>\n<td>2005<\/td>\n<td>Smu\u010di\u0161\u010de Cerkno-kuhinja<\/td>\n<\/tr>\n<tr>\n<td>2005-2009<\/td>\n<td>Ljubljanske mlekarne, Ljubljana<\/td>\n<\/tr>\n<tr>\n<td>2008<\/td>\n<td>Vrtec Kudri\u010devo-kuhinja<\/td>\n<\/tr>\n<tr>\n<td>2009<\/td>\n<td>Hi\u0161a posebne sorte-kuhinja, Kodreti<\/td>\n<\/tr>\n<tr>\n<td>2009<\/td>\n<td>Vinska klet Zlati Gri\u010d,Slovenske Konjice<\/td>\n<\/tr>\n<tr>\n<td>2009<\/td>\n<td>Hotel Kozina-kuhinja<\/td>\n<\/tr>\n<tr>\n<td>2009-2010<\/td>\n<td>ALPEGEL, Ljubljana<\/td>\n<\/tr>\n<tr>\n<td>2009-2011<\/td>\n<td>Mesarija Kragelj, Most na So\u010di<\/td>\n<\/tr>\n<tr>\n<td>2009-2012<\/td>\n<td>Automatic servis, Ljubljana, \u0160empeter<\/td>\n<\/tr>\n<tr>\n<td>2010<\/td>\n<td>BARONE, Se\u017eana<\/td>\n<\/tr>\n<tr>\n<td>2010<\/td>\n<td>Vinarstvo Kavre\u010di\u010d, \u0160kofije<\/td>\n<\/tr>\n<tr>\n<td>2011<\/td>\n<td>Mesarija Tibola, Prestranek<\/td>\n<\/tr>\n<tr>\n<td>2011<\/td>\n<td>Pekarna Orehek, Zbilje<\/td>\n<\/tr>\n<tr>\n<td>2011<\/td>\n<td>Vrtec Metlika-kuhinja<\/td>\n<\/tr>\n<tr>\n<td>2011<\/td>\n<td>Pekarna Leclerc, Maribor<\/td>\n<\/tr>\n<tr>\n<td>2011O\u0160<\/td>\n<td>Trnovo-kuhinja, Ljubljana<\/td>\n<\/tr>\n<tr>\n<td>2012<\/td>\n<td>BRUMEC-RU\u010cIGAJ, Trzin\/Menge\u0161<\/td>\n<\/tr>\n<tr>\n<td>2013<\/td>\n<td>PARADAJZ, Renkovci<\/td>\n<\/tr>\n<tr>\n<td>2013<\/td>\n<td>GOSTOL-GOPAN, Nova Gorica<\/td>\n<\/tr>\n<tr>\n<td>2013<\/td>\n<td>FRATELLI PAGANI, Kozina<\/td>\n<\/tr>\n<tr>\n<td>2013<\/td>\n<td>SIRARNA KENDA, Idrija<\/td>\n<\/tr>\n<tr>\n<td>2014<\/td>\n<td>SADJARSTVO MIROSAN<\/td>\n<\/tr>\n<tr>\n<td>2014-2015<\/td>\n<td>ETA, Kamnik<\/td>\n<\/tr>\n<tr>\n<td>2014<\/td>\n<td>VRTEC GALJEVICA (kuhinja)<\/td>\n<\/tr>\n<tr>\n<td>2016<\/td>\n<td>AGO RIBA, Izolag<\/td>\n<\/tr>\n<tr>\n<td>2016<\/td>\n<td>FRANCK, Ljubljana<\/td>\n<\/tr>\n<\/tbody>\n<\/table>\n\t\t<h3> Nachfrage<\/h3>\n\t\t<p>Senden Sie uns eine Nachricht und wir werden Ihnen so schnell wie m\u00f6glich antworten!<\/p>\n\t\t\t<a href=\"https:\/\/amal.si\/de\/kontakt\" target=\"_self\" role=\"button\" rel=\"noopener noreferrer\">\n\t\t\t\t\t\t\tKONTAKT\n\t\t\t\t\t<\/a>\n","protected":false},"excerpt":{"rendered":"<p>Industrie METALLINDUSTRIE 1997-2005 TAB, Me\u017eica 1998-2007 Kovinoplastika, Lo\u017e 1999 ROTO, Lo\u017e 2002 TITAN, Kamnik 2003 DEWALT, Grosuplje 2003 SATURNUS, Ljubljana 2003 TAJFUN, Planina pri Sevnici 2004 IMP KLIMA, Godovi\u010d 2005-2007 LAMA, Dekani 2005-2006 TIKO, Tr\u017ei\u010d 2006 ANDINO, Logatec 2005-2007 ROTOMATIKA, Idrija\/Jesenice 2006 TTN, Cerknica 2006 INTERWOLF, Logatec 2007 STEEL, Ljubljana 2007 TKC, Ljubljana 2007 TERMIKA,&hellip;<\/p>\n","protected":false},"author":1,"featured_media":0,"parent":0,"menu_order":18,"comment_status":"closed","ping_status":"closed","template":"","meta":{"footnotes":""},"class_list":["post-826","page","type-page","status-publish","hentry"],"yoast_head":"<!-- This site is optimized with the Yoast SEO plugin v27.3 - https:\/\/yoast.com\/product\/yoast-seo-wordpress\/ -->\n<title>Industrie - AMAL d.o.o.<\/title>\n<meta name=\"robots\" content=\"index, follow, max-snippet:-1, max-image-preview:large, max-video-preview:-1\" \/>\n<link rel=\"canonical\" href=\"https:\/\/amal.si\/de\/industrie\/\" \/>\n<meta property=\"og:locale\" content=\"de_DE\" \/>\n<meta property=\"og:type\" content=\"article\" \/>\n<meta property=\"og:title\" content=\"Industrie - AMAL d.o.o.\" \/>\n<meta property=\"og:description\" content=\"Industrie METALLINDUSTRIE 1997-2005 TAB, Me\u017eica 1998-2007 Kovinoplastika, Lo\u017e 1999 ROTO, Lo\u017e 2002 TITAN, Kamnik 2003 DEWALT, Grosuplje 2003 SATURNUS, Ljubljana 2003 TAJFUN, Planina pri Sevnici 2004 IMP KLIMA, Godovi\u010d 2005-2007 LAMA, Dekani 2005-2006 TIKO, Tr\u017ei\u010d 2006 ANDINO, Logatec 2005-2007 ROTOMATIKA, Idrija\/Jesenice 2006 TTN, Cerknica 2006 INTERWOLF, Logatec 2007 STEEL, Ljubljana 2007 TKC, Ljubljana 2007 TERMIKA,&hellip;\" \/>\n<meta property=\"og:url\" content=\"https:\/\/amal.si\/de\/industrie\/\" \/>\n<meta property=\"og:site_name\" content=\"AMAL d.o.o.\" \/>\n<meta property=\"article:modified_time\" content=\"2020-03-25T09:39:35+00:00\" \/>\n<meta name=\"twitter:card\" content=\"summary_large_image\" \/>\n<meta name=\"twitter:label1\" content=\"Gesch\u00e4tzte Lesezeit\" \/>\n\t<meta name=\"twitter:data1\" content=\"2 Minuten\" \/>\n<script type=\"application\/ld+json\" class=\"yoast-schema-graph\">{\"@context\":\"https:\\\/\\\/schema.org\",\"@graph\":[{\"@type\":\"WebPage\",\"@id\":\"https:\\\/\\\/amal.si\\\/de\\\/industrie\\\/\",\"url\":\"https:\\\/\\\/amal.si\\\/de\\\/industrie\\\/\",\"name\":\"Industrie - AMAL d.o.o.\",\"isPartOf\":{\"@id\":\"https:\\\/\\\/amal.si\\\/de\\\/#website\"},\"datePublished\":\"2019-12-13T09:11:34+00:00\",\"dateModified\":\"2020-03-25T09:39:35+00:00\",\"breadcrumb\":{\"@id\":\"https:\\\/\\\/amal.si\\\/de\\\/industrie\\\/#breadcrumb\"},\"inLanguage\":\"de-DE\",\"potentialAction\":[{\"@type\":\"ReadAction\",\"target\":[\"https:\\\/\\\/amal.si\\\/de\\\/industrie\\\/\"]}]},{\"@type\":\"BreadcrumbList\",\"@id\":\"https:\\\/\\\/amal.si\\\/de\\\/industrie\\\/#breadcrumb\",\"itemListElement\":[{\"@type\":\"ListItem\",\"position\":1,\"name\":\"Home\",\"item\":\"https:\\\/\\\/amal.si\\\/de\\\/\"},{\"@type\":\"ListItem\",\"position\":2,\"name\":\"Industrie\"}]},{\"@type\":\"WebSite\",\"@id\":\"https:\\\/\\\/amal.si\\\/de\\\/#website\",\"url\":\"https:\\\/\\\/amal.si\\\/de\\\/\",\"name\":\"AMAL d.o.o.\",\"description\":\"Proizvodnja, trgovina, storitve, in\u017eeniring\",\"potentialAction\":[{\"@type\":\"SearchAction\",\"target\":{\"@type\":\"EntryPoint\",\"urlTemplate\":\"https:\\\/\\\/amal.si\\\/de\\\/?s={search_term_string}\"},\"query-input\":{\"@type\":\"PropertyValueSpecification\",\"valueRequired\":true,\"valueName\":\"search_term_string\"}}],\"inLanguage\":\"de-DE\"}]}<\/script>\n<!-- \/ Yoast SEO plugin. -->","yoast_head_json":{"title":"Industrie - AMAL d.o.o.","robots":{"index":"index","follow":"follow","max-snippet":"max-snippet:-1","max-image-preview":"max-image-preview:large","max-video-preview":"max-video-preview:-1"},"canonical":"https:\/\/amal.si\/de\/industrie\/","og_locale":"de_DE","og_type":"article","og_title":"Industrie - AMAL d.o.o.","og_description":"Industrie METALLINDUSTRIE 1997-2005 TAB, Me\u017eica 1998-2007 Kovinoplastika, Lo\u017e 1999 ROTO, Lo\u017e 2002 TITAN, Kamnik 2003 DEWALT, Grosuplje 2003 SATURNUS, Ljubljana 2003 TAJFUN, Planina pri Sevnici 2004 IMP KLIMA, Godovi\u010d 2005-2007 LAMA, Dekani 2005-2006 TIKO, Tr\u017ei\u010d 2006 ANDINO, Logatec 2005-2007 ROTOMATIKA, Idrija\/Jesenice 2006 TTN, Cerknica 2006 INTERWOLF, Logatec 2007 STEEL, Ljubljana 2007 TKC, Ljubljana 2007 TERMIKA,&hellip;","og_url":"https:\/\/amal.si\/de\/industrie\/","og_site_name":"AMAL d.o.o.","article_modified_time":"2020-03-25T09:39:35+00:00","twitter_card":"summary_large_image","twitter_misc":{"Gesch\u00e4tzte Lesezeit":"2 Minuten"},"schema":{"@context":"https:\/\/schema.org","@graph":[{"@type":"WebPage","@id":"https:\/\/amal.si\/de\/industrie\/","url":"https:\/\/amal.si\/de\/industrie\/","name":"Industrie - AMAL d.o.o.","isPartOf":{"@id":"https:\/\/amal.si\/de\/#website"},"datePublished":"2019-12-13T09:11:34+00:00","dateModified":"2020-03-25T09:39:35+00:00","breadcrumb":{"@id":"https:\/\/amal.si\/de\/industrie\/#breadcrumb"},"inLanguage":"de-DE","potentialAction":[{"@type":"ReadAction","target":["https:\/\/amal.si\/de\/industrie\/"]}]},{"@type":"BreadcrumbList","@id":"https:\/\/amal.si\/de\/industrie\/#breadcrumb","itemListElement":[{"@type":"ListItem","position":1,"name":"Home","item":"https:\/\/amal.si\/de\/"},{"@type":"ListItem","position":2,"name":"Industrie"}]},{"@type":"WebSite","@id":"https:\/\/amal.si\/de\/#website","url":"https:\/\/amal.si\/de\/","name":"AMAL d.o.o.","description":"Proizvodnja, trgovina, storitve, in\u017eeniring","potentialAction":[{"@type":"SearchAction","target":{"@type":"EntryPoint","urlTemplate":"https:\/\/amal.si\/de\/?s={search_term_string}"},"query-input":{"@type":"PropertyValueSpecification","valueRequired":true,"valueName":"search_term_string"}}],"inLanguage":"de-DE"}]}},"jetpack_sharing_enabled":true,"_links":{"self":[{"href":"https:\/\/amal.si\/de\/wp-json\/wp\/v2\/pages\/826","targetHints":{"allow":["GET"]}}],"collection":[{"href":"https:\/\/amal.si\/de\/wp-json\/wp\/v2\/pages"}],"about":[{"href":"https:\/\/amal.si\/de\/wp-json\/wp\/v2\/types\/page"}],"author":[{"embeddable":true,"href":"https:\/\/amal.si\/de\/wp-json\/wp\/v2\/users\/1"}],"replies":[{"embeddable":true,"href":"https:\/\/amal.si\/de\/wp-json\/wp\/v2\/comments?post=826"}],"version-history":[{"count":2,"href":"https:\/\/amal.si\/de\/wp-json\/wp\/v2\/pages\/826\/revisions"}],"predecessor-version":[{"id":1211,"href":"https:\/\/amal.si\/de\/wp-json\/wp\/v2\/pages\/826\/revisions\/1211"}],"wp:attachment":[{"href":"https:\/\/amal.si\/de\/wp-json\/wp\/v2\/media?parent=826"}],"curies":[{"name":"wp","href":"https:\/\/api.w.org\/{rel}","templated":true}]}}