{"id":844,"date":"2019-12-13T10:21:16","date_gmt":"2019-12-13T09:21:16","guid":{"rendered":"https:\/\/amal.si\/antibakterielle-epoxybodenbelaege\/"},"modified":"2020-03-25T10:35:21","modified_gmt":"2020-03-25T09:35:21","slug":"antibakterielle-epoxybodenbelaege","status":"publish","type":"page","link":"https:\/\/amal.si\/de\/antibakterielle-epoxybodenbelaege\/","title":{"rendered":"Antibakterielle Epoxybodenbel\u00e4ge"},"content":{"rendered":"<h2>\n\t\tAntibakterielle Epoxybodenbel\u00e4ge\n\t<\/h2>\n\t<p>&nbsp;<\/p>\n\t\t\t\t<img data-recalc-dims=\"1\" loading=\"lazy\" decoding=\"async\" src=\"https:\/\/i0.wp.com\/amal.si\/wp-content\/uploads\/2019\/11\/64c6b8b9-64c1-4a58-889d-57a81479dacd.jpg?resize=600%2C450&#038;ssl=1\" alt=\"64c6b8b9-64c1-4a58-889d-57a81479dacd\" itemprop=\"image\" height=\"450\" width=\"600\" title=\"64c6b8b9-64c1-4a58-889d-57a81479dacd\" onerror=\"this.style.display='none'\"  \/>\n\t\t<h3> Nachfrage<\/h3>\n\t\t<p>Senden Sie uns eine Nachricht und wir werden Ihnen so schnell wie m\u00f6glich antworten!<\/p>\n\t\t\t<a href=\"https:\/\/amal.si\/de\/kontakt\" target=\"_self\" role=\"button\" rel=\"noopener noreferrer\">\n\t\t\t\t\t\t\tKONTAKT\n\t\t\t\t\t<\/a>\n","protected":false},"excerpt":{"rendered":"<p>Antibakterielle Epoxybodenbel\u00e4ge &nbsp; Nachfrage Senden Sie uns eine Nachricht und wir werden Ihnen so schnell wie m\u00f6glich antworten! KONTAKT<\/p>\n","protected":false},"author":1,"featured_media":0,"parent":0,"menu_order":14,"comment_status":"closed","ping_status":"closed","template":"","meta":{"footnotes":""},"class_list":["post-844","page","type-page","status-publish","hentry"],"yoast_head":"<!-- This site is optimized with the Yoast SEO plugin v27.3 - https:\/\/yoast.com\/product\/yoast-seo-wordpress\/ -->\n<title>Antibakterielle Epoxybodenbel\u00e4ge - AMAL d.o.o.<\/title>\n<meta name=\"robots\" content=\"index, follow, max-snippet:-1, max-image-preview:large, max-video-preview:-1\" \/>\n<link rel=\"canonical\" href=\"https:\/\/amal.si\/de\/antibakterielle-epoxybodenbelaege\/\" \/>\n<meta property=\"og:locale\" content=\"de_DE\" \/>\n<meta property=\"og:type\" content=\"article\" \/>\n<meta property=\"og:title\" content=\"Antibakterielle Epoxybodenbel\u00e4ge - AMAL d.o.o.\" \/>\n<meta property=\"og:description\" content=\"Antibakterielle Epoxybodenbel\u00e4ge &nbsp; Nachfrage Senden Sie uns eine Nachricht und wir werden Ihnen so schnell wie m\u00f6glich antworten! KONTAKT\" \/>\n<meta property=\"og:url\" content=\"https:\/\/amal.si\/de\/antibakterielle-epoxybodenbelaege\/\" \/>\n<meta property=\"og:site_name\" content=\"AMAL d.o.o.\" \/>\n<meta property=\"article:modified_time\" content=\"2020-03-25T09:35:21+00:00\" \/>\n<meta property=\"og:image\" content=\"https:\/\/amal.si\/wp-content\/uploads\/2019\/11\/64c6b8b9-64c1-4a58-889d-57a81479dacd.jpg\" \/>\n<meta name=\"twitter:card\" content=\"summary_large_image\" \/>\n<script type=\"application\/ld+json\" class=\"yoast-schema-graph\">{\"@context\":\"https:\\\/\\\/schema.org\",\"@graph\":[{\"@type\":\"WebPage\",\"@id\":\"https:\\\/\\\/amal.si\\\/de\\\/antibakterielle-epoxybodenbelaege\\\/\",\"url\":\"https:\\\/\\\/amal.si\\\/de\\\/antibakterielle-epoxybodenbelaege\\\/\",\"name\":\"Antibakterielle Epoxybodenbel\u00e4ge - AMAL d.o.o.\",\"isPartOf\":{\"@id\":\"https:\\\/\\\/amal.si\\\/de\\\/#website\"},\"primaryImageOfPage\":{\"@id\":\"https:\\\/\\\/amal.si\\\/de\\\/antibakterielle-epoxybodenbelaege\\\/#primaryimage\"},\"image\":{\"@id\":\"https:\\\/\\\/amal.si\\\/de\\\/antibakterielle-epoxybodenbelaege\\\/#primaryimage\"},\"thumbnailUrl\":\"https:\\\/\\\/amal.si\\\/wp-content\\\/uploads\\\/2019\\\/11\\\/64c6b8b9-64c1-4a58-889d-57a81479dacd.jpg\",\"datePublished\":\"2019-12-13T09:21:16+00:00\",\"dateModified\":\"2020-03-25T09:35:21+00:00\",\"breadcrumb\":{\"@id\":\"https:\\\/\\\/amal.si\\\/de\\\/antibakterielle-epoxybodenbelaege\\\/#breadcrumb\"},\"inLanguage\":\"de-DE\",\"potentialAction\":[{\"@type\":\"ReadAction\",\"target\":[\"https:\\\/\\\/amal.si\\\/de\\\/antibakterielle-epoxybodenbelaege\\\/\"]}]},{\"@type\":\"ImageObject\",\"inLanguage\":\"de-DE\",\"@id\":\"https:\\\/\\\/amal.si\\\/de\\\/antibakterielle-epoxybodenbelaege\\\/#primaryimage\",\"url\":\"https:\\\/\\\/amal.si\\\/wp-content\\\/uploads\\\/2019\\\/11\\\/64c6b8b9-64c1-4a58-889d-57a81479dacd.jpg\",\"contentUrl\":\"https:\\\/\\\/amal.si\\\/wp-content\\\/uploads\\\/2019\\\/11\\\/64c6b8b9-64c1-4a58-889d-57a81479dacd.jpg\"},{\"@type\":\"BreadcrumbList\",\"@id\":\"https:\\\/\\\/amal.si\\\/de\\\/antibakterielle-epoxybodenbelaege\\\/#breadcrumb\",\"itemListElement\":[{\"@type\":\"ListItem\",\"position\":1,\"name\":\"Home\",\"item\":\"https:\\\/\\\/amal.si\\\/de\\\/\"},{\"@type\":\"ListItem\",\"position\":2,\"name\":\"Antibakterielle Epoxybodenbel\u00e4ge\"}]},{\"@type\":\"WebSite\",\"@id\":\"https:\\\/\\\/amal.si\\\/de\\\/#website\",\"url\":\"https:\\\/\\\/amal.si\\\/de\\\/\",\"name\":\"AMAL d.o.o.\",\"description\":\"Proizvodnja, trgovina, storitve, in\u017eeniring\",\"potentialAction\":[{\"@type\":\"SearchAction\",\"target\":{\"@type\":\"EntryPoint\",\"urlTemplate\":\"https:\\\/\\\/amal.si\\\/de\\\/?s={search_term_string}\"},\"query-input\":{\"@type\":\"PropertyValueSpecification\",\"valueRequired\":true,\"valueName\":\"search_term_string\"}}],\"inLanguage\":\"de-DE\"}]}<\/script>\n<!-- \/ Yoast SEO plugin. -->","yoast_head_json":{"title":"Antibakterielle Epoxybodenbel\u00e4ge - AMAL d.o.o.","robots":{"index":"index","follow":"follow","max-snippet":"max-snippet:-1","max-image-preview":"max-image-preview:large","max-video-preview":"max-video-preview:-1"},"canonical":"https:\/\/amal.si\/de\/antibakterielle-epoxybodenbelaege\/","og_locale":"de_DE","og_type":"article","og_title":"Antibakterielle Epoxybodenbel\u00e4ge - AMAL d.o.o.","og_description":"Antibakterielle Epoxybodenbel\u00e4ge &nbsp; Nachfrage Senden Sie uns eine Nachricht und wir werden Ihnen so schnell wie m\u00f6glich antworten! KONTAKT","og_url":"https:\/\/amal.si\/de\/antibakterielle-epoxybodenbelaege\/","og_site_name":"AMAL d.o.o.","article_modified_time":"2020-03-25T09:35:21+00:00","og_image":[{"url":"https:\/\/amal.si\/wp-content\/uploads\/2019\/11\/64c6b8b9-64c1-4a58-889d-57a81479dacd.jpg","type":"","width":"","height":""}],"twitter_card":"summary_large_image","schema":{"@context":"https:\/\/schema.org","@graph":[{"@type":"WebPage","@id":"https:\/\/amal.si\/de\/antibakterielle-epoxybodenbelaege\/","url":"https:\/\/amal.si\/de\/antibakterielle-epoxybodenbelaege\/","name":"Antibakterielle Epoxybodenbel\u00e4ge - AMAL d.o.o.","isPartOf":{"@id":"https:\/\/amal.si\/de\/#website"},"primaryImageOfPage":{"@id":"https:\/\/amal.si\/de\/antibakterielle-epoxybodenbelaege\/#primaryimage"},"image":{"@id":"https:\/\/amal.si\/de\/antibakterielle-epoxybodenbelaege\/#primaryimage"},"thumbnailUrl":"https:\/\/amal.si\/wp-content\/uploads\/2019\/11\/64c6b8b9-64c1-4a58-889d-57a81479dacd.jpg","datePublished":"2019-12-13T09:21:16+00:00","dateModified":"2020-03-25T09:35:21+00:00","breadcrumb":{"@id":"https:\/\/amal.si\/de\/antibakterielle-epoxybodenbelaege\/#breadcrumb"},"inLanguage":"de-DE","potentialAction":[{"@type":"ReadAction","target":["https:\/\/amal.si\/de\/antibakterielle-epoxybodenbelaege\/"]}]},{"@type":"ImageObject","inLanguage":"de-DE","@id":"https:\/\/amal.si\/de\/antibakterielle-epoxybodenbelaege\/#primaryimage","url":"https:\/\/amal.si\/wp-content\/uploads\/2019\/11\/64c6b8b9-64c1-4a58-889d-57a81479dacd.jpg","contentUrl":"https:\/\/amal.si\/wp-content\/uploads\/2019\/11\/64c6b8b9-64c1-4a58-889d-57a81479dacd.jpg"},{"@type":"BreadcrumbList","@id":"https:\/\/amal.si\/de\/antibakterielle-epoxybodenbelaege\/#breadcrumb","itemListElement":[{"@type":"ListItem","position":1,"name":"Home","item":"https:\/\/amal.si\/de\/"},{"@type":"ListItem","position":2,"name":"Antibakterielle Epoxybodenbel\u00e4ge"}]},{"@type":"WebSite","@id":"https:\/\/amal.si\/de\/#website","url":"https:\/\/amal.si\/de\/","name":"AMAL d.o.o.","description":"Proizvodnja, trgovina, storitve, in\u017eeniring","potentialAction":[{"@type":"SearchAction","target":{"@type":"EntryPoint","urlTemplate":"https:\/\/amal.si\/de\/?s={search_term_string}"},"query-input":{"@type":"PropertyValueSpecification","valueRequired":true,"valueName":"search_term_string"}}],"inLanguage":"de-DE"}]}},"jetpack_sharing_enabled":true,"_links":{"self":[{"href":"https:\/\/amal.si\/de\/wp-json\/wp\/v2\/pages\/844","targetHints":{"allow":["GET"]}}],"collection":[{"href":"https:\/\/amal.si\/de\/wp-json\/wp\/v2\/pages"}],"about":[{"href":"https:\/\/amal.si\/de\/wp-json\/wp\/v2\/types\/page"}],"author":[{"embeddable":true,"href":"https:\/\/amal.si\/de\/wp-json\/wp\/v2\/users\/1"}],"replies":[{"embeddable":true,"href":"https:\/\/amal.si\/de\/wp-json\/wp\/v2\/comments?post=844"}],"version-history":[{"count":1,"href":"https:\/\/amal.si\/de\/wp-json\/wp\/v2\/pages\/844\/revisions"}],"predecessor-version":[{"id":1203,"href":"https:\/\/amal.si\/de\/wp-json\/wp\/v2\/pages\/844\/revisions\/1203"}],"wp:attachment":[{"href":"https:\/\/amal.si\/de\/wp-json\/wp\/v2\/media?parent=844"}],"curies":[{"name":"wp","href":"https:\/\/api.w.org\/{rel}","templated":true}]}}