{"id":847,"date":"2019-12-13T10:24:42","date_gmt":"2019-12-13T09:24:42","guid":{"rendered":"https:\/\/amal.si\/referenzen\/"},"modified":"2020-03-25T10:29:27","modified_gmt":"2020-03-25T09:29:27","slug":"referenzen","status":"publish","type":"page","link":"https:\/\/amal.si\/de\/referenzen\/","title":{"rendered":"Referenzen"},"content":{"rendered":"<h2>\n\t\tReferenzen\n\t<\/h2>\n\t<p><a href=\"\/?page_id=27\" target=\"_blank\" rel=\"noopener noreferrer\">Lagerhallen<\/a><\/p>\n<p><a href=\"https:\/\/amal.si\/de\/industrie\/\" target=\"_blank\" rel=\"noopener noreferrer\">Industrie<\/a><\/p>\n<p><a href=\"https:\/\/amal.si\/de\/pharmazie-krankenhaeuser\/\" target=\"_blank\" rel=\"noopener noreferrer\">Pharmazie, Krankenh\u00e4user<\/a><\/p>\n<p><a href=\"https:\/\/amal.si\/de\/autoservice-garagen\/\" target=\"_blank\" rel=\"noopener noreferrer\">Autoservice, Garagen<\/a><\/p>\n<p><a href=\"https:\/\/amal.si\/de\/geschaefte-autosalone\/\" target=\"_blank\" rel=\"noopener noreferrer\">Gesch\u00e4fte, Autosalone<\/a><\/p>\n<p><a href=\"https:\/\/amal.si\/de\/energieanlagen\/\" target=\"_blank\" rel=\"noopener noreferrer\">Energieanlagen<\/a><\/p>\n<p><a href=\"https:\/\/amal.si\/de\/gewerbe-und-wohnbauten\/\" target=\"_blank\" rel=\"noopener noreferrer\">Gewerbe-und Wohnbauten<\/a><\/p>\n<p><a href=\"https:\/\/amal.si\/de\/banken-hotels-bars\/\" target=\"_blank\" rel=\"noopener noreferrer\">Banken, Hotels, Bars<\/a><\/p>\n<p><a href=\"https:\/\/amal.si\/de\/flughaefen-hangars\/\" target=\"_blank\" rel=\"noopener noreferrer\">Flugh\u00e4fen, Hangars<\/a><\/p>\n<p><a href=\"https:\/\/amal.si\/de\/umsetzung-von-dampfsperren\/\" target=\"_blank\" rel=\"noopener noreferrer\">Umsetzung von Dampfsperren<\/a><\/p>\n<p><a href=\"https:\/\/amal.si\/de\/gewerbe-und-produktions-objekte\/\" target=\"_blank\" rel=\"noopener noreferrer\">Gewerbe-und Produktions Objekte<\/a><\/p>\n<p><a href=\"https:\/\/amal.si\/de\/bildung-kultur\/\" target=\"_blank\" rel=\"noopener noreferrer\">Bildung, Kultur<\/a><\/p>\n<p><a href=\"https:\/\/amal.si\/de\/oekologie-recycling-und-verarbeitung-von\/\" target=\"_blank\" rel=\"noopener noreferrer\">\u00d6kologie, Recycling und Verarbeitung von<\/a><\/p>\n\t\t<h3> Nachfrage<\/h3>\n\t\t<p>Senden Sie uns eine Nachricht und wir werden Ihnen so schnell wie m\u00f6glich antworten!<\/p>\n\t\t\t<a href=\"https:\/\/amal.si\/de\/kontakt\" target=\"_self\" role=\"button\" rel=\"noopener noreferrer\">\n\t\t\t\t\t\t\tKONTAKT\n\t\t\t\t\t<\/a>\n","protected":false},"excerpt":{"rendered":"<p>Referenzen Lagerhallen Industrie Pharmazie, Krankenh\u00e4user Autoservice, Garagen Gesch\u00e4fte, Autosalone Energieanlagen Gewerbe-und Wohnbauten Banken, Hotels, Bars Flugh\u00e4fen, Hangars Umsetzung von Dampfsperren Gewerbe-und Produktions Objekte Bildung, Kultur \u00d6kologie, Recycling und Verarbeitung von Nachfrage Senden Sie uns eine Nachricht und wir werden Ihnen so schnell wie m\u00f6glich antworten! KONTAKT<\/p>\n","protected":false},"author":1,"featured_media":0,"parent":0,"menu_order":16,"comment_status":"closed","ping_status":"closed","template":"","meta":{"footnotes":""},"class_list":["post-847","page","type-page","status-publish","hentry"],"yoast_head":"<!-- This site is optimized with the Yoast SEO plugin v27.3 - https:\/\/yoast.com\/product\/yoast-seo-wordpress\/ -->\n<title>Referenzen - AMAL d.o.o.<\/title>\n<meta name=\"robots\" content=\"index, follow, max-snippet:-1, max-image-preview:large, max-video-preview:-1\" \/>\n<link rel=\"canonical\" href=\"https:\/\/amal.si\/de\/referenzen\/\" \/>\n<meta property=\"og:locale\" content=\"de_DE\" \/>\n<meta property=\"og:type\" content=\"article\" \/>\n<meta property=\"og:title\" content=\"Referenzen - AMAL d.o.o.\" \/>\n<meta property=\"og:description\" content=\"Referenzen Lagerhallen Industrie Pharmazie, Krankenh\u00e4user Autoservice, Garagen Gesch\u00e4fte, Autosalone Energieanlagen Gewerbe-und Wohnbauten Banken, Hotels, Bars Flugh\u00e4fen, Hangars Umsetzung von Dampfsperren Gewerbe-und Produktions Objekte Bildung, Kultur \u00d6kologie, Recycling und Verarbeitung von Nachfrage Senden Sie uns eine Nachricht und wir werden Ihnen so schnell wie m\u00f6glich antworten! KONTAKT\" \/>\n<meta property=\"og:url\" content=\"https:\/\/amal.si\/de\/referenzen\/\" \/>\n<meta property=\"og:site_name\" content=\"AMAL d.o.o.\" \/>\n<meta property=\"article:modified_time\" content=\"2020-03-25T09:29:27+00:00\" \/>\n<meta name=\"twitter:card\" content=\"summary_large_image\" \/>\n<script type=\"application\/ld+json\" class=\"yoast-schema-graph\">{\"@context\":\"https:\\\/\\\/schema.org\",\"@graph\":[{\"@type\":\"WebPage\",\"@id\":\"https:\\\/\\\/amal.si\\\/de\\\/referenzen\\\/\",\"url\":\"https:\\\/\\\/amal.si\\\/de\\\/referenzen\\\/\",\"name\":\"Referenzen - AMAL d.o.o.\",\"isPartOf\":{\"@id\":\"https:\\\/\\\/amal.si\\\/de\\\/#website\"},\"datePublished\":\"2019-12-13T09:24:42+00:00\",\"dateModified\":\"2020-03-25T09:29:27+00:00\",\"breadcrumb\":{\"@id\":\"https:\\\/\\\/amal.si\\\/de\\\/referenzen\\\/#breadcrumb\"},\"inLanguage\":\"de-DE\",\"potentialAction\":[{\"@type\":\"ReadAction\",\"target\":[\"https:\\\/\\\/amal.si\\\/de\\\/referenzen\\\/\"]}]},{\"@type\":\"BreadcrumbList\",\"@id\":\"https:\\\/\\\/amal.si\\\/de\\\/referenzen\\\/#breadcrumb\",\"itemListElement\":[{\"@type\":\"ListItem\",\"position\":1,\"name\":\"Home\",\"item\":\"https:\\\/\\\/amal.si\\\/de\\\/\"},{\"@type\":\"ListItem\",\"position\":2,\"name\":\"Referenzen\"}]},{\"@type\":\"WebSite\",\"@id\":\"https:\\\/\\\/amal.si\\\/de\\\/#website\",\"url\":\"https:\\\/\\\/amal.si\\\/de\\\/\",\"name\":\"AMAL d.o.o.\",\"description\":\"Proizvodnja, trgovina, storitve, in\u017eeniring\",\"potentialAction\":[{\"@type\":\"SearchAction\",\"target\":{\"@type\":\"EntryPoint\",\"urlTemplate\":\"https:\\\/\\\/amal.si\\\/de\\\/?s={search_term_string}\"},\"query-input\":{\"@type\":\"PropertyValueSpecification\",\"valueRequired\":true,\"valueName\":\"search_term_string\"}}],\"inLanguage\":\"de-DE\"}]}<\/script>\n<!-- \/ Yoast SEO plugin. -->","yoast_head_json":{"title":"Referenzen - AMAL d.o.o.","robots":{"index":"index","follow":"follow","max-snippet":"max-snippet:-1","max-image-preview":"max-image-preview:large","max-video-preview":"max-video-preview:-1"},"canonical":"https:\/\/amal.si\/de\/referenzen\/","og_locale":"de_DE","og_type":"article","og_title":"Referenzen - AMAL d.o.o.","og_description":"Referenzen Lagerhallen Industrie Pharmazie, Krankenh\u00e4user Autoservice, Garagen Gesch\u00e4fte, Autosalone Energieanlagen Gewerbe-und Wohnbauten Banken, Hotels, Bars Flugh\u00e4fen, Hangars Umsetzung von Dampfsperren Gewerbe-und Produktions Objekte Bildung, Kultur \u00d6kologie, Recycling und Verarbeitung von Nachfrage Senden Sie uns eine Nachricht und wir werden Ihnen so schnell wie m\u00f6glich antworten! KONTAKT","og_url":"https:\/\/amal.si\/de\/referenzen\/","og_site_name":"AMAL d.o.o.","article_modified_time":"2020-03-25T09:29:27+00:00","twitter_card":"summary_large_image","schema":{"@context":"https:\/\/schema.org","@graph":[{"@type":"WebPage","@id":"https:\/\/amal.si\/de\/referenzen\/","url":"https:\/\/amal.si\/de\/referenzen\/","name":"Referenzen - AMAL d.o.o.","isPartOf":{"@id":"https:\/\/amal.si\/de\/#website"},"datePublished":"2019-12-13T09:24:42+00:00","dateModified":"2020-03-25T09:29:27+00:00","breadcrumb":{"@id":"https:\/\/amal.si\/de\/referenzen\/#breadcrumb"},"inLanguage":"de-DE","potentialAction":[{"@type":"ReadAction","target":["https:\/\/amal.si\/de\/referenzen\/"]}]},{"@type":"BreadcrumbList","@id":"https:\/\/amal.si\/de\/referenzen\/#breadcrumb","itemListElement":[{"@type":"ListItem","position":1,"name":"Home","item":"https:\/\/amal.si\/de\/"},{"@type":"ListItem","position":2,"name":"Referenzen"}]},{"@type":"WebSite","@id":"https:\/\/amal.si\/de\/#website","url":"https:\/\/amal.si\/de\/","name":"AMAL d.o.o.","description":"Proizvodnja, trgovina, storitve, in\u017eeniring","potentialAction":[{"@type":"SearchAction","target":{"@type":"EntryPoint","urlTemplate":"https:\/\/amal.si\/de\/?s={search_term_string}"},"query-input":{"@type":"PropertyValueSpecification","valueRequired":true,"valueName":"search_term_string"}}],"inLanguage":"de-DE"}]}},"jetpack_sharing_enabled":true,"_links":{"self":[{"href":"https:\/\/amal.si\/de\/wp-json\/wp\/v2\/pages\/847","targetHints":{"allow":["GET"]}}],"collection":[{"href":"https:\/\/amal.si\/de\/wp-json\/wp\/v2\/pages"}],"about":[{"href":"https:\/\/amal.si\/de\/wp-json\/wp\/v2\/types\/page"}],"author":[{"embeddable":true,"href":"https:\/\/amal.si\/de\/wp-json\/wp\/v2\/users\/1"}],"replies":[{"embeddable":true,"href":"https:\/\/amal.si\/de\/wp-json\/wp\/v2\/comments?post=847"}],"version-history":[{"count":2,"href":"https:\/\/amal.si\/de\/wp-json\/wp\/v2\/pages\/847\/revisions"}],"predecessor-version":[{"id":1190,"href":"https:\/\/amal.si\/de\/wp-json\/wp\/v2\/pages\/847\/revisions\/1190"}],"wp:attachment":[{"href":"https:\/\/amal.si\/de\/wp-json\/wp\/v2\/media?parent=847"}],"curies":[{"name":"wp","href":"https:\/\/api.w.org\/{rel}","templated":true}]}}