{"id":850,"date":"2019-12-13T10:28:42","date_gmt":"2019-12-13T09:28:42","guid":{"rendered":"https:\/\/amal.si\/heim\/"},"modified":"2020-03-26T11:42:14","modified_gmt":"2020-03-26T10:42:14","slug":"heim","status":"publish","type":"page","link":"https:\/\/amal.si\/de\/heim\/","title":{"rendered":"Heim"},"content":{"rendered":"<h2>\n\t\tFarben und Beschichtungen nach Ihrem Geschmak!\n\t<\/h2>\n\t\t\t<a href=\"#povprasevanje\" target=\"_self\" role=\"button\" rel=\"noopener noreferrer\">\n\t\t\t\t\t\t\tPovpra\u0161evanje\n\t\t\t\t\t<\/a>\n<h3>\n\t\tAMAL d.o.o.\n\t<\/h3>\n\t<h3><strong>Das Unternehmen AMAL d.o.o. haben wir im Jahr 1991 gegr\u00fcndet, mit der Absicht, Ihnen ein gesamtes Spektrum zum Schutz aller Oberfl\u00e4chen in der Bauindustrie anzubieten. <\/strong><\/h3>\n<p>Dies beinhaltet den Schutz und die Wiederherstellung von B\u00f6den, W\u00e4nden, Fassaden und f\u00fcr alle Oberfl\u00e4chen aus Beton, Zement, Stein, Holz und Metall. Wir haben uns im privaten Bereich der Bau-und Renovierungsarbeiten erwiesen sowie auch im Industriebau. Neben Slowenien, sind wir erfolgreich pr\u00e4sent auch auf ausl\u00e4ndischen M\u00e4rkten.<\/p>\n<p>Seit dem Jahr 2000 haben wir auch unsere eigene Produktion und unsere eigen Marke zweikomponentiger Epoxybodenbel\u00e4ge <strong>HERPELIN<\/strong> entwickelt. Im Jahr 2009 haben wir HERPELIN AB mit antibakterieller Wirkung entwickelt.<\/p>\n\t\t\t\t<img data-recalc-dims=\"1\" loading=\"lazy\" decoding=\"async\" src=\"https:\/\/i0.wp.com\/amal.si\/wp-content\/uploads\/2019\/08\/homeimprovement-019.jpg?resize=1633%2C1225&#038;ssl=1\" alt=\"homeimprovement-019\" itemprop=\"image\" height=\"1225\" width=\"1633\" title=\"homeimprovement-019\" onerror=\"this.style.display='none'\"  \/>\n\t\t\t\t<a\n\t\t\thref=\"https:\/\/i0.wp.com\/amal.si\/wp-content\/uploads\/2019\/11\/ae92df12-c9a0-43f2-b3a2-dc5878f3ece5.jpg?ssl=1\"\n\t\t\t\t\t\trel=\"nofollow\" data-fancybox=\"images\" \n\t\t\ttitle=\"ae92df12-c9a0-43f2-b3a2-dc5878f3ece5\" \n\t\t\t\t\t\tdata-caption=\"\"\n\t\t\t\t\t\tdata-description=\"\" \n\t\t\titemprop=\"contentUrl\"\n\t\t>\n\t\t<img data-recalc-dims=\"1\" decoding=\"async\" src=\"https:\/\/i0.wp.com\/amal.si\/wp-content\/uploads\/2019\/11\/ae92df12-c9a0-43f2-b3a2-dc5878f3ece5.jpg?ssl=1\" alt=\"\" data-no-lazy=\"1\" itemprop=\"thumbnail\" \/>\n\t\t\t<!-- Overlay Wrapper -->\n\t\t\t <!-- Overlay Wrapper Closed -->\n\t\t\t\t<\/a>\n\t\t\t\t\t\t\t<meta itemprop=\"width\" content=\"600\" \/>\n\t\t\t<meta itemprop=\"height\" content=\"398\" \/>\n\t\t\t\t<a\n\t\t\thref=\"https:\/\/i0.wp.com\/amal.si\/wp-content\/uploads\/2019\/11\/6e6467c3-5863-4192-8945-272d86937da6.jpg?ssl=1\"\n\t\t\t\t\t\trel=\"nofollow\" data-fancybox=\"images\" \n\t\t\ttitle=\"6e6467c3-5863-4192-8945-272d86937da6\" \n\t\t\t\t\t\tdata-caption=\"\"\n\t\t\t\t\t\tdata-description=\"\" \n\t\t\titemprop=\"contentUrl\"\n\t\t>\n\t\t<img data-recalc-dims=\"1\" decoding=\"async\" src=\"https:\/\/i0.wp.com\/amal.si\/wp-content\/uploads\/2019\/11\/6e6467c3-5863-4192-8945-272d86937da6.jpg?ssl=1\" alt=\"\" data-no-lazy=\"1\" itemprop=\"thumbnail\" \/>\n\t\t\t<!-- Overlay Wrapper -->\n\t\t\t <!-- Overlay Wrapper Closed -->\n\t\t\t\t<\/a>\n\t\t\t\t\t\t\t<meta itemprop=\"width\" content=\"600\" \/>\n\t\t\t<meta itemprop=\"height\" content=\"390\" \/>\n\t\t\t\t<a\n\t\t\thref=\"https:\/\/i0.wp.com\/amal.si\/wp-content\/uploads\/2019\/11\/49b2faeb-9696-4ab5-a664-bf60d1c62914.jpg?ssl=1\"\n\t\t\t\t\t\trel=\"nofollow\" data-fancybox=\"images\" \n\t\t\ttitle=\"49b2faeb-9696-4ab5-a664-bf60d1c62914\" \n\t\t\t\t\t\tdata-caption=\"\"\n\t\t\t\t\t\tdata-description=\"\" \n\t\t\titemprop=\"contentUrl\"\n\t\t>\n\t\t<img data-recalc-dims=\"1\" decoding=\"async\" src=\"https:\/\/i0.wp.com\/amal.si\/wp-content\/uploads\/2019\/11\/49b2faeb-9696-4ab5-a664-bf60d1c62914.jpg?ssl=1\" alt=\"\" data-no-lazy=\"1\" itemprop=\"thumbnail\" \/>\n\t\t\t<!-- Overlay Wrapper -->\n\t\t\t <!-- Overlay Wrapper Closed -->\n\t\t\t\t<\/a>\n\t\t\t\t\t\t\t<meta itemprop=\"width\" content=\"600\" \/>\n\t\t\t<meta itemprop=\"height\" content=\"399\" \/>\n\t<h3>\n\t\tVERKAUFSPROGRAMM, LEISTUNGEN, REFERENZEN\n\t<\/h3>\n\t\t<h4><a href=\"https:\/\/amal.si\/de\/verkaufsprogramm\/\" target=\"_self\" rel=\"noopener noreferrer\">Verkaufsprogramm<\/a><\/h4>\t\t\n\t\t\t<a href=\"https:\/\/amal.si\/de\/verkaufsprogramm\/\" target=\"_self\" role=\"button\" rel=\"noopener noreferrer\">\n\t\t\t\t\t\t\tWeiterlesen\n\t\t\t\t\t<\/a>\n\t\t<h4><a href=\"https:\/\/amal.si\/de\/leistungen\/\" target=\"_self\" rel=\"noopener noreferrer\">Leistungen<\/a><\/h4>\t\t\n\t\t\t<a href=\"https:\/\/amal.si\/de\/leistungen\/\" target=\"_self\" role=\"button\" rel=\"noopener noreferrer\">\n\t\t\t\t\t\t\tWeiterlesen\n\t\t\t\t\t<\/a>\n\t\t<h4><a href=\"https:\/\/amal.si\/de\/katalog\/\" target=\"_self\" rel=\"noopener noreferrer\">Katalog<\/a><\/h4>\t\t\n\t\t\t<a href=\"https:\/\/amal.si\/de\/katalog\/\" target=\"_self\" role=\"button\" rel=\"noopener noreferrer\">\n\t\t\t\t\t\t\tWeiterlesen\n\t\t\t\t\t<\/a>\n\t\t<h4><a href=\"https:\/\/amal.si\/de\/farben-und-beschichtungen\/\" target=\"_self\" rel=\"noopener noreferrer\">Farben und Beschichtungen<\/a><\/h4>\t\t\n\t\t\t<a href=\"https:\/\/amal.si\/de\/farben-und-beschichtungen\/\" target=\"_self\" role=\"button\" rel=\"noopener noreferrer\">\n\t\t\t\t\t\t\tWeiterlesen\n\t\t\t\t\t<\/a>\n\t\t<h4><a href=\"https:\/\/amal.si\/de\/epoxy-dampfsperre\/\" target=\"_self\" rel=\"noopener noreferrer\">Epoxy Dampfsperre<\/a><\/h4>\t\t\n\t\t\t<a href=\"https:\/\/amal.si\/de\/epoxy-dampfsperre\/\" target=\"_self\" role=\"button\" rel=\"noopener noreferrer\">\n\t\t\t\t\t\t\tWeiterlesen\n\t\t\t\t\t<\/a>\n\t\t<h4><a href=\"https:\/\/amal.si\/de\/referenzen\/\" target=\"_self\" rel=\"noopener noreferrer\">Referenzen<\/a><\/h4>\t\t\n\t\t\t<a href=\"https:\/\/amal.si\/de\/referenzen\/\" target=\"_self\" role=\"button\" rel=\"noopener noreferrer\">\n\t\t\t\t\t\t\tWeiterlesen\n\t\t\t\t\t<\/a>\n\t\t<h3>Povpra\u0161evanje<\/h3>\n\t\t<p>Po\u0161ljite nam sporo\u010dilo in z veseljem Vam bomo odgovorili v najkraj\u0161em mo\u017enem \u010dasu!<\/p>\n\t\t\t<a href=\"https:\/\/amal.si\/kontakt\/\" target=\"_self\" role=\"button\" rel=\"noopener noreferrer\">\n\t\t\t\t\t\t\tKONTAKT\n\t\t\t\t\t<\/a>\n<h3>\n\t\tAntibakterielle Farben AMAL AB und antibakterielle Beschichtungen HERPELIN AB\n\t<\/h3>\n\t<p>Antibakterielle Farben AMAL AB und antibakterielle Beschichtungen HERPELIN AB mit internationalem Zertifikat, f\u00fcr Krankenh\u00e4user, Kinderg\u00e4rten, Schullen, Pflegeheime, Laboratorien und pharmazeutische Industrie.<\/p>\n\t\t\t\t<img data-recalc-dims=\"1\" loading=\"lazy\" decoding=\"async\" src=\"https:\/\/i0.wp.com\/amal.si\/wp-content\/uploads\/2019\/11\/7d9c6092-0b29-4f90-9cb2-30a3a1dcea19.jpg?resize=296%2C184&#038;ssl=1\" alt=\"7d9c6092-0b29-4f90-9cb2-30a3a1dcea19\" itemprop=\"image\" height=\"184\" width=\"296\" title=\"7d9c6092-0b29-4f90-9cb2-30a3a1dcea19\" onerror=\"this.style.display='none'\"  \/>\n<h3>\n\t\tNachrichten\n\t<\/h3>\n\t\t<p>Entschuldigung, wir konnten keine Beitr\u00e4ge finden. Bitte versuchen Sie es mit einer anderen Suche.<\/p>\n\t\t\t\t<form aria-label=\"Search\" method=\"get\" role=\"search\" action=\"https:\/\/amal.si\/de\/\" title=\"Suchbegriff hier eingeben ...\">\n\t<input aria-label=\"Search\" type=\"search\" name=\"s\" value=\"Suche\" onfocus=\"if (this.value === 'Suche') { this.value = ''; }\" onblur=\"if (this.value === '') this.value='Suche';\" \/>\n<\/form>\n\t\t\t<a href=\"https:\/\/amal.si\/de\/nachrichten\/\" target=\"_self\" role=\"button\" rel=\"noopener noreferrer\">\n\t\t\t\t\t\t\tAlle Nachrichten\n\t\t\t\t\t<\/a>\n<h3>\n\t\tKONTAKT \/ ANFRAGE\n\t<\/h3>\n<h4>ADRESSE<\/h4>\t\t\n\t\t\tKoprska ulica 64,<br \/>\n1000 Ljubljana, Slowenien\n<h4>TELEFON<\/h4>\t\t\n\t\t\t<p><a href=\"tel:012007740\">01 200 77 40<\/a><\/p>\n<h4>EMAIL<\/h4>\t\t\n\t\t\t<p><a href=\"mailto:info@amal.si\">info@amal.si<\/a><\/p>\n\t<iframe src=\"https:\/\/www.google.com\/maps\/embed\/v1\/place?q=Koprska+ulica+64%2C+1000+Ljubljana%2C+Slowenien&#038;key=AIzaSyD09zQ9PNDNNy9TadMuzRV_UsPUoWKntt8\" aria-hidden=\"true\"><\/iframe>\n","protected":false},"excerpt":{"rendered":"<p>Farben und Beschichtungen nach Ihrem Geschmak! Povpra\u0161evanje AMAL d.o.o. Das Unternehmen AMAL d.o.o. haben wir im Jahr 1991 gegr\u00fcndet, mit der Absicht, Ihnen ein gesamtes Spektrum zum Schutz aller Oberfl\u00e4chen in der Bauindustrie anzubieten. Dies beinhaltet den Schutz und die Wiederherstellung von B\u00f6den, W\u00e4nden, Fassaden und f\u00fcr alle Oberfl\u00e4chen aus Beton, Zement, Stein, Holz und&hellip;<\/p>\n","protected":false},"author":1,"featured_media":3900,"parent":0,"menu_order":1,"comment_status":"closed","ping_status":"closed","template":"","meta":{"footnotes":""},"class_list":["post-850","page","type-page","status-publish","has-post-thumbnail","hentry"],"yoast_head":"<!-- This site is optimized with the Yoast SEO plugin v27.3 - https:\/\/yoast.com\/product\/yoast-seo-wordpress\/ -->\n<title>Heim - AMAL d.o.o.<\/title>\n<meta name=\"robots\" content=\"index, follow, max-snippet:-1, max-image-preview:large, max-video-preview:-1\" \/>\n<link rel=\"canonical\" href=\"https:\/\/amal.si\/de\/heim\/\" \/>\n<meta property=\"og:locale\" content=\"de_DE\" \/>\n<meta property=\"og:type\" content=\"article\" \/>\n<meta property=\"og:title\" content=\"Heim - AMAL d.o.o.\" \/>\n<meta property=\"og:description\" content=\"Farben und Beschichtungen nach Ihrem Geschmak! Povpra\u0161evanje AMAL d.o.o. Das Unternehmen AMAL d.o.o. haben wir im Jahr 1991 gegr\u00fcndet, mit der Absicht, Ihnen ein gesamtes Spektrum zum Schutz aller Oberfl\u00e4chen in der Bauindustrie anzubieten. Dies beinhaltet den Schutz und die Wiederherstellung von B\u00f6den, W\u00e4nden, Fassaden und f\u00fcr alle Oberfl\u00e4chen aus Beton, Zement, Stein, Holz und&hellip;\" \/>\n<meta property=\"og:url\" content=\"https:\/\/amal.si\/de\/heim\/\" \/>\n<meta property=\"og:site_name\" content=\"AMAL d.o.o.\" \/>\n<meta property=\"article:modified_time\" content=\"2020-03-26T10:42:14+00:00\" \/>\n<meta property=\"og:image\" content=\"https:\/\/amal.si\/wp-content\/uploads\/2019\/08\/homeimprovement-019.jpg\" \/>\n<meta name=\"twitter:card\" content=\"summary_large_image\" \/>\n<meta name=\"twitter:label1\" content=\"Gesch\u00e4tzte Lesezeit\" \/>\n\t<meta name=\"twitter:data1\" content=\"1 Minute\" \/>\n<script type=\"application\/ld+json\" class=\"yoast-schema-graph\">{\"@context\":\"https:\\\/\\\/schema.org\",\"@graph\":[{\"@type\":\"WebPage\",\"@id\":\"https:\\\/\\\/amal.si\\\/de\\\/heim\\\/\",\"url\":\"https:\\\/\\\/amal.si\\\/de\\\/heim\\\/\",\"name\":\"Heim - AMAL d.o.o.\",\"isPartOf\":{\"@id\":\"https:\\\/\\\/amal.si\\\/de\\\/#website\"},\"primaryImageOfPage\":{\"@id\":\"https:\\\/\\\/amal.si\\\/de\\\/heim\\\/#primaryimage\"},\"image\":{\"@id\":\"https:\\\/\\\/amal.si\\\/de\\\/heim\\\/#primaryimage\"},\"thumbnailUrl\":\"https:\\\/\\\/i0.wp.com\\\/amal.si\\\/wp-content\\\/uploads\\\/2024\\\/05\\\/AMAL-logo-kvadrat.jpg?fit=1500%2C1500&ssl=1\",\"datePublished\":\"2019-12-13T09:28:42+00:00\",\"dateModified\":\"2020-03-26T10:42:14+00:00\",\"breadcrumb\":{\"@id\":\"https:\\\/\\\/amal.si\\\/de\\\/heim\\\/#breadcrumb\"},\"inLanguage\":\"de-DE\",\"potentialAction\":[{\"@type\":\"ReadAction\",\"target\":[\"https:\\\/\\\/amal.si\\\/de\\\/heim\\\/\"]}]},{\"@type\":\"ImageObject\",\"inLanguage\":\"de-DE\",\"@id\":\"https:\\\/\\\/amal.si\\\/de\\\/heim\\\/#primaryimage\",\"url\":\"https:\\\/\\\/i0.wp.com\\\/amal.si\\\/wp-content\\\/uploads\\\/2024\\\/05\\\/AMAL-logo-kvadrat.jpg?fit=1500%2C1500&ssl=1\",\"contentUrl\":\"https:\\\/\\\/i0.wp.com\\\/amal.si\\\/wp-content\\\/uploads\\\/2024\\\/05\\\/AMAL-logo-kvadrat.jpg?fit=1500%2C1500&ssl=1\",\"width\":1500,\"height\":1500},{\"@type\":\"BreadcrumbList\",\"@id\":\"https:\\\/\\\/amal.si\\\/de\\\/heim\\\/#breadcrumb\",\"itemListElement\":[{\"@type\":\"ListItem\",\"position\":1,\"name\":\"Home\",\"item\":\"https:\\\/\\\/amal.si\\\/de\\\/\"},{\"@type\":\"ListItem\",\"position\":2,\"name\":\"Heim\"}]},{\"@type\":\"WebSite\",\"@id\":\"https:\\\/\\\/amal.si\\\/de\\\/#website\",\"url\":\"https:\\\/\\\/amal.si\\\/de\\\/\",\"name\":\"AMAL d.o.o.\",\"description\":\"Proizvodnja, trgovina, storitve, in\u017eeniring\",\"potentialAction\":[{\"@type\":\"SearchAction\",\"target\":{\"@type\":\"EntryPoint\",\"urlTemplate\":\"https:\\\/\\\/amal.si\\\/de\\\/?s={search_term_string}\"},\"query-input\":{\"@type\":\"PropertyValueSpecification\",\"valueRequired\":true,\"valueName\":\"search_term_string\"}}],\"inLanguage\":\"de-DE\"}]}<\/script>\n<!-- \/ Yoast SEO plugin. -->","yoast_head_json":{"title":"Heim - AMAL d.o.o.","robots":{"index":"index","follow":"follow","max-snippet":"max-snippet:-1","max-image-preview":"max-image-preview:large","max-video-preview":"max-video-preview:-1"},"canonical":"https:\/\/amal.si\/de\/heim\/","og_locale":"de_DE","og_type":"article","og_title":"Heim - AMAL d.o.o.","og_description":"Farben und Beschichtungen nach Ihrem Geschmak! Povpra\u0161evanje AMAL d.o.o. Das Unternehmen AMAL d.o.o. haben wir im Jahr 1991 gegr\u00fcndet, mit der Absicht, Ihnen ein gesamtes Spektrum zum Schutz aller Oberfl\u00e4chen in der Bauindustrie anzubieten. Dies beinhaltet den Schutz und die Wiederherstellung von B\u00f6den, W\u00e4nden, Fassaden und f\u00fcr alle Oberfl\u00e4chen aus Beton, Zement, Stein, Holz und&hellip;","og_url":"https:\/\/amal.si\/de\/heim\/","og_site_name":"AMAL d.o.o.","article_modified_time":"2020-03-26T10:42:14+00:00","og_image":[{"url":"https:\/\/amal.si\/wp-content\/uploads\/2019\/08\/homeimprovement-019.jpg","type":"","width":"","height":""}],"twitter_card":"summary_large_image","twitter_misc":{"Gesch\u00e4tzte Lesezeit":"1 Minute"},"schema":{"@context":"https:\/\/schema.org","@graph":[{"@type":"WebPage","@id":"https:\/\/amal.si\/de\/heim\/","url":"https:\/\/amal.si\/de\/heim\/","name":"Heim - AMAL d.o.o.","isPartOf":{"@id":"https:\/\/amal.si\/de\/#website"},"primaryImageOfPage":{"@id":"https:\/\/amal.si\/de\/heim\/#primaryimage"},"image":{"@id":"https:\/\/amal.si\/de\/heim\/#primaryimage"},"thumbnailUrl":"https:\/\/i0.wp.com\/amal.si\/wp-content\/uploads\/2024\/05\/AMAL-logo-kvadrat.jpg?fit=1500%2C1500&ssl=1","datePublished":"2019-12-13T09:28:42+00:00","dateModified":"2020-03-26T10:42:14+00:00","breadcrumb":{"@id":"https:\/\/amal.si\/de\/heim\/#breadcrumb"},"inLanguage":"de-DE","potentialAction":[{"@type":"ReadAction","target":["https:\/\/amal.si\/de\/heim\/"]}]},{"@type":"ImageObject","inLanguage":"de-DE","@id":"https:\/\/amal.si\/de\/heim\/#primaryimage","url":"https:\/\/i0.wp.com\/amal.si\/wp-content\/uploads\/2024\/05\/AMAL-logo-kvadrat.jpg?fit=1500%2C1500&ssl=1","contentUrl":"https:\/\/i0.wp.com\/amal.si\/wp-content\/uploads\/2024\/05\/AMAL-logo-kvadrat.jpg?fit=1500%2C1500&ssl=1","width":1500,"height":1500},{"@type":"BreadcrumbList","@id":"https:\/\/amal.si\/de\/heim\/#breadcrumb","itemListElement":[{"@type":"ListItem","position":1,"name":"Home","item":"https:\/\/amal.si\/de\/"},{"@type":"ListItem","position":2,"name":"Heim"}]},{"@type":"WebSite","@id":"https:\/\/amal.si\/de\/#website","url":"https:\/\/amal.si\/de\/","name":"AMAL d.o.o.","description":"Proizvodnja, trgovina, storitve, in\u017eeniring","potentialAction":[{"@type":"SearchAction","target":{"@type":"EntryPoint","urlTemplate":"https:\/\/amal.si\/de\/?s={search_term_string}"},"query-input":{"@type":"PropertyValueSpecification","valueRequired":true,"valueName":"search_term_string"}}],"inLanguage":"de-DE"}]}},"jetpack_sharing_enabled":true,"_links":{"self":[{"href":"https:\/\/amal.si\/de\/wp-json\/wp\/v2\/pages\/850","targetHints":{"allow":["GET"]}}],"collection":[{"href":"https:\/\/amal.si\/de\/wp-json\/wp\/v2\/pages"}],"about":[{"href":"https:\/\/amal.si\/de\/wp-json\/wp\/v2\/types\/page"}],"author":[{"embeddable":true,"href":"https:\/\/amal.si\/de\/wp-json\/wp\/v2\/users\/1"}],"replies":[{"embeddable":true,"href":"https:\/\/amal.si\/de\/wp-json\/wp\/v2\/comments?post=850"}],"version-history":[{"count":3,"href":"https:\/\/amal.si\/de\/wp-json\/wp\/v2\/pages\/850\/revisions"}],"predecessor-version":[{"id":1276,"href":"https:\/\/amal.si\/de\/wp-json\/wp\/v2\/pages\/850\/revisions\/1276"}],"wp:featuredmedia":[{"embeddable":true,"href":"https:\/\/amal.si\/de\/wp-json\/wp\/v2\/media\/3900"}],"wp:attachment":[{"href":"https:\/\/amal.si\/de\/wp-json\/wp\/v2\/media?parent=850"}],"curies":[{"name":"wp","href":"https:\/\/api.w.org\/{rel}","templated":true}]}}