{"id":742,"date":"2019-12-13T08:26:38","date_gmt":"2019-12-13T07:26:38","guid":{"rendered":"https:\/\/amal.si\/home\/"},"modified":"2020-03-26T11:51:29","modified_gmt":"2020-03-26T10:51:29","slug":"home","status":"publish","type":"page","link":"https:\/\/amal.si\/en\/home\/","title":{"rendered":"Home"},"content":{"rendered":"<h2>\n\t\tCustom paints and finishes!\n\t<\/h2>\n\t\t\t<a href=\"#povprasevanje\" target=\"_self\" role=\"button\" rel=\"noopener noreferrer\">\n\t\t\t\t\t\t\tPovpra\u0161evanje\n\t\t\t\t\t<\/a>\n<h3>\n\t\tAMAL d.o.o.\n\t<\/h3>\n\t<h3>AMAL d.o.o. was established in 1991 with the purpose of providing a complete range of products for protection of surfaces in construction. This involves protection and renovation of floors, walls, fa\u00e7ades, for all concrete, cement, stone, wood and metal surfaces.<\/h3>\n<p>We have had excellent results in the private construction and renovations sector, as well as in the industrial development sector. Besides the Slovenian market we also have a good presence in foreign markets.<\/p>\n<p>Since 2000 we have had our own production and private brand of two part epoxy resin floor coatings, HERPELIN. In 2009 we developed HERPELIN AB with antibacterial features.<\/p>\n\t\t\t\t<img data-recalc-dims=\"1\" loading=\"lazy\" decoding=\"async\" src=\"https:\/\/i0.wp.com\/amal.si\/wp-content\/uploads\/2019\/08\/homeimprovement-019.jpg?resize=1633%2C1225&#038;ssl=1\" alt=\"homeimprovement-019\" itemprop=\"image\" height=\"1225\" width=\"1633\" title=\"homeimprovement-019\" onerror=\"this.style.display='none'\"  \/>\n\t\t\t\t<a\n\t\t\thref=\"https:\/\/i0.wp.com\/amal.si\/wp-content\/uploads\/2019\/11\/ae92df12-c9a0-43f2-b3a2-dc5878f3ece5.jpg?ssl=1\"\n\t\t\t\t\t\trel=\"nofollow\" data-fancybox=\"images\" \n\t\t\ttitle=\"ae92df12-c9a0-43f2-b3a2-dc5878f3ece5\" \n\t\t\t\t\t\tdata-caption=\"\"\n\t\t\t\t\t\tdata-description=\"\" \n\t\t\titemprop=\"contentUrl\"\n\t\t>\n\t\t<img data-recalc-dims=\"1\" decoding=\"async\" src=\"https:\/\/i0.wp.com\/amal.si\/wp-content\/uploads\/2019\/11\/ae92df12-c9a0-43f2-b3a2-dc5878f3ece5.jpg?ssl=1\" alt=\"\" data-no-lazy=\"1\" itemprop=\"thumbnail\" \/>\n\t\t\t<!-- Overlay Wrapper -->\n\t\t\t <!-- Overlay Wrapper Closed -->\n\t\t\t\t<\/a>\n\t\t\t\t\t\t\t<meta itemprop=\"width\" content=\"600\" \/>\n\t\t\t<meta itemprop=\"height\" content=\"398\" \/>\n\t\t\t\t<a\n\t\t\thref=\"https:\/\/i0.wp.com\/amal.si\/wp-content\/uploads\/2019\/11\/6e6467c3-5863-4192-8945-272d86937da6.jpg?ssl=1\"\n\t\t\t\t\t\trel=\"nofollow\" data-fancybox=\"images\" \n\t\t\ttitle=\"6e6467c3-5863-4192-8945-272d86937da6\" \n\t\t\t\t\t\tdata-caption=\"\"\n\t\t\t\t\t\tdata-description=\"\" \n\t\t\titemprop=\"contentUrl\"\n\t\t>\n\t\t<img data-recalc-dims=\"1\" decoding=\"async\" src=\"https:\/\/i0.wp.com\/amal.si\/wp-content\/uploads\/2019\/11\/6e6467c3-5863-4192-8945-272d86937da6.jpg?ssl=1\" alt=\"\" data-no-lazy=\"1\" itemprop=\"thumbnail\" \/>\n\t\t\t<!-- Overlay Wrapper -->\n\t\t\t <!-- Overlay Wrapper Closed -->\n\t\t\t\t<\/a>\n\t\t\t\t\t\t\t<meta itemprop=\"width\" content=\"600\" \/>\n\t\t\t<meta itemprop=\"height\" content=\"390\" \/>\n\t\t\t\t<a\n\t\t\thref=\"https:\/\/i0.wp.com\/amal.si\/wp-content\/uploads\/2019\/11\/49b2faeb-9696-4ab5-a664-bf60d1c62914.jpg?ssl=1\"\n\t\t\t\t\t\trel=\"nofollow\" data-fancybox=\"images\" \n\t\t\ttitle=\"49b2faeb-9696-4ab5-a664-bf60d1c62914\" \n\t\t\t\t\t\tdata-caption=\"\"\n\t\t\t\t\t\tdata-description=\"\" \n\t\t\titemprop=\"contentUrl\"\n\t\t>\n\t\t<img data-recalc-dims=\"1\" decoding=\"async\" src=\"https:\/\/i0.wp.com\/amal.si\/wp-content\/uploads\/2019\/11\/49b2faeb-9696-4ab5-a664-bf60d1c62914.jpg?ssl=1\" alt=\"\" data-no-lazy=\"1\" itemprop=\"thumbnail\" \/>\n\t\t\t<!-- Overlay Wrapper -->\n\t\t\t <!-- Overlay Wrapper Closed -->\n\t\t\t\t<\/a>\n\t\t\t\t\t\t\t<meta itemprop=\"width\" content=\"600\" \/>\n\t\t\t<meta itemprop=\"height\" content=\"399\" \/>\n\t<h3>\n\t\tPRODUCT RANGE, SERVICES AND REFERENCES\n\t<\/h3>\n\t\t<h4><a href=\"https:\/\/amal.si\/en\/product-range\/\" target=\"_self\" rel=\"noopener noreferrer\">Product range<\/a><\/h4>\t\t\n\t\t\t<a href=\"https:\/\/amal.si\/en\/product-range\/\" target=\"_self\" role=\"button\" rel=\"noopener noreferrer\">\n\t\t\t\t\t\t\tRead more\n\t\t\t\t\t<\/a>\n\t\t<h4><a href=\"https:\/\/amal.si\/en\/services\/\" target=\"_self\" rel=\"noopener noreferrer\">Services<\/a><\/h4>\t\t\n\t\t\t<a href=\"https:\/\/amal.si\/en\/services\/\" target=\"_self\" role=\"button\" rel=\"noopener noreferrer\">\n\t\t\t\t\t\t\tRead more\n\t\t\t\t\t<\/a>\n\t\t<h4><a href=\"https:\/\/amal.si\/en\/catalog\/\" target=\"_self\" rel=\"noopener noreferrer\">Catalog<\/a><\/h4>\t\t\n\t\t\t<a href=\"https:\/\/amal.si\/en\/catalog\/\" target=\"_self\" role=\"button\" rel=\"noopener noreferrer\">\n\t\t\t\t\t\t\tRead more\n\t\t\t\t\t<\/a>\n\t\t<h4><a href=\"https:\/\/amal.si\/en\/paints-and-finishes\/\" target=\"_self\" rel=\"noopener noreferrer\">Paints and finishes<\/a><\/h4>\t\t\n\t\t\t<a href=\"https:\/\/amal.si\/en\/paints-and-finishes\/\" target=\"_self\" role=\"button\" rel=\"noopener noreferrer\">\n\t\t\t\t\t\t\tRead more\n\t\t\t\t\t<\/a>\n\t\t<h4><a href=\"https:\/\/amal.si\/en\/epoxy-steam-barriers\/\" target=\"_self\" rel=\"noopener noreferrer\">Epoxy steam barriers<\/a><\/h4>\t\t\n\t\t\t<a href=\"https:\/\/amal.si\/en\/epoxy-steam-barriers\/\" target=\"_self\" role=\"button\" rel=\"noopener noreferrer\">\n\t\t\t\t\t\t\tRead more\n\t\t\t\t\t<\/a>\n\t\t<h4><a href=\"https:\/\/amal.si\/en\/references\/\" target=\"_self\" rel=\"noopener noreferrer\">References<\/a><\/h4>\t\t\n\t\t\t<a href=\"https:\/\/amal.si\/en\/references\/\" target=\"_self\" role=\"button\" rel=\"noopener noreferrer\">\n\t\t\t\t\t\t\tRead more\n\t\t\t\t\t<\/a>\n\t\t<h3>Povpra\u0161evanje<\/h3>\n\t\t<p>Po\u0161ljite nam sporo\u010dilo in z veseljem Vam bomo odgovorili v najkraj\u0161em mo\u017enem \u010dasu!<\/p>\n\t\t\t<a href=\"https:\/\/amal.si\/kontakt\/\" target=\"_self\" role=\"button\" rel=\"noopener noreferrer\">\n\t\t\t\t\t\t\tKONTAKT\n\t\t\t\t\t<\/a>\n<h3>\n\t\tAMAL AB antibacterial paints and Herpelin AB\n\t<\/h3>\n\t<p>AMAL AB antibacterial paints and Herpelin AB varnishes for use in hospitals, daycare centers, schools, senior care centers, laboratories and pharmaceutical facilities have been issued an international certificate!<\/p>\n\t\t\t\t<img data-recalc-dims=\"1\" loading=\"lazy\" decoding=\"async\" src=\"https:\/\/i0.wp.com\/amal.si\/wp-content\/uploads\/2019\/11\/7d9c6092-0b29-4f90-9cb2-30a3a1dcea19.jpg?resize=296%2C184&#038;ssl=1\" alt=\"7d9c6092-0b29-4f90-9cb2-30a3a1dcea19\" itemprop=\"image\" height=\"184\" width=\"296\" title=\"7d9c6092-0b29-4f90-9cb2-30a3a1dcea19\" onerror=\"this.style.display='none'\"  \/>\n<h3>\n\t\tNEWS\n\t<\/h3>\n\t\t<p>Sorry, we couldn&#8217;t find any posts. Please try a different search.<\/p>\n\t\t\t\t<form aria-label=\"Search\" method=\"get\" role=\"search\" action=\"https:\/\/amal.si\/en\/\" title=\"Type and press Enter to search.\">\n\t<input aria-label=\"Search\" type=\"search\" name=\"s\" value=\"Search\" onfocus=\"if (this.value === 'Search') { this.value = ''; }\" onblur=\"if (this.value === '') this.value='Search';\" \/>\n<\/form>\n\t\t\t<a href=\"https:\/\/amal.si\/en\/news\/\" target=\"_self\" role=\"button\" rel=\"noopener noreferrer\">\n\t\t\t\t\t\t\tAll news\n\t\t\t\t\t<\/a>\n<h3>\n\t\tCONTACT \/ INQUIRY\n\t<\/h3>\n<h4>ADDRESS<\/h4>\t\t\n\t\t\tKoprska ulica 64,<br \/>\n1000 Ljubljana, Slovenia\n<h4>TELEPHONE<\/h4>\t\t\n\t\t\t<p><a href=\"tel:012007740\">01 200 77 40<\/a><\/p>\n<h4>E-MAIL<\/h4>\t\t\n\t\t\t<p><a href=\"mailto:info@amal.si\">info@amal.si<\/a><\/p>\n\t<iframe src=\"https:\/\/www.google.com\/maps\/embed\/v1\/place?q=Koprska+ulica+64%2C+1000+Ljubljana%2C+Slovenia&#038;key=AIzaSyD09zQ9PNDNNy9TadMuzRV_UsPUoWKntt8\" aria-hidden=\"true\"><\/iframe>\n","protected":false},"excerpt":{"rendered":"<p>Custom paints and finishes! Povpra\u0161evanje AMAL d.o.o. AMAL d.o.o. was established in 1991 with the purpose of providing a complete range of products for protection of surfaces in construction. This involves protection and renovation of floors, walls, fa\u00e7ades, for all concrete, cement, stone, wood and metal surfaces. We have had excellent results in the private&hellip;<\/p>\n","protected":false},"author":1,"featured_media":3899,"parent":0,"menu_order":1,"comment_status":"closed","ping_status":"closed","template":"","meta":{"footnotes":""},"class_list":["post-742","page","type-page","status-publish","has-post-thumbnail","hentry"],"yoast_head":"<!-- This site is optimized with the Yoast SEO plugin v27.3 - https:\/\/yoast.com\/product\/yoast-seo-wordpress\/ -->\n<title>Home - AMAL d.o.o.<\/title>\n<meta name=\"robots\" content=\"index, follow, max-snippet:-1, max-image-preview:large, max-video-preview:-1\" \/>\n<link rel=\"canonical\" href=\"https:\/\/amal.si\/en\/home\/\" \/>\n<meta property=\"og:locale\" content=\"en_US\" \/>\n<meta property=\"og:type\" content=\"article\" \/>\n<meta property=\"og:title\" content=\"Home - AMAL d.o.o.\" \/>\n<meta property=\"og:description\" content=\"Custom paints and finishes! Povpra\u0161evanje AMAL d.o.o. AMAL d.o.o. was established in 1991 with the purpose of providing a complete range of products for protection of surfaces in construction. This involves protection and renovation of floors, walls, fa\u00e7ades, for all concrete, cement, stone, wood and metal surfaces. We have had excellent results in the private&hellip;\" \/>\n<meta property=\"og:url\" content=\"https:\/\/amal.si\/en\/home\/\" \/>\n<meta property=\"og:site_name\" content=\"AMAL d.o.o.\" \/>\n<meta property=\"article:modified_time\" content=\"2020-03-26T10:51:29+00:00\" \/>\n<meta property=\"og:image\" content=\"https:\/\/amal.si\/wp-content\/uploads\/2019\/08\/homeimprovement-019.jpg\" \/>\n<meta name=\"twitter:card\" content=\"summary_large_image\" \/>\n<meta name=\"twitter:label1\" content=\"Est. reading time\" \/>\n\t<meta name=\"twitter:data1\" content=\"1 minute\" \/>\n<script type=\"application\/ld+json\" class=\"yoast-schema-graph\">{\"@context\":\"https:\\\/\\\/schema.org\",\"@graph\":[{\"@type\":\"WebPage\",\"@id\":\"https:\\\/\\\/amal.si\\\/en\\\/home\\\/\",\"url\":\"https:\\\/\\\/amal.si\\\/en\\\/home\\\/\",\"name\":\"Home - AMAL d.o.o.\",\"isPartOf\":{\"@id\":\"https:\\\/\\\/amal.si\\\/en\\\/#website\"},\"primaryImageOfPage\":{\"@id\":\"https:\\\/\\\/amal.si\\\/en\\\/home\\\/#primaryimage\"},\"image\":{\"@id\":\"https:\\\/\\\/amal.si\\\/en\\\/home\\\/#primaryimage\"},\"thumbnailUrl\":\"https:\\\/\\\/i0.wp.com\\\/amal.si\\\/wp-content\\\/uploads\\\/2024\\\/05\\\/AMAL-logo-kvadrat.jpg?fit=1500%2C1500&ssl=1\",\"datePublished\":\"2019-12-13T07:26:38+00:00\",\"dateModified\":\"2020-03-26T10:51:29+00:00\",\"breadcrumb\":{\"@id\":\"https:\\\/\\\/amal.si\\\/en\\\/home\\\/#breadcrumb\"},\"inLanguage\":\"en-US\",\"potentialAction\":[{\"@type\":\"ReadAction\",\"target\":[\"https:\\\/\\\/amal.si\\\/en\\\/home\\\/\"]}]},{\"@type\":\"ImageObject\",\"inLanguage\":\"en-US\",\"@id\":\"https:\\\/\\\/amal.si\\\/en\\\/home\\\/#primaryimage\",\"url\":\"https:\\\/\\\/i0.wp.com\\\/amal.si\\\/wp-content\\\/uploads\\\/2024\\\/05\\\/AMAL-logo-kvadrat.jpg?fit=1500%2C1500&ssl=1\",\"contentUrl\":\"https:\\\/\\\/i0.wp.com\\\/amal.si\\\/wp-content\\\/uploads\\\/2024\\\/05\\\/AMAL-logo-kvadrat.jpg?fit=1500%2C1500&ssl=1\",\"width\":1500,\"height\":1500},{\"@type\":\"BreadcrumbList\",\"@id\":\"https:\\\/\\\/amal.si\\\/en\\\/home\\\/#breadcrumb\",\"itemListElement\":[{\"@type\":\"ListItem\",\"position\":1,\"name\":\"Home\",\"item\":\"https:\\\/\\\/amal.si\\\/en\\\/\"},{\"@type\":\"ListItem\",\"position\":2,\"name\":\"Home\"}]},{\"@type\":\"WebSite\",\"@id\":\"https:\\\/\\\/amal.si\\\/en\\\/#website\",\"url\":\"https:\\\/\\\/amal.si\\\/en\\\/\",\"name\":\"AMAL d.o.o.\",\"description\":\"Proizvodnja, trgovina, storitve, in\u017eeniring\",\"potentialAction\":[{\"@type\":\"SearchAction\",\"target\":{\"@type\":\"EntryPoint\",\"urlTemplate\":\"https:\\\/\\\/amal.si\\\/en\\\/?s={search_term_string}\"},\"query-input\":{\"@type\":\"PropertyValueSpecification\",\"valueRequired\":true,\"valueName\":\"search_term_string\"}}],\"inLanguage\":\"en-US\"}]}<\/script>\n<!-- \/ Yoast SEO plugin. -->","yoast_head_json":{"title":"Home - AMAL d.o.o.","robots":{"index":"index","follow":"follow","max-snippet":"max-snippet:-1","max-image-preview":"max-image-preview:large","max-video-preview":"max-video-preview:-1"},"canonical":"https:\/\/amal.si\/en\/home\/","og_locale":"en_US","og_type":"article","og_title":"Home - AMAL d.o.o.","og_description":"Custom paints and finishes! Povpra\u0161evanje AMAL d.o.o. AMAL d.o.o. was established in 1991 with the purpose of providing a complete range of products for protection of surfaces in construction. This involves protection and renovation of floors, walls, fa\u00e7ades, for all concrete, cement, stone, wood and metal surfaces. We have had excellent results in the private&hellip;","og_url":"https:\/\/amal.si\/en\/home\/","og_site_name":"AMAL d.o.o.","article_modified_time":"2020-03-26T10:51:29+00:00","og_image":[{"url":"https:\/\/amal.si\/wp-content\/uploads\/2019\/08\/homeimprovement-019.jpg","type":"","width":"","height":""}],"twitter_card":"summary_large_image","twitter_misc":{"Est. reading time":"1 minute"},"schema":{"@context":"https:\/\/schema.org","@graph":[{"@type":"WebPage","@id":"https:\/\/amal.si\/en\/home\/","url":"https:\/\/amal.si\/en\/home\/","name":"Home - AMAL d.o.o.","isPartOf":{"@id":"https:\/\/amal.si\/en\/#website"},"primaryImageOfPage":{"@id":"https:\/\/amal.si\/en\/home\/#primaryimage"},"image":{"@id":"https:\/\/amal.si\/en\/home\/#primaryimage"},"thumbnailUrl":"https:\/\/i0.wp.com\/amal.si\/wp-content\/uploads\/2024\/05\/AMAL-logo-kvadrat.jpg?fit=1500%2C1500&ssl=1","datePublished":"2019-12-13T07:26:38+00:00","dateModified":"2020-03-26T10:51:29+00:00","breadcrumb":{"@id":"https:\/\/amal.si\/en\/home\/#breadcrumb"},"inLanguage":"en-US","potentialAction":[{"@type":"ReadAction","target":["https:\/\/amal.si\/en\/home\/"]}]},{"@type":"ImageObject","inLanguage":"en-US","@id":"https:\/\/amal.si\/en\/home\/#primaryimage","url":"https:\/\/i0.wp.com\/amal.si\/wp-content\/uploads\/2024\/05\/AMAL-logo-kvadrat.jpg?fit=1500%2C1500&ssl=1","contentUrl":"https:\/\/i0.wp.com\/amal.si\/wp-content\/uploads\/2024\/05\/AMAL-logo-kvadrat.jpg?fit=1500%2C1500&ssl=1","width":1500,"height":1500},{"@type":"BreadcrumbList","@id":"https:\/\/amal.si\/en\/home\/#breadcrumb","itemListElement":[{"@type":"ListItem","position":1,"name":"Home","item":"https:\/\/amal.si\/en\/"},{"@type":"ListItem","position":2,"name":"Home"}]},{"@type":"WebSite","@id":"https:\/\/amal.si\/en\/#website","url":"https:\/\/amal.si\/en\/","name":"AMAL d.o.o.","description":"Proizvodnja, trgovina, storitve, in\u017eeniring","potentialAction":[{"@type":"SearchAction","target":{"@type":"EntryPoint","urlTemplate":"https:\/\/amal.si\/en\/?s={search_term_string}"},"query-input":{"@type":"PropertyValueSpecification","valueRequired":true,"valueName":"search_term_string"}}],"inLanguage":"en-US"}]}},"jetpack_sharing_enabled":true,"_links":{"self":[{"href":"https:\/\/amal.si\/en\/wp-json\/wp\/v2\/pages\/742","targetHints":{"allow":["GET"]}}],"collection":[{"href":"https:\/\/amal.si\/en\/wp-json\/wp\/v2\/pages"}],"about":[{"href":"https:\/\/amal.si\/en\/wp-json\/wp\/v2\/types\/page"}],"author":[{"embeddable":true,"href":"https:\/\/amal.si\/en\/wp-json\/wp\/v2\/users\/1"}],"replies":[{"embeddable":true,"href":"https:\/\/amal.si\/en\/wp-json\/wp\/v2\/comments?post=742"}],"version-history":[{"count":4,"href":"https:\/\/amal.si\/en\/wp-json\/wp\/v2\/pages\/742\/revisions"}],"predecessor-version":[{"id":1279,"href":"https:\/\/amal.si\/en\/wp-json\/wp\/v2\/pages\/742\/revisions\/1279"}],"wp:featuredmedia":[{"embeddable":true,"href":"https:\/\/amal.si\/en\/wp-json\/wp\/v2\/media\/3899"}],"wp:attachment":[{"href":"https:\/\/amal.si\/en\/wp-json\/wp\/v2\/media?parent=742"}],"curies":[{"name":"wp","href":"https:\/\/api.w.org\/{rel}","templated":true}]}}