{"id":750,"date":"2019-12-13T08:51:41","date_gmt":"2019-12-13T07:51:41","guid":{"rendered":"https:\/\/amal.si\/ecology-recycling-and-recovery-of-waste\/"},"modified":"2020-03-25T10:17:49","modified_gmt":"2020-03-25T09:17:49","slug":"ecology-recycling-and-recovery-of-waste","status":"publish","type":"page","link":"https:\/\/amal.si\/en\/ecology-recycling-and-recovery-of-waste\/","title":{"rendered":"Ecology, recycling and recovery of waste"},"content":{"rendered":"<h2>\n\t\tEcology, recycling and recovery of waste\n\t<\/h2>\n\t<table border=\"0\" cellspacing=\"1\" cellpadding=\"1\">\n<tbody>\n<tr>\n<td>2006<\/td>\n<td>DINOS, Ljubljana \u010crnu\u010de<\/td>\n<\/tr>\n<tr>\n<td>2006<\/td>\n<td>EKOLOGIJA, \u0160kofja loka<\/td>\n<\/tr>\n<tr>\n<td>2006<\/td>\n<td>\u010cISTILNA NAPRAVA, Bled<\/td>\n<\/tr>\n<tr>\n<td>2009\/2010<\/td>\n<td>\u010cISTILNA NAPRAVA LJ-BARJE<\/td>\n<\/tr>\n<tr>\n<td>2010<\/td>\n<td>SOTOM Ljubljana<\/td>\n<\/tr>\n<tr>\n<td>2010<\/td>\n<td>KOMUNALA, Nova Gorica<\/td>\n<\/tr>\n<tr>\n<td>2010<\/td>\n<td>NT LOGISTIKA Komenda<\/td>\n<\/tr>\n<tr>\n<td>2011<\/td>\n<td>\u010cISTILNA NAPRAVA, \u010crnomelj<\/td>\n<\/tr>\n<tr>\n<td>2012<\/td>\n<td>SNAGA, Ljubljana<\/td>\n<\/tr>\n<tr>\n<td>2014<\/td>\n<td>\u010cN \u017dELEZNIKI<\/td>\n<\/tr>\n<tr>\n<td>2015<\/td>\n<td>\u010cN LOGATEC<\/td>\n<\/tr>\n<tr>\n<td>2015-2016<\/td>\n<td>CERO LJUBLJANA BARJE<\/td>\n<\/tr>\n<tr>\n<td>2015<\/td>\n<td>\u010cN NOVO MESTO<\/td>\n<\/tr>\n<tr>\n<td>2015<\/td>\n<td>SNAGA MARIBOR<\/td>\n<\/tr>\n<\/tbody>\n<\/table>\n\t\t<h3>Inquiry<\/h3>\n\t\t<p>Send us a message and we will be happy to reply as soon as possible!<\/p>\n\t\t\t<a href=\"https:\/\/amal.si\/en\/contact\" target=\"_self\" role=\"button\" rel=\"noopener noreferrer\">\n\t\t\t\t\t\t\tCONTACT\n\t\t\t\t\t<\/a>\n\t\t<h3>Inquiry<\/h3>\n\t\t<p>Send us a message and we will be happy to reply as soon as possible!<\/p>\n\t\t\t<a href=\"https:\/\/amal.si\/en\/contact\" target=\"_self\" role=\"button\" rel=\"noopener noreferrer\">\n\t\t\t\t\t\t\tCONTACT\n\t\t\t\t\t<\/a>\n","protected":false},"excerpt":{"rendered":"<p>Ecology, recycling and recovery of waste 2006 DINOS, Ljubljana \u010crnu\u010de 2006 EKOLOGIJA, \u0160kofja loka 2006 \u010cISTILNA NAPRAVA, Bled 2009\/2010 \u010cISTILNA NAPRAVA LJ-BARJE 2010 SOTOM Ljubljana 2010 KOMUNALA, Nova Gorica 2010 NT LOGISTIKA Komenda 2011 \u010cISTILNA NAPRAVA, \u010crnomelj 2012 SNAGA, Ljubljana 2014 \u010cN \u017dELEZNIKI 2015 \u010cN LOGATEC 2015-2016 CERO LJUBLJANA BARJE 2015 \u010cN NOVO MESTO 2015&hellip;<\/p>\n","protected":false},"author":1,"featured_media":0,"parent":0,"menu_order":29,"comment_status":"closed","ping_status":"closed","template":"","meta":{"footnotes":""},"class_list":["post-750","page","type-page","status-publish","hentry"],"yoast_head":"<!-- This site is optimized with the Yoast SEO plugin v27.3 - https:\/\/yoast.com\/product\/yoast-seo-wordpress\/ -->\n<title>Ecology, recycling and recovery of waste - AMAL d.o.o.<\/title>\n<meta name=\"robots\" content=\"index, follow, max-snippet:-1, max-image-preview:large, max-video-preview:-1\" \/>\n<link rel=\"canonical\" href=\"https:\/\/amal.si\/en\/ecology-recycling-and-recovery-of-waste\/\" \/>\n<meta property=\"og:locale\" content=\"en_US\" \/>\n<meta property=\"og:type\" content=\"article\" \/>\n<meta property=\"og:title\" content=\"Ecology, recycling and recovery of waste - AMAL d.o.o.\" \/>\n<meta property=\"og:description\" content=\"Ecology, recycling and recovery of waste 2006 DINOS, Ljubljana \u010crnu\u010de 2006 EKOLOGIJA, \u0160kofja loka 2006 \u010cISTILNA NAPRAVA, Bled 2009\/2010 \u010cISTILNA NAPRAVA LJ-BARJE 2010 SOTOM Ljubljana 2010 KOMUNALA, Nova Gorica 2010 NT LOGISTIKA Komenda 2011 \u010cISTILNA NAPRAVA, \u010crnomelj 2012 SNAGA, Ljubljana 2014 \u010cN \u017dELEZNIKI 2015 \u010cN LOGATEC 2015-2016 CERO LJUBLJANA BARJE 2015 \u010cN NOVO MESTO 2015&hellip;\" \/>\n<meta property=\"og:url\" content=\"https:\/\/amal.si\/en\/ecology-recycling-and-recovery-of-waste\/\" \/>\n<meta property=\"og:site_name\" content=\"AMAL d.o.o.\" \/>\n<meta property=\"article:modified_time\" content=\"2020-03-25T09:17:49+00:00\" \/>\n<meta name=\"twitter:card\" content=\"summary_large_image\" \/>\n<script type=\"application\/ld+json\" class=\"yoast-schema-graph\">{\"@context\":\"https:\\\/\\\/schema.org\",\"@graph\":[{\"@type\":\"WebPage\",\"@id\":\"https:\\\/\\\/amal.si\\\/en\\\/ecology-recycling-and-recovery-of-waste\\\/\",\"url\":\"https:\\\/\\\/amal.si\\\/en\\\/ecology-recycling-and-recovery-of-waste\\\/\",\"name\":\"Ecology, recycling and recovery of waste - AMAL d.o.o.\",\"isPartOf\":{\"@id\":\"https:\\\/\\\/amal.si\\\/en\\\/#website\"},\"datePublished\":\"2019-12-13T07:51:41+00:00\",\"dateModified\":\"2020-03-25T09:17:49+00:00\",\"breadcrumb\":{\"@id\":\"https:\\\/\\\/amal.si\\\/en\\\/ecology-recycling-and-recovery-of-waste\\\/#breadcrumb\"},\"inLanguage\":\"en-US\",\"potentialAction\":[{\"@type\":\"ReadAction\",\"target\":[\"https:\\\/\\\/amal.si\\\/en\\\/ecology-recycling-and-recovery-of-waste\\\/\"]}]},{\"@type\":\"BreadcrumbList\",\"@id\":\"https:\\\/\\\/amal.si\\\/en\\\/ecology-recycling-and-recovery-of-waste\\\/#breadcrumb\",\"itemListElement\":[{\"@type\":\"ListItem\",\"position\":1,\"name\":\"Home\",\"item\":\"https:\\\/\\\/amal.si\\\/en\\\/\"},{\"@type\":\"ListItem\",\"position\":2,\"name\":\"Ecology, recycling and recovery of waste\"}]},{\"@type\":\"WebSite\",\"@id\":\"https:\\\/\\\/amal.si\\\/en\\\/#website\",\"url\":\"https:\\\/\\\/amal.si\\\/en\\\/\",\"name\":\"AMAL d.o.o.\",\"description\":\"Proizvodnja, trgovina, storitve, in\u017eeniring\",\"potentialAction\":[{\"@type\":\"SearchAction\",\"target\":{\"@type\":\"EntryPoint\",\"urlTemplate\":\"https:\\\/\\\/amal.si\\\/en\\\/?s={search_term_string}\"},\"query-input\":{\"@type\":\"PropertyValueSpecification\",\"valueRequired\":true,\"valueName\":\"search_term_string\"}}],\"inLanguage\":\"en-US\"}]}<\/script>\n<!-- \/ Yoast SEO plugin. -->","yoast_head_json":{"title":"Ecology, recycling and recovery of waste - AMAL d.o.o.","robots":{"index":"index","follow":"follow","max-snippet":"max-snippet:-1","max-image-preview":"max-image-preview:large","max-video-preview":"max-video-preview:-1"},"canonical":"https:\/\/amal.si\/en\/ecology-recycling-and-recovery-of-waste\/","og_locale":"en_US","og_type":"article","og_title":"Ecology, recycling and recovery of waste - AMAL d.o.o.","og_description":"Ecology, recycling and recovery of waste 2006 DINOS, Ljubljana \u010crnu\u010de 2006 EKOLOGIJA, \u0160kofja loka 2006 \u010cISTILNA NAPRAVA, Bled 2009\/2010 \u010cISTILNA NAPRAVA LJ-BARJE 2010 SOTOM Ljubljana 2010 KOMUNALA, Nova Gorica 2010 NT LOGISTIKA Komenda 2011 \u010cISTILNA NAPRAVA, \u010crnomelj 2012 SNAGA, Ljubljana 2014 \u010cN \u017dELEZNIKI 2015 \u010cN LOGATEC 2015-2016 CERO LJUBLJANA BARJE 2015 \u010cN NOVO MESTO 2015&hellip;","og_url":"https:\/\/amal.si\/en\/ecology-recycling-and-recovery-of-waste\/","og_site_name":"AMAL d.o.o.","article_modified_time":"2020-03-25T09:17:49+00:00","twitter_card":"summary_large_image","schema":{"@context":"https:\/\/schema.org","@graph":[{"@type":"WebPage","@id":"https:\/\/amal.si\/en\/ecology-recycling-and-recovery-of-waste\/","url":"https:\/\/amal.si\/en\/ecology-recycling-and-recovery-of-waste\/","name":"Ecology, recycling and recovery of waste - AMAL d.o.o.","isPartOf":{"@id":"https:\/\/amal.si\/en\/#website"},"datePublished":"2019-12-13T07:51:41+00:00","dateModified":"2020-03-25T09:17:49+00:00","breadcrumb":{"@id":"https:\/\/amal.si\/en\/ecology-recycling-and-recovery-of-waste\/#breadcrumb"},"inLanguage":"en-US","potentialAction":[{"@type":"ReadAction","target":["https:\/\/amal.si\/en\/ecology-recycling-and-recovery-of-waste\/"]}]},{"@type":"BreadcrumbList","@id":"https:\/\/amal.si\/en\/ecology-recycling-and-recovery-of-waste\/#breadcrumb","itemListElement":[{"@type":"ListItem","position":1,"name":"Home","item":"https:\/\/amal.si\/en\/"},{"@type":"ListItem","position":2,"name":"Ecology, recycling and recovery of waste"}]},{"@type":"WebSite","@id":"https:\/\/amal.si\/en\/#website","url":"https:\/\/amal.si\/en\/","name":"AMAL d.o.o.","description":"Proizvodnja, trgovina, storitve, in\u017eeniring","potentialAction":[{"@type":"SearchAction","target":{"@type":"EntryPoint","urlTemplate":"https:\/\/amal.si\/en\/?s={search_term_string}"},"query-input":{"@type":"PropertyValueSpecification","valueRequired":true,"valueName":"search_term_string"}}],"inLanguage":"en-US"}]}},"jetpack_sharing_enabled":true,"_links":{"self":[{"href":"https:\/\/amal.si\/en\/wp-json\/wp\/v2\/pages\/750","targetHints":{"allow":["GET"]}}],"collection":[{"href":"https:\/\/amal.si\/en\/wp-json\/wp\/v2\/pages"}],"about":[{"href":"https:\/\/amal.si\/en\/wp-json\/wp\/v2\/types\/page"}],"author":[{"embeddable":true,"href":"https:\/\/amal.si\/en\/wp-json\/wp\/v2\/users\/1"}],"replies":[{"embeddable":true,"href":"https:\/\/amal.si\/en\/wp-json\/wp\/v2\/comments?post=750"}],"version-history":[{"count":1,"href":"https:\/\/amal.si\/en\/wp-json\/wp\/v2\/pages\/750\/revisions"}],"predecessor-version":[{"id":1183,"href":"https:\/\/amal.si\/en\/wp-json\/wp\/v2\/pages\/750\/revisions\/1183"}],"wp:attachment":[{"href":"https:\/\/amal.si\/en\/wp-json\/wp\/v2\/media?parent=750"}],"curies":[{"name":"wp","href":"https:\/\/api.w.org\/{rel}","templated":true}]}}