{"id":753,"date":"2019-12-13T08:53:19","date_gmt":"2019-12-13T07:53:19","guid":{"rendered":"https:\/\/amal.si\/pharmacies-and-hospitals\/"},"modified":"2020-03-25T10:06:30","modified_gmt":"2020-03-25T09:06:30","slug":"pharmacies-and-hospitals","status":"publish","type":"page","link":"https:\/\/amal.si\/en\/pharmacies-and-hospitals\/","title":{"rendered":"Pharmacies and hospitals"},"content":{"rendered":"<h2>\n\t\tPharmacies, hospitals, institutes\n\t<\/h2>\n\t<table border=\"0\" cellspacing=\"1\" cellpadding=\"1\">\n<tbody>\n<tr>\n<td>1999<\/td>\n<td>Psihiatri\u010dna bolni\u0161nica, Ljubljana<\/td>\n<\/tr>\n<tr>\n<td>1998-2007<\/td>\n<td>Bayer Pharma, Ljubljana<\/td>\n<\/tr>\n<tr>\n<td>1999-2005<\/td>\n<td>Lek, Ljubljana<\/td>\n<\/tr>\n<tr>\n<td>2000<\/td>\n<td>Bolni\u0161nica \u0160empeter<\/td>\n<\/tr>\n<tr>\n<td>2002<\/td>\n<td>Bolnica Golnik<\/td>\n<\/tr>\n<tr>\n<td>2002<\/td>\n<td>Gorenjske lekarne, Kranj<\/td>\n<\/tr>\n<tr>\n<td>2003<\/td>\n<td>JUST, Nova gorica<\/td>\n<\/tr>\n<tr>\n<td>2003<\/td>\n<td>Klini\u010dni center &#8211; lekarna, Ljubljana<\/td>\n<\/tr>\n<tr>\n<td>2003<\/td>\n<td>MEDIC, Menge\u0161<\/td>\n<\/tr>\n<tr>\n<td>2003-2009B<\/td>\n<td>Bolni\u0161nica Novo mesto<\/td>\n<\/tr>\n<tr>\n<td>2003-2005<\/td>\n<td>KRKA, Novo mesto<\/td>\n<\/tr>\n<tr>\n<td>2004<\/td>\n<td>Auremiana, Se\u017eana<\/td>\n<\/tr>\n<tr>\n<td>2004<\/td>\n<td>In\u0161titut Jo\u017eef \u0160tefan<\/td>\n<\/tr>\n<tr>\n<td>2005S<\/td>\n<td>Srednja zdravstvena \u0161ola, Celje<\/td>\n<\/tr>\n<tr>\n<td>2005-2009<\/td>\n<td>Bolnica Jesenice- prenova kirur.odd.<\/td>\n<\/tr>\n<tr>\n<td>2006<\/td>\n<td>Lek, Lendava<\/td>\n<\/tr>\n<tr>\n<td>2006Z<\/td>\n<td>ZD, Kranj<\/td>\n<\/tr>\n<tr>\n<td>2005-2006<\/td>\n<td>RAZVOJNI CENTER RTC, Godovi\u010d<\/td>\n<\/tr>\n<tr>\n<td>2007<\/td>\n<td>Vodnikov dvor, Ljubljana<\/td>\n<\/tr>\n<tr>\n<td>2007<\/td>\n<td>LEK RCB, Menge\u0161<\/td>\n<\/tr>\n<tr>\n<td>2008D<\/td>\n<td>DENTAS, Maribor<\/td>\n<\/tr>\n<tr>\n<td>2006-2008<\/td>\n<td>Salus, Ljubljana<\/td>\n<\/tr>\n<tr>\n<td>2005-2008<\/td>\n<td>Lek, Menge\u0161<\/td>\n<\/tr>\n<tr>\n<td>2003-2009<\/td>\n<td>Bolni\u0161nica Novo mesto<\/td>\n<\/tr>\n<tr>\n<td>2008<\/td>\n<td>PRIMORJE-LABORATORIJ, La\u017ee<\/td>\n<\/tr>\n<tr>\n<td>2007-2009<\/td>\n<td>BOLNICA Slovenj Gradec<\/td>\n<\/tr>\n<tr>\n<td>2013<\/td>\n<td>UKC HEMATOLO\u0160KA KLINIKA, Ljubljana<\/td>\n<\/tr>\n<tr>\n<td>2012\/2013<\/td>\n<td>KEMIJSKI IN\u0160TITUT, Ljubljana<\/td>\n<\/tr>\n<tr>\n<td>2013<\/td>\n<td>DSO Preddvor (sanitarije)<\/td>\n<\/tr>\n<tr>\n<td>2013<\/td>\n<td>DSO Novo Mesto (pralnice)<\/td>\n<\/tr>\n<tr>\n<td>2013<\/td>\n<td>VITAHOLIS MAS. CENTER, Ljubljana<\/td>\n<\/tr>\n<tr>\n<td>2013<\/td>\n<td>MEDIS-M, Maribor<\/td>\n<\/tr>\n<tr>\n<td>2013-2015<\/td>\n<td>ZAVOD HRASTOVEC<\/td>\n<\/tr>\n<tr>\n<td>2015-2016<\/td>\n<td>CITO-PATOL. ODDELEK BOLNICA NM<\/td>\n<\/tr>\n<tr>\n<td>2015-2016<\/td>\n<td>DSO LUKAVCI<\/td>\n<\/tr>\n<tr>\n<td>2015-2016<\/td>\n<td>GOLIAS, Ljubljana<\/td>\n<\/tr>\n<tr>\n<td>2016<\/td>\n<td>DTS SEVER UKC, Ljubljana<\/td>\n<\/tr>\n<\/tbody>\n<\/table>\n\t\t<h3>Inquiry<\/h3>\n\t\t<p>Send us a message and we will be happy to reply as soon as possible!<\/p>\n\t\t\t<a href=\"https:\/\/amal.si\/en\/contact\" target=\"_self\" role=\"button\" rel=\"noopener noreferrer\">\n\t\t\t\t\t\t\tCONTACT\n\t\t\t\t\t<\/a>\n","protected":false},"excerpt":{"rendered":"<p>Pharmacies, hospitals, institutes 1999 Psihiatri\u010dna bolni\u0161nica, Ljubljana 1998-2007 Bayer Pharma, Ljubljana 1999-2005 Lek, Ljubljana 2000 Bolni\u0161nica \u0160empeter 2002 Bolnica Golnik 2002 Gorenjske lekarne, Kranj 2003 JUST, Nova gorica 2003 Klini\u010dni center &#8211; lekarna, Ljubljana 2003 MEDIC, Menge\u0161 2003-2009B Bolni\u0161nica Novo mesto 2003-2005 KRKA, Novo mesto 2004 Auremiana, Se\u017eana 2004 In\u0161titut Jo\u017eef \u0160tefan 2005S Srednja zdravstvena&hellip;<\/p>\n","protected":false},"author":1,"featured_media":0,"parent":0,"menu_order":19,"comment_status":"closed","ping_status":"closed","template":"","meta":{"footnotes":""},"class_list":["post-753","page","type-page","status-publish","hentry"],"yoast_head":"<!-- This site is optimized with the Yoast SEO plugin v27.3 - https:\/\/yoast.com\/product\/yoast-seo-wordpress\/ -->\n<title>Pharmacies and hospitals - AMAL d.o.o.<\/title>\n<meta name=\"robots\" content=\"index, follow, max-snippet:-1, max-image-preview:large, max-video-preview:-1\" \/>\n<link rel=\"canonical\" href=\"https:\/\/amal.si\/en\/pharmacies-and-hospitals\/\" \/>\n<meta property=\"og:locale\" content=\"en_US\" \/>\n<meta property=\"og:type\" content=\"article\" \/>\n<meta property=\"og:title\" content=\"Pharmacies and hospitals - AMAL d.o.o.\" \/>\n<meta property=\"og:description\" content=\"Pharmacies, hospitals, institutes 1999 Psihiatri\u010dna bolni\u0161nica, Ljubljana 1998-2007 Bayer Pharma, Ljubljana 1999-2005 Lek, Ljubljana 2000 Bolni\u0161nica \u0160empeter 2002 Bolnica Golnik 2002 Gorenjske lekarne, Kranj 2003 JUST, Nova gorica 2003 Klini\u010dni center &#8211; lekarna, Ljubljana 2003 MEDIC, Menge\u0161 2003-2009B Bolni\u0161nica Novo mesto 2003-2005 KRKA, Novo mesto 2004 Auremiana, Se\u017eana 2004 In\u0161titut Jo\u017eef \u0160tefan 2005S Srednja zdravstvena&hellip;\" \/>\n<meta property=\"og:url\" content=\"https:\/\/amal.si\/en\/pharmacies-and-hospitals\/\" \/>\n<meta property=\"og:site_name\" content=\"AMAL d.o.o.\" \/>\n<meta property=\"article:modified_time\" content=\"2020-03-25T09:06:30+00:00\" \/>\n<meta name=\"twitter:card\" content=\"summary_large_image\" \/>\n<meta name=\"twitter:label1\" content=\"Est. reading time\" \/>\n\t<meta name=\"twitter:data1\" content=\"1 minute\" \/>\n<script type=\"application\/ld+json\" class=\"yoast-schema-graph\">{\"@context\":\"https:\\\/\\\/schema.org\",\"@graph\":[{\"@type\":\"WebPage\",\"@id\":\"https:\\\/\\\/amal.si\\\/en\\\/pharmacies-and-hospitals\\\/\",\"url\":\"https:\\\/\\\/amal.si\\\/en\\\/pharmacies-and-hospitals\\\/\",\"name\":\"Pharmacies and hospitals - AMAL d.o.o.\",\"isPartOf\":{\"@id\":\"https:\\\/\\\/amal.si\\\/en\\\/#website\"},\"datePublished\":\"2019-12-13T07:53:19+00:00\",\"dateModified\":\"2020-03-25T09:06:30+00:00\",\"breadcrumb\":{\"@id\":\"https:\\\/\\\/amal.si\\\/en\\\/pharmacies-and-hospitals\\\/#breadcrumb\"},\"inLanguage\":\"en-US\",\"potentialAction\":[{\"@type\":\"ReadAction\",\"target\":[\"https:\\\/\\\/amal.si\\\/en\\\/pharmacies-and-hospitals\\\/\"]}]},{\"@type\":\"BreadcrumbList\",\"@id\":\"https:\\\/\\\/amal.si\\\/en\\\/pharmacies-and-hospitals\\\/#breadcrumb\",\"itemListElement\":[{\"@type\":\"ListItem\",\"position\":1,\"name\":\"Home\",\"item\":\"https:\\\/\\\/amal.si\\\/en\\\/\"},{\"@type\":\"ListItem\",\"position\":2,\"name\":\"Pharmacies and hospitals\"}]},{\"@type\":\"WebSite\",\"@id\":\"https:\\\/\\\/amal.si\\\/en\\\/#website\",\"url\":\"https:\\\/\\\/amal.si\\\/en\\\/\",\"name\":\"AMAL d.o.o.\",\"description\":\"Proizvodnja, trgovina, storitve, in\u017eeniring\",\"potentialAction\":[{\"@type\":\"SearchAction\",\"target\":{\"@type\":\"EntryPoint\",\"urlTemplate\":\"https:\\\/\\\/amal.si\\\/en\\\/?s={search_term_string}\"},\"query-input\":{\"@type\":\"PropertyValueSpecification\",\"valueRequired\":true,\"valueName\":\"search_term_string\"}}],\"inLanguage\":\"en-US\"}]}<\/script>\n<!-- \/ Yoast SEO plugin. -->","yoast_head_json":{"title":"Pharmacies and hospitals - AMAL d.o.o.","robots":{"index":"index","follow":"follow","max-snippet":"max-snippet:-1","max-image-preview":"max-image-preview:large","max-video-preview":"max-video-preview:-1"},"canonical":"https:\/\/amal.si\/en\/pharmacies-and-hospitals\/","og_locale":"en_US","og_type":"article","og_title":"Pharmacies and hospitals - AMAL d.o.o.","og_description":"Pharmacies, hospitals, institutes 1999 Psihiatri\u010dna bolni\u0161nica, Ljubljana 1998-2007 Bayer Pharma, Ljubljana 1999-2005 Lek, Ljubljana 2000 Bolni\u0161nica \u0160empeter 2002 Bolnica Golnik 2002 Gorenjske lekarne, Kranj 2003 JUST, Nova gorica 2003 Klini\u010dni center &#8211; lekarna, Ljubljana 2003 MEDIC, Menge\u0161 2003-2009B Bolni\u0161nica Novo mesto 2003-2005 KRKA, Novo mesto 2004 Auremiana, Se\u017eana 2004 In\u0161titut Jo\u017eef \u0160tefan 2005S Srednja zdravstvena&hellip;","og_url":"https:\/\/amal.si\/en\/pharmacies-and-hospitals\/","og_site_name":"AMAL d.o.o.","article_modified_time":"2020-03-25T09:06:30+00:00","twitter_card":"summary_large_image","twitter_misc":{"Est. reading time":"1 minute"},"schema":{"@context":"https:\/\/schema.org","@graph":[{"@type":"WebPage","@id":"https:\/\/amal.si\/en\/pharmacies-and-hospitals\/","url":"https:\/\/amal.si\/en\/pharmacies-and-hospitals\/","name":"Pharmacies and hospitals - AMAL d.o.o.","isPartOf":{"@id":"https:\/\/amal.si\/en\/#website"},"datePublished":"2019-12-13T07:53:19+00:00","dateModified":"2020-03-25T09:06:30+00:00","breadcrumb":{"@id":"https:\/\/amal.si\/en\/pharmacies-and-hospitals\/#breadcrumb"},"inLanguage":"en-US","potentialAction":[{"@type":"ReadAction","target":["https:\/\/amal.si\/en\/pharmacies-and-hospitals\/"]}]},{"@type":"BreadcrumbList","@id":"https:\/\/amal.si\/en\/pharmacies-and-hospitals\/#breadcrumb","itemListElement":[{"@type":"ListItem","position":1,"name":"Home","item":"https:\/\/amal.si\/en\/"},{"@type":"ListItem","position":2,"name":"Pharmacies and hospitals"}]},{"@type":"WebSite","@id":"https:\/\/amal.si\/en\/#website","url":"https:\/\/amal.si\/en\/","name":"AMAL d.o.o.","description":"Proizvodnja, trgovina, storitve, in\u017eeniring","potentialAction":[{"@type":"SearchAction","target":{"@type":"EntryPoint","urlTemplate":"https:\/\/amal.si\/en\/?s={search_term_string}"},"query-input":{"@type":"PropertyValueSpecification","valueRequired":true,"valueName":"search_term_string"}}],"inLanguage":"en-US"}]}},"jetpack_sharing_enabled":true,"_links":{"self":[{"href":"https:\/\/amal.si\/en\/wp-json\/wp\/v2\/pages\/753","targetHints":{"allow":["GET"]}}],"collection":[{"href":"https:\/\/amal.si\/en\/wp-json\/wp\/v2\/pages"}],"about":[{"href":"https:\/\/amal.si\/en\/wp-json\/wp\/v2\/types\/page"}],"author":[{"embeddable":true,"href":"https:\/\/amal.si\/en\/wp-json\/wp\/v2\/users\/1"}],"replies":[{"embeddable":true,"href":"https:\/\/amal.si\/en\/wp-json\/wp\/v2\/comments?post=753"}],"version-history":[{"count":1,"href":"https:\/\/amal.si\/en\/wp-json\/wp\/v2\/pages\/753\/revisions"}],"predecessor-version":[{"id":1174,"href":"https:\/\/amal.si\/en\/wp-json\/wp\/v2\/pages\/753\/revisions\/1174"}],"wp:attachment":[{"href":"https:\/\/amal.si\/en\/wp-json\/wp\/v2\/media?parent=753"}],"curies":[{"name":"wp","href":"https:\/\/api.w.org\/{rel}","templated":true}]}}