{"id":754,"date":"2019-12-13T08:53:37","date_gmt":"2019-12-13T07:53:37","guid":{"rendered":"https:\/\/amal.si\/commercial-bulidings-productions\/"},"modified":"2020-03-25T10:17:43","modified_gmt":"2020-03-25T09:17:43","slug":"commercial-bulidings-productions","status":"publish","type":"page","link":"https:\/\/amal.si\/en\/commercial-bulidings-productions\/","title":{"rendered":"Commercial\/bulidings productions"},"content":{"rendered":"<h2>\n\t\tCommercial\/bulidings productions\n\t<\/h2>\n\t<table border=\"0\" cellspacing=\"1\" cellpadding=\"1\">\n<tbody>\n<tr>\n<td>2009<\/td>\n<td>Podjetni\u0161ki inkubator CII, Novo mesto<\/td>\n<\/tr>\n<tr>\n<td>2009-2010<\/td>\n<td>VIP Virant, Komenda<\/td>\n<\/tr>\n<tr>\n<td>2009-2010<\/td>\n<td>Rotoprint, Dol pri Ljubljan<\/td>\n<\/tr>\n<tr>\n<td>2009-2010<\/td>\n<td>Epilog t.p., Ljubljana Brdo<\/td>\n<\/tr>\n<tr>\n<td>2010<\/td>\n<td>Farmadent, Maribor<\/td>\n<\/tr>\n<tr>\n<td>2010<\/td>\n<td>Po\u0161tno pretovorni center, Koper<\/td>\n<\/tr>\n<tr>\n<td>2010<\/td>\n<td>Hala STF, Hrpelje<\/td>\n<\/tr>\n<tr>\n<td>2010<\/td>\n<td>Modri val, Sermin-Koper<\/td>\n<\/tr>\n<tr>\n<td>2010<\/td>\n<td>Domel, \u017delezniki<\/td>\n<\/tr>\n<tr>\n<td>2011<\/td>\n<td>Van Den, \u0160en\u010dur<\/td>\n<\/tr>\n<tr>\n<td>2011<\/td>\n<td>Grading Kurent, Trebnje<\/td>\n<\/tr>\n<tr>\n<td>2011<\/td>\n<td>Upravni center-arhiv, Jesenice<\/td>\n<\/tr>\n<tr>\n<td>2013<\/td>\n<td>SECOP, \u010crnomelj<\/td>\n<\/tr>\n<tr>\n<td>2013<\/td>\n<td>PLASTOFORM, \u0160marjeta<\/td>\n<\/tr>\n<tr>\n<td>2013<\/td>\n<td>PO\u0160TA MAKRINOG<\/td>\n<\/tr>\n<tr>\n<td>2014<\/td>\n<td>ALTEL, Grosuplje<\/td>\n<\/tr>\n<tr>\n<td>2015<\/td>\n<td>ARSO, Ljubljana (prizidek)<\/td>\n<\/tr>\n<tr>\n<td>2015<\/td>\n<td>TINEX, \u0160en\u010dur<\/td>\n<\/tr>\n<tr>\n<td>2015<\/td>\n<td>AHIL PLASTIKA, Menge\u0161<\/td>\n<\/tr>\n<tr>\n<td>2015-2016<\/td>\n<td>SPAR PUC ZALOG (poslovni del)<\/td>\n<\/tr>\n<tr>\n<td>2016<\/td>\n<td>SENSUM, Ajdov\u0161\u010dina<\/td>\n<\/tr>\n<\/tbody>\n<\/table>\n\t\t<h3>Inquiry<\/h3>\n\t\t<p>Send us a message and we will be happy to reply as soon as possible!<\/p>\n\t\t\t<a href=\"https:\/\/amal.si\/en\/contact\" target=\"_self\" role=\"button\" rel=\"noopener noreferrer\">\n\t\t\t\t\t\t\tCONTACT\n\t\t\t\t\t<\/a>\n","protected":false},"excerpt":{"rendered":"<p>Commercial\/bulidings productions 2009 Podjetni\u0161ki inkubator CII, Novo mesto 2009-2010 VIP Virant, Komenda 2009-2010 Rotoprint, Dol pri Ljubljan 2009-2010 Epilog t.p., Ljubljana Brdo 2010 Farmadent, Maribor 2010 Po\u0161tno pretovorni center, Koper 2010 Hala STF, Hrpelje 2010 Modri val, Sermin-Koper 2010 Domel, \u017delezniki 2011 Van Den, \u0160en\u010dur 2011 Grading Kurent, Trebnje 2011 Upravni center-arhiv, Jesenice 2013 SECOP,&hellip;<\/p>\n","protected":false},"author":1,"featured_media":0,"parent":0,"menu_order":27,"comment_status":"closed","ping_status":"closed","template":"","meta":{"footnotes":""},"class_list":["post-754","page","type-page","status-publish","hentry"],"yoast_head":"<!-- This site is optimized with the Yoast SEO plugin v27.3 - https:\/\/yoast.com\/product\/yoast-seo-wordpress\/ -->\n<title>Commercial\/bulidings productions - AMAL d.o.o.<\/title>\n<meta name=\"robots\" content=\"index, follow, max-snippet:-1, max-image-preview:large, max-video-preview:-1\" \/>\n<link rel=\"canonical\" href=\"https:\/\/amal.si\/en\/commercial-bulidings-productions\/\" \/>\n<meta property=\"og:locale\" content=\"en_US\" \/>\n<meta property=\"og:type\" content=\"article\" \/>\n<meta property=\"og:title\" content=\"Commercial\/bulidings productions - AMAL d.o.o.\" \/>\n<meta property=\"og:description\" content=\"Commercial\/bulidings productions 2009 Podjetni\u0161ki inkubator CII, Novo mesto 2009-2010 VIP Virant, Komenda 2009-2010 Rotoprint, Dol pri Ljubljan 2009-2010 Epilog t.p., Ljubljana Brdo 2010 Farmadent, Maribor 2010 Po\u0161tno pretovorni center, Koper 2010 Hala STF, Hrpelje 2010 Modri val, Sermin-Koper 2010 Domel, \u017delezniki 2011 Van Den, \u0160en\u010dur 2011 Grading Kurent, Trebnje 2011 Upravni center-arhiv, Jesenice 2013 SECOP,&hellip;\" \/>\n<meta property=\"og:url\" content=\"https:\/\/amal.si\/en\/commercial-bulidings-productions\/\" \/>\n<meta property=\"og:site_name\" content=\"AMAL d.o.o.\" \/>\n<meta property=\"article:modified_time\" content=\"2020-03-25T09:17:43+00:00\" \/>\n<meta name=\"twitter:card\" content=\"summary_large_image\" \/>\n<script type=\"application\/ld+json\" class=\"yoast-schema-graph\">{\"@context\":\"https:\\\/\\\/schema.org\",\"@graph\":[{\"@type\":\"WebPage\",\"@id\":\"https:\\\/\\\/amal.si\\\/en\\\/commercial-bulidings-productions\\\/\",\"url\":\"https:\\\/\\\/amal.si\\\/en\\\/commercial-bulidings-productions\\\/\",\"name\":\"Commercial\\\/bulidings productions - AMAL d.o.o.\",\"isPartOf\":{\"@id\":\"https:\\\/\\\/amal.si\\\/en\\\/#website\"},\"datePublished\":\"2019-12-13T07:53:37+00:00\",\"dateModified\":\"2020-03-25T09:17:43+00:00\",\"breadcrumb\":{\"@id\":\"https:\\\/\\\/amal.si\\\/en\\\/commercial-bulidings-productions\\\/#breadcrumb\"},\"inLanguage\":\"en-US\",\"potentialAction\":[{\"@type\":\"ReadAction\",\"target\":[\"https:\\\/\\\/amal.si\\\/en\\\/commercial-bulidings-productions\\\/\"]}]},{\"@type\":\"BreadcrumbList\",\"@id\":\"https:\\\/\\\/amal.si\\\/en\\\/commercial-bulidings-productions\\\/#breadcrumb\",\"itemListElement\":[{\"@type\":\"ListItem\",\"position\":1,\"name\":\"Home\",\"item\":\"https:\\\/\\\/amal.si\\\/en\\\/\"},{\"@type\":\"ListItem\",\"position\":2,\"name\":\"Commercial\\\/bulidings productions\"}]},{\"@type\":\"WebSite\",\"@id\":\"https:\\\/\\\/amal.si\\\/en\\\/#website\",\"url\":\"https:\\\/\\\/amal.si\\\/en\\\/\",\"name\":\"AMAL d.o.o.\",\"description\":\"Proizvodnja, trgovina, storitve, in\u017eeniring\",\"potentialAction\":[{\"@type\":\"SearchAction\",\"target\":{\"@type\":\"EntryPoint\",\"urlTemplate\":\"https:\\\/\\\/amal.si\\\/en\\\/?s={search_term_string}\"},\"query-input\":{\"@type\":\"PropertyValueSpecification\",\"valueRequired\":true,\"valueName\":\"search_term_string\"}}],\"inLanguage\":\"en-US\"}]}<\/script>\n<!-- \/ Yoast SEO plugin. -->","yoast_head_json":{"title":"Commercial\/bulidings productions - AMAL d.o.o.","robots":{"index":"index","follow":"follow","max-snippet":"max-snippet:-1","max-image-preview":"max-image-preview:large","max-video-preview":"max-video-preview:-1"},"canonical":"https:\/\/amal.si\/en\/commercial-bulidings-productions\/","og_locale":"en_US","og_type":"article","og_title":"Commercial\/bulidings productions - AMAL d.o.o.","og_description":"Commercial\/bulidings productions 2009 Podjetni\u0161ki inkubator CII, Novo mesto 2009-2010 VIP Virant, Komenda 2009-2010 Rotoprint, Dol pri Ljubljan 2009-2010 Epilog t.p., Ljubljana Brdo 2010 Farmadent, Maribor 2010 Po\u0161tno pretovorni center, Koper 2010 Hala STF, Hrpelje 2010 Modri val, Sermin-Koper 2010 Domel, \u017delezniki 2011 Van Den, \u0160en\u010dur 2011 Grading Kurent, Trebnje 2011 Upravni center-arhiv, Jesenice 2013 SECOP,&hellip;","og_url":"https:\/\/amal.si\/en\/commercial-bulidings-productions\/","og_site_name":"AMAL d.o.o.","article_modified_time":"2020-03-25T09:17:43+00:00","twitter_card":"summary_large_image","schema":{"@context":"https:\/\/schema.org","@graph":[{"@type":"WebPage","@id":"https:\/\/amal.si\/en\/commercial-bulidings-productions\/","url":"https:\/\/amal.si\/en\/commercial-bulidings-productions\/","name":"Commercial\/bulidings productions - AMAL d.o.o.","isPartOf":{"@id":"https:\/\/amal.si\/en\/#website"},"datePublished":"2019-12-13T07:53:37+00:00","dateModified":"2020-03-25T09:17:43+00:00","breadcrumb":{"@id":"https:\/\/amal.si\/en\/commercial-bulidings-productions\/#breadcrumb"},"inLanguage":"en-US","potentialAction":[{"@type":"ReadAction","target":["https:\/\/amal.si\/en\/commercial-bulidings-productions\/"]}]},{"@type":"BreadcrumbList","@id":"https:\/\/amal.si\/en\/commercial-bulidings-productions\/#breadcrumb","itemListElement":[{"@type":"ListItem","position":1,"name":"Home","item":"https:\/\/amal.si\/en\/"},{"@type":"ListItem","position":2,"name":"Commercial\/bulidings productions"}]},{"@type":"WebSite","@id":"https:\/\/amal.si\/en\/#website","url":"https:\/\/amal.si\/en\/","name":"AMAL d.o.o.","description":"Proizvodnja, trgovina, storitve, in\u017eeniring","potentialAction":[{"@type":"SearchAction","target":{"@type":"EntryPoint","urlTemplate":"https:\/\/amal.si\/en\/?s={search_term_string}"},"query-input":{"@type":"PropertyValueSpecification","valueRequired":true,"valueName":"search_term_string"}}],"inLanguage":"en-US"}]}},"jetpack_sharing_enabled":true,"_links":{"self":[{"href":"https:\/\/amal.si\/en\/wp-json\/wp\/v2\/pages\/754","targetHints":{"allow":["GET"]}}],"collection":[{"href":"https:\/\/amal.si\/en\/wp-json\/wp\/v2\/pages"}],"about":[{"href":"https:\/\/amal.si\/en\/wp-json\/wp\/v2\/types\/page"}],"author":[{"embeddable":true,"href":"https:\/\/amal.si\/en\/wp-json\/wp\/v2\/users\/1"}],"replies":[{"embeddable":true,"href":"https:\/\/amal.si\/en\/wp-json\/wp\/v2\/comments?post=754"}],"version-history":[{"count":1,"href":"https:\/\/amal.si\/en\/wp-json\/wp\/v2\/pages\/754\/revisions"}],"predecessor-version":[{"id":1182,"href":"https:\/\/amal.si\/en\/wp-json\/wp\/v2\/pages\/754\/revisions\/1182"}],"wp:attachment":[{"href":"https:\/\/amal.si\/en\/wp-json\/wp\/v2\/media?parent=754"}],"curies":[{"name":"wp","href":"https:\/\/api.w.org\/{rel}","templated":true}]}}