{"id":755,"date":"2019-12-13T08:54:05","date_gmt":"2019-12-13T07:54:05","guid":{"rendered":"https:\/\/amal.si\/installation-of-steam-barriers\/"},"modified":"2020-03-25T10:17:40","modified_gmt":"2020-03-25T09:17:40","slug":"installation-of-steam-barriers","status":"publish","type":"page","link":"https:\/\/amal.si\/en\/installation-of-steam-barriers\/","title":{"rendered":"Installation of steam barriers"},"content":{"rendered":"<h2>\n\t\tInstallation of steam barriers\n\t<\/h2>\n\t<table border=\"0\" cellspacing=\"1\" cellpadding=\"1\">\n<tbody>\n<tr>\n<td>2005<\/td>\n<td>Srednja zdravstvena \u0161ola, Celje<\/td>\n<\/tr>\n<tr>\n<td>2005<\/td>\n<td>Dom starej\u0161ih ob\u010danov, Horjul<\/td>\n<\/tr>\n<tr>\n<td>2005<\/td>\n<td>Elektro Treven, Horjul<\/td>\n<\/tr>\n<tr>\n<td>2005<\/td>\n<td>\u0160portna dvorana Poden, \u0160kofja loka<\/td>\n<\/tr>\n<tr>\n<td>2006<\/td>\n<td>Narodni dom, Me\u017eica<\/td>\n<\/tr>\n<tr>\n<td>2006<\/td>\n<td>Lopan, Mislinja<\/td>\n<\/tr>\n<tr>\n<td>2006<\/td>\n<td>Kulturni dom, Velenje<\/td>\n<\/tr>\n<tr>\n<td>2006<\/td>\n<td>PSO, Dobrna<\/td>\n<\/tr>\n<tr>\n<td>2010<\/td>\n<td>\u0160portna dvorana STO\u017dICE<\/td>\n<\/tr>\n<\/tbody>\n<\/table>\n\t\t<h3>Inquiry<\/h3>\n\t\t<p>Send us a message and we will be happy to reply as soon as possible!<\/p>\n\t\t\t<a href=\"https:\/\/amal.si\/en\/contact\" target=\"_self\" role=\"button\" rel=\"noopener noreferrer\">\n\t\t\t\t\t\t\tCONTACT\n\t\t\t\t\t<\/a>\n","protected":false},"excerpt":{"rendered":"<p>Installation of steam barriers 2005 Srednja zdravstvena \u0161ola, Celje 2005 Dom starej\u0161ih ob\u010danov, Horjul 2005 Elektro Treven, Horjul 2005 \u0160portna dvorana Poden, \u0160kofja loka 2006 Narodni dom, Me\u017eica 2006 Lopan, Mislinja 2006 Kulturni dom, Velenje 2006 PSO, Dobrna 2010 \u0160portna dvorana STO\u017dICE Inquiry Send us a message and we will be happy to reply as&hellip;<\/p>\n","protected":false},"author":1,"featured_media":0,"parent":0,"menu_order":26,"comment_status":"closed","ping_status":"closed","template":"","meta":{"footnotes":""},"class_list":["post-755","page","type-page","status-publish","hentry"],"yoast_head":"<!-- This site is optimized with the Yoast SEO plugin v27.3 - https:\/\/yoast.com\/product\/yoast-seo-wordpress\/ -->\n<title>Installation of steam barriers - AMAL d.o.o.<\/title>\n<meta name=\"robots\" content=\"index, follow, max-snippet:-1, max-image-preview:large, max-video-preview:-1\" \/>\n<link rel=\"canonical\" href=\"https:\/\/amal.si\/en\/installation-of-steam-barriers\/\" \/>\n<meta property=\"og:locale\" content=\"en_US\" \/>\n<meta property=\"og:type\" content=\"article\" \/>\n<meta property=\"og:title\" content=\"Installation of steam barriers - AMAL d.o.o.\" \/>\n<meta property=\"og:description\" content=\"Installation of steam barriers 2005 Srednja zdravstvena \u0161ola, Celje 2005 Dom starej\u0161ih ob\u010danov, Horjul 2005 Elektro Treven, Horjul 2005 \u0160portna dvorana Poden, \u0160kofja loka 2006 Narodni dom, Me\u017eica 2006 Lopan, Mislinja 2006 Kulturni dom, Velenje 2006 PSO, Dobrna 2010 \u0160portna dvorana STO\u017dICE Inquiry Send us a message and we will be happy to reply as&hellip;\" \/>\n<meta property=\"og:url\" content=\"https:\/\/amal.si\/en\/installation-of-steam-barriers\/\" \/>\n<meta property=\"og:site_name\" content=\"AMAL d.o.o.\" \/>\n<meta property=\"article:modified_time\" content=\"2020-03-25T09:17:40+00:00\" \/>\n<meta name=\"twitter:card\" content=\"summary_large_image\" \/>\n<script type=\"application\/ld+json\" class=\"yoast-schema-graph\">{\"@context\":\"https:\\\/\\\/schema.org\",\"@graph\":[{\"@type\":\"WebPage\",\"@id\":\"https:\\\/\\\/amal.si\\\/en\\\/installation-of-steam-barriers\\\/\",\"url\":\"https:\\\/\\\/amal.si\\\/en\\\/installation-of-steam-barriers\\\/\",\"name\":\"Installation of steam barriers - AMAL d.o.o.\",\"isPartOf\":{\"@id\":\"https:\\\/\\\/amal.si\\\/en\\\/#website\"},\"datePublished\":\"2019-12-13T07:54:05+00:00\",\"dateModified\":\"2020-03-25T09:17:40+00:00\",\"breadcrumb\":{\"@id\":\"https:\\\/\\\/amal.si\\\/en\\\/installation-of-steam-barriers\\\/#breadcrumb\"},\"inLanguage\":\"en-US\",\"potentialAction\":[{\"@type\":\"ReadAction\",\"target\":[\"https:\\\/\\\/amal.si\\\/en\\\/installation-of-steam-barriers\\\/\"]}]},{\"@type\":\"BreadcrumbList\",\"@id\":\"https:\\\/\\\/amal.si\\\/en\\\/installation-of-steam-barriers\\\/#breadcrumb\",\"itemListElement\":[{\"@type\":\"ListItem\",\"position\":1,\"name\":\"Home\",\"item\":\"https:\\\/\\\/amal.si\\\/en\\\/\"},{\"@type\":\"ListItem\",\"position\":2,\"name\":\"Installation of steam barriers\"}]},{\"@type\":\"WebSite\",\"@id\":\"https:\\\/\\\/amal.si\\\/en\\\/#website\",\"url\":\"https:\\\/\\\/amal.si\\\/en\\\/\",\"name\":\"AMAL d.o.o.\",\"description\":\"Proizvodnja, trgovina, storitve, in\u017eeniring\",\"potentialAction\":[{\"@type\":\"SearchAction\",\"target\":{\"@type\":\"EntryPoint\",\"urlTemplate\":\"https:\\\/\\\/amal.si\\\/en\\\/?s={search_term_string}\"},\"query-input\":{\"@type\":\"PropertyValueSpecification\",\"valueRequired\":true,\"valueName\":\"search_term_string\"}}],\"inLanguage\":\"en-US\"}]}<\/script>\n<!-- \/ Yoast SEO plugin. -->","yoast_head_json":{"title":"Installation of steam barriers - AMAL d.o.o.","robots":{"index":"index","follow":"follow","max-snippet":"max-snippet:-1","max-image-preview":"max-image-preview:large","max-video-preview":"max-video-preview:-1"},"canonical":"https:\/\/amal.si\/en\/installation-of-steam-barriers\/","og_locale":"en_US","og_type":"article","og_title":"Installation of steam barriers - AMAL d.o.o.","og_description":"Installation of steam barriers 2005 Srednja zdravstvena \u0161ola, Celje 2005 Dom starej\u0161ih ob\u010danov, Horjul 2005 Elektro Treven, Horjul 2005 \u0160portna dvorana Poden, \u0160kofja loka 2006 Narodni dom, Me\u017eica 2006 Lopan, Mislinja 2006 Kulturni dom, Velenje 2006 PSO, Dobrna 2010 \u0160portna dvorana STO\u017dICE Inquiry Send us a message and we will be happy to reply as&hellip;","og_url":"https:\/\/amal.si\/en\/installation-of-steam-barriers\/","og_site_name":"AMAL d.o.o.","article_modified_time":"2020-03-25T09:17:40+00:00","twitter_card":"summary_large_image","schema":{"@context":"https:\/\/schema.org","@graph":[{"@type":"WebPage","@id":"https:\/\/amal.si\/en\/installation-of-steam-barriers\/","url":"https:\/\/amal.si\/en\/installation-of-steam-barriers\/","name":"Installation of steam barriers - AMAL d.o.o.","isPartOf":{"@id":"https:\/\/amal.si\/en\/#website"},"datePublished":"2019-12-13T07:54:05+00:00","dateModified":"2020-03-25T09:17:40+00:00","breadcrumb":{"@id":"https:\/\/amal.si\/en\/installation-of-steam-barriers\/#breadcrumb"},"inLanguage":"en-US","potentialAction":[{"@type":"ReadAction","target":["https:\/\/amal.si\/en\/installation-of-steam-barriers\/"]}]},{"@type":"BreadcrumbList","@id":"https:\/\/amal.si\/en\/installation-of-steam-barriers\/#breadcrumb","itemListElement":[{"@type":"ListItem","position":1,"name":"Home","item":"https:\/\/amal.si\/en\/"},{"@type":"ListItem","position":2,"name":"Installation of steam barriers"}]},{"@type":"WebSite","@id":"https:\/\/amal.si\/en\/#website","url":"https:\/\/amal.si\/en\/","name":"AMAL d.o.o.","description":"Proizvodnja, trgovina, storitve, in\u017eeniring","potentialAction":[{"@type":"SearchAction","target":{"@type":"EntryPoint","urlTemplate":"https:\/\/amal.si\/en\/?s={search_term_string}"},"query-input":{"@type":"PropertyValueSpecification","valueRequired":true,"valueName":"search_term_string"}}],"inLanguage":"en-US"}]}},"jetpack_sharing_enabled":true,"_links":{"self":[{"href":"https:\/\/amal.si\/en\/wp-json\/wp\/v2\/pages\/755","targetHints":{"allow":["GET"]}}],"collection":[{"href":"https:\/\/amal.si\/en\/wp-json\/wp\/v2\/pages"}],"about":[{"href":"https:\/\/amal.si\/en\/wp-json\/wp\/v2\/types\/page"}],"author":[{"embeddable":true,"href":"https:\/\/amal.si\/en\/wp-json\/wp\/v2\/users\/1"}],"replies":[{"embeddable":true,"href":"https:\/\/amal.si\/en\/wp-json\/wp\/v2\/comments?post=755"}],"version-history":[{"count":1,"href":"https:\/\/amal.si\/en\/wp-json\/wp\/v2\/pages\/755\/revisions"}],"predecessor-version":[{"id":1181,"href":"https:\/\/amal.si\/en\/wp-json\/wp\/v2\/pages\/755\/revisions\/1181"}],"wp:attachment":[{"href":"https:\/\/amal.si\/en\/wp-json\/wp\/v2\/media?parent=755"}],"curies":[{"name":"wp","href":"https:\/\/api.w.org\/{rel}","templated":true}]}}