{"id":758,"date":"2019-12-13T08:55:16","date_gmt":"2019-12-13T07:55:16","guid":{"rendered":"https:\/\/amal.si\/commercial-residential-buildings\/"},"modified":"2020-03-25T10:16:46","modified_gmt":"2020-03-25T09:16:46","slug":"commercial-residential-buildings","status":"publish","type":"page","link":"https:\/\/amal.si\/en\/commercial-residential-buildings\/","title":{"rendered":"Commercial\/residential buildings"},"content":{"rendered":"<h2>\n\t\tCommercial\/residential buildings\n\t<\/h2>\n\t<table border=\"0\" cellspacing=\"1\" cellpadding=\"1\">\n<tbody>\n<tr>\n<td>2006<\/td>\n<td>PSO GLONARJEVA, Ljubljana<\/td>\n<\/tr>\n<tr>\n<td>2006<\/td>\n<td>PSO KMS, \u0160en\u010dur<\/td>\n<\/tr>\n<tr>\n<td>2007<\/td>\n<td>PSO VODNIKOV DVOR, Ljubljana<\/td>\n<\/tr>\n<tr>\n<td>2008<\/td>\n<td>STAN. NASELJE STRU\u017dEVO, Kranj<\/td>\n<\/tr>\n<tr>\n<td>2008\/09<\/td>\n<td>SOSESKA PILON, Ljubljana<\/td>\n<\/tr>\n<tr>\n<td>2009<\/td>\n<td>TURISTI\u010cNA KMETIJA SORTA \u0160tanjel<\/td>\n<\/tr>\n<tr>\n<td>2011<\/td>\n<td>Stanovanjski objekt Alpo, Kranj<\/td>\n<\/tr>\n<\/tbody>\n<\/table>\n\t\t<h3>Inquiry<\/h3>\n\t\t<p>Send us a message and we will be happy to reply as soon as possible!<\/p>\n\t\t\t<a href=\"https:\/\/amal.si\/en\/contact\" target=\"_self\" role=\"button\" rel=\"noopener noreferrer\">\n\t\t\t\t\t\t\tCONTACT\n\t\t\t\t\t<\/a>\n","protected":false},"excerpt":{"rendered":"<p>Commercial\/residential buildings 2006 PSO GLONARJEVA, Ljubljana 2006 PSO KMS, \u0160en\u010dur 2007 PSO VODNIKOV DVOR, Ljubljana 2008 STAN. NASELJE STRU\u017dEVO, Kranj 2008\/09 SOSESKA PILON, Ljubljana 2009 TURISTI\u010cNA KMETIJA SORTA \u0160tanjel 2011 Stanovanjski objekt Alpo, Kranj Inquiry Send us a message and we will be happy to reply as soon as possible! CONTACT<\/p>\n","protected":false},"author":1,"featured_media":0,"parent":0,"menu_order":23,"comment_status":"closed","ping_status":"closed","template":"","meta":{"footnotes":""},"class_list":["post-758","page","type-page","status-publish","hentry"],"yoast_head":"<!-- This site is optimized with the Yoast SEO plugin v27.3 - https:\/\/yoast.com\/product\/yoast-seo-wordpress\/ -->\n<title>Commercial\/residential buildings - AMAL d.o.o.<\/title>\n<meta name=\"robots\" content=\"index, follow, max-snippet:-1, max-image-preview:large, max-video-preview:-1\" \/>\n<link rel=\"canonical\" href=\"https:\/\/amal.si\/en\/commercial-residential-buildings\/\" \/>\n<meta property=\"og:locale\" content=\"en_US\" \/>\n<meta property=\"og:type\" content=\"article\" \/>\n<meta property=\"og:title\" content=\"Commercial\/residential buildings - AMAL d.o.o.\" \/>\n<meta property=\"og:description\" content=\"Commercial\/residential buildings 2006 PSO GLONARJEVA, Ljubljana 2006 PSO KMS, \u0160en\u010dur 2007 PSO VODNIKOV DVOR, Ljubljana 2008 STAN. NASELJE STRU\u017dEVO, Kranj 2008\/09 SOSESKA PILON, Ljubljana 2009 TURISTI\u010cNA KMETIJA SORTA \u0160tanjel 2011 Stanovanjski objekt Alpo, Kranj Inquiry Send us a message and we will be happy to reply as soon as possible! CONTACT\" \/>\n<meta property=\"og:url\" content=\"https:\/\/amal.si\/en\/commercial-residential-buildings\/\" \/>\n<meta property=\"og:site_name\" content=\"AMAL d.o.o.\" \/>\n<meta property=\"article:modified_time\" content=\"2020-03-25T09:16:46+00:00\" \/>\n<meta name=\"twitter:card\" content=\"summary_large_image\" \/>\n<script type=\"application\/ld+json\" class=\"yoast-schema-graph\">{\"@context\":\"https:\\\/\\\/schema.org\",\"@graph\":[{\"@type\":\"WebPage\",\"@id\":\"https:\\\/\\\/amal.si\\\/en\\\/commercial-residential-buildings\\\/\",\"url\":\"https:\\\/\\\/amal.si\\\/en\\\/commercial-residential-buildings\\\/\",\"name\":\"Commercial\\\/residential buildings - AMAL d.o.o.\",\"isPartOf\":{\"@id\":\"https:\\\/\\\/amal.si\\\/en\\\/#website\"},\"datePublished\":\"2019-12-13T07:55:16+00:00\",\"dateModified\":\"2020-03-25T09:16:46+00:00\",\"breadcrumb\":{\"@id\":\"https:\\\/\\\/amal.si\\\/en\\\/commercial-residential-buildings\\\/#breadcrumb\"},\"inLanguage\":\"en-US\",\"potentialAction\":[{\"@type\":\"ReadAction\",\"target\":[\"https:\\\/\\\/amal.si\\\/en\\\/commercial-residential-buildings\\\/\"]}]},{\"@type\":\"BreadcrumbList\",\"@id\":\"https:\\\/\\\/amal.si\\\/en\\\/commercial-residential-buildings\\\/#breadcrumb\",\"itemListElement\":[{\"@type\":\"ListItem\",\"position\":1,\"name\":\"Home\",\"item\":\"https:\\\/\\\/amal.si\\\/en\\\/\"},{\"@type\":\"ListItem\",\"position\":2,\"name\":\"Commercial\\\/residential buildings\"}]},{\"@type\":\"WebSite\",\"@id\":\"https:\\\/\\\/amal.si\\\/en\\\/#website\",\"url\":\"https:\\\/\\\/amal.si\\\/en\\\/\",\"name\":\"AMAL d.o.o.\",\"description\":\"Proizvodnja, trgovina, storitve, in\u017eeniring\",\"potentialAction\":[{\"@type\":\"SearchAction\",\"target\":{\"@type\":\"EntryPoint\",\"urlTemplate\":\"https:\\\/\\\/amal.si\\\/en\\\/?s={search_term_string}\"},\"query-input\":{\"@type\":\"PropertyValueSpecification\",\"valueRequired\":true,\"valueName\":\"search_term_string\"}}],\"inLanguage\":\"en-US\"}]}<\/script>\n<!-- \/ Yoast SEO plugin. -->","yoast_head_json":{"title":"Commercial\/residential buildings - AMAL d.o.o.","robots":{"index":"index","follow":"follow","max-snippet":"max-snippet:-1","max-image-preview":"max-image-preview:large","max-video-preview":"max-video-preview:-1"},"canonical":"https:\/\/amal.si\/en\/commercial-residential-buildings\/","og_locale":"en_US","og_type":"article","og_title":"Commercial\/residential buildings - AMAL d.o.o.","og_description":"Commercial\/residential buildings 2006 PSO GLONARJEVA, Ljubljana 2006 PSO KMS, \u0160en\u010dur 2007 PSO VODNIKOV DVOR, Ljubljana 2008 STAN. NASELJE STRU\u017dEVO, Kranj 2008\/09 SOSESKA PILON, Ljubljana 2009 TURISTI\u010cNA KMETIJA SORTA \u0160tanjel 2011 Stanovanjski objekt Alpo, Kranj Inquiry Send us a message and we will be happy to reply as soon as possible! CONTACT","og_url":"https:\/\/amal.si\/en\/commercial-residential-buildings\/","og_site_name":"AMAL d.o.o.","article_modified_time":"2020-03-25T09:16:46+00:00","twitter_card":"summary_large_image","schema":{"@context":"https:\/\/schema.org","@graph":[{"@type":"WebPage","@id":"https:\/\/amal.si\/en\/commercial-residential-buildings\/","url":"https:\/\/amal.si\/en\/commercial-residential-buildings\/","name":"Commercial\/residential buildings - AMAL d.o.o.","isPartOf":{"@id":"https:\/\/amal.si\/en\/#website"},"datePublished":"2019-12-13T07:55:16+00:00","dateModified":"2020-03-25T09:16:46+00:00","breadcrumb":{"@id":"https:\/\/amal.si\/en\/commercial-residential-buildings\/#breadcrumb"},"inLanguage":"en-US","potentialAction":[{"@type":"ReadAction","target":["https:\/\/amal.si\/en\/commercial-residential-buildings\/"]}]},{"@type":"BreadcrumbList","@id":"https:\/\/amal.si\/en\/commercial-residential-buildings\/#breadcrumb","itemListElement":[{"@type":"ListItem","position":1,"name":"Home","item":"https:\/\/amal.si\/en\/"},{"@type":"ListItem","position":2,"name":"Commercial\/residential buildings"}]},{"@type":"WebSite","@id":"https:\/\/amal.si\/en\/#website","url":"https:\/\/amal.si\/en\/","name":"AMAL d.o.o.","description":"Proizvodnja, trgovina, storitve, in\u017eeniring","potentialAction":[{"@type":"SearchAction","target":{"@type":"EntryPoint","urlTemplate":"https:\/\/amal.si\/en\/?s={search_term_string}"},"query-input":{"@type":"PropertyValueSpecification","valueRequired":true,"valueName":"search_term_string"}}],"inLanguage":"en-US"}]}},"jetpack_sharing_enabled":true,"_links":{"self":[{"href":"https:\/\/amal.si\/en\/wp-json\/wp\/v2\/pages\/758","targetHints":{"allow":["GET"]}}],"collection":[{"href":"https:\/\/amal.si\/en\/wp-json\/wp\/v2\/pages"}],"about":[{"href":"https:\/\/amal.si\/en\/wp-json\/wp\/v2\/types\/page"}],"author":[{"embeddable":true,"href":"https:\/\/amal.si\/en\/wp-json\/wp\/v2\/users\/1"}],"replies":[{"embeddable":true,"href":"https:\/\/amal.si\/en\/wp-json\/wp\/v2\/comments?post=758"}],"version-history":[{"count":1,"href":"https:\/\/amal.si\/en\/wp-json\/wp\/v2\/pages\/758\/revisions"}],"predecessor-version":[{"id":1178,"href":"https:\/\/amal.si\/en\/wp-json\/wp\/v2\/pages\/758\/revisions\/1178"}],"wp:attachment":[{"href":"https:\/\/amal.si\/en\/wp-json\/wp\/v2\/media?parent=758"}],"curies":[{"name":"wp","href":"https:\/\/api.w.org\/{rel}","templated":true}]}}