{"id":760,"date":"2019-12-13T08:56:06","date_gmt":"2019-12-13T07:56:06","guid":{"rendered":"https:\/\/amal.si\/shops-carshowrooms\/"},"modified":"2020-03-25T10:06:34","modified_gmt":"2020-03-25T09:06:34","slug":"shops-carshowrooms","status":"publish","type":"page","link":"https:\/\/amal.si\/en\/shops-carshowrooms\/","title":{"rendered":"Shops, carshowrooms"},"content":{"rendered":"<h2>\n\t\tShops, carshowrooms\n\t<\/h2>\n\t<table border=\"0\" cellspacing=\"1\" cellpadding=\"1\">\n<tbody>\n<tr>\n<td>\n<h3>CARSHOWROOMS<\/h3>\n<\/td>\n<td><\/td>\n<\/tr>\n<tr>\n<td>2000<\/td>\n<td>Volvo salon, Brezovica<\/td>\n<\/tr>\n<tr>\n<td>2003<\/td>\n<td>AUTOCOMMERCE, Zagreb<\/td>\n<\/tr>\n<tr>\n<td>2003<\/td>\n<td>RENAULT, Vrhnika<\/td>\n<\/tr>\n<tr>\n<td>2004<\/td>\n<td>Avtosalon, Podgorica, \u010crna Gora<\/td>\n<\/tr>\n<tr>\n<td>\n<h3>SHOPS<\/h3>\n<\/td>\n<td><\/td>\n<\/tr>\n<tr>\n<td>1995-2004<\/td>\n<td>Astra JAMA &#8211; trgovina, Ljubljana<\/td>\n<\/tr>\n<tr>\n<td>2002<\/td>\n<td>HRIBAR &amp; OTROCI, Kranj<\/td>\n<\/tr>\n<tr>\n<td>2002<\/td>\n<td>INTERDISKONT, Ravne na Koro\u0161kem<\/td>\n<\/tr>\n<tr>\n<td>2002<\/td>\n<td>LESNINA, Vi\u017emarje<\/td>\n<\/tr>\n<tr>\n<td>2003<\/td>\n<td>BUTIK AVANTGARDE, Ljubljana<\/td>\n<\/tr>\n<tr>\n<td>2003<\/td>\n<td>LESNINA, Ho\u010de<\/td>\n<\/tr>\n<tr>\n<td>2003<\/td>\n<td>LESNINA TC Zagreb<\/td>\n<\/tr>\n<tr>\n<td>2003<\/td>\n<td>MERKUR, Hudinja<\/td>\n<\/tr>\n<tr>\n<td>2003<\/td>\n<td>MERKUR, Zagreb<\/td>\n<\/tr>\n<tr>\n<td>2003<\/td>\n<td>Ra\u0161ica, salon, BTC Ljubljana<\/td>\n<\/tr>\n<tr>\n<td>2002<\/td>\n<td>SPAR, Slovenija<\/td>\n<\/tr>\n<tr>\n<td>2004<\/td>\n<td>BUTIK SPORTINA, Lesce<\/td>\n<\/tr>\n<tr>\n<td>2004<\/td>\n<td>BUTIK DIADEMA, LJ, ZG, Zadar<\/td>\n<\/tr>\n<tr>\n<td>2005<\/td>\n<td>TU\u0160, Maribor<\/td>\n<\/tr>\n<tr>\n<td>2005<\/td>\n<td>TU\u0160 CASH&amp;CARRY Slovenj Gradec<\/td>\n<\/tr>\n<tr>\n<td>2005<\/td>\n<td>MERKUR TC MOJSTER, Naklo<\/td>\n<\/tr>\n<tr>\n<td>2004<\/td>\n<td>RIKO HI\u0160E, Ribnica<\/td>\n<\/tr>\n<tr>\n<td>2005<\/td>\n<td>TAL, Radomlje<\/td>\n<\/tr>\n<tr>\n<td>2003-2006<\/td>\n<td>BTC, Ljubljana<\/td>\n<\/tr>\n<tr>\n<td>2006<\/td>\n<td>Sportina TALLY WEIJL, Ptuj<\/td>\n<\/tr>\n<tr>\n<td>2007<\/td>\n<td>Sportina TALLY WEIJL, Maribor<\/td>\n<\/tr>\n<tr>\n<td>2007<\/td>\n<td>Sportina TALLY WEIJL, Ljubljana<\/td>\n<\/tr>\n<tr>\n<td>2008<\/td>\n<td>Sportina, TALLY WEIJL, Kranj<\/td>\n<\/tr>\n<tr>\n<td>2006<\/td>\n<td>KZ Medvode, Medvode<\/td>\n<\/tr>\n<tr>\n<td>2006<\/td>\n<td>Trgovina Mavrica, Celje<\/td>\n<\/tr>\n<tr>\n<td>2007<\/td>\n<td>INPOS, Slovenska Bistrica<\/td>\n<\/tr>\n<tr>\n<td>2008<\/td>\n<td>MERCATOR SUPERNOVA Ljubljana<\/td>\n<\/tr>\n<tr>\n<td>2008<\/td>\n<td>TC BEGRAD, \u010crnomelj<\/td>\n<\/tr>\n<tr>\n<td>2008<\/td>\n<td>MERCATOR TC \u0160martinska, Ljubljana<\/td>\n<\/tr>\n<tr>\n<td>2010<\/td>\n<td>TERRA TSO Ig<\/td>\n<\/tr>\n<tr>\n<td>2011<\/td>\n<td>EUROTON SHOWROOM, Ljubljana<\/td>\n<\/tr>\n<tr>\n<td>2011<\/td>\n<td>Ind. prodajalna Peko, Tr\u017ei\u010d<\/td>\n<\/tr>\n<tr>\n<td>2011<\/td>\n<td>TREND MARKETING, Zagorje<\/td>\n<\/tr>\n<tr>\n<td>2013<\/td>\n<td>ERDU FRIZERSKI SALON, Ljubljana<\/td>\n<\/tr>\n<tr>\n<td>2014<\/td>\n<td>SENICA SALON, \u0160entjur<\/td>\n<\/tr>\n<tr>\n<td>2015<\/td>\n<td>LIDL, Maribor<\/td>\n<\/tr>\n<\/tbody>\n<\/table>\n\t\t<h3>Inquiry<\/h3>\n\t\t<p>Send us a message and we will be happy to reply as soon as possible!<\/p>\n\t\t\t<a href=\"https:\/\/amal.si\/en\/contact\" target=\"_self\" role=\"button\" rel=\"noopener noreferrer\">\n\t\t\t\t\t\t\tCONTACT\n\t\t\t\t\t<\/a>\n","protected":false},"excerpt":{"rendered":"<p>Shops, carshowrooms CARSHOWROOMS 2000 Volvo salon, Brezovica 2003 AUTOCOMMERCE, Zagreb 2003 RENAULT, Vrhnika 2004 Avtosalon, Podgorica, \u010crna Gora SHOPS 1995-2004 Astra JAMA &#8211; trgovina, Ljubljana 2002 HRIBAR &amp; OTROCI, Kranj 2002 INTERDISKONT, Ravne na Koro\u0161kem 2002 LESNINA, Vi\u017emarje 2003 BUTIK AVANTGARDE, Ljubljana 2003 LESNINA, Ho\u010de 2003 LESNINA TC Zagreb 2003 MERKUR, Hudinja 2003 MERKUR, Zagreb&hellip;<\/p>\n","protected":false},"author":1,"featured_media":0,"parent":0,"menu_order":21,"comment_status":"closed","ping_status":"closed","template":"","meta":{"footnotes":""},"class_list":["post-760","page","type-page","status-publish","hentry"],"yoast_head":"<!-- This site is optimized with the Yoast SEO plugin v27.3 - https:\/\/yoast.com\/product\/yoast-seo-wordpress\/ -->\n<title>Shops, carshowrooms - AMAL d.o.o.<\/title>\n<meta name=\"robots\" content=\"index, follow, max-snippet:-1, max-image-preview:large, max-video-preview:-1\" \/>\n<link rel=\"canonical\" href=\"https:\/\/amal.si\/en\/shops-carshowrooms\/\" \/>\n<meta property=\"og:locale\" content=\"en_US\" \/>\n<meta property=\"og:type\" content=\"article\" \/>\n<meta property=\"og:title\" content=\"Shops, carshowrooms - AMAL d.o.o.\" \/>\n<meta property=\"og:description\" content=\"Shops, carshowrooms CARSHOWROOMS 2000 Volvo salon, Brezovica 2003 AUTOCOMMERCE, Zagreb 2003 RENAULT, Vrhnika 2004 Avtosalon, Podgorica, \u010crna Gora SHOPS 1995-2004 Astra JAMA &#8211; trgovina, Ljubljana 2002 HRIBAR &amp; OTROCI, Kranj 2002 INTERDISKONT, Ravne na Koro\u0161kem 2002 LESNINA, Vi\u017emarje 2003 BUTIK AVANTGARDE, Ljubljana 2003 LESNINA, Ho\u010de 2003 LESNINA TC Zagreb 2003 MERKUR, Hudinja 2003 MERKUR, Zagreb&hellip;\" \/>\n<meta property=\"og:url\" content=\"https:\/\/amal.si\/en\/shops-carshowrooms\/\" \/>\n<meta property=\"og:site_name\" content=\"AMAL d.o.o.\" \/>\n<meta property=\"article:modified_time\" content=\"2020-03-25T09:06:34+00:00\" \/>\n<meta name=\"twitter:card\" content=\"summary_large_image\" \/>\n<meta name=\"twitter:label1\" content=\"Est. reading time\" \/>\n\t<meta name=\"twitter:data1\" content=\"1 minute\" \/>\n<script type=\"application\/ld+json\" class=\"yoast-schema-graph\">{\"@context\":\"https:\\\/\\\/schema.org\",\"@graph\":[{\"@type\":\"WebPage\",\"@id\":\"https:\\\/\\\/amal.si\\\/en\\\/shops-carshowrooms\\\/\",\"url\":\"https:\\\/\\\/amal.si\\\/en\\\/shops-carshowrooms\\\/\",\"name\":\"Shops, carshowrooms - AMAL d.o.o.\",\"isPartOf\":{\"@id\":\"https:\\\/\\\/amal.si\\\/en\\\/#website\"},\"datePublished\":\"2019-12-13T07:56:06+00:00\",\"dateModified\":\"2020-03-25T09:06:34+00:00\",\"breadcrumb\":{\"@id\":\"https:\\\/\\\/amal.si\\\/en\\\/shops-carshowrooms\\\/#breadcrumb\"},\"inLanguage\":\"en-US\",\"potentialAction\":[{\"@type\":\"ReadAction\",\"target\":[\"https:\\\/\\\/amal.si\\\/en\\\/shops-carshowrooms\\\/\"]}]},{\"@type\":\"BreadcrumbList\",\"@id\":\"https:\\\/\\\/amal.si\\\/en\\\/shops-carshowrooms\\\/#breadcrumb\",\"itemListElement\":[{\"@type\":\"ListItem\",\"position\":1,\"name\":\"Home\",\"item\":\"https:\\\/\\\/amal.si\\\/en\\\/\"},{\"@type\":\"ListItem\",\"position\":2,\"name\":\"Shops, carshowrooms\"}]},{\"@type\":\"WebSite\",\"@id\":\"https:\\\/\\\/amal.si\\\/en\\\/#website\",\"url\":\"https:\\\/\\\/amal.si\\\/en\\\/\",\"name\":\"AMAL d.o.o.\",\"description\":\"Proizvodnja, trgovina, storitve, in\u017eeniring\",\"potentialAction\":[{\"@type\":\"SearchAction\",\"target\":{\"@type\":\"EntryPoint\",\"urlTemplate\":\"https:\\\/\\\/amal.si\\\/en\\\/?s={search_term_string}\"},\"query-input\":{\"@type\":\"PropertyValueSpecification\",\"valueRequired\":true,\"valueName\":\"search_term_string\"}}],\"inLanguage\":\"en-US\"}]}<\/script>\n<!-- \/ Yoast SEO plugin. -->","yoast_head_json":{"title":"Shops, carshowrooms - AMAL d.o.o.","robots":{"index":"index","follow":"follow","max-snippet":"max-snippet:-1","max-image-preview":"max-image-preview:large","max-video-preview":"max-video-preview:-1"},"canonical":"https:\/\/amal.si\/en\/shops-carshowrooms\/","og_locale":"en_US","og_type":"article","og_title":"Shops, carshowrooms - AMAL d.o.o.","og_description":"Shops, carshowrooms CARSHOWROOMS 2000 Volvo salon, Brezovica 2003 AUTOCOMMERCE, Zagreb 2003 RENAULT, Vrhnika 2004 Avtosalon, Podgorica, \u010crna Gora SHOPS 1995-2004 Astra JAMA &#8211; trgovina, Ljubljana 2002 HRIBAR &amp; OTROCI, Kranj 2002 INTERDISKONT, Ravne na Koro\u0161kem 2002 LESNINA, Vi\u017emarje 2003 BUTIK AVANTGARDE, Ljubljana 2003 LESNINA, Ho\u010de 2003 LESNINA TC Zagreb 2003 MERKUR, Hudinja 2003 MERKUR, Zagreb&hellip;","og_url":"https:\/\/amal.si\/en\/shops-carshowrooms\/","og_site_name":"AMAL d.o.o.","article_modified_time":"2020-03-25T09:06:34+00:00","twitter_card":"summary_large_image","twitter_misc":{"Est. reading time":"1 minute"},"schema":{"@context":"https:\/\/schema.org","@graph":[{"@type":"WebPage","@id":"https:\/\/amal.si\/en\/shops-carshowrooms\/","url":"https:\/\/amal.si\/en\/shops-carshowrooms\/","name":"Shops, carshowrooms - AMAL d.o.o.","isPartOf":{"@id":"https:\/\/amal.si\/en\/#website"},"datePublished":"2019-12-13T07:56:06+00:00","dateModified":"2020-03-25T09:06:34+00:00","breadcrumb":{"@id":"https:\/\/amal.si\/en\/shops-carshowrooms\/#breadcrumb"},"inLanguage":"en-US","potentialAction":[{"@type":"ReadAction","target":["https:\/\/amal.si\/en\/shops-carshowrooms\/"]}]},{"@type":"BreadcrumbList","@id":"https:\/\/amal.si\/en\/shops-carshowrooms\/#breadcrumb","itemListElement":[{"@type":"ListItem","position":1,"name":"Home","item":"https:\/\/amal.si\/en\/"},{"@type":"ListItem","position":2,"name":"Shops, carshowrooms"}]},{"@type":"WebSite","@id":"https:\/\/amal.si\/en\/#website","url":"https:\/\/amal.si\/en\/","name":"AMAL d.o.o.","description":"Proizvodnja, trgovina, storitve, in\u017eeniring","potentialAction":[{"@type":"SearchAction","target":{"@type":"EntryPoint","urlTemplate":"https:\/\/amal.si\/en\/?s={search_term_string}"},"query-input":{"@type":"PropertyValueSpecification","valueRequired":true,"valueName":"search_term_string"}}],"inLanguage":"en-US"}]}},"jetpack_sharing_enabled":true,"_links":{"self":[{"href":"https:\/\/amal.si\/en\/wp-json\/wp\/v2\/pages\/760","targetHints":{"allow":["GET"]}}],"collection":[{"href":"https:\/\/amal.si\/en\/wp-json\/wp\/v2\/pages"}],"about":[{"href":"https:\/\/amal.si\/en\/wp-json\/wp\/v2\/types\/page"}],"author":[{"embeddable":true,"href":"https:\/\/amal.si\/en\/wp-json\/wp\/v2\/users\/1"}],"replies":[{"embeddable":true,"href":"https:\/\/amal.si\/en\/wp-json\/wp\/v2\/comments?post=760"}],"version-history":[{"count":1,"href":"https:\/\/amal.si\/en\/wp-json\/wp\/v2\/pages\/760\/revisions"}],"predecessor-version":[{"id":1176,"href":"https:\/\/amal.si\/en\/wp-json\/wp\/v2\/pages\/760\/revisions\/1176"}],"wp:attachment":[{"href":"https:\/\/amal.si\/en\/wp-json\/wp\/v2\/media?parent=760"}],"curies":[{"name":"wp","href":"https:\/\/api.w.org\/{rel}","templated":true}]}}