{"id":897,"date":"2019-12-13T10:41:28","date_gmt":"2019-12-13T09:41:28","guid":{"rendered":"https:\/\/amal.si\/dom\/"},"modified":"2020-03-26T11:43:30","modified_gmt":"2020-03-26T10:43:30","slug":"dom","status":"publish","type":"page","link":"https:\/\/amal.si\/hr\/dom\/","title":{"rendered":"Dom"},"content":{"rendered":"<h2>\n\t\tBoje i premazi po Va\u0161em ukusu!\n\t<\/h2>\n\t\t\t<a href=\"#povprasevanje\" target=\"_self\" role=\"button\" rel=\"noopener noreferrer\">\n\t\t\t\t\t\t\tPovpra\u0161evanje\n\t\t\t\t\t<\/a>\n<h3>\n\t\tAMAL d.o.o.\n\t<\/h3>\n\t<h3><strong>Tvrtku AMAL d.o.o. smo ustanovili 1991. godine s namjerom da stvorimo cjelovitu ponudu za\u0161tite svih povr\u0161ina u gra\u0111evinarstvu. To obuhva\u0107a za\u0161titu i obnovu podova, zidova i fasada, za sve povr\u0161ine iz betona, cementa, kamena, drva ili metala.<\/strong><\/h3>\n<p>Postigli smo odli\u010dne rezultate kako na podru\u010dju privatne gradnje i obnove tako i u industrijskoj gradnji. Prisutni smo na slovenskom i na stranim tr\u017ei\u0161tima.<\/p>\n<p>2000. godine smo pokrenuli svoju proizvodnju i svoj za\u0161titni znak dvokomponentnih podnih obloga HERPELIN, a 2009. smo razvili i HERPELIN AB s antibakterijskim djelovanjem.<\/p>\n<p>Kvalitetni proizvodi doma\u0107e proizvodnje omogu\u0107avaju jednostavnu uporabu i trajnu kvalitetu obra\u0111enih povr\u0161ina. Klju\u010d do uspjeha su na\u0161e vrhunske ekipe polaga\u010da i na\u0161i vanjski partneri. S njema\u010dkim partnerima smo razvili koncept izrade i ugradnje epoksi podnih obloga za sve vrste objekata u elektro, automobilskoj, prehrambenoj i farmaceutskoj industriji, u bolnicama, gara\u017enim ku\u0107ama, skladi\u0161nim halama i popratnim objektima.<\/p>\n<p>S na\u0161om kvalitetnom proizvodnjom i uslugama smo 2009. godine dobili i oznaku za kvalitet u gra\u0111evinarstvu. Prilikom va\u0161e posjete du\u017enost svakog na\u0161eg radnika je upitati: \u00bbKako vam mo\u017eemo pomo\u0107i?\u00ab.<\/p>\n<p>Dijelit \u0107emo na\u0161e iskustvo sa vama, za va\u0161 uspjeh.<\/p>\n\t\t\t\t<img data-recalc-dims=\"1\" loading=\"lazy\" decoding=\"async\" src=\"https:\/\/i0.wp.com\/amal.si\/wp-content\/uploads\/2019\/08\/homeimprovement-019.jpg?resize=1633%2C1225&#038;ssl=1\" alt=\"homeimprovement-019\" itemprop=\"image\" height=\"1225\" width=\"1633\" title=\"homeimprovement-019\" onerror=\"this.style.display='none'\"  \/>\n\t\t\t\t<a\n\t\t\thref=\"https:\/\/i0.wp.com\/amal.si\/wp-content\/uploads\/2019\/11\/ae92df12-c9a0-43f2-b3a2-dc5878f3ece5.jpg?ssl=1\"\n\t\t\t\t\t\trel=\"nofollow\" data-fancybox=\"images\" \n\t\t\ttitle=\"ae92df12-c9a0-43f2-b3a2-dc5878f3ece5\" \n\t\t\t\t\t\tdata-caption=\"\"\n\t\t\t\t\t\tdata-description=\"\" \n\t\t\titemprop=\"contentUrl\"\n\t\t>\n\t\t<img data-recalc-dims=\"1\" decoding=\"async\" src=\"https:\/\/i0.wp.com\/amal.si\/wp-content\/uploads\/2019\/11\/ae92df12-c9a0-43f2-b3a2-dc5878f3ece5.jpg?ssl=1\" alt=\"\" data-no-lazy=\"1\" itemprop=\"thumbnail\" \/>\n\t\t\t<!-- Overlay Wrapper -->\n\t\t\t <!-- Overlay Wrapper Closed -->\n\t\t\t\t<\/a>\n\t\t\t\t\t\t\t<meta itemprop=\"width\" content=\"600\" \/>\n\t\t\t<meta itemprop=\"height\" content=\"398\" \/>\n\t\t\t\t<a\n\t\t\thref=\"https:\/\/i0.wp.com\/amal.si\/wp-content\/uploads\/2019\/11\/6e6467c3-5863-4192-8945-272d86937da6.jpg?ssl=1\"\n\t\t\t\t\t\trel=\"nofollow\" data-fancybox=\"images\" \n\t\t\ttitle=\"6e6467c3-5863-4192-8945-272d86937da6\" \n\t\t\t\t\t\tdata-caption=\"\"\n\t\t\t\t\t\tdata-description=\"\" \n\t\t\titemprop=\"contentUrl\"\n\t\t>\n\t\t<img data-recalc-dims=\"1\" decoding=\"async\" src=\"https:\/\/i0.wp.com\/amal.si\/wp-content\/uploads\/2019\/11\/6e6467c3-5863-4192-8945-272d86937da6.jpg?ssl=1\" alt=\"\" data-no-lazy=\"1\" itemprop=\"thumbnail\" \/>\n\t\t\t<!-- Overlay Wrapper -->\n\t\t\t <!-- Overlay Wrapper Closed -->\n\t\t\t\t<\/a>\n\t\t\t\t\t\t\t<meta itemprop=\"width\" content=\"600\" \/>\n\t\t\t<meta itemprop=\"height\" content=\"390\" \/>\n\t\t\t\t<a\n\t\t\thref=\"https:\/\/i0.wp.com\/amal.si\/wp-content\/uploads\/2019\/11\/49b2faeb-9696-4ab5-a664-bf60d1c62914.jpg?ssl=1\"\n\t\t\t\t\t\trel=\"nofollow\" data-fancybox=\"images\" \n\t\t\ttitle=\"49b2faeb-9696-4ab5-a664-bf60d1c62914\" \n\t\t\t\t\t\tdata-caption=\"\"\n\t\t\t\t\t\tdata-description=\"\" \n\t\t\titemprop=\"contentUrl\"\n\t\t>\n\t\t<img data-recalc-dims=\"1\" decoding=\"async\" src=\"https:\/\/i0.wp.com\/amal.si\/wp-content\/uploads\/2019\/11\/49b2faeb-9696-4ab5-a664-bf60d1c62914.jpg?ssl=1\" alt=\"\" data-no-lazy=\"1\" itemprop=\"thumbnail\" \/>\n\t\t\t<!-- Overlay Wrapper -->\n\t\t\t <!-- Overlay Wrapper Closed -->\n\t\t\t\t<\/a>\n\t\t\t\t\t\t\t<meta itemprop=\"width\" content=\"600\" \/>\n\t\t\t<meta itemprop=\"height\" content=\"399\" \/>\n\t<h3>\n\t\tPRODAJNI PROGRAM, USLUGE IN REFERENCE\n\t<\/h3>\n\t\t<h4><a href=\"https:\/\/amal.si\/hr\/prodajni-program\/\" target=\"_self\" rel=\"noopener noreferrer\">Prodajni program<\/a><\/h4>\t\t\n\t\t\t<a href=\"https:\/\/amal.si\/hr\/prodajni-program\/\" target=\"_self\" role=\"button\" rel=\"noopener noreferrer\">\n\t\t\t\t\t\t\tPro\u010ditajte vi\u0161e\n\t\t\t\t\t<\/a>\n\t\t<h4><a href=\"https:\/\/amal.si\/hr\/usluge\/\" target=\"_self\" rel=\"noopener noreferrer\">Usluge<\/a><\/h4>\t\t\n\t\t\t<a href=\"https:\/\/amal.si\/hr\/usluge\/\" target=\"_self\" role=\"button\" rel=\"noopener noreferrer\">\n\t\t\t\t\t\t\tStoritve\n\t\t\t\t\t<\/a>\n\t\t<h4><a href=\"https:\/\/amal.si\/hr\/katalozi\/\" target=\"_self\" rel=\"noopener noreferrer\">Katalozi<\/a><\/h4>\t\t\n\t\t\t<a href=\"https:\/\/amal.si\/hr\/katalozi\/\" target=\"_self\" role=\"button\" rel=\"noopener noreferrer\">\n\t\t\t\t\t\t\tPro\u010ditajte vi\u0161e\n\t\t\t\t\t<\/a>\n\t\t<h4><a href=\"https:\/\/amal.si\/hr\/boje-i-premazi\/\" target=\"_self\" rel=\"noopener noreferrer\">Boje i premazi<\/a><\/h4>\t\t\n\t\t\t<a href=\"https:\/\/amal.si\/hr\/boje-i-premazi\/\" target=\"_self\" role=\"button\" rel=\"noopener noreferrer\">\n\t\t\t\t\t\t\tPro\u010ditajte vi\u0161e\n\t\t\t\t\t<\/a>\n\t\t<h4><a href=\"https:\/\/amal.si\/hr\/epoksidne-parne-brane\/\" target=\"_self\" rel=\"noopener noreferrer\">Epoksidne parne brane<\/a><\/h4>\t\t\n\t\t\t<a href=\"https:\/\/amal.si\/hr\/epoksidne-parne-brane\/\" target=\"_self\" role=\"button\" rel=\"noopener noreferrer\">\n\t\t\t\t\t\t\tPro\u010ditajte vi\u0161e\n\t\t\t\t\t<\/a>\n\t\t<h4><a href=\"https:\/\/amal.si\/hr\/reference\/\" target=\"_self\" rel=\"noopener noreferrer\">Reference<\/a><\/h4>\t\t\n\t\t\t<a href=\"https:\/\/amal.si\/hr\/reference\/\" target=\"_self\" role=\"button\" rel=\"noopener noreferrer\">\n\t\t\t\t\t\t\tPro\u010ditajte vi\u0161e\n\t\t\t\t\t<\/a>\n\t\t<h3>Povpra\u0161evanje<\/h3>\n\t\t<p>Po\u0161ljite nam sporo\u010dilo in z veseljem Vam bomo odgovorili v najkraj\u0161em mo\u017enem \u010dasu!<\/p>\n\t\t\t<a href=\"https:\/\/amal.si\/kontakt\/\" target=\"_self\" role=\"button\" rel=\"noopener noreferrer\">\n\t\t\t\t\t\t\tKONTAKT\n\t\t\t\t\t<\/a>\n<h3>\n\t\tAntibakterijske boje AMAL AB i antibakterijski premazi Herpelin AB\n\t<\/h3>\n\t<p>Antibakterijske boje AMAL AB i antibakterijski premazi Herpelin AB za bolnice, pred\u0161kolske ustanove, \u0161kole, domove za stara lica, laboratorije i farmaceutsku industriju s me\u0111unarodnim sertifikatom!<\/p>\n\t\t\t\t<img data-recalc-dims=\"1\" loading=\"lazy\" decoding=\"async\" src=\"https:\/\/i0.wp.com\/amal.si\/wp-content\/uploads\/2019\/11\/7d9c6092-0b29-4f90-9cb2-30a3a1dcea19.jpg?resize=296%2C184&#038;ssl=1\" alt=\"7d9c6092-0b29-4f90-9cb2-30a3a1dcea19\" itemprop=\"image\" height=\"184\" width=\"296\" title=\"7d9c6092-0b29-4f90-9cb2-30a3a1dcea19\" onerror=\"this.style.display='none'\"  \/>\n<h3>\n\t\tVIJESTI\n\t<\/h3>\n\t\t<p>Na\u017ealost, nismo uspjeli prona\u0107i nijednu objavu. Poku\u0161ajte s drugim pretra\u017eivanjima.<\/p>\n\t\t\t\t<form aria-label=\"Search\" method=\"get\" role=\"search\" action=\"https:\/\/amal.si\/hr\/\" title=\"Upi\u0161ite pojam i pritisnite Enter za tra\u017eenje.\">\n\t<input aria-label=\"Search\" type=\"search\" name=\"s\" value=\"Pretra\u017ei\" onfocus=\"if (this.value === 'Pretra\u017ei') { this.value = ''; }\" onblur=\"if (this.value === '') this.value='Pretra\u017ei';\" \/>\n<\/form>\n\t\t\t<a href=\"https:\/\/amal.si\/hr\/vijesti\/\" target=\"_self\" role=\"button\" rel=\"noopener noreferrer\">\n\t\t\t\t\t\t\tSve vijesti\n\t\t\t\t\t<\/a>\n<h3>\n\t\tKONTAKT \/ UPIT\n\t<\/h3>\n<h4>ADRESA<\/h4>\t\t\n\t\t\tKoprska ulica 64,<br \/>\n1000 Ljubljana, Slovenija\n<h4>TELEFON<\/h4>\t\t\n\t\t\t<p><a href=\"tel:012007740\">01 200 77 40<\/a><\/p>\n<h4>E-MAIL<\/h4>\t\t\n\t\t\t<p><a href=\"mailto:info@amal.si\">info@amal.si<\/a><\/p>\n\t<iframe src=\"https:\/\/www.google.com\/maps\/embed\/v1\/place?q=Koprska+ulica+64%2C+1000+Ljubljana%2C+Slovenija&#038;key=AIzaSyD09zQ9PNDNNy9TadMuzRV_UsPUoWKntt8\" aria-hidden=\"true\"><\/iframe>\n","protected":false},"excerpt":{"rendered":"<p>Boje i premazi po Va\u0161em ukusu! Povpra\u0161evanje AMAL d.o.o. Tvrtku AMAL d.o.o. smo ustanovili 1991. godine s namjerom da stvorimo cjelovitu ponudu za\u0161tite svih povr\u0161ina u gra\u0111evinarstvu. To obuhva\u0107a za\u0161titu i obnovu podova, zidova i fasada, za sve povr\u0161ine iz betona, cementa, kamena, drva ili metala. Postigli smo odli\u010dne rezultate kako na podru\u010dju privatne gradnje&hellip;<\/p>\n","protected":false},"author":1,"featured_media":3898,"parent":0,"menu_order":1,"comment_status":"closed","ping_status":"closed","template":"","meta":{"footnotes":""},"class_list":["post-897","page","type-page","status-publish","has-post-thumbnail","hentry"],"yoast_head":"<!-- This site is optimized with the Yoast SEO plugin v27.3 - https:\/\/yoast.com\/product\/yoast-seo-wordpress\/ -->\n<title>Dom - AMAL d.o.o.<\/title>\n<meta name=\"robots\" content=\"index, follow, max-snippet:-1, max-image-preview:large, max-video-preview:-1\" \/>\n<link rel=\"canonical\" href=\"https:\/\/amal.si\/hr\/dom\/\" \/>\n<meta property=\"og:locale\" content=\"hr_HR\" \/>\n<meta property=\"og:type\" content=\"article\" \/>\n<meta property=\"og:title\" content=\"Dom - AMAL d.o.o.\" \/>\n<meta property=\"og:description\" content=\"Boje i premazi po Va\u0161em ukusu! Povpra\u0161evanje AMAL d.o.o. Tvrtku AMAL d.o.o. smo ustanovili 1991. godine s namjerom da stvorimo cjelovitu ponudu za\u0161tite svih povr\u0161ina u gra\u0111evinarstvu. To obuhva\u0107a za\u0161titu i obnovu podova, zidova i fasada, za sve povr\u0161ine iz betona, cementa, kamena, drva ili metala. Postigli smo odli\u010dne rezultate kako na podru\u010dju privatne gradnje&hellip;\" \/>\n<meta property=\"og:url\" content=\"https:\/\/amal.si\/hr\/dom\/\" \/>\n<meta property=\"og:site_name\" content=\"AMAL d.o.o.\" \/>\n<meta property=\"article:modified_time\" content=\"2020-03-26T10:43:30+00:00\" \/>\n<meta property=\"og:image\" content=\"https:\/\/amal.si\/wp-content\/uploads\/2019\/08\/homeimprovement-019.jpg\" \/>\n<meta name=\"twitter:card\" content=\"summary_large_image\" \/>\n<meta name=\"twitter:label1\" content=\"Procijenjeno vrijeme \u010ditanja\" \/>\n\t<meta name=\"twitter:data1\" content=\"2 minute\" \/>\n<script type=\"application\/ld+json\" class=\"yoast-schema-graph\">{\"@context\":\"https:\\\/\\\/schema.org\",\"@graph\":[{\"@type\":\"WebPage\",\"@id\":\"https:\\\/\\\/amal.si\\\/hr\\\/dom\\\/\",\"url\":\"https:\\\/\\\/amal.si\\\/hr\\\/dom\\\/\",\"name\":\"Dom - AMAL d.o.o.\",\"isPartOf\":{\"@id\":\"https:\\\/\\\/amal.si\\\/hr\\\/#website\"},\"primaryImageOfPage\":{\"@id\":\"https:\\\/\\\/amal.si\\\/hr\\\/dom\\\/#primaryimage\"},\"image\":{\"@id\":\"https:\\\/\\\/amal.si\\\/hr\\\/dom\\\/#primaryimage\"},\"thumbnailUrl\":\"https:\\\/\\\/i0.wp.com\\\/amal.si\\\/wp-content\\\/uploads\\\/2024\\\/05\\\/AMAL-logo-kvadrat.jpg?fit=1500%2C1500&ssl=1\",\"datePublished\":\"2019-12-13T09:41:28+00:00\",\"dateModified\":\"2020-03-26T10:43:30+00:00\",\"breadcrumb\":{\"@id\":\"https:\\\/\\\/amal.si\\\/hr\\\/dom\\\/#breadcrumb\"},\"inLanguage\":\"hr\",\"potentialAction\":[{\"@type\":\"ReadAction\",\"target\":[\"https:\\\/\\\/amal.si\\\/hr\\\/dom\\\/\"]}]},{\"@type\":\"ImageObject\",\"inLanguage\":\"hr\",\"@id\":\"https:\\\/\\\/amal.si\\\/hr\\\/dom\\\/#primaryimage\",\"url\":\"https:\\\/\\\/i0.wp.com\\\/amal.si\\\/wp-content\\\/uploads\\\/2024\\\/05\\\/AMAL-logo-kvadrat.jpg?fit=1500%2C1500&ssl=1\",\"contentUrl\":\"https:\\\/\\\/i0.wp.com\\\/amal.si\\\/wp-content\\\/uploads\\\/2024\\\/05\\\/AMAL-logo-kvadrat.jpg?fit=1500%2C1500&ssl=1\",\"width\":1500,\"height\":1500},{\"@type\":\"BreadcrumbList\",\"@id\":\"https:\\\/\\\/amal.si\\\/hr\\\/dom\\\/#breadcrumb\",\"itemListElement\":[{\"@type\":\"ListItem\",\"position\":1,\"name\":\"Home\",\"item\":\"https:\\\/\\\/amal.si\\\/hr\\\/\"},{\"@type\":\"ListItem\",\"position\":2,\"name\":\"Dom\"}]},{\"@type\":\"WebSite\",\"@id\":\"https:\\\/\\\/amal.si\\\/hr\\\/#website\",\"url\":\"https:\\\/\\\/amal.si\\\/hr\\\/\",\"name\":\"AMAL d.o.o.\",\"description\":\"Proizvodnja, trgovina, storitve, in\u017eeniring\",\"potentialAction\":[{\"@type\":\"SearchAction\",\"target\":{\"@type\":\"EntryPoint\",\"urlTemplate\":\"https:\\\/\\\/amal.si\\\/hr\\\/?s={search_term_string}\"},\"query-input\":{\"@type\":\"PropertyValueSpecification\",\"valueRequired\":true,\"valueName\":\"search_term_string\"}}],\"inLanguage\":\"hr\"}]}<\/script>\n<!-- \/ Yoast SEO plugin. -->","yoast_head_json":{"title":"Dom - AMAL d.o.o.","robots":{"index":"index","follow":"follow","max-snippet":"max-snippet:-1","max-image-preview":"max-image-preview:large","max-video-preview":"max-video-preview:-1"},"canonical":"https:\/\/amal.si\/hr\/dom\/","og_locale":"hr_HR","og_type":"article","og_title":"Dom - AMAL d.o.o.","og_description":"Boje i premazi po Va\u0161em ukusu! Povpra\u0161evanje AMAL d.o.o. Tvrtku AMAL d.o.o. smo ustanovili 1991. godine s namjerom da stvorimo cjelovitu ponudu za\u0161tite svih povr\u0161ina u gra\u0111evinarstvu. To obuhva\u0107a za\u0161titu i obnovu podova, zidova i fasada, za sve povr\u0161ine iz betona, cementa, kamena, drva ili metala. Postigli smo odli\u010dne rezultate kako na podru\u010dju privatne gradnje&hellip;","og_url":"https:\/\/amal.si\/hr\/dom\/","og_site_name":"AMAL d.o.o.","article_modified_time":"2020-03-26T10:43:30+00:00","og_image":[{"url":"https:\/\/amal.si\/wp-content\/uploads\/2019\/08\/homeimprovement-019.jpg","type":"","width":"","height":""}],"twitter_card":"summary_large_image","twitter_misc":{"Procijenjeno vrijeme \u010ditanja":"2 minute"},"schema":{"@context":"https:\/\/schema.org","@graph":[{"@type":"WebPage","@id":"https:\/\/amal.si\/hr\/dom\/","url":"https:\/\/amal.si\/hr\/dom\/","name":"Dom - AMAL d.o.o.","isPartOf":{"@id":"https:\/\/amal.si\/hr\/#website"},"primaryImageOfPage":{"@id":"https:\/\/amal.si\/hr\/dom\/#primaryimage"},"image":{"@id":"https:\/\/amal.si\/hr\/dom\/#primaryimage"},"thumbnailUrl":"https:\/\/i0.wp.com\/amal.si\/wp-content\/uploads\/2024\/05\/AMAL-logo-kvadrat.jpg?fit=1500%2C1500&ssl=1","datePublished":"2019-12-13T09:41:28+00:00","dateModified":"2020-03-26T10:43:30+00:00","breadcrumb":{"@id":"https:\/\/amal.si\/hr\/dom\/#breadcrumb"},"inLanguage":"hr","potentialAction":[{"@type":"ReadAction","target":["https:\/\/amal.si\/hr\/dom\/"]}]},{"@type":"ImageObject","inLanguage":"hr","@id":"https:\/\/amal.si\/hr\/dom\/#primaryimage","url":"https:\/\/i0.wp.com\/amal.si\/wp-content\/uploads\/2024\/05\/AMAL-logo-kvadrat.jpg?fit=1500%2C1500&ssl=1","contentUrl":"https:\/\/i0.wp.com\/amal.si\/wp-content\/uploads\/2024\/05\/AMAL-logo-kvadrat.jpg?fit=1500%2C1500&ssl=1","width":1500,"height":1500},{"@type":"BreadcrumbList","@id":"https:\/\/amal.si\/hr\/dom\/#breadcrumb","itemListElement":[{"@type":"ListItem","position":1,"name":"Home","item":"https:\/\/amal.si\/hr\/"},{"@type":"ListItem","position":2,"name":"Dom"}]},{"@type":"WebSite","@id":"https:\/\/amal.si\/hr\/#website","url":"https:\/\/amal.si\/hr\/","name":"AMAL d.o.o.","description":"Proizvodnja, trgovina, storitve, in\u017eeniring","potentialAction":[{"@type":"SearchAction","target":{"@type":"EntryPoint","urlTemplate":"https:\/\/amal.si\/hr\/?s={search_term_string}"},"query-input":{"@type":"PropertyValueSpecification","valueRequired":true,"valueName":"search_term_string"}}],"inLanguage":"hr"}]}},"jetpack_sharing_enabled":true,"_links":{"self":[{"href":"https:\/\/amal.si\/hr\/wp-json\/wp\/v2\/pages\/897","targetHints":{"allow":["GET"]}}],"collection":[{"href":"https:\/\/amal.si\/hr\/wp-json\/wp\/v2\/pages"}],"about":[{"href":"https:\/\/amal.si\/hr\/wp-json\/wp\/v2\/types\/page"}],"author":[{"embeddable":true,"href":"https:\/\/amal.si\/hr\/wp-json\/wp\/v2\/users\/1"}],"replies":[{"embeddable":true,"href":"https:\/\/amal.si\/hr\/wp-json\/wp\/v2\/comments?post=897"}],"version-history":[{"count":5,"href":"https:\/\/amal.si\/hr\/wp-json\/wp\/v2\/pages\/897\/revisions"}],"predecessor-version":[{"id":1277,"href":"https:\/\/amal.si\/hr\/wp-json\/wp\/v2\/pages\/897\/revisions\/1277"}],"wp:featuredmedia":[{"embeddable":true,"href":"https:\/\/amal.si\/hr\/wp-json\/wp\/v2\/media\/3898"}],"wp:attachment":[{"href":"https:\/\/amal.si\/hr\/wp-json\/wp\/v2\/media?parent=897"}],"curies":[{"name":"wp","href":"https:\/\/api.w.org\/{rel}","templated":true}]}}