{"id":907,"date":"2019-12-13T10:54:17","date_gmt":"2019-12-13T09:54:17","guid":{"rendered":"https:\/\/amal.si\/antibakterijski-program\/"},"modified":"2020-03-25T09:48:35","modified_gmt":"2020-03-25T08:48:35","slug":"antibakterijski-program","status":"publish","type":"page","link":"https:\/\/amal.si\/hr\/antibakterijski-program\/","title":{"rendered":"Antibakterijski program"},"content":{"rendered":"<h2>\n\t\tAntibakterijski program\n\t<\/h2>\n\t<p>&nbsp;<\/p>\n\t<p>&nbsp;<\/p>\n\t\t\t\t<img data-recalc-dims=\"1\" loading=\"lazy\" decoding=\"async\" src=\"https:\/\/i0.wp.com\/amal.si\/wp-content\/uploads\/2019\/11\/1336ea51-4144-4211-87ab-011d89360900.jpg?resize=800%2C487&#038;ssl=1\" alt=\"1336ea51-4144-4211-87ab-011d89360900\" itemprop=\"image\" height=\"487\" width=\"800\" title=\"1336ea51-4144-4211-87ab-011d89360900\" onerror=\"this.style.display='none'\"  \/>\n\t<p>&nbsp;<\/p>\n\t\t\t\t<img data-recalc-dims=\"1\" loading=\"lazy\" decoding=\"async\" src=\"https:\/\/i0.wp.com\/amal.si\/wp-content\/uploads\/2019\/11\/972dcdac-82ab-4596-94e3-24a33efe00f7.jpg?resize=800%2C487&#038;ssl=1\" alt=\"972dcdac-82ab-4596-94e3-24a33efe00f7\" itemprop=\"image\" height=\"487\" width=\"800\" title=\"972dcdac-82ab-4596-94e3-24a33efe00f7\" onerror=\"this.style.display='none'\"  \/>\n\t<p>&nbsp;<\/p>\n\t\t\t\t<img data-recalc-dims=\"1\" loading=\"lazy\" decoding=\"async\" src=\"https:\/\/i0.wp.com\/amal.si\/wp-content\/uploads\/2019\/11\/2837ade2-cb58-4913-9ae0-e6d35f4591f9.jpg?resize=800%2C487&#038;ssl=1\" alt=\"2837ade2-cb58-4913-9ae0-e6d35f4591f9\" itemprop=\"image\" height=\"487\" width=\"800\" title=\"2837ade2-cb58-4913-9ae0-e6d35f4591f9\" onerror=\"this.style.display='none'\"  \/>\n\t<p>&nbsp;<\/p>\n\t<p>&nbsp;<\/p>\n\t\t\t\t<img data-recalc-dims=\"1\" loading=\"lazy\" decoding=\"async\" src=\"https:\/\/i0.wp.com\/amal.si\/wp-content\/uploads\/2019\/11\/c5802758-584f-45d4-a58c-37c567a99d8c.jpg?resize=800%2C600&#038;ssl=1\" alt=\"c5802758-584f-45d4-a58c-37c567a99d8c\" itemprop=\"image\" height=\"600\" width=\"800\" title=\"c5802758-584f-45d4-a58c-37c567a99d8c\" onerror=\"this.style.display='none'\"  \/>\n\t<p>&nbsp;<\/p>\n\t\t\t\t<img data-recalc-dims=\"1\" loading=\"lazy\" decoding=\"async\" src=\"https:\/\/i0.wp.com\/amal.si\/wp-content\/uploads\/2019\/11\/f9786b13-15a3-4ab7-8ceb-865a1816cbf3-1.jpg?resize=800%2C531&#038;ssl=1\" alt=\"f9786b13-15a3-4ab7-8ceb-865a1816cbf3 (1)\" itemprop=\"image\" height=\"531\" width=\"800\" title=\"f9786b13-15a3-4ab7-8ceb-865a1816cbf3 (1)\" onerror=\"this.style.display='none'\"  \/>\n\t<p>&nbsp;<\/p>\n\t\t\t\t<img data-recalc-dims=\"1\" loading=\"lazy\" decoding=\"async\" src=\"https:\/\/i0.wp.com\/amal.si\/wp-content\/uploads\/2019\/11\/f1806fc8-e18b-4aa5-9872-b0c8a10790e9.jpg?resize=800%2C503&#038;ssl=1\" alt=\"f1806fc8-e18b-4aa5-9872-b0c8a10790e9\" itemprop=\"image\" height=\"503\" width=\"800\" title=\"f1806fc8-e18b-4aa5-9872-b0c8a10790e9\" onerror=\"this.style.display='none'\"  \/>\n\t\t<h3>Potra\u017enja<\/h3>\n\t\t<p>Po\u0161aljite nam poruku i rado \u0107emo odgovoriti \u0161to je prije mogu\u0107e!<\/p>\n\t\t\t<a href=\"https:\/\/amal.si\/hr\/kontakt\/\" target=\"_self\" role=\"button\" rel=\"noopener noreferrer\">\n\t\t\t\t\t\t\tKONTAKT\n\t\t\t\t\t<\/a>\n","protected":false},"excerpt":{"rendered":"<p>Antibakterijski program &nbsp; &nbsp; &nbsp; &nbsp; &nbsp; &nbsp; &nbsp; &nbsp; Potra\u017enja Po\u0161aljite nam poruku i rado \u0107emo odgovoriti \u0161to je prije mogu\u0107e! KONTAKT<\/p>\n","protected":false},"author":1,"featured_media":0,"parent":0,"menu_order":6,"comment_status":"closed","ping_status":"closed","template":"","meta":{"footnotes":""},"class_list":["post-907","page","type-page","status-publish","hentry"],"yoast_head":"<!-- This site is optimized with the Yoast SEO plugin v27.3 - https:\/\/yoast.com\/product\/yoast-seo-wordpress\/ -->\n<title>Antibakterijski program - AMAL d.o.o.<\/title>\n<meta name=\"robots\" content=\"index, follow, max-snippet:-1, max-image-preview:large, max-video-preview:-1\" \/>\n<link rel=\"canonical\" href=\"https:\/\/amal.si\/hr\/antibakterijski-program\/\" \/>\n<meta property=\"og:locale\" content=\"hr_HR\" \/>\n<meta property=\"og:type\" content=\"article\" \/>\n<meta property=\"og:title\" content=\"Antibakterijski program - AMAL d.o.o.\" \/>\n<meta property=\"og:description\" content=\"Antibakterijski program &nbsp; &nbsp; &nbsp; &nbsp; &nbsp; &nbsp; &nbsp; &nbsp; Potra\u017enja Po\u0161aljite nam poruku i rado \u0107emo odgovoriti \u0161to je prije mogu\u0107e! KONTAKT\" \/>\n<meta property=\"og:url\" content=\"https:\/\/amal.si\/hr\/antibakterijski-program\/\" \/>\n<meta property=\"og:site_name\" content=\"AMAL d.o.o.\" \/>\n<meta property=\"article:modified_time\" content=\"2020-03-25T08:48:35+00:00\" \/>\n<meta property=\"og:image\" content=\"https:\/\/amal.si\/wp-content\/uploads\/2019\/11\/1336ea51-4144-4211-87ab-011d89360900.jpg\" \/>\n<meta name=\"twitter:card\" content=\"summary_large_image\" \/>\n<script type=\"application\/ld+json\" class=\"yoast-schema-graph\">{\"@context\":\"https:\\\/\\\/schema.org\",\"@graph\":[{\"@type\":\"WebPage\",\"@id\":\"https:\\\/\\\/amal.si\\\/hr\\\/antibakterijski-program\\\/\",\"url\":\"https:\\\/\\\/amal.si\\\/hr\\\/antibakterijski-program\\\/\",\"name\":\"Antibakterijski program - AMAL d.o.o.\",\"isPartOf\":{\"@id\":\"https:\\\/\\\/amal.si\\\/hr\\\/#website\"},\"primaryImageOfPage\":{\"@id\":\"https:\\\/\\\/amal.si\\\/hr\\\/antibakterijski-program\\\/#primaryimage\"},\"image\":{\"@id\":\"https:\\\/\\\/amal.si\\\/hr\\\/antibakterijski-program\\\/#primaryimage\"},\"thumbnailUrl\":\"https:\\\/\\\/amal.si\\\/wp-content\\\/uploads\\\/2019\\\/11\\\/1336ea51-4144-4211-87ab-011d89360900.jpg\",\"datePublished\":\"2019-12-13T09:54:17+00:00\",\"dateModified\":\"2020-03-25T08:48:35+00:00\",\"breadcrumb\":{\"@id\":\"https:\\\/\\\/amal.si\\\/hr\\\/antibakterijski-program\\\/#breadcrumb\"},\"inLanguage\":\"hr\",\"potentialAction\":[{\"@type\":\"ReadAction\",\"target\":[\"https:\\\/\\\/amal.si\\\/hr\\\/antibakterijski-program\\\/\"]}]},{\"@type\":\"ImageObject\",\"inLanguage\":\"hr\",\"@id\":\"https:\\\/\\\/amal.si\\\/hr\\\/antibakterijski-program\\\/#primaryimage\",\"url\":\"https:\\\/\\\/amal.si\\\/wp-content\\\/uploads\\\/2019\\\/11\\\/1336ea51-4144-4211-87ab-011d89360900.jpg\",\"contentUrl\":\"https:\\\/\\\/amal.si\\\/wp-content\\\/uploads\\\/2019\\\/11\\\/1336ea51-4144-4211-87ab-011d89360900.jpg\"},{\"@type\":\"BreadcrumbList\",\"@id\":\"https:\\\/\\\/amal.si\\\/hr\\\/antibakterijski-program\\\/#breadcrumb\",\"itemListElement\":[{\"@type\":\"ListItem\",\"position\":1,\"name\":\"Home\",\"item\":\"https:\\\/\\\/amal.si\\\/hr\\\/\"},{\"@type\":\"ListItem\",\"position\":2,\"name\":\"Antibakterijski program\"}]},{\"@type\":\"WebSite\",\"@id\":\"https:\\\/\\\/amal.si\\\/hr\\\/#website\",\"url\":\"https:\\\/\\\/amal.si\\\/hr\\\/\",\"name\":\"AMAL d.o.o.\",\"description\":\"Proizvodnja, trgovina, storitve, in\u017eeniring\",\"potentialAction\":[{\"@type\":\"SearchAction\",\"target\":{\"@type\":\"EntryPoint\",\"urlTemplate\":\"https:\\\/\\\/amal.si\\\/hr\\\/?s={search_term_string}\"},\"query-input\":{\"@type\":\"PropertyValueSpecification\",\"valueRequired\":true,\"valueName\":\"search_term_string\"}}],\"inLanguage\":\"hr\"}]}<\/script>\n<!-- \/ Yoast SEO plugin. -->","yoast_head_json":{"title":"Antibakterijski program - AMAL d.o.o.","robots":{"index":"index","follow":"follow","max-snippet":"max-snippet:-1","max-image-preview":"max-image-preview:large","max-video-preview":"max-video-preview:-1"},"canonical":"https:\/\/amal.si\/hr\/antibakterijski-program\/","og_locale":"hr_HR","og_type":"article","og_title":"Antibakterijski program - AMAL d.o.o.","og_description":"Antibakterijski program &nbsp; &nbsp; &nbsp; &nbsp; &nbsp; &nbsp; &nbsp; &nbsp; Potra\u017enja Po\u0161aljite nam poruku i rado \u0107emo odgovoriti \u0161to je prije mogu\u0107e! KONTAKT","og_url":"https:\/\/amal.si\/hr\/antibakterijski-program\/","og_site_name":"AMAL d.o.o.","article_modified_time":"2020-03-25T08:48:35+00:00","og_image":[{"url":"https:\/\/amal.si\/wp-content\/uploads\/2019\/11\/1336ea51-4144-4211-87ab-011d89360900.jpg","type":"","width":"","height":""}],"twitter_card":"summary_large_image","schema":{"@context":"https:\/\/schema.org","@graph":[{"@type":"WebPage","@id":"https:\/\/amal.si\/hr\/antibakterijski-program\/","url":"https:\/\/amal.si\/hr\/antibakterijski-program\/","name":"Antibakterijski program - AMAL d.o.o.","isPartOf":{"@id":"https:\/\/amal.si\/hr\/#website"},"primaryImageOfPage":{"@id":"https:\/\/amal.si\/hr\/antibakterijski-program\/#primaryimage"},"image":{"@id":"https:\/\/amal.si\/hr\/antibakterijski-program\/#primaryimage"},"thumbnailUrl":"https:\/\/amal.si\/wp-content\/uploads\/2019\/11\/1336ea51-4144-4211-87ab-011d89360900.jpg","datePublished":"2019-12-13T09:54:17+00:00","dateModified":"2020-03-25T08:48:35+00:00","breadcrumb":{"@id":"https:\/\/amal.si\/hr\/antibakterijski-program\/#breadcrumb"},"inLanguage":"hr","potentialAction":[{"@type":"ReadAction","target":["https:\/\/amal.si\/hr\/antibakterijski-program\/"]}]},{"@type":"ImageObject","inLanguage":"hr","@id":"https:\/\/amal.si\/hr\/antibakterijski-program\/#primaryimage","url":"https:\/\/amal.si\/wp-content\/uploads\/2019\/11\/1336ea51-4144-4211-87ab-011d89360900.jpg","contentUrl":"https:\/\/amal.si\/wp-content\/uploads\/2019\/11\/1336ea51-4144-4211-87ab-011d89360900.jpg"},{"@type":"BreadcrumbList","@id":"https:\/\/amal.si\/hr\/antibakterijski-program\/#breadcrumb","itemListElement":[{"@type":"ListItem","position":1,"name":"Home","item":"https:\/\/amal.si\/hr\/"},{"@type":"ListItem","position":2,"name":"Antibakterijski program"}]},{"@type":"WebSite","@id":"https:\/\/amal.si\/hr\/#website","url":"https:\/\/amal.si\/hr\/","name":"AMAL d.o.o.","description":"Proizvodnja, trgovina, storitve, in\u017eeniring","potentialAction":[{"@type":"SearchAction","target":{"@type":"EntryPoint","urlTemplate":"https:\/\/amal.si\/hr\/?s={search_term_string}"},"query-input":{"@type":"PropertyValueSpecification","valueRequired":true,"valueName":"search_term_string"}}],"inLanguage":"hr"}]}},"jetpack_sharing_enabled":true,"_links":{"self":[{"href":"https:\/\/amal.si\/hr\/wp-json\/wp\/v2\/pages\/907","targetHints":{"allow":["GET"]}}],"collection":[{"href":"https:\/\/amal.si\/hr\/wp-json\/wp\/v2\/pages"}],"about":[{"href":"https:\/\/amal.si\/hr\/wp-json\/wp\/v2\/types\/page"}],"author":[{"embeddable":true,"href":"https:\/\/amal.si\/hr\/wp-json\/wp\/v2\/users\/1"}],"replies":[{"embeddable":true,"href":"https:\/\/amal.si\/hr\/wp-json\/wp\/v2\/comments?post=907"}],"version-history":[{"count":1,"href":"https:\/\/amal.si\/hr\/wp-json\/wp\/v2\/pages\/907\/revisions"}],"predecessor-version":[{"id":1144,"href":"https:\/\/amal.si\/hr\/wp-json\/wp\/v2\/pages\/907\/revisions\/1144"}],"wp:attachment":[{"href":"https:\/\/amal.si\/hr\/wp-json\/wp\/v2\/media?parent=907"}],"curies":[{"name":"wp","href":"https:\/\/api.w.org\/{rel}","templated":true}]}}