{"id":911,"date":"2019-12-13T10:55:51","date_gmt":"2019-12-13T09:55:51","guid":{"rendered":"https:\/\/amal.si\/antistaticke-epoksi-podne-obloge-2\/"},"modified":"2020-03-25T09:46:35","modified_gmt":"2020-03-25T08:46:35","slug":"antistaticke-epoksi-podne-obloge-2","status":"publish","type":"page","link":"https:\/\/amal.si\/hr\/antistaticke-epoksi-podne-obloge-2\/","title":{"rendered":"Antistati\u010dke epoksi podne obloge"},"content":{"rendered":"<h2>\n\t\tAntistati\u010dke epoksi podne obloge\n\t<\/h2>\n\t<p>&nbsp;<\/p>\n\t\t\t\t<img data-recalc-dims=\"1\" loading=\"lazy\" decoding=\"async\" src=\"https:\/\/i0.wp.com\/amal.si\/wp-content\/uploads\/2019\/11\/48872b8d-dfa2-457d-b5a6-65569654e6d9.jpg?resize=350%2C269&#038;ssl=1\" alt=\"48872b8d-dfa2-457d-b5a6-65569654e6d9\" itemprop=\"image\" height=\"269\" width=\"350\" title=\"48872b8d-dfa2-457d-b5a6-65569654e6d9\" onerror=\"this.style.display='none'\"  \/>\n\t\t<h3>Potra\u017enja<\/h3>\n\t\t<p>Po\u0161aljite nam poruku i rado \u0107emo odgovoriti \u0161to je prije mogu\u0107e!<\/p>\n\t\t\t<a href=\"https:\/\/amal.si\/hr\/kontakt\/\" target=\"_self\" role=\"button\" rel=\"noopener noreferrer\">\n\t\t\t\t\t\t\tKONTAKT\n\t\t\t\t\t<\/a>\n","protected":false},"excerpt":{"rendered":"<p>Antistati\u010dke epoksi podne obloge &nbsp; Potra\u017enja Po\u0161aljite nam poruku i rado \u0107emo odgovoriti \u0161to je prije mogu\u0107e! KONTAKT<\/p>\n","protected":false},"author":1,"featured_media":0,"parent":0,"menu_order":13,"comment_status":"closed","ping_status":"closed","template":"","meta":{"footnotes":""},"class_list":["post-911","page","type-page","status-publish","hentry"],"yoast_head":"<!-- This site is optimized with the Yoast SEO plugin v27.3 - https:\/\/yoast.com\/product\/yoast-seo-wordpress\/ -->\n<title>Antistati\u010dke epoksi podne obloge - AMAL d.o.o.<\/title>\n<meta name=\"robots\" content=\"index, follow, max-snippet:-1, max-image-preview:large, max-video-preview:-1\" \/>\n<link rel=\"canonical\" href=\"https:\/\/amal.si\/hr\/antistaticke-epoksi-podne-obloge-2\/\" \/>\n<meta property=\"og:locale\" content=\"hr_HR\" \/>\n<meta property=\"og:type\" content=\"article\" \/>\n<meta property=\"og:title\" content=\"Antistati\u010dke epoksi podne obloge - AMAL d.o.o.\" \/>\n<meta property=\"og:description\" content=\"Antistati\u010dke epoksi podne obloge &nbsp; Potra\u017enja Po\u0161aljite nam poruku i rado \u0107emo odgovoriti \u0161to je prije mogu\u0107e! KONTAKT\" \/>\n<meta property=\"og:url\" content=\"https:\/\/amal.si\/hr\/antistaticke-epoksi-podne-obloge-2\/\" \/>\n<meta property=\"og:site_name\" content=\"AMAL d.o.o.\" \/>\n<meta property=\"article:modified_time\" content=\"2020-03-25T08:46:35+00:00\" \/>\n<meta property=\"og:image\" content=\"https:\/\/amal.si\/wp-content\/uploads\/2019\/11\/48872b8d-dfa2-457d-b5a6-65569654e6d9.jpg\" \/>\n<meta name=\"twitter:card\" content=\"summary_large_image\" \/>\n<script type=\"application\/ld+json\" class=\"yoast-schema-graph\">{\"@context\":\"https:\\\/\\\/schema.org\",\"@graph\":[{\"@type\":\"WebPage\",\"@id\":\"https:\\\/\\\/amal.si\\\/hr\\\/antistaticke-epoksi-podne-obloge-2\\\/\",\"url\":\"https:\\\/\\\/amal.si\\\/hr\\\/antistaticke-epoksi-podne-obloge-2\\\/\",\"name\":\"Antistati\u010dke epoksi podne obloge - AMAL d.o.o.\",\"isPartOf\":{\"@id\":\"https:\\\/\\\/amal.si\\\/hr\\\/#website\"},\"primaryImageOfPage\":{\"@id\":\"https:\\\/\\\/amal.si\\\/hr\\\/antistaticke-epoksi-podne-obloge-2\\\/#primaryimage\"},\"image\":{\"@id\":\"https:\\\/\\\/amal.si\\\/hr\\\/antistaticke-epoksi-podne-obloge-2\\\/#primaryimage\"},\"thumbnailUrl\":\"https:\\\/\\\/amal.si\\\/wp-content\\\/uploads\\\/2019\\\/11\\\/48872b8d-dfa2-457d-b5a6-65569654e6d9.jpg\",\"datePublished\":\"2019-12-13T09:55:51+00:00\",\"dateModified\":\"2020-03-25T08:46:35+00:00\",\"breadcrumb\":{\"@id\":\"https:\\\/\\\/amal.si\\\/hr\\\/antistaticke-epoksi-podne-obloge-2\\\/#breadcrumb\"},\"inLanguage\":\"hr\",\"potentialAction\":[{\"@type\":\"ReadAction\",\"target\":[\"https:\\\/\\\/amal.si\\\/hr\\\/antistaticke-epoksi-podne-obloge-2\\\/\"]}]},{\"@type\":\"ImageObject\",\"inLanguage\":\"hr\",\"@id\":\"https:\\\/\\\/amal.si\\\/hr\\\/antistaticke-epoksi-podne-obloge-2\\\/#primaryimage\",\"url\":\"https:\\\/\\\/amal.si\\\/wp-content\\\/uploads\\\/2019\\\/11\\\/48872b8d-dfa2-457d-b5a6-65569654e6d9.jpg\",\"contentUrl\":\"https:\\\/\\\/amal.si\\\/wp-content\\\/uploads\\\/2019\\\/11\\\/48872b8d-dfa2-457d-b5a6-65569654e6d9.jpg\"},{\"@type\":\"BreadcrumbList\",\"@id\":\"https:\\\/\\\/amal.si\\\/hr\\\/antistaticke-epoksi-podne-obloge-2\\\/#breadcrumb\",\"itemListElement\":[{\"@type\":\"ListItem\",\"position\":1,\"name\":\"Home\",\"item\":\"https:\\\/\\\/amal.si\\\/hr\\\/\"},{\"@type\":\"ListItem\",\"position\":2,\"name\":\"Antistati\u010dke epoksi podne obloge\"}]},{\"@type\":\"WebSite\",\"@id\":\"https:\\\/\\\/amal.si\\\/hr\\\/#website\",\"url\":\"https:\\\/\\\/amal.si\\\/hr\\\/\",\"name\":\"AMAL d.o.o.\",\"description\":\"Proizvodnja, trgovina, storitve, in\u017eeniring\",\"potentialAction\":[{\"@type\":\"SearchAction\",\"target\":{\"@type\":\"EntryPoint\",\"urlTemplate\":\"https:\\\/\\\/amal.si\\\/hr\\\/?s={search_term_string}\"},\"query-input\":{\"@type\":\"PropertyValueSpecification\",\"valueRequired\":true,\"valueName\":\"search_term_string\"}}],\"inLanguage\":\"hr\"}]}<\/script>\n<!-- \/ Yoast SEO plugin. -->","yoast_head_json":{"title":"Antistati\u010dke epoksi podne obloge - AMAL d.o.o.","robots":{"index":"index","follow":"follow","max-snippet":"max-snippet:-1","max-image-preview":"max-image-preview:large","max-video-preview":"max-video-preview:-1"},"canonical":"https:\/\/amal.si\/hr\/antistaticke-epoksi-podne-obloge-2\/","og_locale":"hr_HR","og_type":"article","og_title":"Antistati\u010dke epoksi podne obloge - AMAL d.o.o.","og_description":"Antistati\u010dke epoksi podne obloge &nbsp; Potra\u017enja Po\u0161aljite nam poruku i rado \u0107emo odgovoriti \u0161to je prije mogu\u0107e! KONTAKT","og_url":"https:\/\/amal.si\/hr\/antistaticke-epoksi-podne-obloge-2\/","og_site_name":"AMAL d.o.o.","article_modified_time":"2020-03-25T08:46:35+00:00","og_image":[{"url":"https:\/\/amal.si\/wp-content\/uploads\/2019\/11\/48872b8d-dfa2-457d-b5a6-65569654e6d9.jpg","type":"","width":"","height":""}],"twitter_card":"summary_large_image","schema":{"@context":"https:\/\/schema.org","@graph":[{"@type":"WebPage","@id":"https:\/\/amal.si\/hr\/antistaticke-epoksi-podne-obloge-2\/","url":"https:\/\/amal.si\/hr\/antistaticke-epoksi-podne-obloge-2\/","name":"Antistati\u010dke epoksi podne obloge - AMAL d.o.o.","isPartOf":{"@id":"https:\/\/amal.si\/hr\/#website"},"primaryImageOfPage":{"@id":"https:\/\/amal.si\/hr\/antistaticke-epoksi-podne-obloge-2\/#primaryimage"},"image":{"@id":"https:\/\/amal.si\/hr\/antistaticke-epoksi-podne-obloge-2\/#primaryimage"},"thumbnailUrl":"https:\/\/amal.si\/wp-content\/uploads\/2019\/11\/48872b8d-dfa2-457d-b5a6-65569654e6d9.jpg","datePublished":"2019-12-13T09:55:51+00:00","dateModified":"2020-03-25T08:46:35+00:00","breadcrumb":{"@id":"https:\/\/amal.si\/hr\/antistaticke-epoksi-podne-obloge-2\/#breadcrumb"},"inLanguage":"hr","potentialAction":[{"@type":"ReadAction","target":["https:\/\/amal.si\/hr\/antistaticke-epoksi-podne-obloge-2\/"]}]},{"@type":"ImageObject","inLanguage":"hr","@id":"https:\/\/amal.si\/hr\/antistaticke-epoksi-podne-obloge-2\/#primaryimage","url":"https:\/\/amal.si\/wp-content\/uploads\/2019\/11\/48872b8d-dfa2-457d-b5a6-65569654e6d9.jpg","contentUrl":"https:\/\/amal.si\/wp-content\/uploads\/2019\/11\/48872b8d-dfa2-457d-b5a6-65569654e6d9.jpg"},{"@type":"BreadcrumbList","@id":"https:\/\/amal.si\/hr\/antistaticke-epoksi-podne-obloge-2\/#breadcrumb","itemListElement":[{"@type":"ListItem","position":1,"name":"Home","item":"https:\/\/amal.si\/hr\/"},{"@type":"ListItem","position":2,"name":"Antistati\u010dke epoksi podne obloge"}]},{"@type":"WebSite","@id":"https:\/\/amal.si\/hr\/#website","url":"https:\/\/amal.si\/hr\/","name":"AMAL d.o.o.","description":"Proizvodnja, trgovina, storitve, in\u017eeniring","potentialAction":[{"@type":"SearchAction","target":{"@type":"EntryPoint","urlTemplate":"https:\/\/amal.si\/hr\/?s={search_term_string}"},"query-input":{"@type":"PropertyValueSpecification","valueRequired":true,"valueName":"search_term_string"}}],"inLanguage":"hr"}]}},"jetpack_sharing_enabled":true,"_links":{"self":[{"href":"https:\/\/amal.si\/hr\/wp-json\/wp\/v2\/pages\/911","targetHints":{"allow":["GET"]}}],"collection":[{"href":"https:\/\/amal.si\/hr\/wp-json\/wp\/v2\/pages"}],"about":[{"href":"https:\/\/amal.si\/hr\/wp-json\/wp\/v2\/types\/page"}],"author":[{"embeddable":true,"href":"https:\/\/amal.si\/hr\/wp-json\/wp\/v2\/users\/1"}],"replies":[{"embeddable":true,"href":"https:\/\/amal.si\/hr\/wp-json\/wp\/v2\/comments?post=911"}],"version-history":[{"count":1,"href":"https:\/\/amal.si\/hr\/wp-json\/wp\/v2\/pages\/911\/revisions"}],"predecessor-version":[{"id":1139,"href":"https:\/\/amal.si\/hr\/wp-json\/wp\/v2\/pages\/911\/revisions\/1139"}],"wp:attachment":[{"href":"https:\/\/amal.si\/hr\/wp-json\/wp\/v2\/media?parent=911"}],"curies":[{"name":"wp","href":"https:\/\/api.w.org\/{rel}","templated":true}]}}