{"id":916,"date":"2019-12-13T10:58:31","date_gmt":"2019-12-13T09:58:31","guid":{"rendered":"https:\/\/amal.si\/auto-servisi-garaze\/"},"modified":"2020-03-25T09:36:51","modified_gmt":"2020-03-25T08:36:51","slug":"auto-servisi-garaze","status":"publish","type":"page","link":"https:\/\/amal.si\/hr\/auto-servisi-garaze\/","title":{"rendered":"Auto servisi, gara\u017ee"},"content":{"rendered":"<h2>\n\t\tAuto servisi, gara\u017ee\n\t<\/h2>\n\t<table border=\"0\" cellspacing=\"1\" cellpadding=\"1\">\n<tbody>\n<tr>\n<td>2006<\/td>\n<td>GARA\u017dA MESTNI KARE, Maribor<\/td>\n<\/tr>\n<tr>\n<td>2001-2010<\/td>\n<td>CIMOS, Koper<\/td>\n<\/tr>\n<tr>\n<td>2001-2010<\/td>\n<td>CIMOS, Seno\u017ee\u010de<\/td>\n<\/tr>\n<tr>\n<td>2001-2006<\/td>\n<td>MV, Novo mesto<\/td>\n<\/tr>\n<tr>\n<td>2002<\/td>\n<td>AUTOCOMMERCE, Ljubljana<\/td>\n<\/tr>\n<tr>\n<td>2003<\/td>\n<td>SATURNUS AVTOOPREMA, Lj<\/td>\n<\/tr>\n<tr>\n<td>2003-2006<\/td>\n<td>SOGEFI FILTRATION, Medvode<\/td>\n<\/tr>\n<tr>\n<td>2003<\/td>\n<td>AVTOEL. PANGR\u0160I\u010c, Kamnik<\/td>\n<\/tr>\n<tr>\n<td>2006<\/td>\n<td>SAVA TIRES, Kranj<\/td>\n<\/tr>\n<tr>\n<td>2006<\/td>\n<td>S.E.P., Mokronog<\/td>\n<\/tr>\n<tr>\n<td>2005<\/td>\n<td>AVTOHIT, Novo mesto<\/td>\n<\/tr>\n<tr>\n<td>2003-2004<\/td>\n<td>AVTOMOJSTER, Ljubljana Vrhovci<\/td>\n<\/tr>\n<tr>\n<td>2005<\/td>\n<td>KIA MOTORS, Ljubljana<\/td>\n<\/tr>\n<tr>\n<td>2000-2006<\/td>\n<td>REVOZ, Novo mesto<\/td>\n<\/tr>\n<tr>\n<td>2007<\/td>\n<td>TOYOTA, Kranj<\/td>\n<\/tr>\n<tr>\n<td>2008-2009<\/td>\n<td>VIATOR-VEKTOR, Ljubljana<\/td>\n<\/tr>\n<tr>\n<td>2003-2006<\/td>\n<td>SLOVENSKE \u017dELEZNICE, Ljubljana<\/td>\n<\/tr>\n<tr>\n<td>2006<\/td>\n<td>VILA ONDINA, Fiesa<\/td>\n<\/tr>\n<tr>\n<td>2007\/2008<\/td>\n<td>Upravna stavba Primorje, Ajd.<\/td>\n<\/tr>\n<tr>\n<td>2008<\/td>\n<td>VIATOR &amp; VEKTOR Ljubljana<\/td>\n<\/tr>\n<tr>\n<td>2008<\/td>\n<td>AVTOTEHNA PLC ATROPOLA, Lj.<\/td>\n<\/tr>\n<tr>\n<td>2008<\/td>\n<td>HOTEL KEMPINSKI, Portoro\u017e<\/td>\n<\/tr>\n<tr>\n<td>2008<\/td>\n<td>GARA\u017dA TC MERCATOR, Postojna<\/td>\n<\/tr>\n<tr>\n<td>2008<\/td>\n<td>GARA\u017dA ZD METLIKA<\/td>\n<\/tr>\n<tr>\n<td>2009<\/td>\n<td>PRE\u0160A SERVIS, Cerklje<\/td>\n<\/tr>\n<tr>\n<td>2009<\/td>\n<td>TEH. PREGLEDI Kra\u0161ki zidar, Se\u017eana<\/td>\n<\/tr>\n<tr>\n<td>2011<\/td>\n<td>RENAULT TRUCKS avtopralnica,Ljubljana<\/td>\n<\/tr>\n<tr>\n<td>2011<\/td>\n<td>UPRAVNI CENTER, gara\u017ea, Jesenice<\/td>\n<\/tr>\n<tr>\n<td>2011<\/td>\n<td>KRAKOVSKO PREDMESTJE, Ljubljana<\/td>\n<\/tr>\n<tr>\n<td>2011<\/td>\n<td>VAROVANA STANOVANJA MURGLE, Ljubljana<\/td>\n<\/tr>\n<tr>\n<td>2011<\/td>\n<td>BIOIKS, gara\u017ea, Ljubljana &#8211; Stegne<\/td>\n<\/tr>\n<tr>\n<td>2011-2012<\/td>\n<td>STIN-GARA\u017dA KOSEZE, Ljubljana<\/td>\n<\/tr>\n<tr>\n<td>2012<\/td>\n<td>Stanovanjsko naselje Bohori\u010deva,Ljubljana<\/td>\n<\/tr>\n<tr>\n<td>2012<\/td>\n<td>HOTEL PLAZA BTC, gara\u017ea, Ljubljana<\/td>\n<\/tr>\n<tr>\n<td>2012<\/td>\n<td>REVOZ-NOVA, lakirnica, me\u0161alnica<\/td>\n<\/tr>\n<tr>\n<td>2012\/2013<\/td>\n<td>TVP\/JOHNSONS CONTROLS<\/td>\n<\/tr>\n<tr>\n<td>2013<\/td>\n<td>AMD AVTOPRALNICA, Kranj<\/td>\n<\/tr>\n<tr>\n<td>2013<\/td>\n<td>PEUGEOT AVTO LEV, Vrhnika<\/td>\n<\/tr>\n<tr>\n<td>2013<\/td>\n<td>AVTOSERVIS BIZILJ, Ljubljana<\/td>\n<\/tr>\n<tr>\n<td>2013\/2014<\/td>\n<td>HOTEL DRNOVO-TP<\/td>\n<\/tr>\n<tr>\n<td>2014<\/td>\n<td>FKKT LJUBLJANA (klet in gara\u017ea)<\/td>\n<\/tr>\n<tr>\n<td>2014<\/td>\n<td>BMW DIAMLER, Lenart<\/td>\n<\/tr>\n<tr>\n<td>2015<\/td>\n<td>SCANIA SLOVENIA<\/td>\n<\/tr>\n<tr>\n<td>2015<\/td>\n<td>GARA\u017dA KOLEZIJA, Ljubljana<\/td>\n<\/tr>\n<tr>\n<td>2015<\/td>\n<td>AVTOBUSNA POSTAJA BERTOKI<\/td>\n<\/tr>\n<tr>\n<td>2015<\/td>\n<td>AVTO MAROLT MM, Horjul<\/td>\n<\/tr>\n<tr>\n<td>2015<\/td>\n<td>AMZS KRANJ<\/td>\n<\/tr>\n<tr>\n<td>2015\/2016<\/td>\n<td>SPAR PUC ZALOG<\/td>\n<\/tr>\n<tr>\n<td><\/td>\n<td><\/td>\n<\/tr>\n<\/tbody>\n<\/table>\n\t\t<h3>Potra\u017enja<\/h3>\n\t\t<p>Po\u0161aljite nam poruku i rado \u0107emo odgovoriti \u0161to je prije mogu\u0107e!<\/p>\n\t\t\t<a href=\"https:\/\/amal.si\/hr\/kontakt\/\" target=\"_self\" role=\"button\" rel=\"noopener noreferrer\">\n\t\t\t\t\t\t\tKONTAKT\n\t\t\t\t\t<\/a>\n","protected":false},"excerpt":{"rendered":"<p>Auto servisi, gara\u017ee 2006 GARA\u017dA MESTNI KARE, Maribor 2001-2010 CIMOS, Koper 2001-2010 CIMOS, Seno\u017ee\u010de 2001-2006 MV, Novo mesto 2002 AUTOCOMMERCE, Ljubljana 2003 SATURNUS AVTOOPREMA, Lj 2003-2006 SOGEFI FILTRATION, Medvode 2003 AVTOEL. PANGR\u0160I\u010c, Kamnik 2006 SAVA TIRES, Kranj 2006 S.E.P., Mokronog 2005 AVTOHIT, Novo mesto 2003-2004 AVTOMOJSTER, Ljubljana Vrhovci 2005 KIA MOTORS, Ljubljana 2000-2006 REVOZ, Novo&hellip;<\/p>\n","protected":false},"author":1,"featured_media":0,"parent":0,"menu_order":20,"comment_status":"closed","ping_status":"closed","template":"","meta":{"footnotes":""},"class_list":["post-916","page","type-page","status-publish","hentry"],"yoast_head":"<!-- This site is optimized with the Yoast SEO plugin v27.3 - https:\/\/yoast.com\/product\/yoast-seo-wordpress\/ -->\n<title>Auto servisi, gara\u017ee - AMAL d.o.o.<\/title>\n<meta name=\"robots\" content=\"index, follow, max-snippet:-1, max-image-preview:large, max-video-preview:-1\" \/>\n<link rel=\"canonical\" href=\"https:\/\/amal.si\/hr\/auto-servisi-garaze\/\" \/>\n<meta property=\"og:locale\" content=\"hr_HR\" \/>\n<meta property=\"og:type\" content=\"article\" \/>\n<meta property=\"og:title\" content=\"Auto servisi, gara\u017ee - AMAL d.o.o.\" \/>\n<meta property=\"og:description\" content=\"Auto servisi, gara\u017ee 2006 GARA\u017dA MESTNI KARE, Maribor 2001-2010 CIMOS, Koper 2001-2010 CIMOS, Seno\u017ee\u010de 2001-2006 MV, Novo mesto 2002 AUTOCOMMERCE, Ljubljana 2003 SATURNUS AVTOOPREMA, Lj 2003-2006 SOGEFI FILTRATION, Medvode 2003 AVTOEL. PANGR\u0160I\u010c, Kamnik 2006 SAVA TIRES, Kranj 2006 S.E.P., Mokronog 2005 AVTOHIT, Novo mesto 2003-2004 AVTOMOJSTER, Ljubljana Vrhovci 2005 KIA MOTORS, Ljubljana 2000-2006 REVOZ, Novo&hellip;\" \/>\n<meta property=\"og:url\" content=\"https:\/\/amal.si\/hr\/auto-servisi-garaze\/\" \/>\n<meta property=\"og:site_name\" content=\"AMAL d.o.o.\" \/>\n<meta property=\"article:modified_time\" content=\"2020-03-25T08:36:51+00:00\" \/>\n<meta name=\"twitter:card\" content=\"summary_large_image\" \/>\n<meta name=\"twitter:label1\" content=\"Procijenjeno vrijeme \u010ditanja\" \/>\n\t<meta name=\"twitter:data1\" content=\"1 minuta\" \/>\n<script type=\"application\/ld+json\" class=\"yoast-schema-graph\">{\"@context\":\"https:\\\/\\\/schema.org\",\"@graph\":[{\"@type\":\"WebPage\",\"@id\":\"https:\\\/\\\/amal.si\\\/hr\\\/auto-servisi-garaze\\\/\",\"url\":\"https:\\\/\\\/amal.si\\\/hr\\\/auto-servisi-garaze\\\/\",\"name\":\"Auto servisi, gara\u017ee - AMAL d.o.o.\",\"isPartOf\":{\"@id\":\"https:\\\/\\\/amal.si\\\/hr\\\/#website\"},\"datePublished\":\"2019-12-13T09:58:31+00:00\",\"dateModified\":\"2020-03-25T08:36:51+00:00\",\"breadcrumb\":{\"@id\":\"https:\\\/\\\/amal.si\\\/hr\\\/auto-servisi-garaze\\\/#breadcrumb\"},\"inLanguage\":\"hr\",\"potentialAction\":[{\"@type\":\"ReadAction\",\"target\":[\"https:\\\/\\\/amal.si\\\/hr\\\/auto-servisi-garaze\\\/\"]}]},{\"@type\":\"BreadcrumbList\",\"@id\":\"https:\\\/\\\/amal.si\\\/hr\\\/auto-servisi-garaze\\\/#breadcrumb\",\"itemListElement\":[{\"@type\":\"ListItem\",\"position\":1,\"name\":\"Home\",\"item\":\"https:\\\/\\\/amal.si\\\/hr\\\/\"},{\"@type\":\"ListItem\",\"position\":2,\"name\":\"Auto servisi, gara\u017ee\"}]},{\"@type\":\"WebSite\",\"@id\":\"https:\\\/\\\/amal.si\\\/hr\\\/#website\",\"url\":\"https:\\\/\\\/amal.si\\\/hr\\\/\",\"name\":\"AMAL d.o.o.\",\"description\":\"Proizvodnja, trgovina, storitve, in\u017eeniring\",\"potentialAction\":[{\"@type\":\"SearchAction\",\"target\":{\"@type\":\"EntryPoint\",\"urlTemplate\":\"https:\\\/\\\/amal.si\\\/hr\\\/?s={search_term_string}\"},\"query-input\":{\"@type\":\"PropertyValueSpecification\",\"valueRequired\":true,\"valueName\":\"search_term_string\"}}],\"inLanguage\":\"hr\"}]}<\/script>\n<!-- \/ Yoast SEO plugin. -->","yoast_head_json":{"title":"Auto servisi, gara\u017ee - AMAL d.o.o.","robots":{"index":"index","follow":"follow","max-snippet":"max-snippet:-1","max-image-preview":"max-image-preview:large","max-video-preview":"max-video-preview:-1"},"canonical":"https:\/\/amal.si\/hr\/auto-servisi-garaze\/","og_locale":"hr_HR","og_type":"article","og_title":"Auto servisi, gara\u017ee - AMAL d.o.o.","og_description":"Auto servisi, gara\u017ee 2006 GARA\u017dA MESTNI KARE, Maribor 2001-2010 CIMOS, Koper 2001-2010 CIMOS, Seno\u017ee\u010de 2001-2006 MV, Novo mesto 2002 AUTOCOMMERCE, Ljubljana 2003 SATURNUS AVTOOPREMA, Lj 2003-2006 SOGEFI FILTRATION, Medvode 2003 AVTOEL. PANGR\u0160I\u010c, Kamnik 2006 SAVA TIRES, Kranj 2006 S.E.P., Mokronog 2005 AVTOHIT, Novo mesto 2003-2004 AVTOMOJSTER, Ljubljana Vrhovci 2005 KIA MOTORS, Ljubljana 2000-2006 REVOZ, Novo&hellip;","og_url":"https:\/\/amal.si\/hr\/auto-servisi-garaze\/","og_site_name":"AMAL d.o.o.","article_modified_time":"2020-03-25T08:36:51+00:00","twitter_card":"summary_large_image","twitter_misc":{"Procijenjeno vrijeme \u010ditanja":"1 minuta"},"schema":{"@context":"https:\/\/schema.org","@graph":[{"@type":"WebPage","@id":"https:\/\/amal.si\/hr\/auto-servisi-garaze\/","url":"https:\/\/amal.si\/hr\/auto-servisi-garaze\/","name":"Auto servisi, gara\u017ee - AMAL d.o.o.","isPartOf":{"@id":"https:\/\/amal.si\/hr\/#website"},"datePublished":"2019-12-13T09:58:31+00:00","dateModified":"2020-03-25T08:36:51+00:00","breadcrumb":{"@id":"https:\/\/amal.si\/hr\/auto-servisi-garaze\/#breadcrumb"},"inLanguage":"hr","potentialAction":[{"@type":"ReadAction","target":["https:\/\/amal.si\/hr\/auto-servisi-garaze\/"]}]},{"@type":"BreadcrumbList","@id":"https:\/\/amal.si\/hr\/auto-servisi-garaze\/#breadcrumb","itemListElement":[{"@type":"ListItem","position":1,"name":"Home","item":"https:\/\/amal.si\/hr\/"},{"@type":"ListItem","position":2,"name":"Auto servisi, gara\u017ee"}]},{"@type":"WebSite","@id":"https:\/\/amal.si\/hr\/#website","url":"https:\/\/amal.si\/hr\/","name":"AMAL d.o.o.","description":"Proizvodnja, trgovina, storitve, in\u017eeniring","potentialAction":[{"@type":"SearchAction","target":{"@type":"EntryPoint","urlTemplate":"https:\/\/amal.si\/hr\/?s={search_term_string}"},"query-input":{"@type":"PropertyValueSpecification","valueRequired":true,"valueName":"search_term_string"}}],"inLanguage":"hr"}]}},"jetpack_sharing_enabled":true,"_links":{"self":[{"href":"https:\/\/amal.si\/hr\/wp-json\/wp\/v2\/pages\/916","targetHints":{"allow":["GET"]}}],"collection":[{"href":"https:\/\/amal.si\/hr\/wp-json\/wp\/v2\/pages"}],"about":[{"href":"https:\/\/amal.si\/hr\/wp-json\/wp\/v2\/types\/page"}],"author":[{"embeddable":true,"href":"https:\/\/amal.si\/hr\/wp-json\/wp\/v2\/users\/1"}],"replies":[{"embeddable":true,"href":"https:\/\/amal.si\/hr\/wp-json\/wp\/v2\/comments?post=916"}],"version-history":[{"count":1,"href":"https:\/\/amal.si\/hr\/wp-json\/wp\/v2\/pages\/916\/revisions"}],"predecessor-version":[{"id":1124,"href":"https:\/\/amal.si\/hr\/wp-json\/wp\/v2\/pages\/916\/revisions\/1124"}],"wp:attachment":[{"href":"https:\/\/amal.si\/hr\/wp-json\/wp\/v2\/media?parent=916"}],"curies":[{"name":"wp","href":"https:\/\/api.w.org\/{rel}","templated":true}]}}