{"id":919,"date":"2019-12-13T10:59:23","date_gmt":"2019-12-13T09:59:23","guid":{"rendered":"https:\/\/amal.si\/poslovno-stambeni-objekti\/"},"modified":"2020-03-25T09:37:09","modified_gmt":"2020-03-25T08:37:09","slug":"poslovno-stambeni-objekti","status":"publish","type":"page","link":"https:\/\/amal.si\/hr\/poslovno-stambeni-objekti\/","title":{"rendered":"Poslovno-stambeni objekti"},"content":{"rendered":"<h2>\n\t\tPoslovno-stambeni objekti\n\t<\/h2>\n\t<table border=\"0\" cellspacing=\"1\" cellpadding=\"1\">\n<tbody>\n<tr>\n<td>2006<\/td>\n<td>PSO GLONARJEVA, Ljubljana<\/td>\n<\/tr>\n<tr>\n<td>2006<\/td>\n<td>PSO KMS, \u0160en\u010dur<\/td>\n<\/tr>\n<tr>\n<td>2007<\/td>\n<td>PSO VODNIKOV DVOR, Ljubljana<\/td>\n<\/tr>\n<tr>\n<td>2008<\/td>\n<td>STAN. NASELJE STRU\u017dEVO, Kranj<\/td>\n<\/tr>\n<tr>\n<td>2008\/09<\/td>\n<td>SOSESKA PILON, Ljubljana<\/td>\n<\/tr>\n<tr>\n<td>2009<\/td>\n<td>TURISTI\u010cNA KMETIJA SORTA \u0160tanjel<\/td>\n<\/tr>\n<tr>\n<td>2011<\/td>\n<td>Stanovanjski objekt Alpo, Kranj<\/td>\n<\/tr>\n<\/tbody>\n<\/table>\n\t\t<h3>Potra\u017enja<\/h3>\n\t\t<p>Po\u0161aljite nam poruku i rado \u0107emo odgovoriti \u0161to je prije mogu\u0107e!<\/p>\n\t\t\t<a href=\"https:\/\/amal.si\/hr\/kontakt\/\" target=\"_self\" role=\"button\" rel=\"noopener noreferrer\">\n\t\t\t\t\t\t\tKONTAKT\n\t\t\t\t\t<\/a>\n","protected":false},"excerpt":{"rendered":"<p>Poslovno-stambeni objekti 2006 PSO GLONARJEVA, Ljubljana 2006 PSO KMS, \u0160en\u010dur 2007 PSO VODNIKOV DVOR, Ljubljana 2008 STAN. NASELJE STRU\u017dEVO, Kranj 2008\/09 SOSESKA PILON, Ljubljana 2009 TURISTI\u010cNA KMETIJA SORTA \u0160tanjel 2011 Stanovanjski objekt Alpo, Kranj Potra\u017enja Po\u0161aljite nam poruku i rado \u0107emo odgovoriti \u0161to je prije mogu\u0107e! KONTAKT<\/p>\n","protected":false},"author":1,"featured_media":0,"parent":0,"menu_order":23,"comment_status":"closed","ping_status":"closed","template":"","meta":{"footnotes":""},"class_list":["post-919","page","type-page","status-publish","hentry"],"yoast_head":"<!-- This site is optimized with the Yoast SEO plugin v27.3 - https:\/\/yoast.com\/product\/yoast-seo-wordpress\/ -->\n<title>Poslovno-stambeni objekti - AMAL d.o.o.<\/title>\n<meta name=\"robots\" content=\"index, follow, max-snippet:-1, max-image-preview:large, max-video-preview:-1\" \/>\n<link rel=\"canonical\" href=\"https:\/\/amal.si\/hr\/poslovno-stambeni-objekti\/\" \/>\n<meta property=\"og:locale\" content=\"hr_HR\" \/>\n<meta property=\"og:type\" content=\"article\" \/>\n<meta property=\"og:title\" content=\"Poslovno-stambeni objekti - AMAL d.o.o.\" \/>\n<meta property=\"og:description\" content=\"Poslovno-stambeni objekti 2006 PSO GLONARJEVA, Ljubljana 2006 PSO KMS, \u0160en\u010dur 2007 PSO VODNIKOV DVOR, Ljubljana 2008 STAN. NASELJE STRU\u017dEVO, Kranj 2008\/09 SOSESKA PILON, Ljubljana 2009 TURISTI\u010cNA KMETIJA SORTA \u0160tanjel 2011 Stanovanjski objekt Alpo, Kranj Potra\u017enja Po\u0161aljite nam poruku i rado \u0107emo odgovoriti \u0161to je prije mogu\u0107e! KONTAKT\" \/>\n<meta property=\"og:url\" content=\"https:\/\/amal.si\/hr\/poslovno-stambeni-objekti\/\" \/>\n<meta property=\"og:site_name\" content=\"AMAL d.o.o.\" \/>\n<meta property=\"article:modified_time\" content=\"2020-03-25T08:37:09+00:00\" \/>\n<meta name=\"twitter:card\" content=\"summary_large_image\" \/>\n<script type=\"application\/ld+json\" class=\"yoast-schema-graph\">{\"@context\":\"https:\\\/\\\/schema.org\",\"@graph\":[{\"@type\":\"WebPage\",\"@id\":\"https:\\\/\\\/amal.si\\\/hr\\\/poslovno-stambeni-objekti\\\/\",\"url\":\"https:\\\/\\\/amal.si\\\/hr\\\/poslovno-stambeni-objekti\\\/\",\"name\":\"Poslovno-stambeni objekti - AMAL d.o.o.\",\"isPartOf\":{\"@id\":\"https:\\\/\\\/amal.si\\\/hr\\\/#website\"},\"datePublished\":\"2019-12-13T09:59:23+00:00\",\"dateModified\":\"2020-03-25T08:37:09+00:00\",\"breadcrumb\":{\"@id\":\"https:\\\/\\\/amal.si\\\/hr\\\/poslovno-stambeni-objekti\\\/#breadcrumb\"},\"inLanguage\":\"hr\",\"potentialAction\":[{\"@type\":\"ReadAction\",\"target\":[\"https:\\\/\\\/amal.si\\\/hr\\\/poslovno-stambeni-objekti\\\/\"]}]},{\"@type\":\"BreadcrumbList\",\"@id\":\"https:\\\/\\\/amal.si\\\/hr\\\/poslovno-stambeni-objekti\\\/#breadcrumb\",\"itemListElement\":[{\"@type\":\"ListItem\",\"position\":1,\"name\":\"Home\",\"item\":\"https:\\\/\\\/amal.si\\\/hr\\\/\"},{\"@type\":\"ListItem\",\"position\":2,\"name\":\"Poslovno-stambeni objekti\"}]},{\"@type\":\"WebSite\",\"@id\":\"https:\\\/\\\/amal.si\\\/hr\\\/#website\",\"url\":\"https:\\\/\\\/amal.si\\\/hr\\\/\",\"name\":\"AMAL d.o.o.\",\"description\":\"Proizvodnja, trgovina, storitve, in\u017eeniring\",\"potentialAction\":[{\"@type\":\"SearchAction\",\"target\":{\"@type\":\"EntryPoint\",\"urlTemplate\":\"https:\\\/\\\/amal.si\\\/hr\\\/?s={search_term_string}\"},\"query-input\":{\"@type\":\"PropertyValueSpecification\",\"valueRequired\":true,\"valueName\":\"search_term_string\"}}],\"inLanguage\":\"hr\"}]}<\/script>\n<!-- \/ Yoast SEO plugin. -->","yoast_head_json":{"title":"Poslovno-stambeni objekti - AMAL d.o.o.","robots":{"index":"index","follow":"follow","max-snippet":"max-snippet:-1","max-image-preview":"max-image-preview:large","max-video-preview":"max-video-preview:-1"},"canonical":"https:\/\/amal.si\/hr\/poslovno-stambeni-objekti\/","og_locale":"hr_HR","og_type":"article","og_title":"Poslovno-stambeni objekti - AMAL d.o.o.","og_description":"Poslovno-stambeni objekti 2006 PSO GLONARJEVA, Ljubljana 2006 PSO KMS, \u0160en\u010dur 2007 PSO VODNIKOV DVOR, Ljubljana 2008 STAN. NASELJE STRU\u017dEVO, Kranj 2008\/09 SOSESKA PILON, Ljubljana 2009 TURISTI\u010cNA KMETIJA SORTA \u0160tanjel 2011 Stanovanjski objekt Alpo, Kranj Potra\u017enja Po\u0161aljite nam poruku i rado \u0107emo odgovoriti \u0161to je prije mogu\u0107e! KONTAKT","og_url":"https:\/\/amal.si\/hr\/poslovno-stambeni-objekti\/","og_site_name":"AMAL d.o.o.","article_modified_time":"2020-03-25T08:37:09+00:00","twitter_card":"summary_large_image","schema":{"@context":"https:\/\/schema.org","@graph":[{"@type":"WebPage","@id":"https:\/\/amal.si\/hr\/poslovno-stambeni-objekti\/","url":"https:\/\/amal.si\/hr\/poslovno-stambeni-objekti\/","name":"Poslovno-stambeni objekti - AMAL d.o.o.","isPartOf":{"@id":"https:\/\/amal.si\/hr\/#website"},"datePublished":"2019-12-13T09:59:23+00:00","dateModified":"2020-03-25T08:37:09+00:00","breadcrumb":{"@id":"https:\/\/amal.si\/hr\/poslovno-stambeni-objekti\/#breadcrumb"},"inLanguage":"hr","potentialAction":[{"@type":"ReadAction","target":["https:\/\/amal.si\/hr\/poslovno-stambeni-objekti\/"]}]},{"@type":"BreadcrumbList","@id":"https:\/\/amal.si\/hr\/poslovno-stambeni-objekti\/#breadcrumb","itemListElement":[{"@type":"ListItem","position":1,"name":"Home","item":"https:\/\/amal.si\/hr\/"},{"@type":"ListItem","position":2,"name":"Poslovno-stambeni objekti"}]},{"@type":"WebSite","@id":"https:\/\/amal.si\/hr\/#website","url":"https:\/\/amal.si\/hr\/","name":"AMAL d.o.o.","description":"Proizvodnja, trgovina, storitve, in\u017eeniring","potentialAction":[{"@type":"SearchAction","target":{"@type":"EntryPoint","urlTemplate":"https:\/\/amal.si\/hr\/?s={search_term_string}"},"query-input":{"@type":"PropertyValueSpecification","valueRequired":true,"valueName":"search_term_string"}}],"inLanguage":"hr"}]}},"jetpack_sharing_enabled":true,"_links":{"self":[{"href":"https:\/\/amal.si\/hr\/wp-json\/wp\/v2\/pages\/919","targetHints":{"allow":["GET"]}}],"collection":[{"href":"https:\/\/amal.si\/hr\/wp-json\/wp\/v2\/pages"}],"about":[{"href":"https:\/\/amal.si\/hr\/wp-json\/wp\/v2\/types\/page"}],"author":[{"embeddable":true,"href":"https:\/\/amal.si\/hr\/wp-json\/wp\/v2\/users\/1"}],"replies":[{"embeddable":true,"href":"https:\/\/amal.si\/hr\/wp-json\/wp\/v2\/comments?post=919"}],"version-history":[{"count":1,"href":"https:\/\/amal.si\/hr\/wp-json\/wp\/v2\/pages\/919\/revisions"}],"predecessor-version":[{"id":1126,"href":"https:\/\/amal.si\/hr\/wp-json\/wp\/v2\/pages\/919\/revisions\/1126"}],"wp:attachment":[{"href":"https:\/\/amal.si\/hr\/wp-json\/wp\/v2\/media?parent=919"}],"curies":[{"name":"wp","href":"https:\/\/api.w.org\/{rel}","templated":true}]}}