{"id":926,"date":"2019-12-13T11:02:01","date_gmt":"2019-12-13T10:02:01","guid":{"rendered":"https:\/\/amal.si\/sport\/"},"modified":"2020-03-25T09:45:15","modified_gmt":"2020-03-25T08:45:15","slug":"sport","status":"publish","type":"page","link":"https:\/\/amal.si\/hr\/sport\/","title":{"rendered":"Sport"},"content":{"rendered":"<h2>\n\t\tSport\n\t<\/h2>\n\t<table border=\"0\" cellspacing=\"1\" cellpadding=\"1\">\n<tbody>\n<tr>\n<td>2005-2007<\/td>\n<td>DVORANA TABOR, Maribor<\/td>\n<\/tr>\n<tr>\n<td>2006<\/td>\n<td>BOWLING CENTER, Maribor<\/td>\n<\/tr>\n<tr>\n<td>2009<\/td>\n<td>TELOVADNICA VIPAVA<\/td>\n<\/tr>\n<tr>\n<td>2013<\/td>\n<td>PLEZALNI CENTER LJUBLJANA<\/td>\n<\/tr>\n<tr>\n<td>2014<\/td>\n<td>GORENSKA PLA\u017dA, Tr\u017ei\u010d<\/td>\n<\/tr>\n<tr>\n<td>2016<\/td>\n<td>SAVNE SEPTEMBER STEGNE, Ljubljana<\/td>\n<\/tr>\n<\/tbody>\n<\/table>\n\t\t<h3>Potra\u017enja<\/h3>\n\t\t<p>Po\u0161aljite nam poruku i rado \u0107emo odgovoriti \u0161to je prije mogu\u0107e!<\/p>\n\t\t\t<a href=\"https:\/\/amal.si\/hr\/kontakt\/\" target=\"_self\" role=\"button\" rel=\"noopener noreferrer\">\n\t\t\t\t\t\t\tKONTAKT\n\t\t\t\t\t<\/a>\n","protected":false},"excerpt":{"rendered":"<p>Sport 2005-2007 DVORANA TABOR, Maribor 2006 BOWLING CENTER, Maribor 2009 TELOVADNICA VIPAVA 2013 PLEZALNI CENTER LJUBLJANA 2014 GORENSKA PLA\u017dA, Tr\u017ei\u010d 2016 SAVNE SEPTEMBER STEGNE, Ljubljana Potra\u017enja Po\u0161aljite nam poruku i rado \u0107emo odgovoriti \u0161to je prije mogu\u0107e! KONTAKT<\/p>\n","protected":false},"author":1,"featured_media":0,"parent":0,"menu_order":30,"comment_status":"closed","ping_status":"closed","template":"","meta":{"footnotes":""},"class_list":["post-926","page","type-page","status-publish","hentry"],"yoast_head":"<!-- This site is optimized with the Yoast SEO plugin v27.3 - https:\/\/yoast.com\/product\/yoast-seo-wordpress\/ -->\n<title>Sport - AMAL d.o.o.<\/title>\n<meta name=\"robots\" content=\"index, follow, max-snippet:-1, max-image-preview:large, max-video-preview:-1\" \/>\n<link rel=\"canonical\" href=\"https:\/\/amal.si\/hr\/sport\/\" \/>\n<meta property=\"og:locale\" content=\"hr_HR\" \/>\n<meta property=\"og:type\" content=\"article\" \/>\n<meta property=\"og:title\" content=\"Sport - AMAL d.o.o.\" \/>\n<meta property=\"og:description\" content=\"Sport 2005-2007 DVORANA TABOR, Maribor 2006 BOWLING CENTER, Maribor 2009 TELOVADNICA VIPAVA 2013 PLEZALNI CENTER LJUBLJANA 2014 GORENSKA PLA\u017dA, Tr\u017ei\u010d 2016 SAVNE SEPTEMBER STEGNE, Ljubljana Potra\u017enja Po\u0161aljite nam poruku i rado \u0107emo odgovoriti \u0161to je prije mogu\u0107e! KONTAKT\" \/>\n<meta property=\"og:url\" content=\"https:\/\/amal.si\/hr\/sport\/\" \/>\n<meta property=\"og:site_name\" content=\"AMAL d.o.o.\" \/>\n<meta property=\"article:modified_time\" content=\"2020-03-25T08:45:15+00:00\" \/>\n<meta name=\"twitter:card\" content=\"summary_large_image\" \/>\n<script type=\"application\/ld+json\" class=\"yoast-schema-graph\">{\"@context\":\"https:\\\/\\\/schema.org\",\"@graph\":[{\"@type\":\"WebPage\",\"@id\":\"https:\\\/\\\/amal.si\\\/hr\\\/sport\\\/\",\"url\":\"https:\\\/\\\/amal.si\\\/hr\\\/sport\\\/\",\"name\":\"Sport - AMAL d.o.o.\",\"isPartOf\":{\"@id\":\"https:\\\/\\\/amal.si\\\/hr\\\/#website\"},\"datePublished\":\"2019-12-13T10:02:01+00:00\",\"dateModified\":\"2020-03-25T08:45:15+00:00\",\"breadcrumb\":{\"@id\":\"https:\\\/\\\/amal.si\\\/hr\\\/sport\\\/#breadcrumb\"},\"inLanguage\":\"hr\",\"potentialAction\":[{\"@type\":\"ReadAction\",\"target\":[\"https:\\\/\\\/amal.si\\\/hr\\\/sport\\\/\"]}]},{\"@type\":\"BreadcrumbList\",\"@id\":\"https:\\\/\\\/amal.si\\\/hr\\\/sport\\\/#breadcrumb\",\"itemListElement\":[{\"@type\":\"ListItem\",\"position\":1,\"name\":\"Home\",\"item\":\"https:\\\/\\\/amal.si\\\/hr\\\/\"},{\"@type\":\"ListItem\",\"position\":2,\"name\":\"Sport\"}]},{\"@type\":\"WebSite\",\"@id\":\"https:\\\/\\\/amal.si\\\/hr\\\/#website\",\"url\":\"https:\\\/\\\/amal.si\\\/hr\\\/\",\"name\":\"AMAL d.o.o.\",\"description\":\"Proizvodnja, trgovina, storitve, in\u017eeniring\",\"potentialAction\":[{\"@type\":\"SearchAction\",\"target\":{\"@type\":\"EntryPoint\",\"urlTemplate\":\"https:\\\/\\\/amal.si\\\/hr\\\/?s={search_term_string}\"},\"query-input\":{\"@type\":\"PropertyValueSpecification\",\"valueRequired\":true,\"valueName\":\"search_term_string\"}}],\"inLanguage\":\"hr\"}]}<\/script>\n<!-- \/ Yoast SEO plugin. -->","yoast_head_json":{"title":"Sport - AMAL d.o.o.","robots":{"index":"index","follow":"follow","max-snippet":"max-snippet:-1","max-image-preview":"max-image-preview:large","max-video-preview":"max-video-preview:-1"},"canonical":"https:\/\/amal.si\/hr\/sport\/","og_locale":"hr_HR","og_type":"article","og_title":"Sport - AMAL d.o.o.","og_description":"Sport 2005-2007 DVORANA TABOR, Maribor 2006 BOWLING CENTER, Maribor 2009 TELOVADNICA VIPAVA 2013 PLEZALNI CENTER LJUBLJANA 2014 GORENSKA PLA\u017dA, Tr\u017ei\u010d 2016 SAVNE SEPTEMBER STEGNE, Ljubljana Potra\u017enja Po\u0161aljite nam poruku i rado \u0107emo odgovoriti \u0161to je prije mogu\u0107e! KONTAKT","og_url":"https:\/\/amal.si\/hr\/sport\/","og_site_name":"AMAL d.o.o.","article_modified_time":"2020-03-25T08:45:15+00:00","twitter_card":"summary_large_image","schema":{"@context":"https:\/\/schema.org","@graph":[{"@type":"WebPage","@id":"https:\/\/amal.si\/hr\/sport\/","url":"https:\/\/amal.si\/hr\/sport\/","name":"Sport - AMAL d.o.o.","isPartOf":{"@id":"https:\/\/amal.si\/hr\/#website"},"datePublished":"2019-12-13T10:02:01+00:00","dateModified":"2020-03-25T08:45:15+00:00","breadcrumb":{"@id":"https:\/\/amal.si\/hr\/sport\/#breadcrumb"},"inLanguage":"hr","potentialAction":[{"@type":"ReadAction","target":["https:\/\/amal.si\/hr\/sport\/"]}]},{"@type":"BreadcrumbList","@id":"https:\/\/amal.si\/hr\/sport\/#breadcrumb","itemListElement":[{"@type":"ListItem","position":1,"name":"Home","item":"https:\/\/amal.si\/hr\/"},{"@type":"ListItem","position":2,"name":"Sport"}]},{"@type":"WebSite","@id":"https:\/\/amal.si\/hr\/#website","url":"https:\/\/amal.si\/hr\/","name":"AMAL d.o.o.","description":"Proizvodnja, trgovina, storitve, in\u017eeniring","potentialAction":[{"@type":"SearchAction","target":{"@type":"EntryPoint","urlTemplate":"https:\/\/amal.si\/hr\/?s={search_term_string}"},"query-input":{"@type":"PropertyValueSpecification","valueRequired":true,"valueName":"search_term_string"}}],"inLanguage":"hr"}]}},"jetpack_sharing_enabled":true,"_links":{"self":[{"href":"https:\/\/amal.si\/hr\/wp-json\/wp\/v2\/pages\/926","targetHints":{"allow":["GET"]}}],"collection":[{"href":"https:\/\/amal.si\/hr\/wp-json\/wp\/v2\/pages"}],"about":[{"href":"https:\/\/amal.si\/hr\/wp-json\/wp\/v2\/types\/page"}],"author":[{"embeddable":true,"href":"https:\/\/amal.si\/hr\/wp-json\/wp\/v2\/users\/1"}],"replies":[{"embeddable":true,"href":"https:\/\/amal.si\/hr\/wp-json\/wp\/v2\/comments?post=926"}],"version-history":[{"count":1,"href":"https:\/\/amal.si\/hr\/wp-json\/wp\/v2\/pages\/926\/revisions"}],"predecessor-version":[{"id":1135,"href":"https:\/\/amal.si\/hr\/wp-json\/wp\/v2\/pages\/926\/revisions\/1135"}],"wp:attachment":[{"href":"https:\/\/amal.si\/hr\/wp-json\/wp\/v2\/media?parent=926"}],"curies":[{"name":"wp","href":"https:\/\/api.w.org\/{rel}","templated":true}]}}