{"id":1002,"date":"2019-12-13T12:06:49","date_gmt":"2019-12-13T11:06:49","guid":{"rendered":"https:\/\/amal.si\/o-nama\/"},"modified":"2020-03-25T10:56:10","modified_gmt":"2020-03-25T09:56:10","slug":"o-nama","status":"publish","type":"page","link":"https:\/\/amal.si\/sr\/o-nama\/","title":{"rendered":"O nama"},"content":{"rendered":"<h2>\n\t\tO nama\n\t<\/h2>\n\t<p>Preduze\u0107e AMAL d.o.o. osnovali smo 1991. godine s namerom da Vam pru\u017eimo kompletnu ponudu za\u0161tite svih povr\u0161ina u gra\u0111evinarstvu. To obuhvata za\u0161titu i obnovu podova, zidova, fasada i to za sve povr\u0161ine od betona, cementa, kamena, drveta i metala.<\/p>\n<p>Odli\u010dno smo se pokazali kako u privatnom domenu gradnje i obnove, tako i u industrijskom gra\u0111evinarstvu. Pored Slovenije uspe\u0161no poslujemo i na inostranim tr\u017ei\u0161tima.<\/p>\n<p>Od 2000. godine imamo i sopstvenu proizvodnju i svoju robnu marku dvokomponentnih epoksidnih podnih obloga HERPELIN. Godine 2009. razvili smo HERPELIN AB sa antibakterijskim dejstvom.<\/p>\n<p>Kvalitetni proizvodi iz sopstvene proizvodnje omogu\u0107avaju jednostavnu upotrebu i trajni kvalitet obra\u0111enih povr\u0161ina. Klju\u010d uspeha su na\u0161e odli\u010dne ekipe zadu\u017eene za postavljanje, kao i na\u0161i ugovorni partneri. S nema\u010dkim partnerima smo razvili koncept izrade i ugradnje epoksidnih podnih obloga za sve vrste objekata u elektroindustriji, automobilskoj, prehrambenoj, farmaceutskoj industriji, bolnicama, gara\u017eama, skladi\u0161nim halama i objektima za skladi\u0161tenje.<\/p>\nZahvaljuju\u0107i kvalitetnoj proizvodnji i uslugama 2009. godine dobili smo i oznaku kvaliteta u gra\u0111evinarstvu.<br \/>\nSvi na\u0161i zaposleni imaju zadatak da se pri Va\u0161oj poseti zapitaju: \u201eKako Vam mo\u017eemo pomo\u0107i?\u201c\n<p>Na\u0161a iskustva \u0107emo deliti s Vama u cilju Va\u0161eg uspeha.<\/p>\n\t\t\t\t<img data-recalc-dims=\"1\" loading=\"lazy\" decoding=\"async\" src=\"https:\/\/i0.wp.com\/amal.si\/wp-content\/uploads\/2019\/11\/418d6dda-fed2-42bc-84ee-cf9b5a4f9a00.png?resize=351%2C230&#038;ssl=1\" alt=\"418d6dda-fed2-42bc-84ee-cf9b5a4f9a00\" itemprop=\"image\" height=\"230\" width=\"351\" title=\"418d6dda-fed2-42bc-84ee-cf9b5a4f9a00\" onerror=\"this.style.display='none'\"  \/>\n\t\t\t\t<img data-recalc-dims=\"1\" loading=\"lazy\" decoding=\"async\" src=\"https:\/\/i0.wp.com\/amal.si\/wp-content\/uploads\/2019\/11\/f474f2e5-41d2-4ff0-9234-bad12af797ec.png?resize=219%2C148&#038;ssl=1\" alt=\"f474f2e5-41d2-4ff0-9234-bad12af797ec\" itemprop=\"image\" height=\"148\" width=\"219\" title=\"f474f2e5-41d2-4ff0-9234-bad12af797ec\" onerror=\"this.style.display='none'\"  \/>\n\t\t<h3>Potra\u017enja<\/h3>\n\t\t<p>Po\u0161aljite nam poruku i rado c\u0301emo odgovoriti \u0161to je pre moguc\u0301e!<\/p>\n\t\t\t<a href=\"https:\/\/amal.si\/sr\/kontakt\/\" target=\"_self\" role=\"button\" rel=\"noopener noreferrer\">\n\t\t\t\t\t\t\tKONTAKT\n\t\t\t\t\t<\/a>\n","protected":false},"excerpt":{"rendered":"<p>O nama Preduze\u0107e AMAL d.o.o. osnovali smo 1991. godine s namerom da Vam pru\u017eimo kompletnu ponudu za\u0161tite svih povr\u0161ina u gra\u0111evinarstvu. To obuhvata za\u0161titu i obnovu podova, zidova, fasada i to za sve povr\u0161ine od betona, cementa, kamena, drveta i metala. Odli\u010dno smo se pokazali kako u privatnom domenu gradnje i obnove, tako i u&hellip;<\/p>\n","protected":false},"author":1,"featured_media":0,"parent":0,"menu_order":35,"comment_status":"closed","ping_status":"closed","template":"","meta":{"footnotes":""},"class_list":["post-1002","page","type-page","status-publish","hentry"],"yoast_head":"<!-- This site is optimized with the Yoast SEO plugin v27.3 - https:\/\/yoast.com\/product\/yoast-seo-wordpress\/ -->\n<title>O nama - AMAL d.o.o.<\/title>\n<meta name=\"robots\" content=\"index, follow, max-snippet:-1, max-image-preview:large, max-video-preview:-1\" \/>\n<link rel=\"canonical\" href=\"https:\/\/amal.si\/sr\/o-nama\/\" \/>\n<meta property=\"og:locale\" content=\"sr_RS\" \/>\n<meta property=\"og:type\" content=\"article\" \/>\n<meta property=\"og:title\" content=\"O nama - AMAL d.o.o.\" \/>\n<meta property=\"og:description\" content=\"O nama Preduze\u0107e AMAL d.o.o. osnovali smo 1991. godine s namerom da Vam pru\u017eimo kompletnu ponudu za\u0161tite svih povr\u0161ina u gra\u0111evinarstvu. To obuhvata za\u0161titu i obnovu podova, zidova, fasada i to za sve povr\u0161ine od betona, cementa, kamena, drveta i metala. Odli\u010dno smo se pokazali kako u privatnom domenu gradnje i obnove, tako i u&hellip;\" \/>\n<meta property=\"og:url\" content=\"https:\/\/amal.si\/sr\/o-nama\/\" \/>\n<meta property=\"og:site_name\" content=\"AMAL d.o.o.\" \/>\n<meta property=\"article:modified_time\" content=\"2020-03-25T09:56:10+00:00\" \/>\n<meta property=\"og:image\" content=\"https:\/\/amal.si\/wp-content\/uploads\/2019\/11\/418d6dda-fed2-42bc-84ee-cf9b5a4f9a00.png\" \/>\n<meta name=\"twitter:card\" content=\"summary_large_image\" \/>\n<meta name=\"twitter:label1\" content=\"\u041f\u0440\u043e\u0446\u0435\u045a\u0435\u043d\u043e \u0432\u0440\u0435\u043c\u0435 \u0447\u0438\u0442\u0430\u045a\u0430\" \/>\n\t<meta name=\"twitter:data1\" content=\"1 \u043c\u0438\u043d\u0443\u0442\" \/>\n<script type=\"application\/ld+json\" class=\"yoast-schema-graph\">{\"@context\":\"https:\\\/\\\/schema.org\",\"@graph\":[{\"@type\":\"WebPage\",\"@id\":\"https:\\\/\\\/amal.si\\\/sr\\\/o-nama\\\/\",\"url\":\"https:\\\/\\\/amal.si\\\/sr\\\/o-nama\\\/\",\"name\":\"O nama - AMAL d.o.o.\",\"isPartOf\":{\"@id\":\"https:\\\/\\\/amal.si\\\/sr\\\/#website\"},\"primaryImageOfPage\":{\"@id\":\"https:\\\/\\\/amal.si\\\/sr\\\/o-nama\\\/#primaryimage\"},\"image\":{\"@id\":\"https:\\\/\\\/amal.si\\\/sr\\\/o-nama\\\/#primaryimage\"},\"thumbnailUrl\":\"https:\\\/\\\/amal.si\\\/wp-content\\\/uploads\\\/2019\\\/11\\\/418d6dda-fed2-42bc-84ee-cf9b5a4f9a00.png\",\"datePublished\":\"2019-12-13T11:06:49+00:00\",\"dateModified\":\"2020-03-25T09:56:10+00:00\",\"breadcrumb\":{\"@id\":\"https:\\\/\\\/amal.si\\\/sr\\\/o-nama\\\/#breadcrumb\"},\"inLanguage\":\"sr-RS\",\"potentialAction\":[{\"@type\":\"ReadAction\",\"target\":[\"https:\\\/\\\/amal.si\\\/sr\\\/o-nama\\\/\"]}]},{\"@type\":\"ImageObject\",\"inLanguage\":\"sr-RS\",\"@id\":\"https:\\\/\\\/amal.si\\\/sr\\\/o-nama\\\/#primaryimage\",\"url\":\"https:\\\/\\\/amal.si\\\/wp-content\\\/uploads\\\/2019\\\/11\\\/418d6dda-fed2-42bc-84ee-cf9b5a4f9a00.png\",\"contentUrl\":\"https:\\\/\\\/amal.si\\\/wp-content\\\/uploads\\\/2019\\\/11\\\/418d6dda-fed2-42bc-84ee-cf9b5a4f9a00.png\"},{\"@type\":\"BreadcrumbList\",\"@id\":\"https:\\\/\\\/amal.si\\\/sr\\\/o-nama\\\/#breadcrumb\",\"itemListElement\":[{\"@type\":\"ListItem\",\"position\":1,\"name\":\"Home\",\"item\":\"https:\\\/\\\/amal.si\\\/sr\\\/\"},{\"@type\":\"ListItem\",\"position\":2,\"name\":\"O nama\"}]},{\"@type\":\"WebSite\",\"@id\":\"https:\\\/\\\/amal.si\\\/sr\\\/#website\",\"url\":\"https:\\\/\\\/amal.si\\\/sr\\\/\",\"name\":\"AMAL d.o.o.\",\"description\":\"Proizvodnja, trgovina, storitve, in\u017eeniring\",\"potentialAction\":[{\"@type\":\"SearchAction\",\"target\":{\"@type\":\"EntryPoint\",\"urlTemplate\":\"https:\\\/\\\/amal.si\\\/sr\\\/?s={search_term_string}\"},\"query-input\":{\"@type\":\"PropertyValueSpecification\",\"valueRequired\":true,\"valueName\":\"search_term_string\"}}],\"inLanguage\":\"sr-RS\"}]}<\/script>\n<!-- \/ Yoast SEO plugin. -->","yoast_head_json":{"title":"O nama - AMAL d.o.o.","robots":{"index":"index","follow":"follow","max-snippet":"max-snippet:-1","max-image-preview":"max-image-preview:large","max-video-preview":"max-video-preview:-1"},"canonical":"https:\/\/amal.si\/sr\/o-nama\/","og_locale":"sr_RS","og_type":"article","og_title":"O nama - AMAL d.o.o.","og_description":"O nama Preduze\u0107e AMAL d.o.o. osnovali smo 1991. godine s namerom da Vam pru\u017eimo kompletnu ponudu za\u0161tite svih povr\u0161ina u gra\u0111evinarstvu. To obuhvata za\u0161titu i obnovu podova, zidova, fasada i to za sve povr\u0161ine od betona, cementa, kamena, drveta i metala. Odli\u010dno smo se pokazali kako u privatnom domenu gradnje i obnove, tako i u&hellip;","og_url":"https:\/\/amal.si\/sr\/o-nama\/","og_site_name":"AMAL d.o.o.","article_modified_time":"2020-03-25T09:56:10+00:00","og_image":[{"url":"https:\/\/amal.si\/wp-content\/uploads\/2019\/11\/418d6dda-fed2-42bc-84ee-cf9b5a4f9a00.png","type":"","width":"","height":""}],"twitter_card":"summary_large_image","twitter_misc":{"\u041f\u0440\u043e\u0446\u0435\u045a\u0435\u043d\u043e \u0432\u0440\u0435\u043c\u0435 \u0447\u0438\u0442\u0430\u045a\u0430":"1 \u043c\u0438\u043d\u0443\u0442"},"schema":{"@context":"https:\/\/schema.org","@graph":[{"@type":"WebPage","@id":"https:\/\/amal.si\/sr\/o-nama\/","url":"https:\/\/amal.si\/sr\/o-nama\/","name":"O nama - AMAL d.o.o.","isPartOf":{"@id":"https:\/\/amal.si\/sr\/#website"},"primaryImageOfPage":{"@id":"https:\/\/amal.si\/sr\/o-nama\/#primaryimage"},"image":{"@id":"https:\/\/amal.si\/sr\/o-nama\/#primaryimage"},"thumbnailUrl":"https:\/\/amal.si\/wp-content\/uploads\/2019\/11\/418d6dda-fed2-42bc-84ee-cf9b5a4f9a00.png","datePublished":"2019-12-13T11:06:49+00:00","dateModified":"2020-03-25T09:56:10+00:00","breadcrumb":{"@id":"https:\/\/amal.si\/sr\/o-nama\/#breadcrumb"},"inLanguage":"sr-RS","potentialAction":[{"@type":"ReadAction","target":["https:\/\/amal.si\/sr\/o-nama\/"]}]},{"@type":"ImageObject","inLanguage":"sr-RS","@id":"https:\/\/amal.si\/sr\/o-nama\/#primaryimage","url":"https:\/\/amal.si\/wp-content\/uploads\/2019\/11\/418d6dda-fed2-42bc-84ee-cf9b5a4f9a00.png","contentUrl":"https:\/\/amal.si\/wp-content\/uploads\/2019\/11\/418d6dda-fed2-42bc-84ee-cf9b5a4f9a00.png"},{"@type":"BreadcrumbList","@id":"https:\/\/amal.si\/sr\/o-nama\/#breadcrumb","itemListElement":[{"@type":"ListItem","position":1,"name":"Home","item":"https:\/\/amal.si\/sr\/"},{"@type":"ListItem","position":2,"name":"O nama"}]},{"@type":"WebSite","@id":"https:\/\/amal.si\/sr\/#website","url":"https:\/\/amal.si\/sr\/","name":"AMAL d.o.o.","description":"Proizvodnja, trgovina, storitve, in\u017eeniring","potentialAction":[{"@type":"SearchAction","target":{"@type":"EntryPoint","urlTemplate":"https:\/\/amal.si\/sr\/?s={search_term_string}"},"query-input":{"@type":"PropertyValueSpecification","valueRequired":true,"valueName":"search_term_string"}}],"inLanguage":"sr-RS"}]}},"jetpack_sharing_enabled":true,"_links":{"self":[{"href":"https:\/\/amal.si\/sr\/wp-json\/wp\/v2\/pages\/1002","targetHints":{"allow":["GET"]}}],"collection":[{"href":"https:\/\/amal.si\/sr\/wp-json\/wp\/v2\/pages"}],"about":[{"href":"https:\/\/amal.si\/sr\/wp-json\/wp\/v2\/types\/page"}],"author":[{"embeddable":true,"href":"https:\/\/amal.si\/sr\/wp-json\/wp\/v2\/users\/1"}],"replies":[{"embeddable":true,"href":"https:\/\/amal.si\/sr\/wp-json\/wp\/v2\/comments?post=1002"}],"version-history":[{"count":1,"href":"https:\/\/amal.si\/sr\/wp-json\/wp\/v2\/pages\/1002\/revisions"}],"predecessor-version":[{"id":1230,"href":"https:\/\/amal.si\/sr\/wp-json\/wp\/v2\/pages\/1002\/revisions\/1230"}],"wp:attachment":[{"href":"https:\/\/amal.si\/sr\/wp-json\/wp\/v2\/media?parent=1002"}],"curies":[{"name":"wp","href":"https:\/\/api.w.org\/{rel}","templated":true}]}}