{"id":1005,"date":"2019-12-13T12:08:26","date_gmt":"2019-12-13T11:08:26","guid":{"rendered":"https:\/\/amal.si\/energetski-objekti\/"},"modified":"2020-03-25T11:06:56","modified_gmt":"2020-03-25T10:06:56","slug":"energetski-objekti","status":"publish","type":"page","link":"https:\/\/amal.si\/sr\/energetski-objekti\/","title":{"rendered":"Energetski objekti"},"content":{"rendered":"<h2>\n\t\tEnergetski objekti\n\t<\/h2>\n\t<table border=\"0\" cellspacing=\"1\" cellpadding=\"1\">\n<tbody>\n<tr>\n<td>2003<\/td>\n<td>AET, Tolmin<\/td>\n<\/tr>\n<tr>\n<td>2003<\/td>\n<td>ISKRA STIKALA, Kranj<\/td>\n<\/tr>\n<tr>\n<td>2003<\/td>\n<td>RTP, Kr\u0161ko<\/td>\n<\/tr>\n<tr>\n<td>2000-2007<\/td>\n<td>DOMEL, \u017delezniki<\/td>\n<\/tr>\n<tr>\n<td>2000-2007<\/td>\n<td>KOLEKTOR,Idrija<\/td>\n<\/tr>\n<tr>\n<td>2005<\/td>\n<td>ISKRA AVTOELEKTRONIKA, \u0160empeter<\/td>\n<\/tr>\n<tr>\n<td>2006<\/td>\n<td>RTP, Koper<\/td>\n<\/tr>\n<tr>\n<td>2006<\/td>\n<td>RTP, Plave<\/td>\n<\/tr>\n<tr>\n<td>2007<\/td>\n<td>MRP,\u0160en\u010dur<\/td>\n<\/tr>\n<tr>\n<td>2008<\/td>\n<td>TOPLARNA, Celje<\/td>\n<\/tr>\n<tr>\n<td>2008<\/td>\n<td>RTP Dravograd<\/td>\n<\/tr>\n<tr>\n<td>2011<\/td>\n<td>KOTLOVNICA NASELJE PLANINA, Kranj<\/td>\n<\/tr>\n<tr>\n<td>2012<\/td>\n<td>RTP SITULA Elektro Ljubljana<\/td>\n<\/tr>\n<tr>\n<td>2013-2014<\/td>\n<td>TE BRESTNICA<\/td>\n<\/tr>\n<\/tbody>\n<\/table>\n<p>&nbsp;<\/p>\n\t\t<h3>Potra\u017enja<\/h3>\n\t\t<p>Po\u0161aljite nam poruku i rado c\u0301emo odgovoriti \u0161to je pre moguc\u0301e!<\/p>\n\t\t\t<a href=\"https:\/\/amal.si\/sr\/kontakt\/\" target=\"_self\" role=\"button\" rel=\"noopener noreferrer\">\n\t\t\t\t\t\t\tKONTAKT\n\t\t\t\t\t<\/a>\n","protected":false},"excerpt":{"rendered":"<p>Energetski objekti 2003 AET, Tolmin 2003 ISKRA STIKALA, Kranj 2003 RTP, Kr\u0161ko 2000-2007 DOMEL, \u017delezniki 2000-2007 KOLEKTOR,Idrija 2005 ISKRA AVTOELEKTRONIKA, \u0160empeter 2006 RTP, Koper 2006 RTP, Plave 2007 MRP,\u0160en\u010dur 2008 TOPLARNA, Celje 2008 RTP Dravograd 2011 KOTLOVNICA NASELJE PLANINA, Kranj 2012 RTP SITULA Elektro Ljubljana 2013-2014 TE BRESTNICA &nbsp; Potra\u017enja Po\u0161aljite nam poruku i rado&hellip;<\/p>\n","protected":false},"author":1,"featured_media":0,"parent":0,"menu_order":22,"comment_status":"closed","ping_status":"closed","template":"","meta":{"footnotes":""},"class_list":["post-1005","page","type-page","status-publish","hentry"],"yoast_head":"<!-- This site is optimized with the Yoast SEO plugin v27.3 - https:\/\/yoast.com\/product\/yoast-seo-wordpress\/ -->\n<title>Energetski objekti - AMAL d.o.o.<\/title>\n<meta name=\"robots\" content=\"index, follow, max-snippet:-1, max-image-preview:large, max-video-preview:-1\" \/>\n<link rel=\"canonical\" href=\"https:\/\/amal.si\/sr\/energetski-objekti\/\" \/>\n<meta property=\"og:locale\" content=\"sr_RS\" \/>\n<meta property=\"og:type\" content=\"article\" \/>\n<meta property=\"og:title\" content=\"Energetski objekti - AMAL d.o.o.\" \/>\n<meta property=\"og:description\" content=\"Energetski objekti 2003 AET, Tolmin 2003 ISKRA STIKALA, Kranj 2003 RTP, Kr\u0161ko 2000-2007 DOMEL, \u017delezniki 2000-2007 KOLEKTOR,Idrija 2005 ISKRA AVTOELEKTRONIKA, \u0160empeter 2006 RTP, Koper 2006 RTP, Plave 2007 MRP,\u0160en\u010dur 2008 TOPLARNA, Celje 2008 RTP Dravograd 2011 KOTLOVNICA NASELJE PLANINA, Kranj 2012 RTP SITULA Elektro Ljubljana 2013-2014 TE BRESTNICA &nbsp; Potra\u017enja Po\u0161aljite nam poruku i rado&hellip;\" \/>\n<meta property=\"og:url\" content=\"https:\/\/amal.si\/sr\/energetski-objekti\/\" \/>\n<meta property=\"og:site_name\" content=\"AMAL d.o.o.\" \/>\n<meta property=\"article:modified_time\" content=\"2020-03-25T10:06:56+00:00\" \/>\n<meta name=\"twitter:card\" content=\"summary_large_image\" \/>\n<script type=\"application\/ld+json\" class=\"yoast-schema-graph\">{\"@context\":\"https:\\\/\\\/schema.org\",\"@graph\":[{\"@type\":\"WebPage\",\"@id\":\"https:\\\/\\\/amal.si\\\/sr\\\/energetski-objekti\\\/\",\"url\":\"https:\\\/\\\/amal.si\\\/sr\\\/energetski-objekti\\\/\",\"name\":\"Energetski objekti - AMAL d.o.o.\",\"isPartOf\":{\"@id\":\"https:\\\/\\\/amal.si\\\/sr\\\/#website\"},\"datePublished\":\"2019-12-13T11:08:26+00:00\",\"dateModified\":\"2020-03-25T10:06:56+00:00\",\"breadcrumb\":{\"@id\":\"https:\\\/\\\/amal.si\\\/sr\\\/energetski-objekti\\\/#breadcrumb\"},\"inLanguage\":\"sr-RS\",\"potentialAction\":[{\"@type\":\"ReadAction\",\"target\":[\"https:\\\/\\\/amal.si\\\/sr\\\/energetski-objekti\\\/\"]}]},{\"@type\":\"BreadcrumbList\",\"@id\":\"https:\\\/\\\/amal.si\\\/sr\\\/energetski-objekti\\\/#breadcrumb\",\"itemListElement\":[{\"@type\":\"ListItem\",\"position\":1,\"name\":\"Home\",\"item\":\"https:\\\/\\\/amal.si\\\/sr\\\/\"},{\"@type\":\"ListItem\",\"position\":2,\"name\":\"Energetski objekti\"}]},{\"@type\":\"WebSite\",\"@id\":\"https:\\\/\\\/amal.si\\\/sr\\\/#website\",\"url\":\"https:\\\/\\\/amal.si\\\/sr\\\/\",\"name\":\"AMAL d.o.o.\",\"description\":\"Proizvodnja, trgovina, storitve, in\u017eeniring\",\"potentialAction\":[{\"@type\":\"SearchAction\",\"target\":{\"@type\":\"EntryPoint\",\"urlTemplate\":\"https:\\\/\\\/amal.si\\\/sr\\\/?s={search_term_string}\"},\"query-input\":{\"@type\":\"PropertyValueSpecification\",\"valueRequired\":true,\"valueName\":\"search_term_string\"}}],\"inLanguage\":\"sr-RS\"}]}<\/script>\n<!-- \/ Yoast SEO plugin. -->","yoast_head_json":{"title":"Energetski objekti - AMAL d.o.o.","robots":{"index":"index","follow":"follow","max-snippet":"max-snippet:-1","max-image-preview":"max-image-preview:large","max-video-preview":"max-video-preview:-1"},"canonical":"https:\/\/amal.si\/sr\/energetski-objekti\/","og_locale":"sr_RS","og_type":"article","og_title":"Energetski objekti - AMAL d.o.o.","og_description":"Energetski objekti 2003 AET, Tolmin 2003 ISKRA STIKALA, Kranj 2003 RTP, Kr\u0161ko 2000-2007 DOMEL, \u017delezniki 2000-2007 KOLEKTOR,Idrija 2005 ISKRA AVTOELEKTRONIKA, \u0160empeter 2006 RTP, Koper 2006 RTP, Plave 2007 MRP,\u0160en\u010dur 2008 TOPLARNA, Celje 2008 RTP Dravograd 2011 KOTLOVNICA NASELJE PLANINA, Kranj 2012 RTP SITULA Elektro Ljubljana 2013-2014 TE BRESTNICA &nbsp; Potra\u017enja Po\u0161aljite nam poruku i rado&hellip;","og_url":"https:\/\/amal.si\/sr\/energetski-objekti\/","og_site_name":"AMAL d.o.o.","article_modified_time":"2020-03-25T10:06:56+00:00","twitter_card":"summary_large_image","schema":{"@context":"https:\/\/schema.org","@graph":[{"@type":"WebPage","@id":"https:\/\/amal.si\/sr\/energetski-objekti\/","url":"https:\/\/amal.si\/sr\/energetski-objekti\/","name":"Energetski objekti - AMAL d.o.o.","isPartOf":{"@id":"https:\/\/amal.si\/sr\/#website"},"datePublished":"2019-12-13T11:08:26+00:00","dateModified":"2020-03-25T10:06:56+00:00","breadcrumb":{"@id":"https:\/\/amal.si\/sr\/energetski-objekti\/#breadcrumb"},"inLanguage":"sr-RS","potentialAction":[{"@type":"ReadAction","target":["https:\/\/amal.si\/sr\/energetski-objekti\/"]}]},{"@type":"BreadcrumbList","@id":"https:\/\/amal.si\/sr\/energetski-objekti\/#breadcrumb","itemListElement":[{"@type":"ListItem","position":1,"name":"Home","item":"https:\/\/amal.si\/sr\/"},{"@type":"ListItem","position":2,"name":"Energetski objekti"}]},{"@type":"WebSite","@id":"https:\/\/amal.si\/sr\/#website","url":"https:\/\/amal.si\/sr\/","name":"AMAL d.o.o.","description":"Proizvodnja, trgovina, storitve, in\u017eeniring","potentialAction":[{"@type":"SearchAction","target":{"@type":"EntryPoint","urlTemplate":"https:\/\/amal.si\/sr\/?s={search_term_string}"},"query-input":{"@type":"PropertyValueSpecification","valueRequired":true,"valueName":"search_term_string"}}],"inLanguage":"sr-RS"}]}},"jetpack_sharing_enabled":true,"_links":{"self":[{"href":"https:\/\/amal.si\/sr\/wp-json\/wp\/v2\/pages\/1005","targetHints":{"allow":["GET"]}}],"collection":[{"href":"https:\/\/amal.si\/sr\/wp-json\/wp\/v2\/pages"}],"about":[{"href":"https:\/\/amal.si\/sr\/wp-json\/wp\/v2\/types\/page"}],"author":[{"embeddable":true,"href":"https:\/\/amal.si\/sr\/wp-json\/wp\/v2\/users\/1"}],"replies":[{"embeddable":true,"href":"https:\/\/amal.si\/sr\/wp-json\/wp\/v2\/comments?post=1005"}],"version-history":[{"count":1,"href":"https:\/\/amal.si\/sr\/wp-json\/wp\/v2\/pages\/1005\/revisions"}],"predecessor-version":[{"id":1243,"href":"https:\/\/amal.si\/sr\/wp-json\/wp\/v2\/pages\/1005\/revisions\/1243"}],"wp:attachment":[{"href":"https:\/\/amal.si\/sr\/wp-json\/wp\/v2\/media?parent=1005"}],"curies":[{"name":"wp","href":"https:\/\/api.w.org\/{rel}","templated":true}]}}