{"id":1008,"date":"2019-12-13T12:09:29","date_gmt":"2019-12-13T11:09:29","guid":{"rendered":"https:\/\/amal.si\/aerodromi-hangari\/"},"modified":"2020-03-25T11:11:28","modified_gmt":"2020-03-25T10:11:28","slug":"aerodromi-hangari","status":"publish","type":"page","link":"https:\/\/amal.si\/sr\/aerodromi-hangari\/","title":{"rendered":"Aerodromi, hangari"},"content":{"rendered":"<h2>\n\t\tAerodromi, hangari\n\t<\/h2>\n\t<table border=\"0\" cellspacing=\"1\" cellpadding=\"1\">\n<tbody>\n<tr>\n<td>2003<\/td>\n<td>FLYCOM, Letali\u0161\u010de Cerklje<\/td>\n<\/tr>\n<tr>\n<td>2004<\/td>\n<td>LETALI\u0160\u010cE, Cerklje<\/td>\n<\/tr>\n<tr>\n<td>2004-2008<\/td>\n<td>PIPISTREL, LETALI\u0160\u010cE Ajdov\u0161\u010dina<\/td>\n<\/tr>\n<tr>\n<td>2011<\/td>\n<td>Gasilni dom, Sodra\u017eica<\/td>\n<\/tr>\n<tr>\n<td>2012<\/td>\n<td>PGD Rakitnica<\/td>\n<\/tr>\n<\/tbody>\n<\/table>\n\t\t<h3>Potra\u017enja<\/h3>\n\t\t<p>Po\u0161aljite nam poruku i rado c\u0301emo odgovoriti \u0161to je pre moguc\u0301e!<\/p>\n\t\t\t<a href=\"https:\/\/amal.si\/sr\/kontakt\/\" target=\"_self\" role=\"button\" rel=\"noopener noreferrer\">\n\t\t\t\t\t\t\tKONTAKT\n\t\t\t\t\t<\/a>\n","protected":false},"excerpt":{"rendered":"<p>Aerodromi, hangari 2003 FLYCOM, Letali\u0161\u010de Cerklje 2004 LETALI\u0160\u010cE, Cerklje 2004-2008 PIPISTREL, LETALI\u0160\u010cE Ajdov\u0161\u010dina 2011 Gasilni dom, Sodra\u017eica 2012 PGD Rakitnica Potra\u017enja Po\u0161aljite nam poruku i rado c\u0301emo odgovoriti \u0161to je pre moguc\u0301e! KONTAKT<\/p>\n","protected":false},"author":1,"featured_media":0,"parent":0,"menu_order":25,"comment_status":"closed","ping_status":"closed","template":"","meta":{"footnotes":""},"class_list":["post-1008","page","type-page","status-publish","hentry"],"yoast_head":"<!-- This site is optimized with the Yoast SEO plugin v27.3 - https:\/\/yoast.com\/product\/yoast-seo-wordpress\/ -->\n<title>Aerodromi, hangari - AMAL d.o.o.<\/title>\n<meta name=\"robots\" content=\"index, follow, max-snippet:-1, max-image-preview:large, max-video-preview:-1\" \/>\n<link rel=\"canonical\" href=\"https:\/\/amal.si\/sr\/aerodromi-hangari\/\" \/>\n<meta property=\"og:locale\" content=\"sr_RS\" \/>\n<meta property=\"og:type\" content=\"article\" \/>\n<meta property=\"og:title\" content=\"Aerodromi, hangari - AMAL d.o.o.\" \/>\n<meta property=\"og:description\" content=\"Aerodromi, hangari 2003 FLYCOM, Letali\u0161\u010de Cerklje 2004 LETALI\u0160\u010cE, Cerklje 2004-2008 PIPISTREL, LETALI\u0160\u010cE Ajdov\u0161\u010dina 2011 Gasilni dom, Sodra\u017eica 2012 PGD Rakitnica Potra\u017enja Po\u0161aljite nam poruku i rado c\u0301emo odgovoriti \u0161to je pre moguc\u0301e! KONTAKT\" \/>\n<meta property=\"og:url\" content=\"https:\/\/amal.si\/sr\/aerodromi-hangari\/\" \/>\n<meta property=\"og:site_name\" content=\"AMAL d.o.o.\" \/>\n<meta property=\"article:modified_time\" content=\"2020-03-25T10:11:28+00:00\" \/>\n<meta name=\"twitter:card\" content=\"summary_large_image\" \/>\n<script type=\"application\/ld+json\" class=\"yoast-schema-graph\">{\"@context\":\"https:\\\/\\\/schema.org\",\"@graph\":[{\"@type\":\"WebPage\",\"@id\":\"https:\\\/\\\/amal.si\\\/sr\\\/aerodromi-hangari\\\/\",\"url\":\"https:\\\/\\\/amal.si\\\/sr\\\/aerodromi-hangari\\\/\",\"name\":\"Aerodromi, hangari - AMAL d.o.o.\",\"isPartOf\":{\"@id\":\"https:\\\/\\\/amal.si\\\/sr\\\/#website\"},\"datePublished\":\"2019-12-13T11:09:29+00:00\",\"dateModified\":\"2020-03-25T10:11:28+00:00\",\"breadcrumb\":{\"@id\":\"https:\\\/\\\/amal.si\\\/sr\\\/aerodromi-hangari\\\/#breadcrumb\"},\"inLanguage\":\"sr-RS\",\"potentialAction\":[{\"@type\":\"ReadAction\",\"target\":[\"https:\\\/\\\/amal.si\\\/sr\\\/aerodromi-hangari\\\/\"]}]},{\"@type\":\"BreadcrumbList\",\"@id\":\"https:\\\/\\\/amal.si\\\/sr\\\/aerodromi-hangari\\\/#breadcrumb\",\"itemListElement\":[{\"@type\":\"ListItem\",\"position\":1,\"name\":\"Home\",\"item\":\"https:\\\/\\\/amal.si\\\/sr\\\/\"},{\"@type\":\"ListItem\",\"position\":2,\"name\":\"Aerodromi, hangari\"}]},{\"@type\":\"WebSite\",\"@id\":\"https:\\\/\\\/amal.si\\\/sr\\\/#website\",\"url\":\"https:\\\/\\\/amal.si\\\/sr\\\/\",\"name\":\"AMAL d.o.o.\",\"description\":\"Proizvodnja, trgovina, storitve, in\u017eeniring\",\"potentialAction\":[{\"@type\":\"SearchAction\",\"target\":{\"@type\":\"EntryPoint\",\"urlTemplate\":\"https:\\\/\\\/amal.si\\\/sr\\\/?s={search_term_string}\"},\"query-input\":{\"@type\":\"PropertyValueSpecification\",\"valueRequired\":true,\"valueName\":\"search_term_string\"}}],\"inLanguage\":\"sr-RS\"}]}<\/script>\n<!-- \/ Yoast SEO plugin. -->","yoast_head_json":{"title":"Aerodromi, hangari - AMAL d.o.o.","robots":{"index":"index","follow":"follow","max-snippet":"max-snippet:-1","max-image-preview":"max-image-preview:large","max-video-preview":"max-video-preview:-1"},"canonical":"https:\/\/amal.si\/sr\/aerodromi-hangari\/","og_locale":"sr_RS","og_type":"article","og_title":"Aerodromi, hangari - AMAL d.o.o.","og_description":"Aerodromi, hangari 2003 FLYCOM, Letali\u0161\u010de Cerklje 2004 LETALI\u0160\u010cE, Cerklje 2004-2008 PIPISTREL, LETALI\u0160\u010cE Ajdov\u0161\u010dina 2011 Gasilni dom, Sodra\u017eica 2012 PGD Rakitnica Potra\u017enja Po\u0161aljite nam poruku i rado c\u0301emo odgovoriti \u0161to je pre moguc\u0301e! KONTAKT","og_url":"https:\/\/amal.si\/sr\/aerodromi-hangari\/","og_site_name":"AMAL d.o.o.","article_modified_time":"2020-03-25T10:11:28+00:00","twitter_card":"summary_large_image","schema":{"@context":"https:\/\/schema.org","@graph":[{"@type":"WebPage","@id":"https:\/\/amal.si\/sr\/aerodromi-hangari\/","url":"https:\/\/amal.si\/sr\/aerodromi-hangari\/","name":"Aerodromi, hangari - AMAL d.o.o.","isPartOf":{"@id":"https:\/\/amal.si\/sr\/#website"},"datePublished":"2019-12-13T11:09:29+00:00","dateModified":"2020-03-25T10:11:28+00:00","breadcrumb":{"@id":"https:\/\/amal.si\/sr\/aerodromi-hangari\/#breadcrumb"},"inLanguage":"sr-RS","potentialAction":[{"@type":"ReadAction","target":["https:\/\/amal.si\/sr\/aerodromi-hangari\/"]}]},{"@type":"BreadcrumbList","@id":"https:\/\/amal.si\/sr\/aerodromi-hangari\/#breadcrumb","itemListElement":[{"@type":"ListItem","position":1,"name":"Home","item":"https:\/\/amal.si\/sr\/"},{"@type":"ListItem","position":2,"name":"Aerodromi, hangari"}]},{"@type":"WebSite","@id":"https:\/\/amal.si\/sr\/#website","url":"https:\/\/amal.si\/sr\/","name":"AMAL d.o.o.","description":"Proizvodnja, trgovina, storitve, in\u017eeniring","potentialAction":[{"@type":"SearchAction","target":{"@type":"EntryPoint","urlTemplate":"https:\/\/amal.si\/sr\/?s={search_term_string}"},"query-input":{"@type":"PropertyValueSpecification","valueRequired":true,"valueName":"search_term_string"}}],"inLanguage":"sr-RS"}]}},"jetpack_sharing_enabled":true,"_links":{"self":[{"href":"https:\/\/amal.si\/sr\/wp-json\/wp\/v2\/pages\/1008","targetHints":{"allow":["GET"]}}],"collection":[{"href":"https:\/\/amal.si\/sr\/wp-json\/wp\/v2\/pages"}],"about":[{"href":"https:\/\/amal.si\/sr\/wp-json\/wp\/v2\/types\/page"}],"author":[{"embeddable":true,"href":"https:\/\/amal.si\/sr\/wp-json\/wp\/v2\/users\/1"}],"replies":[{"embeddable":true,"href":"https:\/\/amal.si\/sr\/wp-json\/wp\/v2\/comments?post=1008"}],"version-history":[{"count":1,"href":"https:\/\/amal.si\/sr\/wp-json\/wp\/v2\/pages\/1008\/revisions"}],"predecessor-version":[{"id":1254,"href":"https:\/\/amal.si\/sr\/wp-json\/wp\/v2\/pages\/1008\/revisions\/1254"}],"wp:attachment":[{"href":"https:\/\/amal.si\/sr\/wp-json\/wp\/v2\/media?parent=1008"}],"curies":[{"name":"wp","href":"https:\/\/api.w.org\/{rel}","templated":true}]}}