{"id":1011,"date":"2019-12-13T12:10:10","date_gmt":"2019-12-13T11:10:10","guid":{"rendered":"https:\/\/amal.si\/skolstvo-kultura-i-sport\/"},"modified":"2020-03-25T11:11:17","modified_gmt":"2020-03-25T10:11:17","slug":"skolstvo-kultura-i-sport","status":"publish","type":"page","link":"https:\/\/amal.si\/sr\/skolstvo-kultura-i-sport\/","title":{"rendered":"\u0160kolstvo, kultura i sport"},"content":{"rendered":"<h2>\n\t\t\u0160kolstvo, kultura i sport\n\t<\/h2>\n\t<table border=\"0\" cellspacing=\"1\" cellpadding=\"1\">\n<tbody>\n<tr>\n<td>1998<\/td>\n<td>OPERA-BALET, Ljubljana<\/td>\n<\/tr>\n<tr>\n<td>2003<\/td>\n<td>Knji\u017enica Cerknica<\/td>\n<\/tr>\n<tr>\n<td>2003-2005<\/td>\n<td>TV Paprika, Ljubljana<\/td>\n<\/tr>\n<tr>\n<td>2005-2007<\/td>\n<td>DVORANA TABOR, Maribor<\/td>\n<\/tr>\n<tr>\n<td>2006<\/td>\n<td>BOWLING CENTER, Maribor<\/td>\n<\/tr>\n<tr>\n<td>2006<\/td>\n<td>Univerza Primorska, Koper<\/td>\n<\/tr>\n<tr>\n<td>2006<\/td>\n<td>Univerza Maribor-laboratorij<\/td>\n<\/tr>\n<tr>\n<td>2006<\/td>\n<td>Novi trg, Novo mesto<\/td>\n<\/tr>\n<tr>\n<td>2006<\/td>\n<td>RZS Antonijev rov, Idrija<\/td>\n<\/tr>\n<tr>\n<td>2007<\/td>\n<td>Kongresni center, Brdo<\/td>\n<\/tr>\n<tr>\n<td>2008<\/td>\n<td>Univerza med.f., Ljubljana<\/td>\n<\/tr>\n<tr>\n<td>2008<\/td>\n<td>UIM, Kamnik<\/td>\n<\/tr>\n<tr>\n<td>2008<\/td>\n<td>Univerza za farmacijo, Ljubljana<\/td>\n<\/tr>\n<tr>\n<td>2009<\/td>\n<td>KD Sre\u010dko Kosovel,Se\u017eana<\/td>\n<\/tr>\n<tr>\n<td>2009<\/td>\n<td>\u0160PORTNI OBJEKT-TELOVADNICA Vipava<\/td>\n<\/tr>\n<tr>\n<td>2009-2010<\/td>\n<td>MZL RKS, Debeli rti\u010d<\/td>\n<\/tr>\n<tr>\n<td>2009-2010<\/td>\n<td>\u0160tudentski domovi, Ljubljana<\/td>\n<\/tr>\n<tr>\n<td>2010<\/td>\n<td>Srednja medijska in grafi\u010dna \u0161ola,Ljubljana<\/td>\n<\/tr>\n<tr>\n<td>2011<\/td>\n<td>Srednja trgovska \u0161ola, Ljubljana<\/td>\n<\/tr>\n<tr>\n<td>2011<\/td>\n<td>Mladinski center, Kr\u0161ko<\/td>\n<\/tr>\n<tr>\n<td>2011<\/td>\n<td>Arhiv Slovenije<\/td>\n<\/tr>\n<tr>\n<td>2012<\/td>\n<td>Klub &#8222;Cvetli\u010darna&#8220;, Ljubljana<\/td>\n<\/tr>\n<tr>\n<td>2012<\/td>\n<td>Zavod \u0161port, Ljubljana<\/td>\n<\/tr>\n<tr>\n<td>2013-2014<\/td>\n<td>FAKULTETA ZA KEIJO IN KEM. TEHNOLOGIJO, Ljubljana<\/td>\n<\/tr>\n<tr>\n<td>2013-2014<\/td>\n<td>VRTEC DOBRNA<\/td>\n<\/tr>\n<tr>\n<td>2014<\/td>\n<td>MELCHER WEINGUT, Avstrija<\/td>\n<\/tr>\n<tr>\n<td>2014<\/td>\n<td>ETNO DOM TREND METLIKA<\/td>\n<\/tr>\n<tr>\n<td>2015<\/td>\n<td>NARODNA GALERIJA, Ljubljana<\/td>\n<\/tr>\n<tr>\n<td>2015<\/td>\n<td>GALERIJA VELENJE<\/td>\n<\/tr>\n<tr>\n<td>2014-2015<\/td>\n<td>MIC, Nova Gorica<\/td>\n<\/tr>\n<tr>\n<td>2015-2016<\/td>\n<td>UNIVERZA MARIBOR<\/td>\n<\/tr>\n<\/tbody>\n<\/table>\n\t\t<h3>Potra\u017enja<\/h3>\n\t\t<p>Po\u0161aljite nam poruku i rado c\u0301emo odgovoriti \u0161to je pre moguc\u0301e!<\/p>\n\t\t\t<a href=\"https:\/\/amal.si\/sr\/kontakt\/\" target=\"_self\" role=\"button\" rel=\"noopener noreferrer\">\n\t\t\t\t\t\t\tKONTAKT\n\t\t\t\t\t<\/a>\n","protected":false},"excerpt":{"rendered":"<p>\u0160kolstvo, kultura i sport 1998 OPERA-BALET, Ljubljana 2003 Knji\u017enica Cerknica 2003-2005 TV Paprika, Ljubljana 2005-2007 DVORANA TABOR, Maribor 2006 BOWLING CENTER, Maribor 2006 Univerza Primorska, Koper 2006 Univerza Maribor-laboratorij 2006 Novi trg, Novo mesto 2006 RZS Antonijev rov, Idrija 2007 Kongresni center, Brdo 2008 Univerza med.f., Ljubljana 2008 UIM, Kamnik 2008 Univerza za farmacijo, Ljubljana&hellip;<\/p>\n","protected":false},"author":1,"featured_media":0,"parent":0,"menu_order":28,"comment_status":"closed","ping_status":"closed","template":"","meta":{"footnotes":""},"class_list":["post-1011","page","type-page","status-publish","hentry"],"yoast_head":"<!-- This site is optimized with the Yoast SEO plugin v27.3 - https:\/\/yoast.com\/product\/yoast-seo-wordpress\/ -->\n<title>\u0160kolstvo, kultura i sport - AMAL d.o.o.<\/title>\n<meta name=\"robots\" content=\"index, follow, max-snippet:-1, max-image-preview:large, max-video-preview:-1\" \/>\n<link rel=\"canonical\" href=\"https:\/\/amal.si\/sr\/skolstvo-kultura-i-sport\/\" \/>\n<meta property=\"og:locale\" content=\"sr_RS\" \/>\n<meta property=\"og:type\" content=\"article\" \/>\n<meta property=\"og:title\" content=\"\u0160kolstvo, kultura i sport - AMAL d.o.o.\" \/>\n<meta property=\"og:description\" content=\"\u0160kolstvo, kultura i sport 1998 OPERA-BALET, Ljubljana 2003 Knji\u017enica Cerknica 2003-2005 TV Paprika, Ljubljana 2005-2007 DVORANA TABOR, Maribor 2006 BOWLING CENTER, Maribor 2006 Univerza Primorska, Koper 2006 Univerza Maribor-laboratorij 2006 Novi trg, Novo mesto 2006 RZS Antonijev rov, Idrija 2007 Kongresni center, Brdo 2008 Univerza med.f., Ljubljana 2008 UIM, Kamnik 2008 Univerza za farmacijo, Ljubljana&hellip;\" \/>\n<meta property=\"og:url\" content=\"https:\/\/amal.si\/sr\/skolstvo-kultura-i-sport\/\" \/>\n<meta property=\"og:site_name\" content=\"AMAL d.o.o.\" \/>\n<meta property=\"article:modified_time\" content=\"2020-03-25T10:11:17+00:00\" \/>\n<meta name=\"twitter:card\" content=\"summary_large_image\" \/>\n<meta name=\"twitter:label1\" content=\"\u041f\u0440\u043e\u0446\u0435\u045a\u0435\u043d\u043e \u0432\u0440\u0435\u043c\u0435 \u0447\u0438\u0442\u0430\u045a\u0430\" \/>\n\t<meta name=\"twitter:data1\" content=\"1 \u043c\u0438\u043d\u0443\u0442\" \/>\n<script type=\"application\/ld+json\" class=\"yoast-schema-graph\">{\"@context\":\"https:\\\/\\\/schema.org\",\"@graph\":[{\"@type\":\"WebPage\",\"@id\":\"https:\\\/\\\/amal.si\\\/sr\\\/skolstvo-kultura-i-sport\\\/\",\"url\":\"https:\\\/\\\/amal.si\\\/sr\\\/skolstvo-kultura-i-sport\\\/\",\"name\":\"\u0160kolstvo, kultura i sport - AMAL d.o.o.\",\"isPartOf\":{\"@id\":\"https:\\\/\\\/amal.si\\\/sr\\\/#website\"},\"datePublished\":\"2019-12-13T11:10:10+00:00\",\"dateModified\":\"2020-03-25T10:11:17+00:00\",\"breadcrumb\":{\"@id\":\"https:\\\/\\\/amal.si\\\/sr\\\/skolstvo-kultura-i-sport\\\/#breadcrumb\"},\"inLanguage\":\"sr-RS\",\"potentialAction\":[{\"@type\":\"ReadAction\",\"target\":[\"https:\\\/\\\/amal.si\\\/sr\\\/skolstvo-kultura-i-sport\\\/\"]}]},{\"@type\":\"BreadcrumbList\",\"@id\":\"https:\\\/\\\/amal.si\\\/sr\\\/skolstvo-kultura-i-sport\\\/#breadcrumb\",\"itemListElement\":[{\"@type\":\"ListItem\",\"position\":1,\"name\":\"Home\",\"item\":\"https:\\\/\\\/amal.si\\\/sr\\\/\"},{\"@type\":\"ListItem\",\"position\":2,\"name\":\"\u0160kolstvo, kultura i sport\"}]},{\"@type\":\"WebSite\",\"@id\":\"https:\\\/\\\/amal.si\\\/sr\\\/#website\",\"url\":\"https:\\\/\\\/amal.si\\\/sr\\\/\",\"name\":\"AMAL d.o.o.\",\"description\":\"Proizvodnja, trgovina, storitve, in\u017eeniring\",\"potentialAction\":[{\"@type\":\"SearchAction\",\"target\":{\"@type\":\"EntryPoint\",\"urlTemplate\":\"https:\\\/\\\/amal.si\\\/sr\\\/?s={search_term_string}\"},\"query-input\":{\"@type\":\"PropertyValueSpecification\",\"valueRequired\":true,\"valueName\":\"search_term_string\"}}],\"inLanguage\":\"sr-RS\"}]}<\/script>\n<!-- \/ Yoast SEO plugin. -->","yoast_head_json":{"title":"\u0160kolstvo, kultura i sport - AMAL d.o.o.","robots":{"index":"index","follow":"follow","max-snippet":"max-snippet:-1","max-image-preview":"max-image-preview:large","max-video-preview":"max-video-preview:-1"},"canonical":"https:\/\/amal.si\/sr\/skolstvo-kultura-i-sport\/","og_locale":"sr_RS","og_type":"article","og_title":"\u0160kolstvo, kultura i sport - AMAL d.o.o.","og_description":"\u0160kolstvo, kultura i sport 1998 OPERA-BALET, Ljubljana 2003 Knji\u017enica Cerknica 2003-2005 TV Paprika, Ljubljana 2005-2007 DVORANA TABOR, Maribor 2006 BOWLING CENTER, Maribor 2006 Univerza Primorska, Koper 2006 Univerza Maribor-laboratorij 2006 Novi trg, Novo mesto 2006 RZS Antonijev rov, Idrija 2007 Kongresni center, Brdo 2008 Univerza med.f., Ljubljana 2008 UIM, Kamnik 2008 Univerza za farmacijo, Ljubljana&hellip;","og_url":"https:\/\/amal.si\/sr\/skolstvo-kultura-i-sport\/","og_site_name":"AMAL d.o.o.","article_modified_time":"2020-03-25T10:11:17+00:00","twitter_card":"summary_large_image","twitter_misc":{"\u041f\u0440\u043e\u0446\u0435\u045a\u0435\u043d\u043e \u0432\u0440\u0435\u043c\u0435 \u0447\u0438\u0442\u0430\u045a\u0430":"1 \u043c\u0438\u043d\u0443\u0442"},"schema":{"@context":"https:\/\/schema.org","@graph":[{"@type":"WebPage","@id":"https:\/\/amal.si\/sr\/skolstvo-kultura-i-sport\/","url":"https:\/\/amal.si\/sr\/skolstvo-kultura-i-sport\/","name":"\u0160kolstvo, kultura i sport - AMAL d.o.o.","isPartOf":{"@id":"https:\/\/amal.si\/sr\/#website"},"datePublished":"2019-12-13T11:10:10+00:00","dateModified":"2020-03-25T10:11:17+00:00","breadcrumb":{"@id":"https:\/\/amal.si\/sr\/skolstvo-kultura-i-sport\/#breadcrumb"},"inLanguage":"sr-RS","potentialAction":[{"@type":"ReadAction","target":["https:\/\/amal.si\/sr\/skolstvo-kultura-i-sport\/"]}]},{"@type":"BreadcrumbList","@id":"https:\/\/amal.si\/sr\/skolstvo-kultura-i-sport\/#breadcrumb","itemListElement":[{"@type":"ListItem","position":1,"name":"Home","item":"https:\/\/amal.si\/sr\/"},{"@type":"ListItem","position":2,"name":"\u0160kolstvo, kultura i sport"}]},{"@type":"WebSite","@id":"https:\/\/amal.si\/sr\/#website","url":"https:\/\/amal.si\/sr\/","name":"AMAL d.o.o.","description":"Proizvodnja, trgovina, storitve, in\u017eeniring","potentialAction":[{"@type":"SearchAction","target":{"@type":"EntryPoint","urlTemplate":"https:\/\/amal.si\/sr\/?s={search_term_string}"},"query-input":{"@type":"PropertyValueSpecification","valueRequired":true,"valueName":"search_term_string"}}],"inLanguage":"sr-RS"}]}},"jetpack_sharing_enabled":true,"_links":{"self":[{"href":"https:\/\/amal.si\/sr\/wp-json\/wp\/v2\/pages\/1011","targetHints":{"allow":["GET"]}}],"collection":[{"href":"https:\/\/amal.si\/sr\/wp-json\/wp\/v2\/pages"}],"about":[{"href":"https:\/\/amal.si\/sr\/wp-json\/wp\/v2\/types\/page"}],"author":[{"embeddable":true,"href":"https:\/\/amal.si\/sr\/wp-json\/wp\/v2\/users\/1"}],"replies":[{"embeddable":true,"href":"https:\/\/amal.si\/sr\/wp-json\/wp\/v2\/comments?post=1011"}],"version-history":[{"count":1,"href":"https:\/\/amal.si\/sr\/wp-json\/wp\/v2\/pages\/1011\/revisions"}],"predecessor-version":[{"id":1250,"href":"https:\/\/amal.si\/sr\/wp-json\/wp\/v2\/pages\/1011\/revisions\/1250"}],"wp:attachment":[{"href":"https:\/\/amal.si\/sr\/wp-json\/wp\/v2\/media?parent=1011"}],"curies":[{"name":"wp","href":"https:\/\/api.w.org\/{rel}","templated":true}]}}