{"id":1012,"date":"2019-12-13T12:10:21","date_gmt":"2019-12-13T11:10:21","guid":{"rendered":"https:\/\/amal.si\/ekologija-recikliranje\/"},"modified":"2020-03-25T11:11:20","modified_gmt":"2020-03-25T10:11:20","slug":"ekologija-recikliranje","status":"publish","type":"page","link":"https:\/\/amal.si\/sr\/ekologija-recikliranje\/","title":{"rendered":"Ekologija, recikliranje"},"content":{"rendered":"<h2>\n\t\tEkologija, recikliranje\n\t<\/h2>\n\t<table border=\"0\" cellspacing=\"1\" cellpadding=\"1\">\n<tbody>\n<tr>\n<td>2006<\/td>\n<td>DINOS, Ljubljana \u010crnu\u010de<\/td>\n<\/tr>\n<tr>\n<td>2006<\/td>\n<td>EKOLOGIJA, \u0160kofja loka<\/td>\n<\/tr>\n<tr>\n<td>2006<\/td>\n<td>\u010cISTILNA NAPRAVA, Bled<\/td>\n<\/tr>\n<tr>\n<td>2009\/2010<\/td>\n<td>\u010cISTILNA NAPRAVA LJ-BARJE<\/td>\n<\/tr>\n<tr>\n<td>2010<\/td>\n<td>SOTOM Ljubljana<\/td>\n<\/tr>\n<tr>\n<td>2010<\/td>\n<td>KOMUNALA, Nova Gorica<\/td>\n<\/tr>\n<tr>\n<td>2010<\/td>\n<td>NT LOGISTIKA Komenda<\/td>\n<\/tr>\n<tr>\n<td>2011<\/td>\n<td>\u010cISTILNA NAPRAVA, \u010crnomelj<\/td>\n<\/tr>\n<tr>\n<td>2012<\/td>\n<td>SNAGA, Ljubljana<\/td>\n<\/tr>\n<tr>\n<td>2014<\/td>\n<td>\u010cN \u017dELEZNIKI<\/td>\n<\/tr>\n<tr>\n<td>2015<\/td>\n<td>\u010cN LOGATEC<\/td>\n<\/tr>\n<tr>\n<td>2015-2016<\/td>\n<td>CERO LJUBLJANA BARJE<\/td>\n<\/tr>\n<tr>\n<td>2015<\/td>\n<td>\u010cN NOVO MESTO<\/td>\n<\/tr>\n<tr>\n<td>2015<\/td>\n<td>SNAGA MARIBOR<\/td>\n<\/tr>\n<\/tbody>\n<\/table>\n\t\t<h3>Potra\u017enja<\/h3>\n\t\t<p>Po\u0161aljite nam poruku i rado c\u0301emo odgovoriti \u0161to je pre moguc\u0301e!<\/p>\n\t\t\t<a href=\"https:\/\/amal.si\/sr\/kontakt\/\" target=\"_self\" role=\"button\" rel=\"noopener noreferrer\">\n\t\t\t\t\t\t\tKONTAKT\n\t\t\t\t\t<\/a>\n","protected":false},"excerpt":{"rendered":"<p>Ekologija, recikliranje 2006 DINOS, Ljubljana \u010crnu\u010de 2006 EKOLOGIJA, \u0160kofja loka 2006 \u010cISTILNA NAPRAVA, Bled 2009\/2010 \u010cISTILNA NAPRAVA LJ-BARJE 2010 SOTOM Ljubljana 2010 KOMUNALA, Nova Gorica 2010 NT LOGISTIKA Komenda 2011 \u010cISTILNA NAPRAVA, \u010crnomelj 2012 SNAGA, Ljubljana 2014 \u010cN \u017dELEZNIKI 2015 \u010cN LOGATEC 2015-2016 CERO LJUBLJANA BARJE 2015 \u010cN NOVO MESTO 2015 SNAGA MARIBOR Potra\u017enja Po\u0161aljite&hellip;<\/p>\n","protected":false},"author":1,"featured_media":0,"parent":0,"menu_order":29,"comment_status":"closed","ping_status":"closed","template":"","meta":{"footnotes":""},"class_list":["post-1012","page","type-page","status-publish","hentry"],"yoast_head":"<!-- This site is optimized with the Yoast SEO plugin v27.3 - https:\/\/yoast.com\/product\/yoast-seo-wordpress\/ -->\n<title>Ekologija, recikliranje - AMAL d.o.o.<\/title>\n<meta name=\"robots\" content=\"index, follow, max-snippet:-1, max-image-preview:large, max-video-preview:-1\" \/>\n<link rel=\"canonical\" href=\"https:\/\/amal.si\/sr\/ekologija-recikliranje\/\" \/>\n<meta property=\"og:locale\" content=\"sr_RS\" \/>\n<meta property=\"og:type\" content=\"article\" \/>\n<meta property=\"og:title\" content=\"Ekologija, recikliranje - AMAL d.o.o.\" \/>\n<meta property=\"og:description\" content=\"Ekologija, recikliranje 2006 DINOS, Ljubljana \u010crnu\u010de 2006 EKOLOGIJA, \u0160kofja loka 2006 \u010cISTILNA NAPRAVA, Bled 2009\/2010 \u010cISTILNA NAPRAVA LJ-BARJE 2010 SOTOM Ljubljana 2010 KOMUNALA, Nova Gorica 2010 NT LOGISTIKA Komenda 2011 \u010cISTILNA NAPRAVA, \u010crnomelj 2012 SNAGA, Ljubljana 2014 \u010cN \u017dELEZNIKI 2015 \u010cN LOGATEC 2015-2016 CERO LJUBLJANA BARJE 2015 \u010cN NOVO MESTO 2015 SNAGA MARIBOR Potra\u017enja Po\u0161aljite&hellip;\" \/>\n<meta property=\"og:url\" content=\"https:\/\/amal.si\/sr\/ekologija-recikliranje\/\" \/>\n<meta property=\"og:site_name\" content=\"AMAL d.o.o.\" \/>\n<meta property=\"article:modified_time\" content=\"2020-03-25T10:11:20+00:00\" \/>\n<meta name=\"twitter:card\" content=\"summary_large_image\" \/>\n<script type=\"application\/ld+json\" class=\"yoast-schema-graph\">{\"@context\":\"https:\\\/\\\/schema.org\",\"@graph\":[{\"@type\":\"WebPage\",\"@id\":\"https:\\\/\\\/amal.si\\\/sr\\\/ekologija-recikliranje\\\/\",\"url\":\"https:\\\/\\\/amal.si\\\/sr\\\/ekologija-recikliranje\\\/\",\"name\":\"Ekologija, recikliranje - AMAL d.o.o.\",\"isPartOf\":{\"@id\":\"https:\\\/\\\/amal.si\\\/sr\\\/#website\"},\"datePublished\":\"2019-12-13T11:10:21+00:00\",\"dateModified\":\"2020-03-25T10:11:20+00:00\",\"breadcrumb\":{\"@id\":\"https:\\\/\\\/amal.si\\\/sr\\\/ekologija-recikliranje\\\/#breadcrumb\"},\"inLanguage\":\"sr-RS\",\"potentialAction\":[{\"@type\":\"ReadAction\",\"target\":[\"https:\\\/\\\/amal.si\\\/sr\\\/ekologija-recikliranje\\\/\"]}]},{\"@type\":\"BreadcrumbList\",\"@id\":\"https:\\\/\\\/amal.si\\\/sr\\\/ekologija-recikliranje\\\/#breadcrumb\",\"itemListElement\":[{\"@type\":\"ListItem\",\"position\":1,\"name\":\"Home\",\"item\":\"https:\\\/\\\/amal.si\\\/sr\\\/\"},{\"@type\":\"ListItem\",\"position\":2,\"name\":\"Ekologija, recikliranje\"}]},{\"@type\":\"WebSite\",\"@id\":\"https:\\\/\\\/amal.si\\\/sr\\\/#website\",\"url\":\"https:\\\/\\\/amal.si\\\/sr\\\/\",\"name\":\"AMAL d.o.o.\",\"description\":\"Proizvodnja, trgovina, storitve, in\u017eeniring\",\"potentialAction\":[{\"@type\":\"SearchAction\",\"target\":{\"@type\":\"EntryPoint\",\"urlTemplate\":\"https:\\\/\\\/amal.si\\\/sr\\\/?s={search_term_string}\"},\"query-input\":{\"@type\":\"PropertyValueSpecification\",\"valueRequired\":true,\"valueName\":\"search_term_string\"}}],\"inLanguage\":\"sr-RS\"}]}<\/script>\n<!-- \/ Yoast SEO plugin. -->","yoast_head_json":{"title":"Ekologija, recikliranje - AMAL d.o.o.","robots":{"index":"index","follow":"follow","max-snippet":"max-snippet:-1","max-image-preview":"max-image-preview:large","max-video-preview":"max-video-preview:-1"},"canonical":"https:\/\/amal.si\/sr\/ekologija-recikliranje\/","og_locale":"sr_RS","og_type":"article","og_title":"Ekologija, recikliranje - AMAL d.o.o.","og_description":"Ekologija, recikliranje 2006 DINOS, Ljubljana \u010crnu\u010de 2006 EKOLOGIJA, \u0160kofja loka 2006 \u010cISTILNA NAPRAVA, Bled 2009\/2010 \u010cISTILNA NAPRAVA LJ-BARJE 2010 SOTOM Ljubljana 2010 KOMUNALA, Nova Gorica 2010 NT LOGISTIKA Komenda 2011 \u010cISTILNA NAPRAVA, \u010crnomelj 2012 SNAGA, Ljubljana 2014 \u010cN \u017dELEZNIKI 2015 \u010cN LOGATEC 2015-2016 CERO LJUBLJANA BARJE 2015 \u010cN NOVO MESTO 2015 SNAGA MARIBOR Potra\u017enja Po\u0161aljite&hellip;","og_url":"https:\/\/amal.si\/sr\/ekologija-recikliranje\/","og_site_name":"AMAL d.o.o.","article_modified_time":"2020-03-25T10:11:20+00:00","twitter_card":"summary_large_image","schema":{"@context":"https:\/\/schema.org","@graph":[{"@type":"WebPage","@id":"https:\/\/amal.si\/sr\/ekologija-recikliranje\/","url":"https:\/\/amal.si\/sr\/ekologija-recikliranje\/","name":"Ekologija, recikliranje - AMAL d.o.o.","isPartOf":{"@id":"https:\/\/amal.si\/sr\/#website"},"datePublished":"2019-12-13T11:10:21+00:00","dateModified":"2020-03-25T10:11:20+00:00","breadcrumb":{"@id":"https:\/\/amal.si\/sr\/ekologija-recikliranje\/#breadcrumb"},"inLanguage":"sr-RS","potentialAction":[{"@type":"ReadAction","target":["https:\/\/amal.si\/sr\/ekologija-recikliranje\/"]}]},{"@type":"BreadcrumbList","@id":"https:\/\/amal.si\/sr\/ekologija-recikliranje\/#breadcrumb","itemListElement":[{"@type":"ListItem","position":1,"name":"Home","item":"https:\/\/amal.si\/sr\/"},{"@type":"ListItem","position":2,"name":"Ekologija, recikliranje"}]},{"@type":"WebSite","@id":"https:\/\/amal.si\/sr\/#website","url":"https:\/\/amal.si\/sr\/","name":"AMAL d.o.o.","description":"Proizvodnja, trgovina, storitve, in\u017eeniring","potentialAction":[{"@type":"SearchAction","target":{"@type":"EntryPoint","urlTemplate":"https:\/\/amal.si\/sr\/?s={search_term_string}"},"query-input":{"@type":"PropertyValueSpecification","valueRequired":true,"valueName":"search_term_string"}}],"inLanguage":"sr-RS"}]}},"jetpack_sharing_enabled":true,"_links":{"self":[{"href":"https:\/\/amal.si\/sr\/wp-json\/wp\/v2\/pages\/1012","targetHints":{"allow":["GET"]}}],"collection":[{"href":"https:\/\/amal.si\/sr\/wp-json\/wp\/v2\/pages"}],"about":[{"href":"https:\/\/amal.si\/sr\/wp-json\/wp\/v2\/types\/page"}],"author":[{"embeddable":true,"href":"https:\/\/amal.si\/sr\/wp-json\/wp\/v2\/users\/1"}],"replies":[{"embeddable":true,"href":"https:\/\/amal.si\/sr\/wp-json\/wp\/v2\/comments?post=1012"}],"version-history":[{"count":1,"href":"https:\/\/amal.si\/sr\/wp-json\/wp\/v2\/pages\/1012\/revisions"}],"predecessor-version":[{"id":1251,"href":"https:\/\/amal.si\/sr\/wp-json\/wp\/v2\/pages\/1012\/revisions\/1251"}],"wp:attachment":[{"href":"https:\/\/amal.si\/sr\/wp-json\/wp\/v2\/media?parent=1012"}],"curies":[{"name":"wp","href":"https:\/\/api.w.org\/{rel}","templated":true}]}}