{"id":1014,"date":"2019-12-13T12:10:57","date_gmt":"2019-12-13T11:10:57","guid":{"rendered":"https:\/\/amal.si\/katalog\/"},"modified":"2020-03-25T10:55:57","modified_gmt":"2020-03-25T09:55:57","slug":"katalog","status":"publish","type":"page","link":"https:\/\/amal.si\/sr\/katalog\/","title":{"rendered":"Katalog"},"content":{"rendered":"<h2>\n\t\tKatalog\n\t<\/h2>\n\t<p><a href=\"https:\/\/issuu.com\/amal.si\/docs\/amal_-_herpelin\" target=\"_blank\" rel=\"noopener noreferrer\">Herpelin epoksidni program &#8211; sistemi<\/a><\/p>\n<p>Bro\u0161ura Herpelin 114 Epoksidni premaz<\/p>\n<p><a href=\"https:\/\/issuu.com\/amal.si\/docs\/amal-ab\" target=\"_blank\" rel=\"noopener noreferrer\">Amal AB &#8211; antibakterijske boje i premazi<\/a><\/p>\n<p>Boja letaka koncentri\u0161e Amal<\/p>\n\t\t<h3>Potra\u017enja<\/h3>\n\t\t<p>Po\u0161aljite nam poruku i rado c\u0301emo odgovoriti \u0161to je pre moguc\u0301e!<\/p>\n\t\t\t<a href=\"https:\/\/amal.si\/sr\/kontakt\/\" target=\"_self\" role=\"button\" rel=\"noopener noreferrer\">\n\t\t\t\t\t\t\tKONTAKT\n\t\t\t\t\t<\/a>\n","protected":false},"excerpt":{"rendered":"<p>Katalog Herpelin epoksidni program &#8211; sistemi Bro\u0161ura Herpelin 114 Epoksidni premaz Amal AB &#8211; antibakterijske boje i premazi Boja letaka koncentri\u0161e Amal Potra\u017enja Po\u0161aljite nam poruku i rado c\u0301emo odgovoriti \u0161to je pre moguc\u0301e! KONTAKT<\/p>\n","protected":false},"author":1,"featured_media":0,"parent":0,"menu_order":31,"comment_status":"closed","ping_status":"closed","template":"","meta":{"footnotes":""},"class_list":["post-1014","page","type-page","status-publish","hentry"],"yoast_head":"<!-- This site is optimized with the Yoast SEO plugin v27.3 - https:\/\/yoast.com\/product\/yoast-seo-wordpress\/ -->\n<title>Katalog - AMAL d.o.o.<\/title>\n<meta name=\"robots\" content=\"index, follow, max-snippet:-1, max-image-preview:large, max-video-preview:-1\" \/>\n<link rel=\"canonical\" href=\"https:\/\/amal.si\/sr\/katalog\/\" \/>\n<meta property=\"og:locale\" content=\"sr_RS\" \/>\n<meta property=\"og:type\" content=\"article\" \/>\n<meta property=\"og:title\" content=\"Katalog - AMAL d.o.o.\" \/>\n<meta property=\"og:description\" content=\"Katalog Herpelin epoksidni program &#8211; sistemi Bro\u0161ura Herpelin 114 Epoksidni premaz Amal AB &#8211; antibakterijske boje i premazi Boja letaka koncentri\u0161e Amal Potra\u017enja Po\u0161aljite nam poruku i rado c\u0301emo odgovoriti \u0161to je pre moguc\u0301e! KONTAKT\" \/>\n<meta property=\"og:url\" content=\"https:\/\/amal.si\/sr\/katalog\/\" \/>\n<meta property=\"og:site_name\" content=\"AMAL d.o.o.\" \/>\n<meta property=\"article:modified_time\" content=\"2020-03-25T09:55:57+00:00\" \/>\n<meta name=\"twitter:card\" content=\"summary_large_image\" \/>\n<script type=\"application\/ld+json\" class=\"yoast-schema-graph\">{\"@context\":\"https:\\\/\\\/schema.org\",\"@graph\":[{\"@type\":\"WebPage\",\"@id\":\"https:\\\/\\\/amal.si\\\/sr\\\/katalog\\\/\",\"url\":\"https:\\\/\\\/amal.si\\\/sr\\\/katalog\\\/\",\"name\":\"Katalog - AMAL d.o.o.\",\"isPartOf\":{\"@id\":\"https:\\\/\\\/amal.si\\\/sr\\\/#website\"},\"datePublished\":\"2019-12-13T11:10:57+00:00\",\"dateModified\":\"2020-03-25T09:55:57+00:00\",\"breadcrumb\":{\"@id\":\"https:\\\/\\\/amal.si\\\/sr\\\/katalog\\\/#breadcrumb\"},\"inLanguage\":\"sr-RS\",\"potentialAction\":[{\"@type\":\"ReadAction\",\"target\":[\"https:\\\/\\\/amal.si\\\/sr\\\/katalog\\\/\"]}]},{\"@type\":\"BreadcrumbList\",\"@id\":\"https:\\\/\\\/amal.si\\\/sr\\\/katalog\\\/#breadcrumb\",\"itemListElement\":[{\"@type\":\"ListItem\",\"position\":1,\"name\":\"Home\",\"item\":\"https:\\\/\\\/amal.si\\\/sr\\\/\"},{\"@type\":\"ListItem\",\"position\":2,\"name\":\"Katalog\"}]},{\"@type\":\"WebSite\",\"@id\":\"https:\\\/\\\/amal.si\\\/sr\\\/#website\",\"url\":\"https:\\\/\\\/amal.si\\\/sr\\\/\",\"name\":\"AMAL d.o.o.\",\"description\":\"Proizvodnja, trgovina, storitve, in\u017eeniring\",\"potentialAction\":[{\"@type\":\"SearchAction\",\"target\":{\"@type\":\"EntryPoint\",\"urlTemplate\":\"https:\\\/\\\/amal.si\\\/sr\\\/?s={search_term_string}\"},\"query-input\":{\"@type\":\"PropertyValueSpecification\",\"valueRequired\":true,\"valueName\":\"search_term_string\"}}],\"inLanguage\":\"sr-RS\"}]}<\/script>\n<!-- \/ Yoast SEO plugin. -->","yoast_head_json":{"title":"Katalog - AMAL d.o.o.","robots":{"index":"index","follow":"follow","max-snippet":"max-snippet:-1","max-image-preview":"max-image-preview:large","max-video-preview":"max-video-preview:-1"},"canonical":"https:\/\/amal.si\/sr\/katalog\/","og_locale":"sr_RS","og_type":"article","og_title":"Katalog - AMAL d.o.o.","og_description":"Katalog Herpelin epoksidni program &#8211; sistemi Bro\u0161ura Herpelin 114 Epoksidni premaz Amal AB &#8211; antibakterijske boje i premazi Boja letaka koncentri\u0161e Amal Potra\u017enja Po\u0161aljite nam poruku i rado c\u0301emo odgovoriti \u0161to je pre moguc\u0301e! KONTAKT","og_url":"https:\/\/amal.si\/sr\/katalog\/","og_site_name":"AMAL d.o.o.","article_modified_time":"2020-03-25T09:55:57+00:00","twitter_card":"summary_large_image","schema":{"@context":"https:\/\/schema.org","@graph":[{"@type":"WebPage","@id":"https:\/\/amal.si\/sr\/katalog\/","url":"https:\/\/amal.si\/sr\/katalog\/","name":"Katalog - AMAL d.o.o.","isPartOf":{"@id":"https:\/\/amal.si\/sr\/#website"},"datePublished":"2019-12-13T11:10:57+00:00","dateModified":"2020-03-25T09:55:57+00:00","breadcrumb":{"@id":"https:\/\/amal.si\/sr\/katalog\/#breadcrumb"},"inLanguage":"sr-RS","potentialAction":[{"@type":"ReadAction","target":["https:\/\/amal.si\/sr\/katalog\/"]}]},{"@type":"BreadcrumbList","@id":"https:\/\/amal.si\/sr\/katalog\/#breadcrumb","itemListElement":[{"@type":"ListItem","position":1,"name":"Home","item":"https:\/\/amal.si\/sr\/"},{"@type":"ListItem","position":2,"name":"Katalog"}]},{"@type":"WebSite","@id":"https:\/\/amal.si\/sr\/#website","url":"https:\/\/amal.si\/sr\/","name":"AMAL d.o.o.","description":"Proizvodnja, trgovina, storitve, in\u017eeniring","potentialAction":[{"@type":"SearchAction","target":{"@type":"EntryPoint","urlTemplate":"https:\/\/amal.si\/sr\/?s={search_term_string}"},"query-input":{"@type":"PropertyValueSpecification","valueRequired":true,"valueName":"search_term_string"}}],"inLanguage":"sr-RS"}]}},"jetpack_sharing_enabled":true,"_links":{"self":[{"href":"https:\/\/amal.si\/sr\/wp-json\/wp\/v2\/pages\/1014","targetHints":{"allow":["GET"]}}],"collection":[{"href":"https:\/\/amal.si\/sr\/wp-json\/wp\/v2\/pages"}],"about":[{"href":"https:\/\/amal.si\/sr\/wp-json\/wp\/v2\/types\/page"}],"author":[{"embeddable":true,"href":"https:\/\/amal.si\/sr\/wp-json\/wp\/v2\/users\/1"}],"replies":[{"embeddable":true,"href":"https:\/\/amal.si\/sr\/wp-json\/wp\/v2\/comments?post=1014"}],"version-history":[{"count":2,"href":"https:\/\/amal.si\/sr\/wp-json\/wp\/v2\/pages\/1014\/revisions"}],"predecessor-version":[{"id":1228,"href":"https:\/\/amal.si\/sr\/wp-json\/wp\/v2\/pages\/1014\/revisions\/1228"}],"wp:attachment":[{"href":"https:\/\/amal.si\/sr\/wp-json\/wp\/v2\/media?parent=1014"}],"curies":[{"name":"wp","href":"https:\/\/api.w.org\/{rel}","templated":true}]}}