{"id":975,"date":"2019-12-13T11:14:20","date_gmt":"2019-12-13T10:14:20","guid":{"rendered":"https:\/\/amal.si\/pocetna\/"},"modified":"2020-03-26T11:44:00","modified_gmt":"2020-03-26T10:44:00","slug":"pocetna","status":"publish","type":"page","link":"https:\/\/amal.si\/sr\/pocetna\/","title":{"rendered":"Po\u010detna"},"content":{"rendered":"<h2>\n\t\tBoje i premazi po Va\u0161em ukusu!\n\t<\/h2>\n\t\t\t<a href=\"#povprasevanje\" target=\"_self\" role=\"button\" rel=\"noopener noreferrer\">\n\t\t\t\t\t\t\tPovpra\u0161evanje\n\t\t\t\t\t<\/a>\n<h3>\n\t\tAMAL d.o.o.\n\t<\/h3>\n\t<h3>Preduze\u0107e AMAL d.o.o. osnovali smo 1991. godine s namerom da Vam pru\u017eimo kompletnu ponudu za\u0161tite svih povr\u0161ina u gra\u0111evinarstvu. To obuhvata za\u0161titu i obnovu podova, zidova, fasada i to za sve povr\u0161ine od betona, cementa, kamena, drveta i metala.<\/h3>\n<p>Odli\u010dno smo se pokazali kako u privatnom domenu gradnje i obnove, tako i u industrijskom gra\u0111evinarstvu. Pored Slovenije uspe\u0161no poslujemo i na inostranim tr\u017ei\u0161tima.<\/p>\n<p>Od 2000. godine imamo i sopstvenu proizvodnju i svoju robnu marku dvokomponentnih epoksidnih podnih obloga HERPELIN. Godine 2009. razvili smo HERPELIN AB sa antibakterijskim dejstvom.<\/p>\n<p>Kvalitetni proizvodi iz sopstvene proizvodnje omogu\u0107avaju jednostavnu upotrebu i trajni kvalitet obra\u0111enih povr\u0161ina. Klju\u010d uspeha su na\u0161e odli\u010dne ekipe zadu\u017eene za postavljanje, kao i na\u0161i ugovorni partneri. S nema\u010dkim partnerima smo razvili koncept izrade i ugradnje epoksidnih podnih obloga za sve vrste objekata u elektroindustriji, automobilskoj, prehrambenoj, farmaceutskoj industriji, bolnicama, gara\u017eama, skladi\u0161nim halama i objektima za skladi\u0161tenje.<\/p>\n<p>Zahvaljuju\u0107i kvalitetnoj proizvodnji i uslugama 2009. godine dobili smo i oznaku kvaliteta u gra\u0111evinarstvu.<\/p>\n<p>Svi na\u0161i zaposleni imaju zadatak da se pri Va\u0161oj poseti zapitaju: \u201eKako Vam mo\u017eemo pomo\u0107i?\u201c<\/p>\n<p>Na\u0161a iskustva \u0107emo deliti s Vama u cilju Va\u0161eg uspeha.<\/p>\n\t\t\t\t<img data-recalc-dims=\"1\" loading=\"lazy\" decoding=\"async\" src=\"https:\/\/i0.wp.com\/amal.si\/wp-content\/uploads\/2019\/08\/homeimprovement-019.jpg?resize=1633%2C1225&#038;ssl=1\" alt=\"homeimprovement-019\" itemprop=\"image\" height=\"1225\" width=\"1633\" title=\"homeimprovement-019\" onerror=\"this.style.display='none'\"  \/>\n\t\t\t\t<a\n\t\t\thref=\"https:\/\/i0.wp.com\/amal.si\/wp-content\/uploads\/2019\/11\/ae92df12-c9a0-43f2-b3a2-dc5878f3ece5.jpg?ssl=1\"\n\t\t\t\t\t\trel=\"nofollow\" data-fancybox=\"images\" \n\t\t\ttitle=\"ae92df12-c9a0-43f2-b3a2-dc5878f3ece5\" \n\t\t\t\t\t\tdata-caption=\"\"\n\t\t\t\t\t\tdata-description=\"\" \n\t\t\titemprop=\"contentUrl\"\n\t\t>\n\t\t<img data-recalc-dims=\"1\" decoding=\"async\" src=\"https:\/\/i0.wp.com\/amal.si\/wp-content\/uploads\/2019\/11\/ae92df12-c9a0-43f2-b3a2-dc5878f3ece5.jpg?ssl=1\" alt=\"\" data-no-lazy=\"1\" itemprop=\"thumbnail\" \/>\n\t\t\t<!-- Overlay Wrapper -->\n\t\t\t <!-- Overlay Wrapper Closed -->\n\t\t\t\t<\/a>\n\t\t\t\t\t\t\t<meta itemprop=\"width\" content=\"600\" \/>\n\t\t\t<meta itemprop=\"height\" content=\"398\" \/>\n\t\t\t\t<a\n\t\t\thref=\"https:\/\/i0.wp.com\/amal.si\/wp-content\/uploads\/2019\/11\/6e6467c3-5863-4192-8945-272d86937da6.jpg?ssl=1\"\n\t\t\t\t\t\trel=\"nofollow\" data-fancybox=\"images\" \n\t\t\ttitle=\"6e6467c3-5863-4192-8945-272d86937da6\" \n\t\t\t\t\t\tdata-caption=\"\"\n\t\t\t\t\t\tdata-description=\"\" \n\t\t\titemprop=\"contentUrl\"\n\t\t>\n\t\t<img data-recalc-dims=\"1\" decoding=\"async\" src=\"https:\/\/i0.wp.com\/amal.si\/wp-content\/uploads\/2019\/11\/6e6467c3-5863-4192-8945-272d86937da6.jpg?ssl=1\" alt=\"\" data-no-lazy=\"1\" itemprop=\"thumbnail\" \/>\n\t\t\t<!-- Overlay Wrapper -->\n\t\t\t <!-- Overlay Wrapper Closed -->\n\t\t\t\t<\/a>\n\t\t\t\t\t\t\t<meta itemprop=\"width\" content=\"600\" \/>\n\t\t\t<meta itemprop=\"height\" content=\"390\" \/>\n\t\t\t\t<a\n\t\t\thref=\"https:\/\/i0.wp.com\/amal.si\/wp-content\/uploads\/2019\/11\/49b2faeb-9696-4ab5-a664-bf60d1c62914.jpg?ssl=1\"\n\t\t\t\t\t\trel=\"nofollow\" data-fancybox=\"images\" \n\t\t\ttitle=\"49b2faeb-9696-4ab5-a664-bf60d1c62914\" \n\t\t\t\t\t\tdata-caption=\"\"\n\t\t\t\t\t\tdata-description=\"\" \n\t\t\titemprop=\"contentUrl\"\n\t\t>\n\t\t<img data-recalc-dims=\"1\" decoding=\"async\" src=\"https:\/\/i0.wp.com\/amal.si\/wp-content\/uploads\/2019\/11\/49b2faeb-9696-4ab5-a664-bf60d1c62914.jpg?ssl=1\" alt=\"\" data-no-lazy=\"1\" itemprop=\"thumbnail\" \/>\n\t\t\t<!-- Overlay Wrapper -->\n\t\t\t <!-- Overlay Wrapper Closed -->\n\t\t\t\t<\/a>\n\t\t\t\t\t\t\t<meta itemprop=\"width\" content=\"600\" \/>\n\t\t\t<meta itemprop=\"height\" content=\"399\" \/>\n\t<h3>\n\t\tPRODAJNI PROGRAM, USLUGE I REFERENCE\n\t<\/h3>\n\t\t<h4><a href=\"https:\/\/amal.si\/sr\/prodajni-program\/\" target=\"_self\" rel=\"noopener noreferrer\">Prodajni program<\/a><\/h4>\t\t\n\t\t\t<a href=\"https:\/\/amal.si\/sr\/prodajni-program\/\" target=\"_self\" role=\"button\" rel=\"noopener noreferrer\">\n\t\t\t\t\t\t\tPro\u010ditajte vi\u0161e\n\t\t\t\t\t<\/a>\n\t\t<h4><a href=\"https:\/\/amal.si\/sr\/usluge\/\" target=\"_self\" rel=\"noopener noreferrer\">Usluge<\/a><\/h4>\t\t\n\t\t\t<a href=\"https:\/\/amal.si\/sr\/usluge\/\" target=\"_self\" role=\"button\" rel=\"noopener noreferrer\">\n\t\t\t\t\t\t\tPro\u010ditajte vi\u0161e\n\t\t\t\t\t<\/a>\n\t\t<h4><a href=\"https:\/\/amal.si\/sr\/katalog\/\" target=\"_self\" rel=\"noopener noreferrer\">Katalog<\/a><\/h4>\t\t\n\t\t\t<a href=\"https:\/\/amal.si\/sr\/katalog\/\" target=\"_self\" role=\"button\" rel=\"noopener noreferrer\">\n\t\t\t\t\t\t\tPro\u010ditajte vi\u0161e\n\t\t\t\t\t<\/a>\n\t\t<h4><a href=\"https:\/\/amal.si\/sr\/boje-i-premazi\/\" target=\"_self\" rel=\"noopener noreferrer\">Boje i premazi<\/a><\/h4>\t\t\n\t\t\t<a href=\"https:\/\/amal.si\/sr\/boje-i-premazi\/\" target=\"_self\" role=\"button\" rel=\"noopener noreferrer\">\n\t\t\t\t\t\t\tPro\u010ditajte vi\u0161e\n\t\t\t\t\t<\/a>\n\t\t<h4><a href=\"https:\/\/amal.si\/sr\/epoksidne-parne-brane\/\" target=\"_self\" rel=\"noopener noreferrer\">Epoksidne parne brane<\/a><\/h4>\t\t\n\t\t\t<a href=\"https:\/\/amal.si\/sr\/epoksidne-parne-brane\/\" target=\"_self\" role=\"button\" rel=\"noopener noreferrer\">\n\t\t\t\t\t\t\tPro\u010ditajte vi\u0161e\n\t\t\t\t\t<\/a>\n\t\t<h4><a href=\"https:\/\/amal.si\/sr\/reference\/\" target=\"_self\" rel=\"noopener noreferrer\">Reference<\/a><\/h4>\t\t\n\t\t\t<a href=\"https:\/\/amal.si\/sr\/reference\/\" target=\"_self\" role=\"button\" rel=\"noopener noreferrer\">\n\t\t\t\t\t\t\tPro\u010ditajte vi\u0161e\n\t\t\t\t\t<\/a>\n\t\t<h3>Povpra\u0161evanje<\/h3>\n\t\t<p>Po\u0161ljite nam sporo\u010dilo in z veseljem Vam bomo odgovorili v najkraj\u0161em mo\u017enem \u010dasu!<\/p>\n\t\t\t<a href=\"https:\/\/amal.si\/kontakt\/\" target=\"_self\" role=\"button\" rel=\"noopener noreferrer\">\n\t\t\t\t\t\t\tKONTAKT\n\t\t\t\t\t<\/a>\n<h3>\n\t\tAntibakterijske boje AMAL AB i antibakterijski premazi Herpelin AB\n\t<\/h3>\n\t<p>Antibakterijske boje AMAL AB i antibakterijski premazi Herpelin AB za bolnice, pred\u0161kolske ustanove, \u0161kole, domove za stara lica, laboratorije i farmaceutsku industriju s me\u0111unarodnim sertifikatom!<\/p>\n\t\t\t\t<img data-recalc-dims=\"1\" loading=\"lazy\" decoding=\"async\" src=\"https:\/\/i0.wp.com\/amal.si\/wp-content\/uploads\/2019\/11\/7d9c6092-0b29-4f90-9cb2-30a3a1dcea19.jpg?resize=296%2C184&#038;ssl=1\" alt=\"7d9c6092-0b29-4f90-9cb2-30a3a1dcea19\" itemprop=\"image\" height=\"184\" width=\"296\" title=\"7d9c6092-0b29-4f90-9cb2-30a3a1dcea19\" onerror=\"this.style.display='none'\"  \/>\n<h3>\n\t\tVIJESTI\n\t<\/h3>\n\t\t<p>\u017dao nam je, nismo uspeli da na\u0111emo nijednu objavu. Poku\u0161ajte s drugom pretragom.<\/p>\n\t\t\t\t<form aria-label=\"Search\" method=\"get\" role=\"search\" action=\"https:\/\/amal.si\/sr\/\" title=\"\u0423\u043d\u0435\u0441\u0438\u0442\u0435 \u0440\u0435\u0447 \u0437\u0430 \u043f\u0440\u0435\u0442\u0440\u0430\u0433\u0443 \u0438 \u043f\u0440\u0438\u0442\u0438\u0441\u043d\u0438\u0442\u0435 \u0415\u043d\u0442\u0435\u0440\">\n\t<input aria-label=\"Search\" type=\"search\" name=\"s\" value=\"\u041f\u0440\u0435\u0442\u0440\u0430\u0433\u0430\" onfocus=\"if (this.value === '\u041f\u0440\u0435\u0442\u0440\u0430\u0433\u0430') { this.value = ''; }\" onblur=\"if (this.value === '') this.value='\u041f\u0440\u0435\u0442\u0440\u0430\u0433\u0430';\" \/>\n<\/form>\n\t\t\t<a href=\"https:\/\/amal.si\/sr\/vesti\/\" target=\"_self\" role=\"button\" rel=\"noopener noreferrer\">\n\t\t\t\t\t\t\tSve vesti\n\t\t\t\t\t<\/a>\n<h3>\n\t\tKONTAKT \/ UPIT\n\t<\/h3>\n<h4>Adresa<\/h4>\t\t\n\t\t\tKoprska ulica 64,<br \/>\n1000 Ljubljana, Slovenija\n<h4>Telefon<\/h4>\t\t\n\t\t\t<p><a href=\"tel:012007740\">01 200 77 40<\/a><\/p>\n<h4>E-mail<\/h4>\t\t\n\t\t\t<p><a href=\"mailto:info@amal.si\">info@amal.si<\/a><\/p>\n\t<iframe src=\"https:\/\/www.google.com\/maps\/embed\/v1\/place?q=Koprska+ulica+64%2C+1000+Ljubljana%2C+Slovenija&#038;key=AIzaSyD09zQ9PNDNNy9TadMuzRV_UsPUoWKntt8\" aria-hidden=\"true\"><\/iframe>\n","protected":false},"excerpt":{"rendered":"<p>Boje i premazi po Va\u0161em ukusu! Povpra\u0161evanje AMAL d.o.o. Preduze\u0107e AMAL d.o.o. osnovali smo 1991. godine s namerom da Vam pru\u017eimo kompletnu ponudu za\u0161tite svih povr\u0161ina u gra\u0111evinarstvu. To obuhvata za\u0161titu i obnovu podova, zidova, fasada i to za sve povr\u0161ine od betona, cementa, kamena, drveta i metala. Odli\u010dno smo se pokazali kako u privatnom&hellip;<\/p>\n","protected":false},"author":1,"featured_media":3901,"parent":0,"menu_order":1,"comment_status":"closed","ping_status":"closed","template":"","meta":{"footnotes":""},"class_list":["post-975","page","type-page","status-publish","has-post-thumbnail","hentry"],"yoast_head":"<!-- This site is optimized with the Yoast SEO plugin v27.3 - https:\/\/yoast.com\/product\/yoast-seo-wordpress\/ -->\n<title>Po\u010detna - AMAL d.o.o.<\/title>\n<meta name=\"robots\" content=\"index, follow, max-snippet:-1, max-image-preview:large, max-video-preview:-1\" \/>\n<link rel=\"canonical\" href=\"https:\/\/amal.si\/sr\/pocetna\/\" \/>\n<meta property=\"og:locale\" content=\"sr_RS\" \/>\n<meta property=\"og:type\" content=\"article\" \/>\n<meta property=\"og:title\" content=\"Po\u010detna - AMAL d.o.o.\" \/>\n<meta property=\"og:description\" content=\"Boje i premazi po Va\u0161em ukusu! Povpra\u0161evanje AMAL d.o.o. Preduze\u0107e AMAL d.o.o. osnovali smo 1991. godine s namerom da Vam pru\u017eimo kompletnu ponudu za\u0161tite svih povr\u0161ina u gra\u0111evinarstvu. To obuhvata za\u0161titu i obnovu podova, zidova, fasada i to za sve povr\u0161ine od betona, cementa, kamena, drveta i metala. Odli\u010dno smo se pokazali kako u privatnom&hellip;\" \/>\n<meta property=\"og:url\" content=\"https:\/\/amal.si\/sr\/pocetna\/\" \/>\n<meta property=\"og:site_name\" content=\"AMAL d.o.o.\" \/>\n<meta property=\"article:modified_time\" content=\"2020-03-26T10:44:00+00:00\" \/>\n<meta property=\"og:image\" content=\"https:\/\/amal.si\/wp-content\/uploads\/2019\/08\/homeimprovement-019.jpg\" \/>\n<meta name=\"twitter:card\" content=\"summary_large_image\" \/>\n<meta name=\"twitter:label1\" content=\"\u041f\u0440\u043e\u0446\u0435\u045a\u0435\u043d\u043e \u0432\u0440\u0435\u043c\u0435 \u0447\u0438\u0442\u0430\u045a\u0430\" \/>\n\t<meta name=\"twitter:data1\" content=\"2 \u043c\u0438\u043d\u0443\u0442\u0430\" \/>\n<script type=\"application\/ld+json\" class=\"yoast-schema-graph\">{\"@context\":\"https:\\\/\\\/schema.org\",\"@graph\":[{\"@type\":\"WebPage\",\"@id\":\"https:\\\/\\\/amal.si\\\/sr\\\/pocetna\\\/\",\"url\":\"https:\\\/\\\/amal.si\\\/sr\\\/pocetna\\\/\",\"name\":\"Po\u010detna - AMAL d.o.o.\",\"isPartOf\":{\"@id\":\"https:\\\/\\\/amal.si\\\/sr\\\/#website\"},\"primaryImageOfPage\":{\"@id\":\"https:\\\/\\\/amal.si\\\/sr\\\/pocetna\\\/#primaryimage\"},\"image\":{\"@id\":\"https:\\\/\\\/amal.si\\\/sr\\\/pocetna\\\/#primaryimage\"},\"thumbnailUrl\":\"https:\\\/\\\/i0.wp.com\\\/amal.si\\\/wp-content\\\/uploads\\\/2024\\\/05\\\/AMAL-logo-kvadrat.jpg?fit=1500%2C1500&ssl=1\",\"datePublished\":\"2019-12-13T10:14:20+00:00\",\"dateModified\":\"2020-03-26T10:44:00+00:00\",\"breadcrumb\":{\"@id\":\"https:\\\/\\\/amal.si\\\/sr\\\/pocetna\\\/#breadcrumb\"},\"inLanguage\":\"sr-RS\",\"potentialAction\":[{\"@type\":\"ReadAction\",\"target\":[\"https:\\\/\\\/amal.si\\\/sr\\\/pocetna\\\/\"]}]},{\"@type\":\"ImageObject\",\"inLanguage\":\"sr-RS\",\"@id\":\"https:\\\/\\\/amal.si\\\/sr\\\/pocetna\\\/#primaryimage\",\"url\":\"https:\\\/\\\/i0.wp.com\\\/amal.si\\\/wp-content\\\/uploads\\\/2024\\\/05\\\/AMAL-logo-kvadrat.jpg?fit=1500%2C1500&ssl=1\",\"contentUrl\":\"https:\\\/\\\/i0.wp.com\\\/amal.si\\\/wp-content\\\/uploads\\\/2024\\\/05\\\/AMAL-logo-kvadrat.jpg?fit=1500%2C1500&ssl=1\",\"width\":1500,\"height\":1500},{\"@type\":\"BreadcrumbList\",\"@id\":\"https:\\\/\\\/amal.si\\\/sr\\\/pocetna\\\/#breadcrumb\",\"itemListElement\":[{\"@type\":\"ListItem\",\"position\":1,\"name\":\"Home\",\"item\":\"https:\\\/\\\/amal.si\\\/sr\\\/\"},{\"@type\":\"ListItem\",\"position\":2,\"name\":\"Po\u010detna\"}]},{\"@type\":\"WebSite\",\"@id\":\"https:\\\/\\\/amal.si\\\/sr\\\/#website\",\"url\":\"https:\\\/\\\/amal.si\\\/sr\\\/\",\"name\":\"AMAL d.o.o.\",\"description\":\"Proizvodnja, trgovina, storitve, in\u017eeniring\",\"potentialAction\":[{\"@type\":\"SearchAction\",\"target\":{\"@type\":\"EntryPoint\",\"urlTemplate\":\"https:\\\/\\\/amal.si\\\/sr\\\/?s={search_term_string}\"},\"query-input\":{\"@type\":\"PropertyValueSpecification\",\"valueRequired\":true,\"valueName\":\"search_term_string\"}}],\"inLanguage\":\"sr-RS\"}]}<\/script>\n<!-- \/ Yoast SEO plugin. -->","yoast_head_json":{"title":"Po\u010detna - AMAL d.o.o.","robots":{"index":"index","follow":"follow","max-snippet":"max-snippet:-1","max-image-preview":"max-image-preview:large","max-video-preview":"max-video-preview:-1"},"canonical":"https:\/\/amal.si\/sr\/pocetna\/","og_locale":"sr_RS","og_type":"article","og_title":"Po\u010detna - AMAL d.o.o.","og_description":"Boje i premazi po Va\u0161em ukusu! Povpra\u0161evanje AMAL d.o.o. Preduze\u0107e AMAL d.o.o. osnovali smo 1991. godine s namerom da Vam pru\u017eimo kompletnu ponudu za\u0161tite svih povr\u0161ina u gra\u0111evinarstvu. To obuhvata za\u0161titu i obnovu podova, zidova, fasada i to za sve povr\u0161ine od betona, cementa, kamena, drveta i metala. Odli\u010dno smo se pokazali kako u privatnom&hellip;","og_url":"https:\/\/amal.si\/sr\/pocetna\/","og_site_name":"AMAL d.o.o.","article_modified_time":"2020-03-26T10:44:00+00:00","og_image":[{"url":"https:\/\/amal.si\/wp-content\/uploads\/2019\/08\/homeimprovement-019.jpg","type":"","width":"","height":""}],"twitter_card":"summary_large_image","twitter_misc":{"\u041f\u0440\u043e\u0446\u0435\u045a\u0435\u043d\u043e \u0432\u0440\u0435\u043c\u0435 \u0447\u0438\u0442\u0430\u045a\u0430":"2 \u043c\u0438\u043d\u0443\u0442\u0430"},"schema":{"@context":"https:\/\/schema.org","@graph":[{"@type":"WebPage","@id":"https:\/\/amal.si\/sr\/pocetna\/","url":"https:\/\/amal.si\/sr\/pocetna\/","name":"Po\u010detna - AMAL d.o.o.","isPartOf":{"@id":"https:\/\/amal.si\/sr\/#website"},"primaryImageOfPage":{"@id":"https:\/\/amal.si\/sr\/pocetna\/#primaryimage"},"image":{"@id":"https:\/\/amal.si\/sr\/pocetna\/#primaryimage"},"thumbnailUrl":"https:\/\/i0.wp.com\/amal.si\/wp-content\/uploads\/2024\/05\/AMAL-logo-kvadrat.jpg?fit=1500%2C1500&ssl=1","datePublished":"2019-12-13T10:14:20+00:00","dateModified":"2020-03-26T10:44:00+00:00","breadcrumb":{"@id":"https:\/\/amal.si\/sr\/pocetna\/#breadcrumb"},"inLanguage":"sr-RS","potentialAction":[{"@type":"ReadAction","target":["https:\/\/amal.si\/sr\/pocetna\/"]}]},{"@type":"ImageObject","inLanguage":"sr-RS","@id":"https:\/\/amal.si\/sr\/pocetna\/#primaryimage","url":"https:\/\/i0.wp.com\/amal.si\/wp-content\/uploads\/2024\/05\/AMAL-logo-kvadrat.jpg?fit=1500%2C1500&ssl=1","contentUrl":"https:\/\/i0.wp.com\/amal.si\/wp-content\/uploads\/2024\/05\/AMAL-logo-kvadrat.jpg?fit=1500%2C1500&ssl=1","width":1500,"height":1500},{"@type":"BreadcrumbList","@id":"https:\/\/amal.si\/sr\/pocetna\/#breadcrumb","itemListElement":[{"@type":"ListItem","position":1,"name":"Home","item":"https:\/\/amal.si\/sr\/"},{"@type":"ListItem","position":2,"name":"Po\u010detna"}]},{"@type":"WebSite","@id":"https:\/\/amal.si\/sr\/#website","url":"https:\/\/amal.si\/sr\/","name":"AMAL d.o.o.","description":"Proizvodnja, trgovina, storitve, in\u017eeniring","potentialAction":[{"@type":"SearchAction","target":{"@type":"EntryPoint","urlTemplate":"https:\/\/amal.si\/sr\/?s={search_term_string}"},"query-input":{"@type":"PropertyValueSpecification","valueRequired":true,"valueName":"search_term_string"}}],"inLanguage":"sr-RS"}]}},"jetpack_sharing_enabled":true,"_links":{"self":[{"href":"https:\/\/amal.si\/sr\/wp-json\/wp\/v2\/pages\/975","targetHints":{"allow":["GET"]}}],"collection":[{"href":"https:\/\/amal.si\/sr\/wp-json\/wp\/v2\/pages"}],"about":[{"href":"https:\/\/amal.si\/sr\/wp-json\/wp\/v2\/types\/page"}],"author":[{"embeddable":true,"href":"https:\/\/amal.si\/sr\/wp-json\/wp\/v2\/users\/1"}],"replies":[{"embeddable":true,"href":"https:\/\/amal.si\/sr\/wp-json\/wp\/v2\/comments?post=975"}],"version-history":[{"count":5,"href":"https:\/\/amal.si\/sr\/wp-json\/wp\/v2\/pages\/975\/revisions"}],"predecessor-version":[{"id":1278,"href":"https:\/\/amal.si\/sr\/wp-json\/wp\/v2\/pages\/975\/revisions\/1278"}],"wp:featuredmedia":[{"embeddable":true,"href":"https:\/\/amal.si\/sr\/wp-json\/wp\/v2\/media\/3901"}],"wp:attachment":[{"href":"https:\/\/amal.si\/sr\/wp-json\/wp\/v2\/media?parent=975"}],"curies":[{"name":"wp","href":"https:\/\/api.w.org\/{rel}","templated":true}]}}