{"id":985,"date":"2019-12-13T11:53:10","date_gmt":"2019-12-13T10:53:10","guid":{"rendered":"https:\/\/amal.si\/usluge\/"},"modified":"2020-03-25T10:55:10","modified_gmt":"2020-03-25T09:55:10","slug":"usluge","status":"publish","type":"page","link":"https:\/\/amal.si\/sr\/usluge\/","title":{"rendered":"Usluge"},"content":{"rendered":"<h2>\n\t\tUsluge\n\t<\/h2>\n<h3><strong>Epoksidne parne brane<\/strong><\/h3>\n<p><a href=\"https:\/\/amal.si\/sr\/epoksidne-parne-brane\/\" rel=\"noopener\"><strong>Pro\u010ditajte vi\u0161e -&gt;<\/strong><\/a><\/p>\n<h3><strong>Epoksidni premazi protiv pra\u0161ine<\/strong><\/h3>\n<p><strong><a href=\"https:\/\/amal.si\/sr\/epoksidni-premazi-protiv-prasine\/\" rel=\"noopener\">Pro\u010ditajte vi\u0161e -&gt;<\/a><\/strong><\/p>\n<h3><strong>Samorazlivaju\u0107e epoksidne podne obloge<\/strong><\/h3>\n<p><a href=\"https:\/\/amal.si\/sr\/samorazlivajuce-epoksidne-podne-obloge\/\" rel=\"noopener\"><strong>Pro\u010ditajte vi\u0161e -&gt;<\/strong><\/a><\/p>\n<h3><strong>Antistati\u010dke epoksidne podne obloge<\/strong><\/h3>\n<p><strong><a href=\"https:\/\/amal.si\/sr\/antistaticke-epoksidne-podne-obloge\/\" rel=\"noopener\">Pro\u010ditajte vi\u0161e -&gt;<\/a><\/strong><\/p>\n<h3><strong>Antibakterijske epoksidne podne obloge<\/strong><\/h3>\n<p><strong><a href=\"https:\/\/amal.si\/sr\/antibakterijske-epoksidne-podne-obloge\/\">Pro\u010ditajte vi\u0161e -&gt;<\/a><\/strong><\/p>\n<h3><strong>Dekorativni epoksidni premazi<\/strong><\/h3>\n<p><strong><a href=\"https:\/\/amal.si\/sr\/dekorativni-epoksidni-premazi\/\" rel=\"noopener\">Pro\u010ditajte vi\u0161e &#8211; &gt;<\/a><\/strong><\/p>\n\t\t<h3>Potra\u017enja<\/h3>\n\t\t<p>Po\u0161aljite nam poruku i rado c\u0301emo odgovoriti \u0161to je pre moguc\u0301e!<\/p>\n\t\t\t<a href=\"https:\/\/amal.si\/sr\/kontakt\/\" target=\"_self\" role=\"button\" rel=\"noopener noreferrer\">\n\t\t\t\t\t\t\tKONTAKT\n\t\t\t\t\t<\/a>\n","protected":false},"excerpt":{"rendered":"<p>Usluge Epoksidne parne brane Pro\u010ditajte vi\u0161e -&gt; Epoksidni premazi protiv pra\u0161ine Pro\u010ditajte vi\u0161e -&gt; Samorazlivaju\u0107e epoksidne podne obloge Pro\u010ditajte vi\u0161e -&gt; Antistati\u010dke epoksidne podne obloge Pro\u010ditajte vi\u0161e -&gt; Antibakterijske epoksidne podne obloge Pro\u010ditajte vi\u0161e -&gt; Dekorativni epoksidni premazi Pro\u010ditajte vi\u0161e &#8211; &gt; Potra\u017enja Po\u0161aljite nam poruku i rado c\u0301emo odgovoriti \u0161to je pre moguc\u0301e! KONTAKT<\/p>\n","protected":false},"author":1,"featured_media":0,"parent":0,"menu_order":9,"comment_status":"closed","ping_status":"closed","template":"","meta":{"footnotes":""},"class_list":["post-985","page","type-page","status-publish","hentry"],"yoast_head":"<!-- This site is optimized with the Yoast SEO plugin v27.3 - https:\/\/yoast.com\/product\/yoast-seo-wordpress\/ -->\n<title>Usluge - AMAL d.o.o.<\/title>\n<meta name=\"robots\" content=\"index, follow, max-snippet:-1, max-image-preview:large, max-video-preview:-1\" \/>\n<link rel=\"canonical\" href=\"https:\/\/amal.si\/sr\/usluge\/\" \/>\n<meta property=\"og:locale\" content=\"sr_RS\" \/>\n<meta property=\"og:type\" content=\"article\" \/>\n<meta property=\"og:title\" content=\"Usluge - AMAL d.o.o.\" \/>\n<meta property=\"og:description\" content=\"Usluge Epoksidne parne brane Pro\u010ditajte vi\u0161e -&gt; Epoksidni premazi protiv pra\u0161ine Pro\u010ditajte vi\u0161e -&gt; Samorazlivaju\u0107e epoksidne podne obloge Pro\u010ditajte vi\u0161e -&gt; Antistati\u010dke epoksidne podne obloge Pro\u010ditajte vi\u0161e -&gt; Antibakterijske epoksidne podne obloge Pro\u010ditajte vi\u0161e -&gt; Dekorativni epoksidni premazi Pro\u010ditajte vi\u0161e &#8211; &gt; Potra\u017enja Po\u0161aljite nam poruku i rado c\u0301emo odgovoriti \u0161to je pre moguc\u0301e! KONTAKT\" \/>\n<meta property=\"og:url\" content=\"https:\/\/amal.si\/sr\/usluge\/\" \/>\n<meta property=\"og:site_name\" content=\"AMAL d.o.o.\" \/>\n<meta property=\"article:modified_time\" content=\"2020-03-25T09:55:10+00:00\" \/>\n<meta name=\"twitter:card\" content=\"summary_large_image\" \/>\n<script type=\"application\/ld+json\" class=\"yoast-schema-graph\">{\"@context\":\"https:\\\/\\\/schema.org\",\"@graph\":[{\"@type\":\"WebPage\",\"@id\":\"https:\\\/\\\/amal.si\\\/sr\\\/usluge\\\/\",\"url\":\"https:\\\/\\\/amal.si\\\/sr\\\/usluge\\\/\",\"name\":\"Usluge - AMAL d.o.o.\",\"isPartOf\":{\"@id\":\"https:\\\/\\\/amal.si\\\/sr\\\/#website\"},\"datePublished\":\"2019-12-13T10:53:10+00:00\",\"dateModified\":\"2020-03-25T09:55:10+00:00\",\"breadcrumb\":{\"@id\":\"https:\\\/\\\/amal.si\\\/sr\\\/usluge\\\/#breadcrumb\"},\"inLanguage\":\"sr-RS\",\"potentialAction\":[{\"@type\":\"ReadAction\",\"target\":[\"https:\\\/\\\/amal.si\\\/sr\\\/usluge\\\/\"]}]},{\"@type\":\"BreadcrumbList\",\"@id\":\"https:\\\/\\\/amal.si\\\/sr\\\/usluge\\\/#breadcrumb\",\"itemListElement\":[{\"@type\":\"ListItem\",\"position\":1,\"name\":\"Home\",\"item\":\"https:\\\/\\\/amal.si\\\/sr\\\/\"},{\"@type\":\"ListItem\",\"position\":2,\"name\":\"Usluge\"}]},{\"@type\":\"WebSite\",\"@id\":\"https:\\\/\\\/amal.si\\\/sr\\\/#website\",\"url\":\"https:\\\/\\\/amal.si\\\/sr\\\/\",\"name\":\"AMAL d.o.o.\",\"description\":\"Proizvodnja, trgovina, storitve, in\u017eeniring\",\"potentialAction\":[{\"@type\":\"SearchAction\",\"target\":{\"@type\":\"EntryPoint\",\"urlTemplate\":\"https:\\\/\\\/amal.si\\\/sr\\\/?s={search_term_string}\"},\"query-input\":{\"@type\":\"PropertyValueSpecification\",\"valueRequired\":true,\"valueName\":\"search_term_string\"}}],\"inLanguage\":\"sr-RS\"}]}<\/script>\n<!-- \/ Yoast SEO plugin. -->","yoast_head_json":{"title":"Usluge - AMAL d.o.o.","robots":{"index":"index","follow":"follow","max-snippet":"max-snippet:-1","max-image-preview":"max-image-preview:large","max-video-preview":"max-video-preview:-1"},"canonical":"https:\/\/amal.si\/sr\/usluge\/","og_locale":"sr_RS","og_type":"article","og_title":"Usluge - AMAL d.o.o.","og_description":"Usluge Epoksidne parne brane Pro\u010ditajte vi\u0161e -&gt; Epoksidni premazi protiv pra\u0161ine Pro\u010ditajte vi\u0161e -&gt; Samorazlivaju\u0107e epoksidne podne obloge Pro\u010ditajte vi\u0161e -&gt; Antistati\u010dke epoksidne podne obloge Pro\u010ditajte vi\u0161e -&gt; Antibakterijske epoksidne podne obloge Pro\u010ditajte vi\u0161e -&gt; Dekorativni epoksidni premazi Pro\u010ditajte vi\u0161e &#8211; &gt; Potra\u017enja Po\u0161aljite nam poruku i rado c\u0301emo odgovoriti \u0161to je pre moguc\u0301e! KONTAKT","og_url":"https:\/\/amal.si\/sr\/usluge\/","og_site_name":"AMAL d.o.o.","article_modified_time":"2020-03-25T09:55:10+00:00","twitter_card":"summary_large_image","schema":{"@context":"https:\/\/schema.org","@graph":[{"@type":"WebPage","@id":"https:\/\/amal.si\/sr\/usluge\/","url":"https:\/\/amal.si\/sr\/usluge\/","name":"Usluge - AMAL d.o.o.","isPartOf":{"@id":"https:\/\/amal.si\/sr\/#website"},"datePublished":"2019-12-13T10:53:10+00:00","dateModified":"2020-03-25T09:55:10+00:00","breadcrumb":{"@id":"https:\/\/amal.si\/sr\/usluge\/#breadcrumb"},"inLanguage":"sr-RS","potentialAction":[{"@type":"ReadAction","target":["https:\/\/amal.si\/sr\/usluge\/"]}]},{"@type":"BreadcrumbList","@id":"https:\/\/amal.si\/sr\/usluge\/#breadcrumb","itemListElement":[{"@type":"ListItem","position":1,"name":"Home","item":"https:\/\/amal.si\/sr\/"},{"@type":"ListItem","position":2,"name":"Usluge"}]},{"@type":"WebSite","@id":"https:\/\/amal.si\/sr\/#website","url":"https:\/\/amal.si\/sr\/","name":"AMAL d.o.o.","description":"Proizvodnja, trgovina, storitve, in\u017eeniring","potentialAction":[{"@type":"SearchAction","target":{"@type":"EntryPoint","urlTemplate":"https:\/\/amal.si\/sr\/?s={search_term_string}"},"query-input":{"@type":"PropertyValueSpecification","valueRequired":true,"valueName":"search_term_string"}}],"inLanguage":"sr-RS"}]}},"jetpack_sharing_enabled":true,"_links":{"self":[{"href":"https:\/\/amal.si\/sr\/wp-json\/wp\/v2\/pages\/985","targetHints":{"allow":["GET"]}}],"collection":[{"href":"https:\/\/amal.si\/sr\/wp-json\/wp\/v2\/pages"}],"about":[{"href":"https:\/\/amal.si\/sr\/wp-json\/wp\/v2\/types\/page"}],"author":[{"embeddable":true,"href":"https:\/\/amal.si\/sr\/wp-json\/wp\/v2\/users\/1"}],"replies":[{"embeddable":true,"href":"https:\/\/amal.si\/sr\/wp-json\/wp\/v2\/comments?post=985"}],"version-history":[{"count":2,"href":"https:\/\/amal.si\/sr\/wp-json\/wp\/v2\/pages\/985\/revisions"}],"predecessor-version":[{"id":1225,"href":"https:\/\/amal.si\/sr\/wp-json\/wp\/v2\/pages\/985\/revisions\/1225"}],"wp:attachment":[{"href":"https:\/\/amal.si\/sr\/wp-json\/wp\/v2\/media?parent=985"}],"curies":[{"name":"wp","href":"https:\/\/api.w.org\/{rel}","templated":true}]}}