{"id":991,"date":"2019-12-13T11:57:17","date_gmt":"2019-12-13T10:57:17","guid":{"rendered":"https:\/\/amal.si\/reference\/"},"modified":"2020-03-25T10:54:51","modified_gmt":"2020-03-25T09:54:51","slug":"reference","status":"publish","type":"page","link":"https:\/\/amal.si\/sr\/reference\/","title":{"rendered":"Reference"},"content":{"rendered":"<h2>\n\t\tReference\n\t<\/h2>\n\t<p><a href=\"\/?page_id=27\" target=\"_blank\" rel=\"noopener noreferrer\">Skladi\u0161ta<\/a><\/p>\n<p><a href=\"\/?page_id=28\" target=\"_blank\" rel=\"noopener noreferrer\">Industrija<\/a><\/p>\n<p><a href=\"\/?page_id=29\" target=\"_blank\" rel=\"noopener noreferrer\">Farmacija, bolnice<\/a><\/p>\n<p><a href=\"\/?page_id=30\" target=\"_blank\" rel=\"noopener noreferrer\">Auto servisi, gara\u017ee<\/a><\/p>\n<p><a href=\"\/?page_id=31\" target=\"_blank\" rel=\"noopener noreferrer\">Trgovine, auto saloni<\/a><\/p>\n<p><a href=\"\/?page_id=32\" target=\"_blank\" rel=\"noopener noreferrer\">Energetski objekti<\/a><\/p>\n<p><a href=\"\/?page_id=33\" target=\"_blank\" rel=\"noopener noreferrer\">Poslovno proizvodni objekti<\/a><\/p>\n<p><a href=\"\/?page_id=34\" target=\"_blank\" rel=\"noopener noreferrer\">Banke, hoteli, kafi\u0107i<\/a><\/p>\n<p><a href=\"\/?page_id=35\" target=\"_blank\" rel=\"noopener noreferrer\">Zra\u010dne luke, hangari<\/a><\/p>\n<p><a href=\"\/?page_id=36\" target=\"_blank\" rel=\"noopener noreferrer\">Izvo\u0111enje parnih brana<\/a><\/p>\n<p><a href=\"\/?page_id=37\" target=\"_blank\" rel=\"noopener noreferrer\">Poslovno proizvodni objekti<\/a><\/p>\n<p><a href=\"\/?page_id=38\" target=\"_blank\" rel=\"noopener noreferrer\">\u0160kolstvo, kultura<\/a><\/p>\n<p><a href=\"\/?page_id=39\" target=\"_blank\" rel=\"noopener noreferrer\">Ekologija, recikliranje i oporavak od odpada<\/a><\/p>\n\t\t<h3>Potra\u017enja<\/h3>\n\t\t<p>Po\u0161aljite nam poruku i rado c\u0301emo odgovoriti \u0161to je pre moguc\u0301e!<\/p>\n\t\t\t<a href=\"https:\/\/amal.si\/sr\/kontakt\/\" target=\"_self\" role=\"button\" rel=\"noopener noreferrer\">\n\t\t\t\t\t\t\tKONTAKT\n\t\t\t\t\t<\/a>\n","protected":false},"excerpt":{"rendered":"<p>Reference Skladi\u0161ta Industrija Farmacija, bolnice Auto servisi, gara\u017ee Trgovine, auto saloni Energetski objekti Poslovno proizvodni objekti Banke, hoteli, kafi\u0107i Zra\u010dne luke, hangari Izvo\u0111enje parnih brana Poslovno proizvodni objekti \u0160kolstvo, kultura Ekologija, recikliranje i oporavak od odpada Potra\u017enja Po\u0161aljite nam poruku i rado c\u0301emo odgovoriti \u0161to je pre moguc\u0301e! KONTAKT<\/p>\n","protected":false},"author":1,"featured_media":0,"parent":0,"menu_order":16,"comment_status":"closed","ping_status":"closed","template":"","meta":{"footnotes":""},"class_list":["post-991","page","type-page","status-publish","hentry"],"yoast_head":"<!-- This site is optimized with the Yoast SEO plugin v27.3 - https:\/\/yoast.com\/product\/yoast-seo-wordpress\/ -->\n<title>Reference - AMAL d.o.o.<\/title>\n<meta name=\"robots\" content=\"index, follow, max-snippet:-1, max-image-preview:large, max-video-preview:-1\" \/>\n<link rel=\"canonical\" href=\"https:\/\/amal.si\/sr\/reference\/\" \/>\n<meta property=\"og:locale\" content=\"sr_RS\" \/>\n<meta property=\"og:type\" content=\"article\" \/>\n<meta property=\"og:title\" content=\"Reference - AMAL d.o.o.\" \/>\n<meta property=\"og:description\" content=\"Reference Skladi\u0161ta Industrija Farmacija, bolnice Auto servisi, gara\u017ee Trgovine, auto saloni Energetski objekti Poslovno proizvodni objekti Banke, hoteli, kafi\u0107i Zra\u010dne luke, hangari Izvo\u0111enje parnih brana Poslovno proizvodni objekti \u0160kolstvo, kultura Ekologija, recikliranje i oporavak od odpada Potra\u017enja Po\u0161aljite nam poruku i rado c\u0301emo odgovoriti \u0161to je pre moguc\u0301e! KONTAKT\" \/>\n<meta property=\"og:url\" content=\"https:\/\/amal.si\/sr\/reference\/\" \/>\n<meta property=\"og:site_name\" content=\"AMAL d.o.o.\" \/>\n<meta property=\"article:modified_time\" content=\"2020-03-25T09:54:51+00:00\" \/>\n<meta name=\"twitter:card\" content=\"summary_large_image\" \/>\n<script type=\"application\/ld+json\" class=\"yoast-schema-graph\">{\"@context\":\"https:\\\/\\\/schema.org\",\"@graph\":[{\"@type\":\"WebPage\",\"@id\":\"https:\\\/\\\/amal.si\\\/sr\\\/reference\\\/\",\"url\":\"https:\\\/\\\/amal.si\\\/sr\\\/reference\\\/\",\"name\":\"Reference - AMAL d.o.o.\",\"isPartOf\":{\"@id\":\"https:\\\/\\\/amal.si\\\/sr\\\/#website\"},\"datePublished\":\"2019-12-13T10:57:17+00:00\",\"dateModified\":\"2020-03-25T09:54:51+00:00\",\"breadcrumb\":{\"@id\":\"https:\\\/\\\/amal.si\\\/sr\\\/reference\\\/#breadcrumb\"},\"inLanguage\":\"sr-RS\",\"potentialAction\":[{\"@type\":\"ReadAction\",\"target\":[\"https:\\\/\\\/amal.si\\\/sr\\\/reference\\\/\"]}]},{\"@type\":\"BreadcrumbList\",\"@id\":\"https:\\\/\\\/amal.si\\\/sr\\\/reference\\\/#breadcrumb\",\"itemListElement\":[{\"@type\":\"ListItem\",\"position\":1,\"name\":\"Home\",\"item\":\"https:\\\/\\\/amal.si\\\/sr\\\/\"},{\"@type\":\"ListItem\",\"position\":2,\"name\":\"Reference\"}]},{\"@type\":\"WebSite\",\"@id\":\"https:\\\/\\\/amal.si\\\/sr\\\/#website\",\"url\":\"https:\\\/\\\/amal.si\\\/sr\\\/\",\"name\":\"AMAL d.o.o.\",\"description\":\"Proizvodnja, trgovina, storitve, in\u017eeniring\",\"potentialAction\":[{\"@type\":\"SearchAction\",\"target\":{\"@type\":\"EntryPoint\",\"urlTemplate\":\"https:\\\/\\\/amal.si\\\/sr\\\/?s={search_term_string}\"},\"query-input\":{\"@type\":\"PropertyValueSpecification\",\"valueRequired\":true,\"valueName\":\"search_term_string\"}}],\"inLanguage\":\"sr-RS\"}]}<\/script>\n<!-- \/ Yoast SEO plugin. -->","yoast_head_json":{"title":"Reference - AMAL d.o.o.","robots":{"index":"index","follow":"follow","max-snippet":"max-snippet:-1","max-image-preview":"max-image-preview:large","max-video-preview":"max-video-preview:-1"},"canonical":"https:\/\/amal.si\/sr\/reference\/","og_locale":"sr_RS","og_type":"article","og_title":"Reference - AMAL d.o.o.","og_description":"Reference Skladi\u0161ta Industrija Farmacija, bolnice Auto servisi, gara\u017ee Trgovine, auto saloni Energetski objekti Poslovno proizvodni objekti Banke, hoteli, kafi\u0107i Zra\u010dne luke, hangari Izvo\u0111enje parnih brana Poslovno proizvodni objekti \u0160kolstvo, kultura Ekologija, recikliranje i oporavak od odpada Potra\u017enja Po\u0161aljite nam poruku i rado c\u0301emo odgovoriti \u0161to je pre moguc\u0301e! KONTAKT","og_url":"https:\/\/amal.si\/sr\/reference\/","og_site_name":"AMAL d.o.o.","article_modified_time":"2020-03-25T09:54:51+00:00","twitter_card":"summary_large_image","schema":{"@context":"https:\/\/schema.org","@graph":[{"@type":"WebPage","@id":"https:\/\/amal.si\/sr\/reference\/","url":"https:\/\/amal.si\/sr\/reference\/","name":"Reference - AMAL d.o.o.","isPartOf":{"@id":"https:\/\/amal.si\/sr\/#website"},"datePublished":"2019-12-13T10:57:17+00:00","dateModified":"2020-03-25T09:54:51+00:00","breadcrumb":{"@id":"https:\/\/amal.si\/sr\/reference\/#breadcrumb"},"inLanguage":"sr-RS","potentialAction":[{"@type":"ReadAction","target":["https:\/\/amal.si\/sr\/reference\/"]}]},{"@type":"BreadcrumbList","@id":"https:\/\/amal.si\/sr\/reference\/#breadcrumb","itemListElement":[{"@type":"ListItem","position":1,"name":"Home","item":"https:\/\/amal.si\/sr\/"},{"@type":"ListItem","position":2,"name":"Reference"}]},{"@type":"WebSite","@id":"https:\/\/amal.si\/sr\/#website","url":"https:\/\/amal.si\/sr\/","name":"AMAL d.o.o.","description":"Proizvodnja, trgovina, storitve, in\u017eeniring","potentialAction":[{"@type":"SearchAction","target":{"@type":"EntryPoint","urlTemplate":"https:\/\/amal.si\/sr\/?s={search_term_string}"},"query-input":{"@type":"PropertyValueSpecification","valueRequired":true,"valueName":"search_term_string"}}],"inLanguage":"sr-RS"}]}},"jetpack_sharing_enabled":true,"_links":{"self":[{"href":"https:\/\/amal.si\/sr\/wp-json\/wp\/v2\/pages\/991","targetHints":{"allow":["GET"]}}],"collection":[{"href":"https:\/\/amal.si\/sr\/wp-json\/wp\/v2\/pages"}],"about":[{"href":"https:\/\/amal.si\/sr\/wp-json\/wp\/v2\/types\/page"}],"author":[{"embeddable":true,"href":"https:\/\/amal.si\/sr\/wp-json\/wp\/v2\/users\/1"}],"replies":[{"embeddable":true,"href":"https:\/\/amal.si\/sr\/wp-json\/wp\/v2\/comments?post=991"}],"version-history":[{"count":1,"href":"https:\/\/amal.si\/sr\/wp-json\/wp\/v2\/pages\/991\/revisions"}],"predecessor-version":[{"id":1224,"href":"https:\/\/amal.si\/sr\/wp-json\/wp\/v2\/pages\/991\/revisions\/1224"}],"wp:attachment":[{"href":"https:\/\/amal.si\/sr\/wp-json\/wp\/v2\/media?parent=991"}],"curies":[{"name":"wp","href":"https:\/\/api.w.org\/{rel}","templated":true}]}}