{"id":992,"date":"2019-12-13T11:57:39","date_gmt":"2019-12-13T10:57:39","guid":{"rendered":"https:\/\/amal.si\/skladista\/"},"modified":"2020-03-25T11:07:09","modified_gmt":"2020-03-25T10:07:09","slug":"skladista","status":"publish","type":"page","link":"https:\/\/amal.si\/sr\/skladista\/","title":{"rendered":"Skladi\u0161ta"},"content":{"rendered":"<h2>\n\t\tSkladi\u0161ta\n\t<\/h2>\n\t<h3>Skladi\u0161ta<\/h3>\n<table border=\"0\" cellspacing=\"1\" cellpadding=\"1\">\n<tbody>\n<tr>\n<td>1999-2005<\/td>\n<td>AMAL, Ljubljana<\/td>\n<\/tr>\n<tr>\n<td>2002<\/td>\n<td>HYLA, Ljubljana<\/td>\n<\/tr>\n<tr>\n<td>2002<\/td>\n<td>REPRO, Ljubljana<\/td>\n<\/tr>\n<tr>\n<td>2003-2008<\/td>\n<td>MERKUR SKLADI\u0160\u010cE, Naklo<\/td>\n<\/tr>\n<tr>\n<td>2004<\/td>\n<td>MERCATOR, Ljubljana Zalog<\/td>\n<\/tr>\n<tr>\n<td>2005E<\/td>\n<td>ERA, Ptuj<\/td>\n<\/tr>\n<tr>\n<td>2005-2006<\/td>\n<td>TELEKOM SKLADI\u0160\u010cE Maribor, NM<\/td>\n<\/tr>\n<tr>\n<td>2000-2006<\/td>\n<td>HENKEL, Maribor<\/td>\n<\/tr>\n<tr>\n<td>2008<\/td>\n<td>PO\u0160TA SLOVENIJE, skl. Velenje<\/td>\n<\/tr>\n<tr>\n<td>2010-2011<\/td>\n<td>Skladi\u0161\u010de DCB, Ljubljana<\/td>\n<\/tr>\n<tr>\n<td>2011<\/td>\n<td>BIOIKS, Ljubljana<\/td>\n<\/tr>\n<tr>\n<td>2011<\/td>\n<td>SYNGENTA, Ljubljana<\/td>\n<\/tr>\n<tr>\n<td>2011<\/td>\n<td>NT Logistika, Dekani<\/td>\n<\/tr>\n<tr>\n<td>2013<\/td>\n<td>LUKA Koper ADR. SKLAD SE\u017dANA<\/td>\n<\/tr>\n<tr>\n<td>2013<\/td>\n<td>ACR SEN\u010cUR<\/td>\n<\/tr>\n<tr>\n<td><\/td>\n<td><\/td>\n<\/tr>\n<\/tbody>\n<\/table>\n\t\t<h3>Potra\u017enja<\/h3>\n\t\t<p>Po\u0161aljite nam poruku i rado c\u0301emo odgovoriti \u0161to je pre moguc\u0301e!<\/p>\n\t\t\t<a href=\"https:\/\/amal.si\/sr\/kontakt\/\" target=\"_self\" role=\"button\" rel=\"noopener noreferrer\">\n\t\t\t\t\t\t\tKONTAKT\n\t\t\t\t\t<\/a>\n","protected":false},"excerpt":{"rendered":"<p>Skladi\u0161ta Skladi\u0161ta 1999-2005 AMAL, Ljubljana 2002 HYLA, Ljubljana 2002 REPRO, Ljubljana 2003-2008 MERKUR SKLADI\u0160\u010cE, Naklo 2004 MERCATOR, Ljubljana Zalog 2005E ERA, Ptuj 2005-2006 TELEKOM SKLADI\u0160\u010cE Maribor, NM 2000-2006 HENKEL, Maribor 2008 PO\u0160TA SLOVENIJE, skl. Velenje 2010-2011 Skladi\u0161\u010de DCB, Ljubljana 2011 BIOIKS, Ljubljana 2011 SYNGENTA, Ljubljana 2011 NT Logistika, Dekani 2013 LUKA Koper ADR. SKLAD SE\u017dANA&hellip;<\/p>\n","protected":false},"author":1,"featured_media":0,"parent":0,"menu_order":17,"comment_status":"closed","ping_status":"closed","template":"","meta":{"footnotes":""},"class_list":["post-992","page","type-page","status-publish","hentry"],"yoast_head":"<!-- This site is optimized with the Yoast SEO plugin v27.3 - https:\/\/yoast.com\/product\/yoast-seo-wordpress\/ -->\n<title>Skladi\u0161ta - AMAL d.o.o.<\/title>\n<meta name=\"robots\" content=\"index, follow, max-snippet:-1, max-image-preview:large, max-video-preview:-1\" \/>\n<link rel=\"canonical\" href=\"https:\/\/amal.si\/sr\/skladista\/\" \/>\n<meta property=\"og:locale\" content=\"sr_RS\" \/>\n<meta property=\"og:type\" content=\"article\" \/>\n<meta property=\"og:title\" content=\"Skladi\u0161ta - AMAL d.o.o.\" \/>\n<meta property=\"og:description\" content=\"Skladi\u0161ta Skladi\u0161ta 1999-2005 AMAL, Ljubljana 2002 HYLA, Ljubljana 2002 REPRO, Ljubljana 2003-2008 MERKUR SKLADI\u0160\u010cE, Naklo 2004 MERCATOR, Ljubljana Zalog 2005E ERA, Ptuj 2005-2006 TELEKOM SKLADI\u0160\u010cE Maribor, NM 2000-2006 HENKEL, Maribor 2008 PO\u0160TA SLOVENIJE, skl. Velenje 2010-2011 Skladi\u0161\u010de DCB, Ljubljana 2011 BIOIKS, Ljubljana 2011 SYNGENTA, Ljubljana 2011 NT Logistika, Dekani 2013 LUKA Koper ADR. SKLAD SE\u017dANA&hellip;\" \/>\n<meta property=\"og:url\" content=\"https:\/\/amal.si\/sr\/skladista\/\" \/>\n<meta property=\"og:site_name\" content=\"AMAL d.o.o.\" \/>\n<meta property=\"article:modified_time\" content=\"2020-03-25T10:07:09+00:00\" \/>\n<meta name=\"twitter:card\" content=\"summary_large_image\" \/>\n<script type=\"application\/ld+json\" class=\"yoast-schema-graph\">{\"@context\":\"https:\\\/\\\/schema.org\",\"@graph\":[{\"@type\":\"WebPage\",\"@id\":\"https:\\\/\\\/amal.si\\\/sr\\\/skladista\\\/\",\"url\":\"https:\\\/\\\/amal.si\\\/sr\\\/skladista\\\/\",\"name\":\"Skladi\u0161ta - AMAL d.o.o.\",\"isPartOf\":{\"@id\":\"https:\\\/\\\/amal.si\\\/sr\\\/#website\"},\"datePublished\":\"2019-12-13T10:57:39+00:00\",\"dateModified\":\"2020-03-25T10:07:09+00:00\",\"breadcrumb\":{\"@id\":\"https:\\\/\\\/amal.si\\\/sr\\\/skladista\\\/#breadcrumb\"},\"inLanguage\":\"sr-RS\",\"potentialAction\":[{\"@type\":\"ReadAction\",\"target\":[\"https:\\\/\\\/amal.si\\\/sr\\\/skladista\\\/\"]}]},{\"@type\":\"BreadcrumbList\",\"@id\":\"https:\\\/\\\/amal.si\\\/sr\\\/skladista\\\/#breadcrumb\",\"itemListElement\":[{\"@type\":\"ListItem\",\"position\":1,\"name\":\"Home\",\"item\":\"https:\\\/\\\/amal.si\\\/sr\\\/\"},{\"@type\":\"ListItem\",\"position\":2,\"name\":\"Skladi\u0161ta\"}]},{\"@type\":\"WebSite\",\"@id\":\"https:\\\/\\\/amal.si\\\/sr\\\/#website\",\"url\":\"https:\\\/\\\/amal.si\\\/sr\\\/\",\"name\":\"AMAL d.o.o.\",\"description\":\"Proizvodnja, trgovina, storitve, in\u017eeniring\",\"potentialAction\":[{\"@type\":\"SearchAction\",\"target\":{\"@type\":\"EntryPoint\",\"urlTemplate\":\"https:\\\/\\\/amal.si\\\/sr\\\/?s={search_term_string}\"},\"query-input\":{\"@type\":\"PropertyValueSpecification\",\"valueRequired\":true,\"valueName\":\"search_term_string\"}}],\"inLanguage\":\"sr-RS\"}]}<\/script>\n<!-- \/ Yoast SEO plugin. -->","yoast_head_json":{"title":"Skladi\u0161ta - AMAL d.o.o.","robots":{"index":"index","follow":"follow","max-snippet":"max-snippet:-1","max-image-preview":"max-image-preview:large","max-video-preview":"max-video-preview:-1"},"canonical":"https:\/\/amal.si\/sr\/skladista\/","og_locale":"sr_RS","og_type":"article","og_title":"Skladi\u0161ta - AMAL d.o.o.","og_description":"Skladi\u0161ta Skladi\u0161ta 1999-2005 AMAL, Ljubljana 2002 HYLA, Ljubljana 2002 REPRO, Ljubljana 2003-2008 MERKUR SKLADI\u0160\u010cE, Naklo 2004 MERCATOR, Ljubljana Zalog 2005E ERA, Ptuj 2005-2006 TELEKOM SKLADI\u0160\u010cE Maribor, NM 2000-2006 HENKEL, Maribor 2008 PO\u0160TA SLOVENIJE, skl. Velenje 2010-2011 Skladi\u0161\u010de DCB, Ljubljana 2011 BIOIKS, Ljubljana 2011 SYNGENTA, Ljubljana 2011 NT Logistika, Dekani 2013 LUKA Koper ADR. SKLAD SE\u017dANA&hellip;","og_url":"https:\/\/amal.si\/sr\/skladista\/","og_site_name":"AMAL d.o.o.","article_modified_time":"2020-03-25T10:07:09+00:00","twitter_card":"summary_large_image","schema":{"@context":"https:\/\/schema.org","@graph":[{"@type":"WebPage","@id":"https:\/\/amal.si\/sr\/skladista\/","url":"https:\/\/amal.si\/sr\/skladista\/","name":"Skladi\u0161ta - AMAL d.o.o.","isPartOf":{"@id":"https:\/\/amal.si\/sr\/#website"},"datePublished":"2019-12-13T10:57:39+00:00","dateModified":"2020-03-25T10:07:09+00:00","breadcrumb":{"@id":"https:\/\/amal.si\/sr\/skladista\/#breadcrumb"},"inLanguage":"sr-RS","potentialAction":[{"@type":"ReadAction","target":["https:\/\/amal.si\/sr\/skladista\/"]}]},{"@type":"BreadcrumbList","@id":"https:\/\/amal.si\/sr\/skladista\/#breadcrumb","itemListElement":[{"@type":"ListItem","position":1,"name":"Home","item":"https:\/\/amal.si\/sr\/"},{"@type":"ListItem","position":2,"name":"Skladi\u0161ta"}]},{"@type":"WebSite","@id":"https:\/\/amal.si\/sr\/#website","url":"https:\/\/amal.si\/sr\/","name":"AMAL d.o.o.","description":"Proizvodnja, trgovina, storitve, in\u017eeniring","potentialAction":[{"@type":"SearchAction","target":{"@type":"EntryPoint","urlTemplate":"https:\/\/amal.si\/sr\/?s={search_term_string}"},"query-input":{"@type":"PropertyValueSpecification","valueRequired":true,"valueName":"search_term_string"}}],"inLanguage":"sr-RS"}]}},"jetpack_sharing_enabled":true,"_links":{"self":[{"href":"https:\/\/amal.si\/sr\/wp-json\/wp\/v2\/pages\/992","targetHints":{"allow":["GET"]}}],"collection":[{"href":"https:\/\/amal.si\/sr\/wp-json\/wp\/v2\/pages"}],"about":[{"href":"https:\/\/amal.si\/sr\/wp-json\/wp\/v2\/types\/page"}],"author":[{"embeddable":true,"href":"https:\/\/amal.si\/sr\/wp-json\/wp\/v2\/users\/1"}],"replies":[{"embeddable":true,"href":"https:\/\/amal.si\/sr\/wp-json\/wp\/v2\/comments?post=992"}],"version-history":[{"count":1,"href":"https:\/\/amal.si\/sr\/wp-json\/wp\/v2\/pages\/992\/revisions"}],"predecessor-version":[{"id":1248,"href":"https:\/\/amal.si\/sr\/wp-json\/wp\/v2\/pages\/992\/revisions\/1248"}],"wp:attachment":[{"href":"https:\/\/amal.si\/sr\/wp-json\/wp\/v2\/media?parent=992"}],"curies":[{"name":"wp","href":"https:\/\/api.w.org\/{rel}","templated":true}]}}