{"id":996,"date":"2019-12-13T12:00:54","date_gmt":"2019-12-13T11:00:54","guid":{"rendered":"https:\/\/amal.si\/epoksidni-premazi-protiv-prasine\/"},"modified":"2020-03-25T11:01:01","modified_gmt":"2020-03-25T10:01:01","slug":"epoksidni-premazi-protiv-prasine","status":"publish","type":"page","link":"https:\/\/amal.si\/sr\/epoksidni-premazi-protiv-prasine\/","title":{"rendered":"Epoksidni premazi protiv pra\u0161ine"},"content":{"rendered":"<h2>\n\t\tEpoksidni premazi protiv pra\u0161ine\n\t<\/h2>\n\t<p>&nbsp;<\/p>\n\t\t\t\t<img data-recalc-dims=\"1\" loading=\"lazy\" decoding=\"async\" src=\"https:\/\/i0.wp.com\/amal.si\/wp-content\/uploads\/2019\/11\/37c08374-801e-4fdd-95c0-cfa981815ed0.jpg?resize=350%2C263&#038;ssl=1\" alt=\"37c08374-801e-4fdd-95c0-cfa981815ed0\" itemprop=\"image\" height=\"263\" width=\"350\" title=\"37c08374-801e-4fdd-95c0-cfa981815ed0\" onerror=\"this.style.display='none'\"  \/>\n\t\t<h3>Potra\u017enja<\/h3>\n\t\t<p>Po\u0161aljite nam poruku i rado c\u0301emo odgovoriti \u0161to je pre moguc\u0301e!<\/p>\n\t\t\t<a href=\"https:\/\/amal.si\/sr\/kontakt\/\" target=\"_self\" role=\"button\" rel=\"noopener noreferrer\">\n\t\t\t\t\t\t\tKONTAKT\n\t\t\t\t\t<\/a>\n","protected":false},"excerpt":{"rendered":"<p>Epoksidni premazi protiv pra\u0161ine &nbsp; Potra\u017enja Po\u0161aljite nam poruku i rado c\u0301emo odgovoriti \u0161to je pre moguc\u0301e! KONTAKT<\/p>\n","protected":false},"author":1,"featured_media":0,"parent":0,"menu_order":11,"comment_status":"closed","ping_status":"closed","template":"","meta":{"footnotes":""},"class_list":["post-996","page","type-page","status-publish","hentry"],"yoast_head":"<!-- This site is optimized with the Yoast SEO plugin v27.3 - https:\/\/yoast.com\/product\/yoast-seo-wordpress\/ -->\n<title>Epoksidni premazi protiv pra\u0161ine - AMAL d.o.o.<\/title>\n<meta name=\"robots\" content=\"index, follow, max-snippet:-1, max-image-preview:large, max-video-preview:-1\" \/>\n<link rel=\"canonical\" href=\"https:\/\/amal.si\/sr\/epoksidni-premazi-protiv-prasine\/\" \/>\n<meta property=\"og:locale\" content=\"sr_RS\" \/>\n<meta property=\"og:type\" content=\"article\" \/>\n<meta property=\"og:title\" content=\"Epoksidni premazi protiv pra\u0161ine - AMAL d.o.o.\" \/>\n<meta property=\"og:description\" content=\"Epoksidni premazi protiv pra\u0161ine &nbsp; Potra\u017enja Po\u0161aljite nam poruku i rado c\u0301emo odgovoriti \u0161to je pre moguc\u0301e! KONTAKT\" \/>\n<meta property=\"og:url\" content=\"https:\/\/amal.si\/sr\/epoksidni-premazi-protiv-prasine\/\" \/>\n<meta property=\"og:site_name\" content=\"AMAL d.o.o.\" \/>\n<meta property=\"article:modified_time\" content=\"2020-03-25T10:01:01+00:00\" \/>\n<meta property=\"og:image\" content=\"https:\/\/amal.si\/wp-content\/uploads\/2019\/11\/37c08374-801e-4fdd-95c0-cfa981815ed0.jpg\" \/>\n<meta name=\"twitter:card\" content=\"summary_large_image\" \/>\n<script type=\"application\/ld+json\" class=\"yoast-schema-graph\">{\"@context\":\"https:\\\/\\\/schema.org\",\"@graph\":[{\"@type\":\"WebPage\",\"@id\":\"https:\\\/\\\/amal.si\\\/sr\\\/epoksidni-premazi-protiv-prasine\\\/\",\"url\":\"https:\\\/\\\/amal.si\\\/sr\\\/epoksidni-premazi-protiv-prasine\\\/\",\"name\":\"Epoksidni premazi protiv pra\u0161ine - AMAL d.o.o.\",\"isPartOf\":{\"@id\":\"https:\\\/\\\/amal.si\\\/sr\\\/#website\"},\"primaryImageOfPage\":{\"@id\":\"https:\\\/\\\/amal.si\\\/sr\\\/epoksidni-premazi-protiv-prasine\\\/#primaryimage\"},\"image\":{\"@id\":\"https:\\\/\\\/amal.si\\\/sr\\\/epoksidni-premazi-protiv-prasine\\\/#primaryimage\"},\"thumbnailUrl\":\"https:\\\/\\\/amal.si\\\/wp-content\\\/uploads\\\/2019\\\/11\\\/37c08374-801e-4fdd-95c0-cfa981815ed0.jpg\",\"datePublished\":\"2019-12-13T11:00:54+00:00\",\"dateModified\":\"2020-03-25T10:01:01+00:00\",\"breadcrumb\":{\"@id\":\"https:\\\/\\\/amal.si\\\/sr\\\/epoksidni-premazi-protiv-prasine\\\/#breadcrumb\"},\"inLanguage\":\"sr-RS\",\"potentialAction\":[{\"@type\":\"ReadAction\",\"target\":[\"https:\\\/\\\/amal.si\\\/sr\\\/epoksidni-premazi-protiv-prasine\\\/\"]}]},{\"@type\":\"ImageObject\",\"inLanguage\":\"sr-RS\",\"@id\":\"https:\\\/\\\/amal.si\\\/sr\\\/epoksidni-premazi-protiv-prasine\\\/#primaryimage\",\"url\":\"https:\\\/\\\/amal.si\\\/wp-content\\\/uploads\\\/2019\\\/11\\\/37c08374-801e-4fdd-95c0-cfa981815ed0.jpg\",\"contentUrl\":\"https:\\\/\\\/amal.si\\\/wp-content\\\/uploads\\\/2019\\\/11\\\/37c08374-801e-4fdd-95c0-cfa981815ed0.jpg\"},{\"@type\":\"BreadcrumbList\",\"@id\":\"https:\\\/\\\/amal.si\\\/sr\\\/epoksidni-premazi-protiv-prasine\\\/#breadcrumb\",\"itemListElement\":[{\"@type\":\"ListItem\",\"position\":1,\"name\":\"Home\",\"item\":\"https:\\\/\\\/amal.si\\\/sr\\\/\"},{\"@type\":\"ListItem\",\"position\":2,\"name\":\"Epoksidni premazi protiv pra\u0161ine\"}]},{\"@type\":\"WebSite\",\"@id\":\"https:\\\/\\\/amal.si\\\/sr\\\/#website\",\"url\":\"https:\\\/\\\/amal.si\\\/sr\\\/\",\"name\":\"AMAL d.o.o.\",\"description\":\"Proizvodnja, trgovina, storitve, in\u017eeniring\",\"potentialAction\":[{\"@type\":\"SearchAction\",\"target\":{\"@type\":\"EntryPoint\",\"urlTemplate\":\"https:\\\/\\\/amal.si\\\/sr\\\/?s={search_term_string}\"},\"query-input\":{\"@type\":\"PropertyValueSpecification\",\"valueRequired\":true,\"valueName\":\"search_term_string\"}}],\"inLanguage\":\"sr-RS\"}]}<\/script>\n<!-- \/ Yoast SEO plugin. -->","yoast_head_json":{"title":"Epoksidni premazi protiv pra\u0161ine - AMAL d.o.o.","robots":{"index":"index","follow":"follow","max-snippet":"max-snippet:-1","max-image-preview":"max-image-preview:large","max-video-preview":"max-video-preview:-1"},"canonical":"https:\/\/amal.si\/sr\/epoksidni-premazi-protiv-prasine\/","og_locale":"sr_RS","og_type":"article","og_title":"Epoksidni premazi protiv pra\u0161ine - AMAL d.o.o.","og_description":"Epoksidni premazi protiv pra\u0161ine &nbsp; Potra\u017enja Po\u0161aljite nam poruku i rado c\u0301emo odgovoriti \u0161to je pre moguc\u0301e! KONTAKT","og_url":"https:\/\/amal.si\/sr\/epoksidni-premazi-protiv-prasine\/","og_site_name":"AMAL d.o.o.","article_modified_time":"2020-03-25T10:01:01+00:00","og_image":[{"url":"https:\/\/amal.si\/wp-content\/uploads\/2019\/11\/37c08374-801e-4fdd-95c0-cfa981815ed0.jpg","type":"","width":"","height":""}],"twitter_card":"summary_large_image","schema":{"@context":"https:\/\/schema.org","@graph":[{"@type":"WebPage","@id":"https:\/\/amal.si\/sr\/epoksidni-premazi-protiv-prasine\/","url":"https:\/\/amal.si\/sr\/epoksidni-premazi-protiv-prasine\/","name":"Epoksidni premazi protiv pra\u0161ine - AMAL d.o.o.","isPartOf":{"@id":"https:\/\/amal.si\/sr\/#website"},"primaryImageOfPage":{"@id":"https:\/\/amal.si\/sr\/epoksidni-premazi-protiv-prasine\/#primaryimage"},"image":{"@id":"https:\/\/amal.si\/sr\/epoksidni-premazi-protiv-prasine\/#primaryimage"},"thumbnailUrl":"https:\/\/amal.si\/wp-content\/uploads\/2019\/11\/37c08374-801e-4fdd-95c0-cfa981815ed0.jpg","datePublished":"2019-12-13T11:00:54+00:00","dateModified":"2020-03-25T10:01:01+00:00","breadcrumb":{"@id":"https:\/\/amal.si\/sr\/epoksidni-premazi-protiv-prasine\/#breadcrumb"},"inLanguage":"sr-RS","potentialAction":[{"@type":"ReadAction","target":["https:\/\/amal.si\/sr\/epoksidni-premazi-protiv-prasine\/"]}]},{"@type":"ImageObject","inLanguage":"sr-RS","@id":"https:\/\/amal.si\/sr\/epoksidni-premazi-protiv-prasine\/#primaryimage","url":"https:\/\/amal.si\/wp-content\/uploads\/2019\/11\/37c08374-801e-4fdd-95c0-cfa981815ed0.jpg","contentUrl":"https:\/\/amal.si\/wp-content\/uploads\/2019\/11\/37c08374-801e-4fdd-95c0-cfa981815ed0.jpg"},{"@type":"BreadcrumbList","@id":"https:\/\/amal.si\/sr\/epoksidni-premazi-protiv-prasine\/#breadcrumb","itemListElement":[{"@type":"ListItem","position":1,"name":"Home","item":"https:\/\/amal.si\/sr\/"},{"@type":"ListItem","position":2,"name":"Epoksidni premazi protiv pra\u0161ine"}]},{"@type":"WebSite","@id":"https:\/\/amal.si\/sr\/#website","url":"https:\/\/amal.si\/sr\/","name":"AMAL d.o.o.","description":"Proizvodnja, trgovina, storitve, in\u017eeniring","potentialAction":[{"@type":"SearchAction","target":{"@type":"EntryPoint","urlTemplate":"https:\/\/amal.si\/sr\/?s={search_term_string}"},"query-input":{"@type":"PropertyValueSpecification","valueRequired":true,"valueName":"search_term_string"}}],"inLanguage":"sr-RS"}]}},"jetpack_sharing_enabled":true,"_links":{"self":[{"href":"https:\/\/amal.si\/sr\/wp-json\/wp\/v2\/pages\/996","targetHints":{"allow":["GET"]}}],"collection":[{"href":"https:\/\/amal.si\/sr\/wp-json\/wp\/v2\/pages"}],"about":[{"href":"https:\/\/amal.si\/sr\/wp-json\/wp\/v2\/types\/page"}],"author":[{"embeddable":true,"href":"https:\/\/amal.si\/sr\/wp-json\/wp\/v2\/users\/1"}],"replies":[{"embeddable":true,"href":"https:\/\/amal.si\/sr\/wp-json\/wp\/v2\/comments?post=996"}],"version-history":[{"count":1,"href":"https:\/\/amal.si\/sr\/wp-json\/wp\/v2\/pages\/996\/revisions"}],"predecessor-version":[{"id":1241,"href":"https:\/\/amal.si\/sr\/wp-json\/wp\/v2\/pages\/996\/revisions\/1241"}],"wp:attachment":[{"href":"https:\/\/amal.si\/sr\/wp-json\/wp\/v2\/media?parent=996"}],"curies":[{"name":"wp","href":"https:\/\/api.w.org\/{rel}","templated":true}]}}